{"id":6584,"date":"2024-05-10T15:35:43","date_gmt":"2024-05-10T13:35:43","guid":{"rendered":"https:\/\/agora.xtec.cat\/escmusicavic\/?page_id=6584"},"modified":"2024-05-10T15:35:43","modified_gmt":"2024-05-10T13:35:43","slug":"resolucio-direccio-academica-emvic-maig-2024","status":"publish","type":"page","link":"https:\/\/agora.xtec.cat\/escmusicavic\/transparencia\/resolucio-direccio-academica-emvic-maig-2024\/","title":{"rendered":"Resoluci\u00f3 direcci\u00f3 acad\u00e8mica EMVIC maig 2024"},"content":{"rendered":"<p><span class=\"ui-provider a b c d e f g h i j k l m n o p q r s t u v w x y z ab ac ae af ag ah ai aj ak\" dir=\"ltr\">El Patronat, reunit en sessi\u00f3 ordin\u00e0ria el dimarts 7 de maig de 2024, ha procedit a l&#8217;aprovaci\u00f3 del nomenament del professor Albert Bardolet i Mayola com a director acad\u00e8mic de l&#8217;Escola de M\u00fasica i Conservatori de Vic. El nomenament es far\u00e0 efectiu a partir del setembre, coincidint amb l&#8217;inici del nou curs acad\u00e8mic i pr\u00e8via presentaci\u00f3 del projecte de direcci\u00f3 al claustre i al personal d&#8217;administraci\u00f3, al consell escolar i al consell social de l&#8217;EMVIC amb la participaci\u00f3 dels diversos sectors de la comunitat educativa.<\/span><\/p>\n<p><a href=\"https:\/\/agora.xtec.cat\/escmusicavic\/wp-content\/uploads\/usu1071\/2024\/05\/Resolucio-DIRECCIO-ACADEMICA-Patronat-de-la-Fundacio-LAtlantida-20240507.pdf\">Resoluci\u00f3 DIRECCI\u00d3 ACAD\u00c8MICA Patronat de la Fundaci\u00f3 L&#8217;Atl\u00e0ntida 20240507<\/a><\/p>\n","protected":false},"excerpt":{"rendered":"<p>El Patronat, reunit en sessi\u00f3 ordin\u00e0ria el dimarts 7 de maig de 2024, ha procedit a l&#8217;aprovaci\u00f3 del nomenament del professor Albert Bardolet i Mayola com a director acad\u00e8mic de l&#8217;Escola de M\u00fasica i Conservatori de Vic. El nomenament es far\u00e0 efectiu a partir del&hellip;  <a href=\"https:\/\/agora.xtec.cat\/escmusicavic\/transparencia\/resolucio-direccio-academica-emvic-maig-2024\/\" title=\"Read Resoluci\u00f3 direcci\u00f3 acad\u00e8mica EMVIC maig 2024\">Llegeix m\u00e9s\u00bb<\/a><\/p>\n","protected":false},"author":11,"featured_media":0,"parent":584,"menu_order":0,"comment_status":"closed","ping_status":"closed","template":"","meta":{"_bbp_topic_count":0,"_bbp_reply_count":0,"_bbp_total_topic_count":0,"_bbp_total_reply_count":0,"_bbp_voice_count":0,"_bbp_anonymous_reply_count":0,"_bbp_topic_count_hidden":0,"_bbp_reply_count_hidden":0,"_bbp_forum_subforum_count":0,"footnotes":""},"class_list":["post-6584","page","type-page","status-publish","hentry"],"post_mailing_queue_ids":[],"_links":{"self":[{"href":"https:\/\/agora.xtec.cat\/escmusicavic\/wp-json\/wp\/v2\/pages\/6584","targetHints":{"allow":["GET"]}}],"collection":[{"href":"https:\/\/agora.xtec.cat\/escmusicavic\/wp-json\/wp\/v2\/pages"}],"about":[{"href":"https:\/\/agora.xtec.cat\/escmusicavic\/wp-json\/wp\/v2\/types\/page"}],"author":[{"embeddable":true,"href":"https:\/\/agora.xtec.cat\/escmusicavic\/wp-json\/wp\/v2\/users\/11"}],"replies":[{"embeddable":true,"href":"https:\/\/agora.xtec.cat\/escmusicavic\/wp-json\/wp\/v2\/comments?post=6584"}],"version-history":[{"count":1,"href":"https:\/\/agora.xtec.cat\/escmusicavic\/wp-json\/wp\/v2\/pages\/6584\/revisions"}],"predecessor-version":[{"id":6586,"href":"https:\/\/agora.xtec.cat\/escmusicavic\/wp-json\/wp\/v2\/pages\/6584\/revisions\/6586"}],"up":[{"embeddable":true,"href":"https:\/\/agora.xtec.cat\/escmusicavic\/wp-json\/wp\/v2\/pages\/584"}],"wp:attachment":[{"href":"https:\/\/agora.xtec.cat\/escmusicavic\/wp-json\/wp\/v2\/media?parent=6584"}],"curies":[{"name":"wp","href":"https:\/\/api.w.org\/{rel}","templated":true}]}}