{"id":6466,"date":"2024-03-15T18:07:06","date_gmt":"2024-03-15T17:07:06","guid":{"rendered":"https:\/\/agora.xtec.cat\/escmusicavic\/?page_id=6466"},"modified":"2024-03-15T19:41:47","modified_gmt":"2024-03-15T18:41:47","slug":"confirmacio-de-continuitat-alumnes-actuals-2024-2025","status":"publish","type":"page","link":"https:\/\/agora.xtec.cat\/escmusicavic\/serveis\/confirmacio-de-continuitat-alumnes-actuals-2024-2025\/","title":{"rendered":"Confirmaci\u00f3 de continu\u00eftat alumnat actual 2024-2025"},"content":{"rendered":"<p>Aquesta informaci\u00f3 est\u00e0 adre\u00e7ada a l&#8217;alumnat actual de l&#8217;EMVIC (excepte alumnes de CoNeix la M\u00fasica i Aula d&#8217;Adults). Reviseu el calendari segons el programa que estigueu cursant actualment:<\/p>\n<p><a href=\"https:\/\/agora.xtec.cat\/escmusicavic\/serveis\/confirmacio-de-continuitat-alumnes-actuals-2024-2025\/alumnes-actuals-de-sensibilitzacio\/\">Alumnat actual de <strong>Sensibilitzaci\u00f3<\/strong> (i3, i4, i5)<\/a><\/p>\n<p><a href=\"https:\/\/agora.xtec.cat\/escmusicavic\/serveis\/confirmacio-de-continuitat-alumnes-actuals-2024-2025\/alumnat-actual-de-nivell-elemental-de-1r-a-6e-nivell-mitja-de-1r-a-6e-i-conservatori\/\">Alumnat actual de\u00a0<span class=\"TextRun SCXW201196987 BCX4\" lang=\"CA-ES\" xml:lang=\"CA-ES\" data-contrast=\"auto\"><span class=\"NormalTextRun SCXW201196987 BCX4\"><strong>Nivell Elemental<\/strong> (de 1r a 6\u00e8), <strong>Nivell Mitj\u00e0<\/strong> (de 1r a 6\u00e8) i <strong>Conservatori<\/strong><\/span><\/span><\/a><\/p>\n<p>&nbsp;<\/p>\n<p>&nbsp;<\/p>\n<p>&nbsp;<\/p>\n","protected":false},"excerpt":{"rendered":"<p>Aquesta informaci\u00f3 est\u00e0 adre\u00e7ada a l&#8217;alumnat actual de l&#8217;EMVIC (excepte alumnes de CoNeix la M\u00fasica i Aula d&#8217;Adults). Reviseu el calendari segons el programa que estigueu cursant actualment:<br \/>\n<a href=\"https:\/\/agora.xtec.cat\/escmusicavic\/serveis\/confirmacio-de-continuitat-alumnes-actuals-2024-2025\/alumnes-actuals-de-sensibilitzacio\/\">Alumnat actual de Sensibilitzaci\u00f3 (i3, i4, i5)<\/a><br \/>\n<a href=\"https:\/\/agora.xtec.cat\/escmusicavic\/serveis\/confirmacio-de-continuitat-alumnes-actuals-2024-2025\/alumnat-actual-de-nivell-elemental-de-1r-a-6e-nivell-mitja-de-1r-a-6e-i-conservatori\/\">Alumnat actual de\u00a0Nivell Elemental (de 1r a 6\u00e8), Nivell Mitj\u00e0&hellip;  <a href=\"https:\/\/agora.xtec.cat\/escmusicavic\/serveis\/confirmacio-de-continuitat-alumnes-actuals-2024-2025\/\" title=\"Read Confirmaci\u00f3 de continu\u00eftat alumnat actual 2024-2025\">Llegeix m\u00e9s\u00bb<\/a><\/p>\n","protected":false},"author":11,"featured_media":0,"parent":63,"menu_order":0,"comment_status":"closed","ping_status":"closed","template":"","meta":{"_bbp_topic_count":0,"_bbp_reply_count":0,"_bbp_total_topic_count":0,"_bbp_total_reply_count":0,"_bbp_voice_count":0,"_bbp_anonymous_reply_count":0,"_bbp_topic_count_hidden":0,"_bbp_reply_count_hidden":0,"_bbp_forum_subforum_count":0,"footnotes":""},"class_list":["post-6466","page","type-page","status-publish","hentry"],"post_mailing_queue_ids":[],"_links":{"self":[{"href":"https:\/\/agora.xtec.cat\/escmusicavic\/wp-json\/wp\/v2\/pages\/6466","targetHints":{"allow":["GET"]}}],"collection":[{"href":"https:\/\/agora.xtec.cat\/escmusicavic\/wp-json\/wp\/v2\/pages"}],"about":[{"href":"https:\/\/agora.xtec.cat\/escmusicavic\/wp-json\/wp\/v2\/types\/page"}],"author":[{"embeddable":true,"href":"https:\/\/agora.xtec.cat\/escmusicavic\/wp-json\/wp\/v2\/users\/11"}],"replies":[{"embeddable":true,"href":"https:\/\/agora.xtec.cat\/escmusicavic\/wp-json\/wp\/v2\/comments?post=6466"}],"version-history":[{"count":6,"href":"https:\/\/agora.xtec.cat\/escmusicavic\/wp-json\/wp\/v2\/pages\/6466\/revisions"}],"predecessor-version":[{"id":6488,"href":"https:\/\/agora.xtec.cat\/escmusicavic\/wp-json\/wp\/v2\/pages\/6466\/revisions\/6488"}],"up":[{"embeddable":true,"href":"https:\/\/agora.xtec.cat\/escmusicavic\/wp-json\/wp\/v2\/pages\/63"}],"wp:attachment":[{"href":"https:\/\/agora.xtec.cat\/escmusicavic\/wp-json\/wp\/v2\/media?parent=6466"}],"curies":[{"name":"wp","href":"https:\/\/api.w.org\/{rel}","templated":true}]}}