{"id":6410,"date":"2024-03-12T13:41:00","date_gmt":"2024-03-12T12:41:00","guid":{"rendered":"https:\/\/agora.xtec.cat\/escmusicavic\/?page_id=6410"},"modified":"2024-07-22T12:26:16","modified_gmt":"2024-07-22T10:26:16","slug":"preinscripcio-a-i4-i5-nivell-elemental-i-nivell-mitja-2024-2025","status":"publish","type":"page","link":"https:\/\/agora.xtec.cat\/escmusicavic\/preinscripcio-a-i4-i5-nivell-elemental-i-nivell-mitja-2024-2025\/","title":{"rendered":"Preinscripci\u00f3 a I4, I5, Nivell Elemental i Nivell Mitj\u00e0 2024-2025"},"content":{"rendered":"<h6><strong>CALENDARI DE PREINSCRIPCI\u00d3 CURS 2024-2025<\/strong><\/h6>\n<p>Aquest calendari \u00e9s v\u00e0lid per als\u00a0<strong>NOUS alumnes<\/strong>\u00a0que es volen inscriure a <strong>I4 (nascuts al 2020), I5 (nascuts al 2019)\u00a0<\/strong>i els programes de\u00a0<strong>Nivell Elemental (Prim\u00e0ria)<\/strong>\u00a0i<strong>\u00a0Nivell Mitj\u00e0 (Secund\u00e0ria)<\/strong>:<\/p>\n<table style=\"width: 67.62980734262644%; height: 704px;\" data-tablestyle=\"MsoTableGrid\" data-tablelook=\"1184\" aria-rowcount=\"11\">\n<tbody>\n<tr style=\"height: 96px;\" aria-rowindex=\"1\">\n<td style=\"width: 5.6792018419033%; height: 254px;\" colspan=\"1\" rowspan=\"2\" data-celllook=\"0\"><b><span data-contrast=\"auto\">MAR\u00c7<\/span><\/b><span data-ccp-props=\"{&quot;201341983&quot;:0,&quot;335559740&quot;:259}\">\u00a0<\/span><\/td>\n<td style=\"width: 18.201802879925076%; height: 96px;\" data-celllook=\"0\">\n<p style=\"text-align: left;\"><b><span data-contrast=\"auto\">16 de mar\u00e7<\/span><\/b><span data-ccp-props=\"{&quot;201341983&quot;:0,&quot;335559740&quot;:259}\">\u00a0<\/span><\/p>\n<p style=\"text-align: left;\"><b><span data-contrast=\"none\">de 10 a<\/span><\/b><b><span data-contrast=\"none\"> 13 h<\/span><\/b><span data-ccp-props=\"{&quot;201341983&quot;:0,&quot;335559740&quot;:259}\">\u00a0<\/span><\/p>\n<\/td>\n<td style=\"width: 80.43628133251818%; height: 96px;\" data-celllook=\"0\"><b><span data-contrast=\"auto\">Jornada de Portes Obertes.<\/span><\/b><span data-ccp-props=\"{&quot;201341983&quot;:0,&quot;335559740&quot;:259}\">\u00a0<\/span><\/td>\n<\/tr>\n<tr style=\"height: 158px;\" aria-rowindex=\"2\">\n<td style=\"width: 18.201802879925076%; height: 158px;\" data-celllook=\"0\"><b><span data-contrast=\"auto\">De l\u201916 al 31 de mar\u00e7<\/span><\/b><span data-ccp-props=\"{&quot;201341983&quot;:0,&quot;335559740&quot;:259}\">\u00a0<\/span><\/td>\n<td style=\"width: 80.43628133251818%; height: 158px;\" data-celllook=\"0\"><b><span data-contrast=\"auto\">Per\u00edode de preinscripci\u00f3 al seg\u00fcent enlla\u00e7 (disponible a partir del 16 de mar\u00e7).<\/span><\/b><\/p>\n<p><b><span data-contrast=\"auto\">ATENCI\u00d3: <\/span><\/b>Cal enviar la documentaci\u00f3 acreditativa dels criteris d\u2019acc\u00e9s per email a <a href=\"preinscripcions@emvic.cat\">preinscripcions@emvic.cat.<\/a> Consulteu <a href=\"https:\/\/agora.xtec.cat\/escmusicavic\/ofertaeducativa\/criteriss-dacces\/\">aqu\u00ed<\/a> la informaci\u00f3 dels criteris d\u2019acc\u00e9s i barems.<\/p>\n<p>Feu la preinscripci\u00f3 de nous alumnes al seg\u00fcent <a href=\"https:\/\/emvic.gwido.cat\/inscripcio_ciutadana\/public\/dades_personals\/441?r=1\">enlla\u00e7<\/a>.<\/td>\n<\/tr>\n<tr style=\"height: 33px;\" aria-rowindex=\"3\">\n<td style=\"width: 5.6792018419033%; height: 178px;\" colspan=\"1\" rowspan=\"4\" data-celllook=\"0\"><b><span data-contrast=\"auto\">ABRIL<\/span><\/b><span data-ccp-props=\"{&quot;201341983&quot;:0,&quot;335559740&quot;:259}\">\u00a0<\/span><\/td>\n<td style=\"width: 18.201802879925076%; height: 33px;\" data-celllook=\"0\"><b><span data-contrast=\"auto\">Fins el 6 d\u2019abril<\/span><\/b><span data-ccp-props=\"{&quot;201341983&quot;:0,&quot;335559740&quot;:259}\">\u00a0<\/span><\/td>\n<td style=\"width: 80.43628133251818%; height: 33px;\" data-celllook=\"0\"><b><span data-contrast=\"none\">Data l\u00edmit per enviar la documentaci\u00f3 acreditativa dels <a href=\"https:\/\/agora.xtec.cat\/escmusicavic\/ofertaeducativa\/escola-de-musica\/criteriss-dacces\/\">barems<\/a>.\u00a0<\/span><\/b><\/td>\n<\/tr>\n<tr style=\"height: 48px;\" aria-rowindex=\"4\">\n<td style=\"width: 18.201802879925076%; height: 48px;\" data-celllook=\"0\"><b><span data-contrast=\"auto\">19 d\u2019abril<\/span><\/b><span data-ccp-props=\"{&quot;201341983&quot;:0,&quot;335559740&quot;:259}\">\u00a0<\/span><\/td>\n<td style=\"width: 80.43628133251818%; height: 48px;\" data-celllook=\"0\"><b><span data-contrast=\"auto\">Publicaci\u00f3 de llistes amb barems provisionals de preinscrits dins de termini\u00a0<\/span><\/b><span data-contrast=\"auto\">(web <\/span><a href=\"http:\/\/www.emvic.cat\/\"><span data-contrast=\"none\">www.emvic.cat<\/span><\/a><span data-contrast=\"auto\">, amb n\u00famero de sol\u00b7licitud)<\/span><span data-ccp-props=\"{&quot;201341983&quot;:0,&quot;335559740&quot;:259}\">\u00a0<\/span><\/td>\n<\/tr>\n<tr style=\"height: 49px;\" aria-rowindex=\"5\">\n<td style=\"width: 18.201802879925076%; height: 49px;\" data-celllook=\"0\"><b><span data-contrast=\"auto\">Del 22 al 24 d\u2019abril<\/span><\/b><span data-ccp-props=\"{&quot;201341983&quot;:0,&quot;335559740&quot;:259}\">\u00a0<\/span><\/td>\n<td style=\"width: 80.43628133251818%; height: 49px;\" data-celllook=\"0\"><b><span data-contrast=\"auto\">Presentaci\u00f3 de reclamacions a la preinscripci\u00f3. Emplenar <a href=\"https:\/\/forms.office.com\/e\/sutSYDbaLg\">formulari<\/a> i enviar documentaci\u00f3 al correu <a href=\"mailto:preinscripcions@emvic.cat\">preinscripcions@emvic.cat.<\/a><\/span><\/b><\/td>\n<\/tr>\n<tr style=\"height: 48px;\" aria-rowindex=\"6\">\n<td style=\"width: 18.201802879925076%; height: 48px;\" data-celllook=\"0\"><b><span data-contrast=\"auto\">26 d\u2019abril<\/span><\/b><span data-ccp-props=\"{&quot;201341983&quot;:0,&quot;335559740&quot;:259}\">\u00a0<\/span><\/td>\n<td style=\"width: 80.43628133251818%; height: 48px;\" data-celllook=\"0\"><b><span data-contrast=\"auto\">Publicaci\u00f3 de llistes amb barem definitiu de preinscrits dins de termini\u00a0<\/span><\/b><span data-contrast=\"auto\">(web <\/span><a href=\"http:\/\/www.emvic.cat\/\"><span data-contrast=\"none\">www.emvic.cat<\/span><\/a><span data-contrast=\"auto\">, amb n\u00famero de sol\u00b7licitud)<\/span><span data-ccp-props=\"{&quot;201341983&quot;:0,&quot;335559740&quot;:259}\">\u00a0<\/span><\/td>\n<\/tr>\n<tr style=\"height: 33px;\" aria-rowindex=\"7\">\n<td style=\"width: 5.6792018419033%; height: 206px;\" colspan=\"1\" rowspan=\"3\" data-celllook=\"0\"><b><span data-contrast=\"auto\">MAIG<\/span><\/b><span data-ccp-props=\"{&quot;201341983&quot;:0,&quot;335559740&quot;:259}\">\u00a0<\/span><\/td>\n<td style=\"width: 18.201802879925076%; height: 33px;\" data-celllook=\"0\"><b><span data-contrast=\"auto\">2 de maig<\/span><\/b><span data-ccp-props=\"{&quot;134233117&quot;:false,&quot;134233118&quot;:false,&quot;201341983&quot;:0,&quot;335551550&quot;:1,&quot;335551620&quot;:1,&quot;335559685&quot;:0,&quot;335559737&quot;:0,&quot;335559738&quot;:0,&quot;335559739&quot;:0,&quot;335559740&quot;:259}\">\u00a0<\/span><\/td>\n<td style=\"width: 80.43628133251818%; height: 33px;\" data-celllook=\"0\"><b><span data-contrast=\"auto\">Sorteig de desempat<\/span><\/b><span data-contrast=\"auto\"> de punts en cas de ser necessari<strong>*<\/strong><\/span><strong>\u00a0<\/strong><\/td>\n<\/tr>\n<tr style=\"height: 140px;\" aria-rowindex=\"8\">\n<td style=\"width: 18.201802879925076%; height: 140px;\" data-celllook=\"0\"><b><span data-contrast=\"auto\">24 de maig<\/span><\/b><span data-ccp-props=\"{&quot;201341983&quot;:0,&quot;335559740&quot;:259}\">\u00a0<\/span><\/td>\n<td style=\"width: 80.43628133251818%; height: 140px;\" data-celllook=\"0\"><b><span data-contrast=\"none\">Publicaci\u00f3 de llistes d&#8217;inscrits dins i fora de termini<\/span><\/b><span data-contrast=\"none\"> amb barems i ordre definitius.\u00a0<\/span><span data-contrast=\"none\">Inscripcions rebudes fins el 17 de maig. <\/span><\/p>\n<p><span data-contrast=\"none\">Les inscripcions rebudes a partir 18 de maig rebran un correu electr\u00f2nic amb els terminis de publicaci\u00f3 de les llistes actualitzades.<\/span><\/td>\n<\/tr>\n<tr style=\"height: 33px;\" aria-rowindex=\"9\">\n<td style=\"width: 18.201802879925076%; height: 33px;\" data-celllook=\"0\"><b><span data-contrast=\"auto\">31 de maig<\/span><\/b><span data-ccp-props=\"{&quot;201341983&quot;:0,&quot;335559740&quot;:259}\">\u00a0<\/span><\/td>\n<td style=\"width: 80.43628133251818%; height: 33px;\" data-celllook=\"0\"><b><span data-contrast=\"auto\">Resoluci\u00f3 de la preinscripci\u00f3<\/span><\/b><span data-contrast=\"auto\"> (web <\/span><a href=\"http:\/\/www.emvic.cat\/\"><span data-contrast=\"none\">www.emvic.cat<\/span><\/a><span data-contrast=\"auto\">, amb n\u00famero de sol\u00b7licitud)**<\/span><span data-ccp-props=\"{&quot;201341983&quot;:0,&quot;335559740&quot;:259}\">\u00a0<\/span><\/td>\n<\/tr>\n<tr style=\"height: 33px;\" aria-rowindex=\"10\">\n<td style=\"width: 5.6792018419033%; height: 33px;\" data-celllook=\"0\"><b><span data-contrast=\"auto\">JUNY<\/span><\/b><span data-ccp-props=\"{&quot;201341983&quot;:0,&quot;335559740&quot;:259}\">\u00a0<\/span><\/td>\n<td style=\"width: 18.201802879925076%; height: 33px;\" data-celllook=\"0\"><b><span data-contrast=\"auto\">Del 14 al 28 de juny<\/span><\/b><span data-ccp-props=\"{&quot;201341983&quot;:0,&quot;335559740&quot;:259}\">\u00a0<\/span><\/td>\n<td style=\"width: 80.43628133251818%; height: 33px;\" data-celllook=\"0\"><b><span data-contrast=\"auto\">Matr\u00edcula de i4, i5 i 1r de Nivell Elemental<\/span><\/b><span data-ccp-props=\"{&quot;201341983&quot;:0,&quot;335559740&quot;:259}\">\u00a0<\/span><\/td>\n<\/tr>\n<tr style=\"height: 33px;\" aria-rowindex=\"11\">\n<td style=\"width: 5.6792018419033%; height: 33px;\" data-celllook=\"0\"><b><span data-contrast=\"auto\">JULIOL<\/span><\/b><span data-ccp-props=\"{&quot;201341983&quot;:0,&quot;335559740&quot;:259}\">\u00a0<\/span><\/td>\n<td style=\"width: 18.201802879925076%; height: 33px;\" data-celllook=\"0\"><b><span data-contrast=\"auto\">Del 8 al 15 de juliol<\/span><\/b><span data-ccp-props=\"{&quot;201341983&quot;:0,&quot;335559740&quot;:259}\">\u00a0<\/span><\/td>\n<td style=\"width: 80.43628133251818%; height: 33px;\" data-celllook=\"0\"><b><span data-contrast=\"auto\">Matr\u00edcula de 2n a 6\u00e8 de Nivell Elemental i tot el cicle de Nivell Mitj\u00e0. <\/span><\/b><span data-ccp-props=\"{&quot;201341983&quot;:0,&quot;335559740&quot;:259}\">\u00a0<\/span><\/td>\n<\/tr>\n<\/tbody>\n<\/table>\n<p>* El sorteig serveix per establir un ordre de prioritat dels inscrits que van a la mateixa escola d\u2019infantil\/prim\u00e0ria i han obtingut la mateixa puntuaci\u00f3 en els barems. Aquest ordre \u00e9s el que seguirem per assignar les places que quedin vacants una vegada cobertes les places ocupades pels nostres actuals alumnes.<\/p>\n<p>** El 31 de maig nom\u00e9s es confirmaran les places de Llenguatge musical. Les sol\u00b7licituds de pla\u00e7a d&#8217;instrument s\u2019assignaran entre la primera i segona setmana de juliol, una vegada els alumnes actuals del centre tinguin confirmada la seva pla\u00e7a i sapiguem les hores que queden disponibles de cada instrument.<\/p>\n<table class=\" aligncenter\" style=\"height: 63px; width: 21.578566%; border-collapse: collapse; border-style: double;\">\n<tbody>\n<tr style=\"height: 53px;\">\n<td style=\"width: 100%; text-align: center; height: 53px;\"><a href=\"https:\/\/emvic.gwido.cat\/inscripcio_ciutadana\/public\/dades_personals\/441?r=1\">ACC\u00c9S DIRECTE A LA PREINSCRIPCI\u00d3 DE NOUS ALUMNES \u00a0(fora de termini)<\/a><\/td>\n<\/tr>\n<\/tbody>\n<\/table>\n<hr \/>\n<h6>ACTUALITZACI\u00d3 DE LLISTATS DE PREINSCRITS FORA DE TERMINI FINS EL 19 DE JULIOL (22\/07\/2024)<\/h6>\n<p>Accediu als seg\u00fcents enlla\u00e7os per veure l&#8217;actualitzaci\u00f3 de sol\u00b7licituds realitzades dins i fora de termini:<\/p>\n<p><a href=\"https:\/\/agora.xtec.cat\/escmusicavic\/wp-content\/uploads\/usu1071\/2024\/07\/ACTUALITZACIO-LLISTA-DESPERA-EMVIC_20240722.pdf\">Actualitzaci\u00f3 de sol\u00b7licituds fora de termini des de l&#8217;1 d&#8217;abril al 19 de juliol<\/a> (i4, i5, Nivell Elemental i Nivell Mitj\u00e0 fora de termini)<\/p>\n<p><strong>ATENCI\u00d3:<\/strong> Les inscripcions que han obtingut pla\u00e7a rebran un correu amb la informaci\u00f3 per a fer la matr\u00edcula.<\/p>\n<div>Per saber si heu obtingut pla\u00e7a <b>observeu el color de la <u>casella del vostre CODI ID<\/u><\/b>:<\/div>\n<ul>\n<li>Les sol\u00b7licituds que <b>obtenen pla\u00e7a <\/b>tenen el CODI en <span style=\"background-color: #00ff00;\">verd<\/span><\/li>\n<li>Les sol\u00b7licituds que no obtenen pla\u00e7a i queden en <b>llista d\u2019espera <\/b>tenen el\u00a0CODI en <span style=\"background-color: #bdb9b9;\">gris<\/span>\u00a0o blanc<\/li>\n<li>\n<div>Les sol\u00b7licituds que\u00a0obtenen pla\u00e7a de llenguatge musical i queden pendents de l\u2019instrument\u00a0tenen el CODI en <span style=\"background-color: #ff9900;\">taronja<\/span>. En el cas de Nivell Mitj\u00e0, tamb\u00e9 vol dir que han obtingut pla\u00e7a a l&#8217;assignatura grupal demanada, per\u00f2 no d&#8217;instrument.*<\/div>\n<\/li>\n<\/ul>\n<p>Les llistes d&#8217;espera de les sol\u00b7licituds realitzades dins de termini no ha sofert cap canvi respecte a la \u00faltima actualitzaci\u00f3 (19 de juny).<\/p>\n<hr \/>\n<h6>ACTUALITZACI\u00d3 DE LLISTATS DE PREINSCRITS DINS I FORA DE TERMINI FINS EL 19 DE JUNY (04\/07\/2024)<\/h6>\n<p>Accediu als seg\u00fcents enlla\u00e7os per veure l&#8217;actualitzaci\u00f3 de sol\u00b7licituds realitzades dins i fora de termini:<\/p>\n<p><a href=\"https:\/\/agora.xtec.cat\/escmusicavic\/wp-content\/uploads\/usu1071\/2024\/07\/PREINSCRIPCIONS-DINS-TERMINI-RESTA-NE_2024-2025.pdf\">Actualitzaci\u00f3 resta de cursos de Nivell Elemental (dins de termini)<\/a><\/p>\n<p><a href=\"https:\/\/agora.xtec.cat\/escmusicavic\/wp-content\/uploads\/usu1071\/2024\/07\/PREINSCRIPCIONS-DINS-TERMINI-NM_2024-2025.pdf\">Actualitzaci\u00f3 de Nivell Mitj\u00e0 (dins de termini)<\/a><\/p>\n<p><a href=\"https:\/\/agora.xtec.cat\/escmusicavic\/wp-content\/uploads\/usu1071\/2024\/07\/PREINSCRIPCIONS-FORA-TERMINI-FINS-19JUNY_2024-2025.pdf\">Actualitzaci\u00f3 de sol\u00b7licituds fora de termini des de l&#8217;1 d&#8217;abril al 19 de juny<\/a> (i4, i5, Nivell Elemental i Nivell Mitj\u00e0 fora de termini)<\/p>\n<p><strong>ATENCI\u00d3:<\/strong> Les inscripcions que han obtingut pla\u00e7a rebran un correu amb la informaci\u00f3 per a fer la matr\u00edcula.<\/p>\n<div>Per saber si heu obtingut pla\u00e7a <b>observeu el color de la <u>casella del vostre CODI ID<\/u><\/b>:<\/div>\n<ul>\n<li>Les sol\u00b7licituds que <b>obtenen pla\u00e7a <\/b>tenen el CODI en <span style=\"background-color: #00ff00;\">verd<\/span><\/li>\n<li>Les sol\u00b7licituds que no obtenen pla\u00e7a i queden en <b>llista d\u2019espera <\/b>tenen el\u00a0CODI en <span style=\"background-color: #bdb9b9;\">gris<\/span>\u00a0o blanc<\/li>\n<li>\n<div>Les sol\u00b7licituds que\u00a0obtenen pla\u00e7a de llenguatge musical i queden pendents de l\u2019instrument\u00a0tenen el CODI en <span style=\"background-color: #ff9900;\">taronja<\/span>. En el cas de Nivell Mitj\u00e0, tamb\u00e9 vol dir que han obtingut pla\u00e7a a l&#8217;assignatura grupal demanada, per\u00f2 no d&#8217;instrument.*<\/div>\n<\/li>\n<\/ul>\n<hr \/>\n<h6>RESOLUCI\u00d3 DE PREINSCRIPCIONS REBUDES FINS EL 17 DE MAIG &#8211; DINS I FORA DE TERMINI (25\/05\/2024)<\/h6>\n<p style=\"font-weight: 400;\">Accediu als seg\u00fcents enlla\u00e7os\u00a0per veure la resoluci\u00f3 de les sol\u00b7licituds de preinscripci\u00f3 dins i fora de termini, realitzades fins el 17 de maig:<\/p>\n<p style=\"font-weight: 400;\"><a href=\"https:\/\/agora.xtec.cat\/escmusicavic\/wp-content\/uploads\/usu1071\/2024\/05\/Adjudicacio-places-dins-de-termini_i4_i5.pdf\">Resoluci\u00f3 i4 i i5\u00a0(dins de termini)<\/a><\/p>\n<p style=\"font-weight: 400;\"><a href=\"https:\/\/agora.xtec.cat\/escmusicavic\/wp-content\/uploads\/usu1071\/2024\/05\/Adjudicacio-places-dins-de-termini_1R_NE.pdf\">Resoluci\u00f3 Primer de Nivell Elemental\u00a0(dins de termini)<\/a><\/p>\n<p style=\"font-weight: 400;\"><a href=\"https:\/\/agora.xtec.cat\/escmusicavic\/wp-content\/uploads\/usu1071\/2024\/05\/Adjudicacio-places-dins-de-termini_RESTA_NE.pdf\">Resoluci\u00f3 resta de cursos de Nivell Elemental (dins de termini)<\/a><\/p>\n<p style=\"font-weight: 400;\"><a href=\"https:\/\/agora.xtec.cat\/escmusicavic\/wp-content\/uploads\/usu1071\/2024\/05\/Adjudicacio-places-dins-de-termini_NM.pdf\">Resoluci\u00f3 nivell mitj\u00e0 (dins de termini)<\/a><\/p>\n<p style=\"font-weight: 400;\"><a href=\"https:\/\/agora.xtec.cat\/escmusicavic\/wp-content\/uploads\/usu1071\/2024\/05\/Adjudicacio-places-fora-termini_totsprogrames.pdf\">Resoluci\u00f3 de sol\u00b7licituds <strong>fora de termini<\/strong> fins el 17 de maig (tots els programes)<\/a><\/p>\n<p style=\"font-weight: 400;\">Per saber si heu obtingut pla\u00e7a\u00a0<strong>observeu el color de la\u00a0<u>casella del vostre CODI ID<\/u><\/strong>:<\/p>\n<ul>\n<li>Les sol\u00b7licituds que\u00a0<strong>obtenen pla\u00e7a <\/strong>tenen el\u00a0<span style=\"background-color: #99cc00;\">CODI en verd<\/span><\/li>\n<li>Les sol\u00b7licituds que no obtenen pla\u00e7a i queden en\u00a0<strong>llista d\u2019espera\u00a0<\/strong>tenen el <span style=\"background-color: #999999;\">CODI en gris*<\/span><\/li>\n<li>Les sol\u00b7licituds que\u00a0obtenen pla\u00e7a de llenguatge musical i queden pendents de l\u2019instrument\u00a0tenen el\u00a0<span style=\"background-color: #ffcc00;\">CODI en taronja<\/span><\/li>\n<\/ul>\n<p style=\"font-weight: 400;\">Us recordem que\u00a0<u>les sol\u00b7licituds\u00a0<strong>d\u2019instrument<\/strong>\u00a0(a partir de 2NE) seran ateses a partir de la primera setmana de juliol.<\/u><\/p>\n<p>*Les sol\u00b7licituds que han quedat en llista d&#8217;espera seran revisades m\u00e9s endavant per valorar si podem donar-los pla\u00e7a.<\/p>\n<p style=\"font-weight: 400;\"><strong>ATENCI\u00d3:<\/strong>\u00a0Durant la primera quinzena de juny les fam\u00edlies que hagueu obtigut pla\u00e7a rebreu un correu amb els horaris i la informaci\u00f3 per a formalitzar la matr\u00edcula.<\/p>\n<hr \/>\n<h6>LLISTAT D&#8217;INSCRITS FORA DE TERMINI ORDENATS PER DATA DE SOL\u00b7LICITUD FINS EL 17 DE MAIG (24\/05\/2024)<\/h6>\n<p>Al seg\u00fcent enlla\u00e7 hi trobareu el llistat de preinscrits fora de termini fins el 17 de maig, ordenats per data d&#8217;arribada i per programa:<\/p>\n<p><a href=\"https:\/\/agora.xtec.cat\/escmusicavic\/wp-content\/uploads\/usu1071\/2024\/05\/PREINSCRIPCIO-2024-2025_PREINSCRIPCIONS-FORA-TERMINI-FINS17MAIG.pdf\">Llistat preinscrits fora de termini<\/a><\/p>\n<hr \/>\n<h6>LLISTATS D&#8217;INSCRITS AMB ORDRE DEFINITIU DESPR\u00c9S DEL SORTEIG: i4, i5 i 1r NE (03\/05\/2024)<\/h6>\n<p>Despr\u00e9s de realizar el Sorteig per determinar l&#8217;ordre definitiu de les inscripcions empatades en punts que provenen d&#8217;un mateix centre educatiu, als seg\u00fcents enlla\u00e7os hi trobareu els llistats amb l&#8217;ordre definitiu:<\/p>\n<p><a href=\"https:\/\/agora.xtec.cat\/escmusicavic\/wp-content\/uploads\/usu1071\/2024\/05\/PREINSCRIPCIO-2024-2025_I4_I5_BAREMS-I-ORDRE-DEFINITIUS_DESPRES-SORTEIG_20240503.pdf\">Llistat amb ordre definitiu i4 i i5\u00a0<\/a><\/p>\n<p><a href=\"https:\/\/agora.xtec.cat\/escmusicavic\/wp-content\/uploads\/usu1071\/2024\/05\/PREINSCRIPCIO-2024-2025_1NE_BAREMS-I-ORDRE-DEFINITIUS_DESPRES-SORTEIG_20240503.pdf\">Llistat amb ordre definitiu Primer de Nivell Elemental\u00a0<\/a><\/p>\n<hr \/>\n<h6>LLISTATS D\u2019INSCRITS AMB BAREMS DEFINITIUS (i4, i5, NIVELL ELEMENTAL I NIVELL MITJ\u00c0) (26\/04\/2024)<\/h6>\n<p>Als seg\u00fcents enlla\u00e7os hi trobareu els llistats d\u2019inscrits amb barems <strong>DEFINITIUS<\/strong>:<\/p>\n<p><a href=\"https:\/\/agora.xtec.cat\/escmusicavic\/wp-content\/uploads\/usu1071\/2024\/04\/PREINSCRIPCIO-2024-2025_I4_I5_BAREMS-DEFINITIUS_20240426.pdf\">Llistat d\u2019inscrits a i4 i i5\u00a0<\/a><\/p>\n<p><a href=\"https:\/\/agora.xtec.cat\/escmusicavic\/wp-content\/uploads\/usu1071\/2024\/04\/PREINSCRIPCIO-2024-2025_1NE_BAREMS-DEFINITIUS_20240426.pdf\">Llistat d\u2019inscrits a Primer de Nivell Elemental<\/a><\/p>\n<p><a href=\"https:\/\/agora.xtec.cat\/escmusicavic\/wp-content\/uploads\/usu1071\/2024\/04\/PREINSCRIPCIO-2024-2025_RESTA_NE_BAREMS-DEFINITIUS_20240426.pdf\">Llistat d\u2019inscrits a la resta de cursos de Nivell Elemental<\/a><\/p>\n<p><a href=\"https:\/\/agora.xtec.cat\/escmusicavic\/wp-content\/uploads\/usu1071\/2024\/04\/PREINSCRIPCIO-2024-2025_NM_BAREMS-DEFINITIUS_20240426.pdf\">Llistat d\u2019inscrits a Nivell Mitj\u00e0<\/a> (secund\u00e0ria)<\/p>\n<p><span lang=\"CA\">Una vegada revisades les puntuacions definitives de les sol\u00b7licituds de preinscripci\u00f3 hem vist que hi ha diversos casos d\u2019<b>inscripcions d\u2019i4, i5 i Nivell Elemental<\/b>\u00a0amb empat de punts. Per tal d\u2019establir l\u2019ordre\u00a0<span class=\"markfazhpx55d\" data-markjs=\"true\" data-ogac=\"\" data-ogab=\"\" data-ogsc=\"\" data-ogsb=\"\">definitiu<\/span>\u00a0de puntuacions cal que fem un sorteig entre els alumnes que provinguin del mateix centre escolar i hagin obtingut la mateixa puntuaci\u00f3.\u00a0<b>Tingueu en compte que aquest sorteig no implica una adjudicaci\u00f3 de places, nom\u00e9s permetr\u00e0 determinar l\u2019ordre\u00a0<span class=\"markfazhpx55d\" data-markjs=\"true\" data-ogac=\"\" data-ogab=\"\" data-ogsc=\"\" data-ogsb=\"\">definitiu<\/span>\u00a0de les preinscripcions.<\/b><\/span><\/p>\n<p><span lang=\"CA\"><b>IMPORTANT:\u00a0<\/b>Per veure si la vostra sol\u00b7licitud entra dins el sorteig, reviseu la columna \u201c<strong>N\u00famero del Sorteig<\/strong>\u201c, si teniu assignat un n\u00famero a la vostra sol\u00b7licitud i est\u00e0 de color groc<\/span><span lang=\"CA\">\u00a0significa que entreu en el sorteig per establir l\u2019ordre\u00a0<span class=\"markfazhpx55d\" data-markjs=\"true\" data-ogac=\"\" data-ogab=\"\" data-ogsc=\"\" data-ogsb=\"\">definitiu de les sol\u00b7licituds.\u00a0<\/span><\/span><\/p>\n<p><strong>Data i hora del sorteig:<\/strong> dijous 2 de maig a les 12:30 h a l\u2019EMVIC. El sorteig es realitzar\u00e0 per la directora de l\u2019EMVIC i la secret\u00e0ria acad\u00e8mica del centre.<\/p>\n<hr \/>\n<h6>LLISTATS D&#8217;INSCRITS AMB BAREMS PROVISIONALS (i4, i5, NIVELL ELEMENTAL I NIVELL MITJ\u00c0) (19\/04\/2024)<\/h6>\n<p>Als seg\u00fcents enlla\u00e7os hi trobareu els llistats de preinscrits dins de termini amb <strong>barems provisionals<\/strong> pel curs 2024-2025:<\/p>\n<p><a href=\"https:\/\/agora.xtec.cat\/escmusicavic\/wp-content\/uploads\/usu1071\/2024\/04\/PREINSCRIPCIO-2024-2025_I4_I5_BAREMS-PROVISIONALS_20240419.pdf\">Llistat de preinscrits a i4 i i5<\/a><\/p>\n<p><a href=\"https:\/\/agora.xtec.cat\/escmusicavic\/wp-content\/uploads\/usu1071\/2024\/04\/PREINSCRIPCIO-2024-2025_1NE_BAREMS-PROVISIONALS_20240419.pdf\">Llistat de preinscrits a Primer de Nivell Elemental<\/a><\/p>\n<p><a href=\"https:\/\/agora.xtec.cat\/escmusicavic\/wp-content\/uploads\/usu1071\/2024\/04\/PREINSCRIPCIO-2024-2025_RESTA-NE_BAREMS-PROVISIONALS_20240419.pdf\">Llistat de preinscrits a la resta de cursos de Nivell Elemental<\/a><\/p>\n<p><a href=\"https:\/\/agora.xtec.cat\/escmusicavic\/wp-content\/uploads\/usu1071\/2024\/04\/PREINSCRIPCIO-2024-2025_NM_BAREMS-PROVISIONALS_20240419.pdf\">Llistat de preinscrits a Nivell Mitj\u00e0 (secund\u00e0ria)<\/a><\/p>\n<p>En el cas que sigui necessari, per tal d\u2019<b>esmenar la puntuaci\u00f3<\/b>\u00a0cal que ompliu el seg\u00fcent\u00a0<a href=\"https:\/\/forms.office.com\/e\/sutSYDbaLg\"><b>formulari<\/b>\u00a0<\/a>i envieu la documentaci\u00f3 acreditativa a <a href=\"mailto:preinscripcions@emvic.cat\">preinscripcions@emvic.cat<\/a> fins <strong>dimecres 24<\/strong><b>\u00a0d\u2019abril (incl\u00f2s).<\/b><\/p>\n","protected":false},"excerpt":{"rendered":"<p>CALENDARI DE PREINSCRIPCI\u00d3 CURS 2024-2025<br \/>\nAquest calendari \u00e9s v\u00e0lid per als\u00a0NOUS alumnes\u00a0que es volen inscriure a I4 (nascuts al 2020), I5 (nascuts al 2019)\u00a0i els programes de\u00a0Nivell Elemental (Prim\u00e0ria)\u00a0i\u00a0Nivell Mitj\u00e0 (Secund\u00e0ria):<\/p>\n<p>MAR\u00c7\u00a0<\/p>\n<p>16 de mar\u00e7\u00a0<br \/>\nde 10 a 13 h\u00a0<\/p>\n<p>Jornada de Portes Obertes.\u00a0<\/p>\n<p>De l\u201916 al 31 de mar\u00e7\u00a0<br \/>\nPer\u00edode de&hellip;  <a href=\"https:\/\/agora.xtec.cat\/escmusicavic\/preinscripcio-a-i4-i5-nivell-elemental-i-nivell-mitja-2024-2025\/\" title=\"Read Preinscripci\u00f3 a I4, I5, Nivell Elemental i Nivell Mitj\u00e0 2024-2025\">Llegeix m\u00e9s\u00bb<\/a><\/p>\n","protected":false},"author":11,"featured_media":0,"parent":0,"menu_order":0,"comment_status":"closed","ping_status":"closed","template":"","meta":{"_bbp_topic_count":0,"_bbp_reply_count":0,"_bbp_total_topic_count":0,"_bbp_total_reply_count":0,"_bbp_voice_count":0,"_bbp_anonymous_reply_count":0,"_bbp_topic_count_hidden":0,"_bbp_reply_count_hidden":0,"_bbp_forum_subforum_count":0,"footnotes":""},"class_list":["post-6410","page","type-page","status-publish","hentry"],"post_mailing_queue_ids":[],"_links":{"self":[{"href":"https:\/\/agora.xtec.cat\/escmusicavic\/wp-json\/wp\/v2\/pages\/6410","targetHints":{"allow":["GET"]}}],"collection":[{"href":"https:\/\/agora.xtec.cat\/escmusicavic\/wp-json\/wp\/v2\/pages"}],"about":[{"href":"https:\/\/agora.xtec.cat\/escmusicavic\/wp-json\/wp\/v2\/types\/page"}],"author":[{"embeddable":true,"href":"https:\/\/agora.xtec.cat\/escmusicavic\/wp-json\/wp\/v2\/users\/11"}],"replies":[{"embeddable":true,"href":"https:\/\/agora.xtec.cat\/escmusicavic\/wp-json\/wp\/v2\/comments?post=6410"}],"version-history":[{"count":6,"href":"https:\/\/agora.xtec.cat\/escmusicavic\/wp-json\/wp\/v2\/pages\/6410\/revisions"}],"predecessor-version":[{"id":6797,"href":"https:\/\/agora.xtec.cat\/escmusicavic\/wp-json\/wp\/v2\/pages\/6410\/revisions\/6797"}],"wp:attachment":[{"href":"https:\/\/agora.xtec.cat\/escmusicavic\/wp-json\/wp\/v2\/media?parent=6410"}],"curies":[{"name":"wp","href":"https:\/\/api.w.org\/{rel}","templated":true}]}}