{"id":6371,"date":"2024-02-14T12:29:52","date_gmt":"2024-02-14T11:29:52","guid":{"rendered":"https:\/\/agora.xtec.cat\/escmusicavic\/?page_id=6371"},"modified":"2024-06-25T18:54:56","modified_gmt":"2024-06-25T16:54:56","slug":"convocatoria-2024","status":"publish","type":"page","link":"https:\/\/agora.xtec.cat\/escmusicavic\/prova-acces-gp\/convocatoria-2024\/","title":{"rendered":"Convocat\u00f2ria maig 2024"},"content":{"rendered":"<h5><span style=\"color: #000000;\">INSCRIPCIONS A LES PROVES D&#8217;ACC\u00c9S AL CONSERVATORI. MAIG 2024<\/span><\/h5>\n<h4>Calendari<\/h4>\n<table style=\"height: 445px; width: 97.642436%;\" data-tablestyle=\"MsoTableGrid\" data-tablelook=\"1184\">\n<tbody>\n<tr style=\"height: 33px;\">\n<td style=\"width: 97.53125px; height: 165px;\" rowspan=\"5\"><b><span data-contrast=\"auto\">MA<\/span><\/b><b><span data-contrast=\"auto\">R\u00c7<\/span><\/b><span data-ccp-props=\"{&quot;201341983&quot;:0,&quot;335559740&quot;:259}\">\u00a0<\/span><\/td>\n<td style=\"width: 226.109375px; height: 33px;\"><b><span data-contrast=\"auto\">7 de mar\u00e7<\/span><\/b><\/td>\n<td style=\"width: 1702.390625px; height: 33px;\"><b><span data-contrast=\"auto\"><span class=\"NormalTextRun SCXW12599742 BCX4\">Publicaci\u00f3 places <\/span><span class=\"NormalTextRun SpellingErrorV2Themed SCXW12599742 BCX4\">ofertades<\/span><span class=\"NormalTextRun SCXW12599742 BCX4\"> a 1r i d&#8217;altres cursos de Conservatori a la web <a href=\"http:\/\/www.emvic.cat\">www.emvic.cat\u00a0<\/a><\/span><\/span><\/b><\/td>\n<\/tr>\n<tr style=\"height: 33px;\">\n<td style=\"height: 33px; width: 226.109375px;\" data-celllook=\"0\"><b><span data-contrast=\"auto\">Del 8 al 20\u00a0<\/span><\/b><b><span data-contrast=\"auto\">de ma<\/span><\/b><b><span data-contrast=\"auto\">r\u00e7<\/span><\/b><span data-ccp-props=\"{&quot;201341983&quot;:0,&quot;335559740&quot;:259}\">\u00a0<\/span><\/td>\n<td style=\"height: 33px; width: 1702.390625px;\" data-celllook=\"0\"><b><span data-contrast=\"auto\">Inscripci\u00f3 a les proves d\u2019acc\u00e9s (veure m\u00e9s avall com realitzar la inscripci\u00f3)<\/span><\/b><\/td>\n<\/tr>\n<tr style=\"height: 33px;\">\n<td style=\"height: 33px; width: 226.109375px;\" data-celllook=\"0\"><span style=\"color: #000000;\"><b>21 de mar\u00e7<\/b>\u00a0<\/span><\/td>\n<td style=\"height: 33px; width: 1702.390625px;\" data-celllook=\"0\"><b><span data-contrast=\"auto\">Publicaci\u00f3 de la llista provisional d\u2019inscrits <\/span><\/b><span data-contrast=\"auto\">(web <\/span><a href=\"http:\/\/www.emvic.cat\/\"><span data-contrast=\"none\">www.emvic.cat<\/span><\/a><span data-contrast=\"auto\">, ID: document identitat de l&#8217;inscrit)<\/span><span data-ccp-props=\"{&quot;201341983&quot;:0,&quot;335559740&quot;:259}\">\u00a0<\/span><\/td>\n<\/tr>\n<tr style=\"height: 33px;\">\n<td style=\"height: 33px; width: 226.109375px;\" data-celllook=\"0\"><span style=\"color: #000000;\"><b>22 \u2013 24 de mar\u00e7<\/b>\u00a0<\/span><\/td>\n<td style=\"height: 33px; width: 1702.390625px;\" data-celllook=\"0\"><b><span data-contrast=\"auto\">Presentaci\u00f3 de reclamacions al correu <a href=\"mailto:albertbardolet@emvic.cat\">albertbardolet@emvic.cat<\/a>\u00a0<\/span><\/b><\/td>\n<\/tr>\n<tr style=\"height: 33px;\">\n<td style=\"height: 33px; width: 226.109375px;\" data-celllook=\"0\"><span style=\"color: #000000;\"><b>27 de mar\u00e7<\/b>\u00a0<\/span><\/td>\n<td style=\"height: 33px; width: 1702.390625px;\" data-celllook=\"0\"><b><span data-contrast=\"auto\">Publicaci\u00f3 de llistes definitives<\/span><\/b><span data-contrast=\"auto\"> (web <\/span><a href=\"http:\/\/www.emvic.cat\/\"><span data-contrast=\"none\">www.emvic.cat<\/span><\/a><span data-contrast=\"auto\">, ID: document identitat de l&#8217;inscrit)<\/span><span data-ccp-props=\"{&quot;201341983&quot;:0,&quot;335559740&quot;:259}\">\u00a0<\/span><\/td>\n<\/tr>\n<tr style=\"height: 33px;\">\n<td style=\"height: 66px; width: 97.53125px;\" rowspan=\"2\" data-celllook=\"0\"><b><span data-contrast=\"auto\">ABRIL<\/span><\/b><span data-ccp-props=\"{&quot;201341983&quot;:0,&quot;335551550&quot;:1,&quot;335551620&quot;:1,&quot;335559740&quot;:259}\">\u00a0<\/span><\/td>\n<td style=\"height: 33px; width: 226.109375px;\" data-celllook=\"0\"><span style=\"color: #000000;\"><b>19 d\u2019abril<\/b>\u00a0<\/span><\/td>\n<td style=\"height: 33px; width: 1702.390625px;\" data-celllook=\"0\"><b><span data-contrast=\"auto\">Nomenament i publicaci\u00f3 de comissions avaluadores a la web <\/span><\/b><a href=\"http:\/\/www.emvic.cat\/\"><b><span data-contrast=\"none\">www.emvic.cat<\/span><\/b><\/a><span data-ccp-props=\"{&quot;201341983&quot;:0,&quot;335559740&quot;:259}\">\u00a0<\/span><\/td>\n<\/tr>\n<tr style=\"height: 33px;\">\n<td style=\"height: 33px; width: 226.109375px;\" data-celllook=\"0\"><strong>19 d&#8217;abril<\/strong><\/td>\n<td style=\"height: 33px; width: 1702.390625px;\" data-celllook=\"0\"><b><span data-contrast=\"auto\">Publicaci\u00f3 del proc\u00e9s de desenvolupament i del contingut de les proves, calendari, i la resta d\u2019informaci\u00f3 del proc\u00e9s al web <\/span><\/b><a href=\"http:\/\/www.emvic.cat\/\"><b><span data-contrast=\"none\">www.emvic.cat<\/span><\/b><\/a><span data-ccp-props=\"{&quot;201341983&quot;:0,&quot;335559740&quot;:259}\">\u00a0<\/span><\/td>\n<\/tr>\n<tr style=\"height: 33px;\">\n<td style=\"height: 148px; width: 97.53125px;\" rowspan=\"5\" data-celllook=\"0\"><b><span data-contrast=\"auto\">MAIG<\/span><\/b><span data-ccp-props=\"{&quot;201341983&quot;:0,&quot;335559740&quot;:259}\">\u00a0<\/span><b><span data-contrast=\"auto\"><br \/>\n<\/span><\/b><\/td>\n<td style=\"height: 36px; width: 226.109375px;\" data-celllook=\"0\"><span style=\"color: #000000;\"><b>21 de maig<\/b>\u00a0\u00a0<\/span><\/td>\n<td style=\"height: 36px; width: 1702.390625px;\" data-celllook=\"0\"><b><span data-contrast=\"auto\">Prova de llenguatge musical<\/span><\/b><span data-ccp-props=\"{&quot;201341983&quot;:0,&quot;335559740&quot;:259}\">\u00a0<\/span><\/td>\n<\/tr>\n<tr style=\"height: 33px;\">\n<td style=\"height: 13px; width: 226.109375px;\"><span style=\"color: #000000;\"><span style=\"caret-color: #000000;\"><b>22 de maig <\/b><\/span><\/span><\/td>\n<td style=\"height: 13px; width: 1702.390625px;\"><b><span data-contrast=\"auto\">Prova d&#8217;instrument de Corda<\/span><\/b><\/td>\n<\/tr>\n<tr style=\"height: 33px;\">\n<td style=\"width: 226.109375px; height: 33px;\"><span style=\"color: #000000;\"><b>23 de maig<\/b><\/span><\/td>\n<td style=\"width: 1702.390625px; height: 33px;\"><b><span data-contrast=\"auto\">Prova d&#8217;instrument de Vent<\/span><\/b><\/td>\n<\/tr>\n<tr style=\"height: 33px;\">\n<td style=\"width: 226.109375px; height: 33px;\"><span style=\"color: #000000;\"><b>24 de maig<\/b><\/span><\/td>\n<td style=\"width: 1702.390625px; height: 33px;\"><b><span data-contrast=\"auto\">Prova d&#8217;instrument de piano i de la comissi\u00f3 mixta (Guitarra el\u00e8ctrica, percussi\u00f3, bateria i baix el\u00e8ctric)<\/span><\/b><\/td>\n<\/tr>\n<tr style=\"height: 33px;\">\n<td style=\"width: 226.109375px; height: 33px;\"><span style=\"color: #000000;\"><b>28 de maig<\/b><\/span><\/td>\n<td style=\"width: 1702.390625px; height: 33px;\"><b><span data-contrast=\"auto\">Publicaci\u00f3 de resultats provisionals<\/span><\/b><\/td>\n<\/tr>\n<tr style=\"height: 33px;\">\n<td style=\"width: 97.53125px; height: 66px;\" rowspan=\"2\">\n<p style=\"text-align: left;\"><b><span data-contrast=\"auto\">JUNY<br \/>\n<\/span><\/b><b><\/b><\/p>\n<\/td>\n<td style=\"width: 226.109375px; height: 33px;\"><span style=\"color: #000000;\"><b>Fins el 5 de juny<\/b><\/span><\/td>\n<td style=\"width: 1702.390625px; height: 33px;\"><b><span data-contrast=\"auto\">Per\u00edode de reclamacions<\/span><\/b><\/td>\n<\/tr>\n<tr style=\"height: 33px;\">\n<td style=\"width: 226.109375px; height: 33px;\"><span style=\"color: #000000;\"><b>6 de juny<\/b><\/span><\/td>\n<td style=\"width: 1702.390625px; height: 33px;\"><b><span data-contrast=\"auto\">Publicaci\u00f3 de resultats definitius<\/span><\/b><\/td>\n<\/tr>\n<\/tbody>\n<\/table>\n<hr \/>\n<h5><strong>RESULTATS DEFINITIUS (06\/06\/2024)<\/strong><\/h5>\n<p>Al seg\u00fcent enlla\u00e7 hi trobareu el resultat definiu de les proves d&#8217;acc\u00e9s al Conservatori.<\/p>\n<p><a href=\"https:\/\/agora.xtec.cat\/escmusicavic\/wp-content\/uploads\/usu1071\/2024\/05\/Resultats-provisionals_Prova-Acces_30may24.pdf\">Resultats definitius acc\u00e9s a 1GP<\/a> (06\/06\/2024)<\/p>\n<hr \/>\n<h5><strong>RESULTATS PROVISIONALS (30\/05\/2024)<\/strong><\/h5>\n<p>Reunits en Junta de Caps de Departament s&#8217;acorda la publicaci\u00f3 un nou llistat d&#8217;adjudicaci\u00f3 de places provisionals d&#8217;acc\u00e9s a primer de grau professional.<\/p>\n<p><a href=\"https:\/\/agora.xtec.cat\/escmusicavic\/wp-content\/uploads\/usu1071\/2024\/05\/Resultats-provisionals_Prova-Acces_30may24.pdf\">Resultats provisionals acc\u00e9s a 1GP<\/a> (30\/05\/2024)<\/p>\n<hr \/>\n<h5><strong>RESULTATS PROVISIONALS (28\/05\/2024)<\/strong><\/h5>\n<p>Als seg\u00fcents enlla\u00e7os hi trobareu els resultats provisionals de les proves d\u2019acc\u00e9s 2024. Recordeu que trobareu els resultats del vostre fill o de la vostra filla amb els quatre \u00faltims d\u00edgits i la lletra del document d\u2019identificaci\u00f3 que h\u00e0giu presentat a la sol\u00b7licitud (DNI, passaport o NIE).<\/p>\n<p><a href=\"https:\/\/agora.xtec.cat\/escmusicavic\/wp-content\/uploads\/usu1071\/2024\/05\/Resultats-provisionals_GP1_PA-2024.pdf\">Resultats provisionals acc\u00e9s a 1GP<\/a><\/p>\n<p><a href=\"https:\/\/agora.xtec.cat\/escmusicavic\/wp-content\/uploads\/usu1071\/2024\/05\/Resultats-provisionals_altres-cursos_PA-2024.pdf\">Resultats provisionals acc\u00e9s a altres cursos<\/a><\/p>\n<p><span class=\"ContentPasted1\">En cas de ser necessari, podeu esmenar els\u00a0<span data-markjs=\"true\" data-ogac=\"\" data-ogab=\"\" data-ogsc=\"\" data-ogsb=\"\"><span class=\"markr5zzu01d4 ContentPasted1\">resultats<\/span><\/span><\/span><span class=\"xapple-converted-space\"><span class=\"ContentPasted1\">\u00a0<\/span><\/span><span class=\"ContentPasted1\">fins\u00a0<\/span><span class=\"ContentPasted1\">el dimecres 5 de juny <\/span><span class=\"ContentPasted1\">(incl\u00f2s) enviant un correu electr\u00f2nic <a href=\"mailto:albertbardolet@emvic.cat\">albertbardolet@emvic.cat<\/a><\/span><span class=\"xapple-converted-space ContentPasted1\"><span class=\"ContentPasted1\">.<\/span><\/span><\/p>\n<hr \/>\n<h5><span style=\"color: #ff6600;\"><strong>HORARIS PROVES D&#8217;INSTRUMENT (10\/05\/2024)<\/strong><\/span><\/h5>\n<p>Accediu al seg\u00fcent enlla\u00e7 per veure el horaris de les proves d&#8217;instrument:<\/p>\n<p><a href=\"https:\/\/agora.xtec.cat\/escmusicavic\/wp-content\/uploads\/usu1071\/2024\/05\/Horaris-proves-instrument.pdf\">Horaris proves instrument<\/a><\/p>\n<hr \/>\n<h5><span style=\"color: #ff6600;\"><strong>COMISSIONS AVALUADORES (19\/04\/2024)<\/strong><\/span><\/h5>\n<p>Accediu al seg\u00fcent enlla\u00e7 per veure les comissions avaluadores:<\/p>\n<p><a href=\"https:\/\/agora.xtec.cat\/escmusicavic\/wp-content\/uploads\/usu1071\/2024\/04\/Comissions-avaluadores.pdf\">Comissions avaluadores<\/a><\/p>\n<hr \/>\n<h5 style=\"font-weight: 400;\"><span style=\"color: #ff6600;\"><strong>LLISTAT DEFINITIU D\u2019INSCRIPCIONS (27\/03\/2024)\u00a0<\/strong><\/span><\/h5>\n<p style=\"font-weight: 400;\">Accediu al seg\u00fcent enlla\u00e7 per veure el llistat <span style=\"text-decoration: underline;\"><strong>definitiu<\/strong><\/span> d\u2019inscrits a les proves d\u2019acc\u00e9s al Conservatori de Vic de maig de 2024. Trobareu la inscripci\u00f3 del vostre fill \u00f3 de la vostra filla amb els quatre \u00faltims d\u00edgits i la lletra del document d\u2019identificaci\u00f3 que hagueu presentat a la sol\u00b7licitud (DNI, passaport o NIE).<\/p>\n<p style=\"font-weight: 400;\"><a href=\"https:\/\/agora.xtec.cat\/escmusicavic\/wp-content\/uploads\/usu1071\/2024\/03\/Inscrits-Prova-dacces_definitiu_2024.pdf\"><u>Llistat definitiu d\u2019inscrits<\/u><\/a><\/p>\n<hr \/>\n<h5 style=\"font-weight: 400;\"><span style=\"color: #ff6600;\"><strong>LLISTAT PROVISIONAL D\u2019INSCRIPCIONS (21\/03\/2024)\u00a0<\/strong><\/span><\/h5>\n<p style=\"font-weight: 400;\">Accediu al seg\u00fcent enlla\u00e7 per veure el llistat provisional d\u2019inscrits a les proves d\u2019acc\u00e9s al Conservatori de Vic de maig de 2024. Trobareu la inscripci\u00f3 del vostre fill \u00f3 de la vostra filla amb els quatre \u00faltims d\u00edgits i la lletra del document d\u2019identificaci\u00f3 que hagueu presentat a la sol\u00b7licitud (DNI, passaport o NIE).<\/p>\n<p style=\"font-weight: 400;\"><a href=\"https:\/\/agora.xtec.cat\/escmusicavic\/wp-content\/uploads\/usu1071\/2024\/03\/Inscrits-Prova-dacces-2024.pdf\"><u>Llistat provisional d\u2019inscrits<\/u><\/a><\/p>\n<p style=\"font-weight: 400;\">Si ho necessiteu, recordeu que teniu fins dia 24 de mar\u00e7 per presentar reclamacions a l\u2019email\u00a0<u><a href=\"mailto:albertbardolet@emvic.cat\">albertbardolet@emvic.cat<\/a><\/u>.<\/p>\n<hr \/>\n<h5><span style=\"color: #ff6600;\">PLACES PROVA D&#8217;ACC\u00c9S AL CONSERVATORI DE VIC 2024 (07\/03\/2024)<\/span><\/h5>\n<p>Accediu al seg\u00fcent enlla\u00e7 per consultar la publicaci\u00f3 de places per la convocat\u00f2ria 2023 al Conservatori de Vic:<\/p>\n<p><a href=\"https:\/\/agora.xtec.cat\/escmusicavic\/wp-content\/uploads\/usu1071\/2024\/03\/oferta-places-PA-2024.pdf\"><strong>Places prova d&#8217;acc\u00e9s conservatori 2024*<\/strong><\/a><\/p>\n<p>*Les places d&#8217;instrument que no siguin cobertes podran ser assignades a una altre instrument.<\/p>\n<hr \/>\n<h5><span style=\"color: #ff6600;\">COM REALITZAR LA INSCRIPCI\u00d3 A LA PROVA D&#8217;ACC\u00c9S AL CONSERVATORI:<\/span><\/h5>\n<p>Envieu un correu electr\u00f2nic a <a href=\"mailto:provesacces@emvic.cat\">provesacces@emvic.cat<\/a> amb la seg\u00fcent informaci\u00f3 i documentaci\u00f3:<\/p>\n<ol>\n<li style=\"list-style-type: none;\">\n<ol>\n<li>Indiqueu el nom de l&#8217;alumne\/a a l&#8217;assumpte del correu electr\u00f2nic<\/li>\n<li>Adjunteu els seg\u00fcents arxius:\n<ol style=\"list-style-type: lower-alpha;\">\n<li>La <strong><a href=\"https:\/\/agora.xtec.cat\/escmusicavic\/wp-content\/uploads\/usu1071\/2020\/05\/A49_pre_proves_musica.pdf\">sol\u00b7licitud d\u2019inscripci\u00f3<\/a><\/strong> emplenada i signada (PDF)*<\/li>\n<li>El full d\u2019<a href=\"https:\/\/agora.xtec.cat\/escmusicavic\/wp-content\/uploads\/usu1071\/2024\/03\/AUTORITZACIO-BANCARIA-23-24-2.pdf\"><strong>autoritzaci\u00f3 banc\u00e0ria<\/strong><\/a> emplenat i signat (<span style=\"color: #000000;\"><span style=\"caret-color: #800000;\">N<\/span><\/span>om\u00e9s l&#8217;han d&#8217;adjuntar els alumnes nous a l&#8217;EMVIC)*<\/li>\n<li>Fotoc\u00f2pia del DNI de l\u2019alumne\/a<\/li>\n<li>Partitures escanejades<\/li>\n<li>Llistat de repertori que presenteu a la prova (en un document word o pdf)<\/li>\n<li>En cas de necessitar una adaptaci\u00f3 de les proves per motius m\u00e8dics empleu i signeu el seg\u00fcent <strong><a href=\"https:\/\/agora.xtec.cat\/escmusicavic\/wp-content\/uploads\/usu1071\/2023\/02\/A226_suport-tecnic_PA-2022-23.pdf\">formulari<\/a><\/strong>, adjuntant la documentaci\u00f3 pertinent.<\/li>\n<\/ol>\n<\/li>\n<\/ol>\n<\/li>\n<\/ol>\n<p><span style=\"background-color: #ffff99;\">*<strong>ATENCI\u00d3<\/strong>:<\/span> Ser\u00e0 obligatori entregar presencialment el full d&#8217;inscripci\u00f3 i autoritzaci\u00f3 banc\u00e0ria signats originals a secretaria (C\/Torres i Bajes, 6 &#8211; Casa Serratosa).<\/p>\n<p>En cas de no poder realitzar la primera part de la inscripci\u00f3 de forma telem\u00e0tica, escriviu un correu a <a href=\"mailto:secretaria@emvic.cat\">secretaria@emvic.cat<\/a> per sol\u00b7licitar cita pr\u00e8via per realitzar-la de forma presencial al centre.<\/p>\n<p><strong><span style=\"font-family: inherit; font-size: 1em;\">Taxa d&#8217;inscripci\u00f3:<\/span><\/strong><\/p>\n<p>Alumnes EMVIC i aules de la Xarxa: 30 euros.<br \/>\nAlumnes externs: 90 euros.<br \/>\nCobrament per rebut bancari.<\/p>\n<p><strong><span style=\"font-family: inherit; font-size: 1em;\"><span style=\"color: #ff6600;\">IMPORTANT:<\/span> Per tal que la inscripci\u00f3 sigui v\u00e0lida, \u00e9s imprescindible que es faci dins el termini indicat, i aportant tota la documentaci\u00f3 requerida.<\/span><\/strong><\/p>\n<hr \/>\n<p><span style=\"color: #ff6600;\"><strong>RESOLUCI\u00d3 DE LA CONVOCAT\u00d2RIA DE LES PROVES D&#8217;ACC\u00c9S 2024<\/strong><\/span><\/p>\n<p>El seg\u00fcent enlla\u00e7 hi trobareu la resoluci\u00f3 de la convocat\u00f2ria de les proves d&#8217;aquest any:<\/p>\n<p><a href=\"https:\/\/agora.xtec.cat\/escmusicavic\/wp-content\/uploads\/usu1071\/2024\/02\/DOGC-Prova-Acces-2024.pdf\">Resoluci\u00f3 PRAC (2024)<\/a><\/p>\n<hr \/>\n<p><span style=\"color: #ff6600;\"><strong>ORIENTACIONS PER LA PROVA<\/strong><\/span><\/p>\n<p>La prova d&#8217;acc\u00e9s al primer curs de<strong>\u00a0conservatori<\/strong>\u00a0consta de dues parts:<\/p>\n<ol>\n<li>Llenguatge musical, audici\u00f3 i cant coral: interpretaci\u00f3 d&#8217;una can\u00e7\u00f3. L&#8217;aspirant ha de preparar-ne dues del repertori (vegeu la Informaci\u00f3 relacionada).<\/li>\n<li>Instrument.<\/li>\n<\/ol>\n<p>Al seg\u00fcent enlla\u00e7 hi trobareu les <strong>orientacions<\/strong> per la prova d&#8217;acc\u00e9s al Conservatori 2024:<\/p>\n<p><a href=\"https:\/\/agora.xtec.cat\/escmusicavic\/prova-acces-gp\/orientacions\/\">Orientacions per la prova<\/a><\/p>\n","protected":false},"excerpt":{"rendered":"<p>INSCRIPCIONS A LES PROVES D&#8217;ACC\u00c9S AL CONSERVATORI. MAIG 2024<br \/>\nCalendari<\/p>\n<p>MAR\u00c7\u00a0<br \/>\n7 de mar\u00e7<br \/>\nPublicaci\u00f3 places ofertades a 1r i d&#8217;altres cursos de Conservatori a la web <a href=\"http:\/\/www.emvic.cat\">www.emvic.cat\u00a0<\/a><\/p>\n<p>Del 8 al 20\u00a0de mar\u00e7\u00a0<br \/>\nInscripci\u00f3 a les proves d\u2019acc\u00e9s (veure m\u00e9s avall com realitzar la inscripci\u00f3)<\/p>\n<p>21 de mar\u00e7\u00a0<br \/>\nPublicaci\u00f3 de la llista&hellip;  <a href=\"https:\/\/agora.xtec.cat\/escmusicavic\/prova-acces-gp\/convocatoria-2024\/\" title=\"Read Convocat\u00f2ria maig 2024\">Llegeix m\u00e9s\u00bb<\/a><\/p>\n","protected":false},"author":11,"featured_media":0,"parent":811,"menu_order":0,"comment_status":"closed","ping_status":"closed","template":"","meta":{"_bbp_topic_count":0,"_bbp_reply_count":0,"_bbp_total_topic_count":0,"_bbp_total_reply_count":0,"_bbp_voice_count":0,"_bbp_anonymous_reply_count":0,"_bbp_topic_count_hidden":0,"_bbp_reply_count_hidden":0,"_bbp_forum_subforum_count":0,"footnotes":""},"class_list":["post-6371","page","type-page","status-publish","hentry"],"post_mailing_queue_ids":[],"_links":{"self":[{"href":"https:\/\/agora.xtec.cat\/escmusicavic\/wp-json\/wp\/v2\/pages\/6371","targetHints":{"allow":["GET"]}}],"collection":[{"href":"https:\/\/agora.xtec.cat\/escmusicavic\/wp-json\/wp\/v2\/pages"}],"about":[{"href":"https:\/\/agora.xtec.cat\/escmusicavic\/wp-json\/wp\/v2\/types\/page"}],"author":[{"embeddable":true,"href":"https:\/\/agora.xtec.cat\/escmusicavic\/wp-json\/wp\/v2\/users\/11"}],"replies":[{"embeddable":true,"href":"https:\/\/agora.xtec.cat\/escmusicavic\/wp-json\/wp\/v2\/comments?post=6371"}],"version-history":[{"count":6,"href":"https:\/\/agora.xtec.cat\/escmusicavic\/wp-json\/wp\/v2\/pages\/6371\/revisions"}],"predecessor-version":[{"id":6714,"href":"https:\/\/agora.xtec.cat\/escmusicavic\/wp-json\/wp\/v2\/pages\/6371\/revisions\/6714"}],"up":[{"embeddable":true,"href":"https:\/\/agora.xtec.cat\/escmusicavic\/wp-json\/wp\/v2\/pages\/811"}],"wp:attachment":[{"href":"https:\/\/agora.xtec.cat\/escmusicavic\/wp-json\/wp\/v2\/media?parent=6371"}],"curies":[{"name":"wp","href":"https:\/\/api.w.org\/{rel}","templated":true}]}}