{"id":6236,"date":"2023-10-04T15:58:05","date_gmt":"2023-10-04T13:58:05","guid":{"rendered":"https:\/\/agora.xtec.cat\/escmusicavic\/?page_id=6236"},"modified":"2025-01-15T09:00:22","modified_gmt":"2025-01-15T08:00:22","slug":"nou-servei-de-comunicacio-per-telegram","status":"publish","type":"page","link":"https:\/\/agora.xtec.cat\/escmusicavic\/nou-servei-de-comunicacio-per-telegram\/","title":{"rendered":"SERVEI DE MISSATGERIA PER TELEGRAM"},"content":{"rendered":"<p><a href=\"https:\/\/agora.xtec.cat\/escmusicavic\/wp-content\/uploads\/usu1071\/2023\/10\/62de96d5ff3c6e4b8b5de8aa-e1696433261753.png\"><img loading=\"lazy\" decoding=\"async\" class=\"alignleft wp-image-6241\" src=\"https:\/\/agora.xtec.cat\/escmusicavic\/wp-content\/uploads\/usu1071\/2023\/10\/62de96d5ff3c6e4b8b5de8aa-e1696433261753-300x285.png\" alt=\"\" width=\"122\" height=\"116\" srcset=\"https:\/\/agora.xtec.cat\/escmusicavic\/wp-content\/uploads\/usu1071\/2023\/10\/62de96d5ff3c6e4b8b5de8aa-e1696433261753-300x285.png 300w, https:\/\/agora.xtec.cat\/escmusicavic\/wp-content\/uploads\/usu1071\/2023\/10\/62de96d5ff3c6e4b8b5de8aa-e1696433261753-1024x972.png 1024w, https:\/\/agora.xtec.cat\/escmusicavic\/wp-content\/uploads\/usu1071\/2023\/10\/62de96d5ff3c6e4b8b5de8aa-e1696433261753-768x729.png 768w, https:\/\/agora.xtec.cat\/escmusicavic\/wp-content\/uploads\/usu1071\/2023\/10\/62de96d5ff3c6e4b8b5de8aa-e1696433261753.png 1175w\" sizes=\"auto, (max-width: 122px) 100vw, 122px\" \/><\/a>Us informem l&#8217;EMVIC disposa d&#8217;un servei de missatgeria per <span class=\"marko9gz02xa2\" data-markjs=\"true\" data-ogac=\"\" data-ogab=\"\" data-ogsc=\"\" data-ogsb=\"\">Telegram<\/span>, amb l&#8217;objectiu de millorar la comunicaci\u00f3 amb les fam\u00edlies. Tingueu present que una vegada tingueu el sistema activat al vostre dispositiu m\u00f2bil,\u00a0<b>els<\/b>\u00a0<b>avisos de canvis i\/o anul\u00b7lacions de classes les rebreu per\u00a0<span class=\"marko9gz02xa2\" data-markjs=\"true\" data-ogac=\"\" data-ogab=\"\" data-ogsc=\"\" data-ogsb=\"\">Telegram<\/span><\/b>.\u00a0Si \u00e9s possible, us demanem que l&#8217;activeu tots els membres de la unitat familiar\u00a0(pare\/mare\/tutor), perqu\u00e8 cadasc\u00fa pugui rebre la notificaci\u00f3 al seu m\u00f2bil.<\/p>\n<p>Tot seguit us expliquem com fer-ho per activar el servei, i tamb\u00e9 us adjuntem un v\u00eddeotutorial:<\/p>\n<div>\n<ul>\n<li>Accediu al\u00a0<a title=\"https:\/\/emvic.gwido.cat\/\" href=\"https:\/\/emvic.gwido.cat\/\" target=\"_blank\" rel=\"noreferrer noopener\" data-auth=\"NotApplicable\" data-linkindex=\"1\"><b>Gwido<\/b><\/a>\u00a0amb el compte de pare\/mare\/tutor.\u00a0Si encara no teniu les dades d&#8217;acc\u00e9s com a pare\/mare\/tutor, envieu un correu a\u00a0<a data-linkindex=\"2\">recepcio@emvic.cat<\/a>\u00a0indicant el nom de l&#8217;alumne\/a. Atenci\u00f3, no \u00e9s v\u00e0lid amb les credencials d&#8217;alumne\/a.<\/li>\n<li>Des de la pantalla d&#8217;inici premeu a l&#8217;enlla\u00e7 &#8220;Vincula un compte de\u00a0<span class=\"marko9gz02xa2\" data-markjs=\"true\" data-ogac=\"\" data-ogab=\"\" data-ogsc=\"\" data-ogsb=\"\">Telegram<\/span>&#8221; (situat a l&#8217;apartat Configuraci\u00f3 &#8211; part inferior de la pantalla).<\/li>\n<li>A la p\u00e0gina hi trobareu les seg\u00fcents instruccions:\n<ul>\n<li>Instal\u00b7la l&#8217;app de\u00a0<span class=\"marko9gz02xa2\" data-markjs=\"true\" data-ogac=\"\" data-ogab=\"\" data-ogsc=\"\" data-ogsb=\"\">Telegram<\/span>\u00a0al m\u00f2bil i obre un xat amb l&#8217;usuari\u00a0emvic_bot.\u00a0Al xat escriu el seg\u00fcent text: \/start (seguit d&#8217;un text alfanum\u00e8ric).<\/li>\n<\/ul>\n<\/li>\n<li>Des del vostre m\u00f2bil:\n<ul>\n<li>Instal\u00b7leu l&#8217;aplicaci\u00f3 de\u00a0<span class=\"marko9gz02xa2\" data-markjs=\"true\" data-ogac=\"\" data-ogab=\"\" data-ogsc=\"\" data-ogsb=\"\">Telegram<\/span>, si encara no la teniu al vostre dispositiu<\/li>\n<li>Obriu un nou xat i busqueu l&#8217;usuari emvic_bot<\/li>\n<li>Escriviu el text que us ha sortit al Gwido anteriorment: \/start (seguit del text alfanum\u00e8ric que us surti).<\/li>\n<li>Ja haureu configurat el\u00a0<span class=\"marko9gz02xa2\" data-markjs=\"true\" data-ogac=\"\" data-ogab=\"\" data-ogsc=\"\" data-ogsb=\"\">Telegram<\/span>\u00a0per rebre comunicacions de l&#8217;EMVIC.<\/li>\n<\/ul>\n<\/li>\n<\/ul>\n<p><b>V\u00cdDEOTUTORIAL<\/b><b>:\u00a0<\/b><b>\u00a0<\/b><\/p>\n<p><a href=\"https:\/\/www.youtube.com\/watch?v=Zdd76gqNMdw\" target=\"_blank\" rel=\"noreferrer noopener\" data-auth=\"NotApplicable\" data-linkindex=\"3\">https:\/\/www.youtube.com\/watch?v=Zdd76gqNMdw<\/a><\/p>\n<p><b>SUPORT EN L&#8217;ACTIVACI\u00d3:<\/b><\/p>\n<p>En cas que tingueu algun problema o dubtes en l&#8217;activaci\u00f3 del servei podeu enviar un correu al Santi Ca\u00f1ari:\u00a0<a id=\"x_m_7816402155696635028LPlnk833477\" title=\"santicanari@emvic.cat\u00a0\" data-linkindex=\"4\"><\/a><a href=\"mailto:santicanari@emvic.cat\">santicanari@emvic.cat<\/a><\/p>\n<\/div>\n","protected":false},"excerpt":{"rendered":"<p><a href=\"https:\/\/agora.xtec.cat\/escmusicavic\/wp-content\/uploads\/usu1071\/2023\/10\/62de96d5ff3c6e4b8b5de8aa-e1696433261753.png\"><\/a>Us informem l&#8217;EMVIC disposa d&#8217;un servei de missatgeria per Telegram, amb l&#8217;objectiu de millorar la comunicaci\u00f3 amb les fam\u00edlies. Tingueu present que una vegada tingueu el sistema activat al vostre dispositiu m\u00f2bil,\u00a0els\u00a0avisos de canvis i\/o anul\u00b7lacions de classes les rebreu per\u00a0Telegram.\u00a0Si \u00e9s possible, us&hellip;  <a href=\"https:\/\/agora.xtec.cat\/escmusicavic\/nou-servei-de-comunicacio-per-telegram\/\" title=\"Read SERVEI DE MISSATGERIA PER TELEGRAM\">Llegeix m\u00e9s\u00bb<\/a><\/p>\n","protected":false},"author":11,"featured_media":0,"parent":0,"menu_order":0,"comment_status":"closed","ping_status":"closed","template":"","meta":{"_bbp_topic_count":0,"_bbp_reply_count":0,"_bbp_total_topic_count":0,"_bbp_total_reply_count":0,"_bbp_voice_count":0,"_bbp_anonymous_reply_count":0,"_bbp_topic_count_hidden":0,"_bbp_reply_count_hidden":0,"_bbp_forum_subforum_count":0,"footnotes":""},"class_list":["post-6236","page","type-page","status-publish","hentry"],"post_mailing_queue_ids":[],"_links":{"self":[{"href":"https:\/\/agora.xtec.cat\/escmusicavic\/wp-json\/wp\/v2\/pages\/6236","targetHints":{"allow":["GET"]}}],"collection":[{"href":"https:\/\/agora.xtec.cat\/escmusicavic\/wp-json\/wp\/v2\/pages"}],"about":[{"href":"https:\/\/agora.xtec.cat\/escmusicavic\/wp-json\/wp\/v2\/types\/page"}],"author":[{"embeddable":true,"href":"https:\/\/agora.xtec.cat\/escmusicavic\/wp-json\/wp\/v2\/users\/11"}],"replies":[{"embeddable":true,"href":"https:\/\/agora.xtec.cat\/escmusicavic\/wp-json\/wp\/v2\/comments?post=6236"}],"version-history":[{"count":6,"href":"https:\/\/agora.xtec.cat\/escmusicavic\/wp-json\/wp\/v2\/pages\/6236\/revisions"}],"predecessor-version":[{"id":6944,"href":"https:\/\/agora.xtec.cat\/escmusicavic\/wp-json\/wp\/v2\/pages\/6236\/revisions\/6944"}],"wp:attachment":[{"href":"https:\/\/agora.xtec.cat\/escmusicavic\/wp-json\/wp\/v2\/media?parent=6236"}],"curies":[{"name":"wp","href":"https:\/\/api.w.org\/{rel}","templated":true}]}}