{"id":589,"date":"2018-09-29T18:50:38","date_gmt":"2018-09-29T16:50:38","guid":{"rendered":"http:\/\/agora.xtec.cat\/escmusicavic\/?page_id=589"},"modified":"2021-12-01T13:59:59","modified_gmt":"2021-12-01T12:59:59","slug":"incidencies-i-suggeriments","status":"publish","type":"page","link":"https:\/\/agora.xtec.cat\/escmusicavic\/transparencia\/incidencies-i-suggeriments\/","title":{"rendered":"Incid\u00e8ncies i Suggeriments"},"content":{"rendered":"<p>Podeu aportar incid\u00e8ncies, queixes o suggeriments per tal que quedin registrats i es procedeixi a la seva resoluci\u00f3. Gr\u00e0cies.<\/p>\n<ul>\n<li><a href=\"https:\/\/forms.office.com\/r\/9hY8mpT3bW\">Aportaci\u00f3 d&#8217;incid\u00e8ncies, queixes o suggeriments<\/a><\/li>\n<\/ul>\n","protected":false},"excerpt":{"rendered":"<p>Podeu aportar incid\u00e8ncies, queixes o suggeriments per tal que quedin registrats i es procedeixi a la seva resoluci\u00f3. Gr\u00e0cies.<\/p>\n<ul>\n<li><a href=\"https:\/\/forms.office.com\/r\/9hY8mpT3bW\">Aportaci\u00f3 d&#8217;incid\u00e8ncies, queixes o suggeriments<\/a><\/li>\n<\/ul>\n","protected":false},"author":1,"featured_media":0,"parent":584,"menu_order":35,"comment_status":"closed","ping_status":"closed","template":"page-templates\/side-menu.php","meta":{"_bbp_topic_count":0,"_bbp_reply_count":0,"_bbp_total_topic_count":0,"_bbp_total_reply_count":0,"_bbp_voice_count":0,"_bbp_anonymous_reply_count":0,"_bbp_topic_count_hidden":0,"_bbp_reply_count_hidden":0,"_bbp_forum_subforum_count":0,"footnotes":""},"class_list":["post-589","page","type-page","status-publish","hentry"],"post_mailing_queue_ids":[],"_links":{"self":[{"href":"https:\/\/agora.xtec.cat\/escmusicavic\/wp-json\/wp\/v2\/pages\/589","targetHints":{"allow":["GET"]}}],"collection":[{"href":"https:\/\/agora.xtec.cat\/escmusicavic\/wp-json\/wp\/v2\/pages"}],"about":[{"href":"https:\/\/agora.xtec.cat\/escmusicavic\/wp-json\/wp\/v2\/types\/page"}],"author":[{"embeddable":true,"href":"https:\/\/agora.xtec.cat\/escmusicavic\/wp-json\/wp\/v2\/users\/1"}],"replies":[{"embeddable":true,"href":"https:\/\/agora.xtec.cat\/escmusicavic\/wp-json\/wp\/v2\/comments?post=589"}],"version-history":[{"count":3,"href":"https:\/\/agora.xtec.cat\/escmusicavic\/wp-json\/wp\/v2\/pages\/589\/revisions"}],"predecessor-version":[{"id":4755,"href":"https:\/\/agora.xtec.cat\/escmusicavic\/wp-json\/wp\/v2\/pages\/589\/revisions\/4755"}],"up":[{"embeddable":true,"href":"https:\/\/agora.xtec.cat\/escmusicavic\/wp-json\/wp\/v2\/pages\/584"}],"wp:attachment":[{"href":"https:\/\/agora.xtec.cat\/escmusicavic\/wp-json\/wp\/v2\/media?parent=589"}],"curies":[{"name":"wp","href":"https:\/\/api.w.org\/{rel}","templated":true}]}}