{"id":5849,"date":"2023-03-23T15:57:20","date_gmt":"2023-03-23T14:57:20","guid":{"rendered":"https:\/\/agora.xtec.cat\/escmusicavic\/?page_id=5849"},"modified":"2023-03-23T15:57:20","modified_gmt":"2023-03-23T14:57:20","slug":"el-nou-batxillerat","status":"publish","type":"page","link":"https:\/\/agora.xtec.cat\/escmusicavic\/ofertaeducativa\/grau-professional\/el-nou-batxillerat\/","title":{"rendered":"El nou Batxillerat"},"content":{"rendered":"<p>Al seg\u00fcent enlla\u00e7 hi trobareu la presentaci\u00f3 de la reuni\u00f3 realitzada el passat 20 de mar\u00e7 de 2023 a les fam\u00edlies de 4t i 5\u00e8 de grau professional, per explicar el nou batxillerat i en qu\u00e8 afecta als alumnes de l&#8217;EMVIC.<\/p>\n<p><a href=\"https:\/\/agora.xtec.cat\/escmusicavic\/wp-content\/uploads\/usu1071\/2023\/03\/El-nou-batxillerat.pdf\">El nou batxillerat<\/a><\/p>\n","protected":false},"excerpt":{"rendered":"<p>Al seg\u00fcent enlla\u00e7 hi trobareu la presentaci\u00f3 de la reuni\u00f3 realitzada el passat 20 de mar\u00e7 de 2023 a les fam\u00edlies de 4t i 5\u00e8 de grau professional, per explicar el nou batxillerat i en qu\u00e8 afecta als alumnes de l&#8217;EMVIC.<br \/>\n<a href=\"https:\/\/agora.xtec.cat\/escmusicavic\/wp-content\/uploads\/usu1071\/2023\/03\/El-nou-batxillerat.pdf\">El nou batxillerat<\/a><\/p>\n","protected":false},"author":11,"featured_media":0,"parent":520,"menu_order":0,"comment_status":"closed","ping_status":"closed","template":"","meta":{"_bbp_topic_count":0,"_bbp_reply_count":0,"_bbp_total_topic_count":0,"_bbp_total_reply_count":0,"_bbp_voice_count":0,"_bbp_anonymous_reply_count":0,"_bbp_topic_count_hidden":0,"_bbp_reply_count_hidden":0,"_bbp_forum_subforum_count":0,"footnotes":""},"class_list":["post-5849","page","type-page","status-publish","hentry"],"post_mailing_queue_ids":[],"_links":{"self":[{"href":"https:\/\/agora.xtec.cat\/escmusicavic\/wp-json\/wp\/v2\/pages\/5849","targetHints":{"allow":["GET"]}}],"collection":[{"href":"https:\/\/agora.xtec.cat\/escmusicavic\/wp-json\/wp\/v2\/pages"}],"about":[{"href":"https:\/\/agora.xtec.cat\/escmusicavic\/wp-json\/wp\/v2\/types\/page"}],"author":[{"embeddable":true,"href":"https:\/\/agora.xtec.cat\/escmusicavic\/wp-json\/wp\/v2\/users\/11"}],"replies":[{"embeddable":true,"href":"https:\/\/agora.xtec.cat\/escmusicavic\/wp-json\/wp\/v2\/comments?post=5849"}],"version-history":[{"count":2,"href":"https:\/\/agora.xtec.cat\/escmusicavic\/wp-json\/wp\/v2\/pages\/5849\/revisions"}],"predecessor-version":[{"id":5852,"href":"https:\/\/agora.xtec.cat\/escmusicavic\/wp-json\/wp\/v2\/pages\/5849\/revisions\/5852"}],"up":[{"embeddable":true,"href":"https:\/\/agora.xtec.cat\/escmusicavic\/wp-json\/wp\/v2\/pages\/520"}],"wp:attachment":[{"href":"https:\/\/agora.xtec.cat\/escmusicavic\/wp-json\/wp\/v2\/media?parent=5849"}],"curies":[{"name":"wp","href":"https:\/\/api.w.org\/{rel}","templated":true}]}}