{"id":5654,"date":"2023-02-08T12:47:07","date_gmt":"2023-02-08T11:47:07","guid":{"rendered":"https:\/\/agora.xtec.cat\/escmusicavic\/?page_id=5654"},"modified":"2023-03-27T16:46:33","modified_gmt":"2023-03-27T14:46:33","slug":"preinscripcio-alumnes-actuals-2023-2024","status":"publish","type":"page","link":"https:\/\/agora.xtec.cat\/escmusicavic\/serveis\/preinscripcio-alumnes-actuals-2023-2024\/","title":{"rendered":"Preinscripci\u00f3 alumnes ACTUALS 2023-2024"},"content":{"rendered":"<p>La informaci\u00f3 seg\u00fcent \u00e9s exclusivament pels\u00a0<strong>alumnes que ja estan estudiant a l\u2019EMVIC (inclosos els alumnes de xarxa i l\u2019EM Tona),\u00a0<\/strong>excepte als dels programes CoNeix la M\u00fasica* i l\u2019Aula d\u2019Adults:<\/p>\n<p><strong>Accediu al programa que esteu cursant actualment<\/strong>\u00a0a per con\u00e8ixer el calendari de preinscripci\u00f3 i matr\u00edcula pel nou curs:<\/p>\n<ul>\n<li><a href=\"https:\/\/agora.xtec.cat\/escmusicavic\/?page_id=5644&amp;preview=true\">Alumnes ACTUALS de Sensibilitzaci\u00f3<\/a><\/li>\n<li><a href=\"https:\/\/agora.xtec.cat\/escmusicavic\/?page_id=5656&amp;preview=true\">Alumnes ACTUALS de Nivell Elemental, Nivell Mitj\u00e0 i Conservatori<\/a><\/li>\n<li><a href=\"https:\/\/agora.xtec.cat\/escmusicavic\/serveis\/preinscripcio-xarxa-i-emtona-curs-2023-2024\/\">Alumnes de la Xarxa EMVIC i EM Tona<\/a><\/li>\n<\/ul>\n<p>*Si el curs 2023-2024 voleu inscriure-us a<strong>\u00a0CoNeix la M\u00fasica o I3,\u00a0<\/strong>trobareu tota la informaci\u00f3\u00a0<strong><a href=\"https:\/\/agora.xtec.cat\/escmusicavic\/serveis\/preinscripcio-nous-alumnes-2023-2024\/preinscripcions-coneix-la-musica-i-i3\/\">aqu\u00ed<\/a><\/strong>.<\/p>\n","protected":false},"excerpt":{"rendered":"<p>La informaci\u00f3 seg\u00fcent \u00e9s exclusivament pels\u00a0alumnes que ja estan estudiant a l\u2019EMVIC (inclosos els alumnes de xarxa i l\u2019EM Tona),\u00a0excepte als dels programes CoNeix la M\u00fasica* i l\u2019Aula d\u2019Adults:<br \/>\nAccediu al programa que esteu cursant actualment\u00a0a per con\u00e8ixer el calendari de preinscripci\u00f3 i matr\u00edcula pel nou&hellip;  <a href=\"https:\/\/agora.xtec.cat\/escmusicavic\/serveis\/preinscripcio-alumnes-actuals-2023-2024\/\" title=\"Read Preinscripci\u00f3 alumnes ACTUALS 2023-2024\">Llegeix m\u00e9s\u00bb<\/a><\/p>\n","protected":false},"author":11,"featured_media":0,"parent":63,"menu_order":0,"comment_status":"closed","ping_status":"closed","template":"","meta":{"_bbp_topic_count":0,"_bbp_reply_count":0,"_bbp_total_topic_count":0,"_bbp_total_reply_count":0,"_bbp_voice_count":0,"_bbp_anonymous_reply_count":0,"_bbp_topic_count_hidden":0,"_bbp_reply_count_hidden":0,"_bbp_forum_subforum_count":0,"footnotes":""},"class_list":["post-5654","page","type-page","status-publish","hentry"],"post_mailing_queue_ids":[],"_links":{"self":[{"href":"https:\/\/agora.xtec.cat\/escmusicavic\/wp-json\/wp\/v2\/pages\/5654","targetHints":{"allow":["GET"]}}],"collection":[{"href":"https:\/\/agora.xtec.cat\/escmusicavic\/wp-json\/wp\/v2\/pages"}],"about":[{"href":"https:\/\/agora.xtec.cat\/escmusicavic\/wp-json\/wp\/v2\/types\/page"}],"author":[{"embeddable":true,"href":"https:\/\/agora.xtec.cat\/escmusicavic\/wp-json\/wp\/v2\/users\/11"}],"replies":[{"embeddable":true,"href":"https:\/\/agora.xtec.cat\/escmusicavic\/wp-json\/wp\/v2\/comments?post=5654"}],"version-history":[{"count":3,"href":"https:\/\/agora.xtec.cat\/escmusicavic\/wp-json\/wp\/v2\/pages\/5654\/revisions"}],"predecessor-version":[{"id":5890,"href":"https:\/\/agora.xtec.cat\/escmusicavic\/wp-json\/wp\/v2\/pages\/5654\/revisions\/5890"}],"up":[{"embeddable":true,"href":"https:\/\/agora.xtec.cat\/escmusicavic\/wp-json\/wp\/v2\/pages\/63"}],"wp:attachment":[{"href":"https:\/\/agora.xtec.cat\/escmusicavic\/wp-json\/wp\/v2\/media?parent=5654"}],"curies":[{"name":"wp","href":"https:\/\/api.w.org\/{rel}","templated":true}]}}