{"id":5649,"date":"2023-02-08T12:48:03","date_gmt":"2023-02-08T11:48:03","guid":{"rendered":"https:\/\/agora.xtec.cat\/escmusicavic\/?page_id=5649"},"modified":"2023-06-19T08:40:43","modified_gmt":"2023-06-19T06:40:43","slug":"preinscripcio-nous-alumnes-2023-2024","status":"publish","type":"page","link":"https:\/\/agora.xtec.cat\/escmusicavic\/serveis\/preinscripcio-nous-alumnes-2023-2024\/","title":{"rendered":"Preinscripci\u00f3 alumnes NOUS 2023-2024"},"content":{"rendered":"<p>Accediu al programa en el que esteu interessats per veure el\u00a0<strong>calendari de preinscripci\u00f3<\/strong>:<\/p>\n<ul>\n<li><a href=\"https:\/\/agora.xtec.cat\/escmusicavic\/?page_id=5636&amp;preview=true\"><strong>I4, I5, Nivell Elemental i Nivell Mitj\u00e0<\/strong><\/a><\/li>\n<li><a href=\"https:\/\/agora.xtec.cat\/escmusicavic\/serveis\/preinscripcio-nous-alumnes-2023-2024\/preinscripcions-coneix-la-musica-i-i3\/\"><strong>CoNeix la M\u00fasica<\/strong><strong>, I3* <\/strong><\/a><\/li>\n<li><a href=\"https:\/\/agora.xtec.cat\/escmusicavic\/serveis\/preinscripcio-xarxa-i-emtona-curs-2023-2024\/\"><strong>Xarxa EMVIC<\/strong><\/a>\u00a0(Aules de Arb\u00facies,\u00a0Calldetenes, Folgueroles, Sant Hilari, Sant Juli\u00e0 de Vilatorta, Santa Eug\u00e8nia de Berga, Viladrau i Escola de m\u00fasica de Tona).<\/li>\n<li><strong><a href=\"https:\/\/emvic.gwido.cat\/inscripcio_ciutadana\/public\/dades_personals\/439?r=1\"><span style=\"color: #ff6600;\">Aula d\u2019Adults\u00a0<\/span><\/a>Del 12 de juny al 2 de juliol.<\/strong><\/li>\n<\/ul>\n<p><span class=\"TextRun SCXW135041024 BCX0\" lang=\"CA-ES\" xml:lang=\"CA-ES\" data-contrast=\"auto\"><span class=\"NormalTextRun SCXW135041024 BCX0\">*Els alumnes interessats en preinscriure\u2019s a\u00a0<\/span><\/span><strong><span class=\"TextRun SCXW135041024 BCX0\" lang=\"CA-ES\" xml:lang=\"CA-ES\" data-contrast=\"auto\"><span class=\"SpellingError SCXW135041024 BCX0\">CoNeix<\/span><\/span><span class=\"TextRun SCXW135041024 BCX0\" lang=\"CA-ES\" xml:lang=\"CA-ES\" data-contrast=\"auto\"><span class=\"NormalTextRun SCXW135041024 BCX0\">\u00a0la M\u00fasica: I0 <\/span><\/span><\/strong><span class=\"TextRun SCXW135041024 BCX0\" lang=\"CA-ES\" xml:lang=\"CA-ES\" data-contrast=\"auto\"><span class=\"NormalTextRun SCXW135041024 BCX0\">(any 2023)<\/span><\/span><strong><span class=\"TextRun SCXW135041024 BCX0\" lang=\"CA-ES\" xml:lang=\"CA-ES\" data-contrast=\"auto\"><span class=\"NormalTextRun SCXW135041024 BCX0\">, I<\/span><\/span><\/strong><span class=\"TextRun SCXW135041024 BCX0\" lang=\"CA-ES\" xml:lang=\"CA-ES\" data-contrast=\"auto\"><span class=\"NormalTextRun SCXW135041024 BCX0\"><strong>1<\/strong> (any 2022)<strong> i I2 <\/strong>(any 2021)\u00a0<\/span><\/span><span class=\"TextRun SCXW135041024 BCX0\" lang=\"CA-ES\" xml:lang=\"CA-ES\" data-contrast=\"auto\"><span class=\"NormalTextRun SCXW135041024 BCX0\">i els que volen preinscriure\u2019s a<strong>\u00a0I3<\/strong>\u00a0(any 2020) han de seguir el proc\u00e9s de preinscripci\u00f3 com a nous alumnes, encara que\u00a0<\/span><\/span><span class=\"TextRun SCXW135041024 BCX0\" lang=\"CA-ES\" xml:lang=\"CA-ES\" data-contrast=\"auto\"><span class=\"NormalTextRun SCXW135041024 BCX0\">actualment ja siguin<\/span><\/span><span class=\"TextRun SCXW135041024 BCX0\" lang=\"CA-ES\" xml:lang=\"CA-ES\" data-contrast=\"auto\"><span class=\"NormalTextRun SCXW135041024 BCX0\">\u00a0alumnes de\u00a0<\/span><\/span><span class=\"TextRun SCXW135041024 BCX0\" lang=\"CA-ES\" xml:lang=\"CA-ES\" data-contrast=\"auto\"><span class=\"SpellingError SCXW135041024 BCX0\">CoNEIX<\/span><\/span><span class=\"TextRun SCXW135041024 BCX0\" lang=\"CA-ES\" xml:lang=\"CA-ES\" data-contrast=\"auto\"><span class=\"NormalTextRun SCXW135041024 BCX0\">\u00a0la M\u00fasica.<\/span><\/span><span class=\"EOP SCXW135041024 BCX0\" data-ccp-props=\"{}\">\u00a0<\/span><\/p>\n","protected":false},"excerpt":{"rendered":"<p>Accediu al programa en el que esteu interessats per veure el\u00a0calendari de preinscripci\u00f3:<\/p>\n<ul>\n<li><a href=\"https:\/\/agora.xtec.cat\/escmusicavic\/?page_id=5636&amp;preview=true\">I4, I5, Nivell Elemental i Nivell Mitj\u00e0<\/a><\/li>\n<li><a href=\"https:\/\/agora.xtec.cat\/escmusicavic\/serveis\/preinscripcio-nous-alumnes-2023-2024\/preinscripcions-coneix-la-musica-i-i3\/\">CoNeix la M\u00fasica, I3* <\/a><\/li>\n<li><a href=\"https:\/\/agora.xtec.cat\/escmusicavic\/serveis\/preinscripcio-xarxa-i-emtona-curs-2023-2024\/\">Xarxa EMVIC<\/a>\u00a0(Aules de Arb\u00facies,\u00a0Calldetenes, Folgueroles, Sant Hilari, Sant Juli\u00e0 de Vilatorta, Santa Eug\u00e8nia de Berga, Viladrau i Escola de m\u00fasica&hellip;  <a href=\"https:\/\/agora.xtec.cat\/escmusicavic\/serveis\/preinscripcio-nous-alumnes-2023-2024\/\" title=\"Read Preinscripci\u00f3 alumnes NOUS 2023-2024\">Llegeix m\u00e9s\u00bb<\/a><br \/>\n","protected":false},"author":11,"featured_media":0,"parent":63,"menu_order":0,"comment_status":"closed","ping_status":"closed","template":"","meta":{"_bbp_topic_count":0,"_bbp_reply_count":0,"_bbp_total_topic_count":0,"_bbp_total_reply_count":0,"_bbp_voice_count":0,"_bbp_anonymous_reply_count":0,"_bbp_topic_count_hidden":0,"_bbp_reply_count_hidden":0,"_bbp_forum_subforum_count":0,"footnotes":""},"class_list":["post-5649","page","type-page","status-publish","hentry"],"post_mailing_queue_ids":[],"_links":{"self":[{"href":"https:\/\/agora.xtec.cat\/escmusicavic\/wp-json\/wp\/v2\/pages\/5649","targetHints":{"allow":["GET"]}}],"collection":[{"href":"https:\/\/agora.xtec.cat\/escmusicavic\/wp-json\/wp\/v2\/pages"}],"about":[{"href":"https:\/\/agora.xtec.cat\/escmusicavic\/wp-json\/wp\/v2\/types\/page"}],"author":[{"embeddable":true,"href":"https:\/\/agora.xtec.cat\/escmusicavic\/wp-json\/wp\/v2\/users\/11"}],"replies":[{"embeddable":true,"href":"https:\/\/agora.xtec.cat\/escmusicavic\/wp-json\/wp\/v2\/comments?post=5649"}],"version-history":[{"count":3,"href":"https:\/\/agora.xtec.cat\/escmusicavic\/wp-json\/wp\/v2\/pages\/5649\/revisions"}],"predecessor-version":[{"id":6092,"href":"https:\/\/agora.xtec.cat\/escmusicavic\/wp-json\/wp\/v2\/pages\/5649\/revisions\/6092"}],"up":[{"embeddable":true,"href":"https:\/\/agora.xtec.cat\/escmusicavic\/wp-json\/wp\/v2\/pages\/63"}],"wp:attachment":[{"href":"https:\/\/agora.xtec.cat\/escmusicavic\/wp-json\/wp\/v2\/media?parent=5649"}],"curies":[{"name":"wp","href":"https:\/\/api.w.org\/{rel}","templated":true}]}}