{"id":5644,"date":"2023-02-08T12:52:58","date_gmt":"2023-02-08T11:52:58","guid":{"rendered":"https:\/\/agora.xtec.cat\/escmusicavic\/?page_id=5644"},"modified":"2023-03-08T13:29:41","modified_gmt":"2023-03-08T12:29:41","slug":"preinscripcio-alumnes-actuals-de-sensibilitzacio-i3-i4-i-i5","status":"publish","type":"page","link":"https:\/\/agora.xtec.cat\/escmusicavic\/serveis\/preinscripcio-alumnes-actuals-2023-2024\/preinscripcio-alumnes-actuals-de-sensibilitzacio-i3-i4-i-i5\/","title":{"rendered":"Preinscripci\u00f3 alumnes actuals de Sensibilitzaci\u00f3: I3, I4 i I5"},"content":{"rendered":"<p>Aquest calendari \u00e9s exclusivo per als<strong>\u00a0alumnes ACTUALS<\/strong>\u00a0de Sensibilitzaci\u00f3:<strong>\u00a0I3 (any 2019),<\/strong>\u00a0<strong>I<\/strong><strong>4 (any 2018) i I5 (any 2017):<\/strong><\/p>\n<table style=\"font-weight: 400;\" data-tablestyle=\"MsoTableGrid\" data-tablelook=\"1184\" aria-rowcount=\"3\">\n<tbody>\n<tr aria-rowindex=\"1\">\n<td data-celllook=\"0\"><b><span data-contrast=\"auto\">MAR\u00c7<\/span><\/b><span data-ccp-props=\"{&quot;201341983&quot;:0,&quot;335559740&quot;:259}\">\u00a0<\/span><\/td>\n<td data-celllook=\"0\"><b><span data-contrast=\"auto\">De l\u201811 al 31 de mar\u00e7<\/span><\/b><span data-ccp-props=\"{&quot;201341983&quot;:0,&quot;335559740&quot;:259}\">\u00a0<\/span><\/td>\n<td data-celllook=\"0\"><b><span data-contrast=\"auto\">Preinscripci\u00f3 a trav\u00e9s de <a href=\"https:\/\/emvic.gwido.cat\/inici\">Gwido\u00a0<\/a><\/span><\/b><span data-ccp-props=\"{&quot;201341983&quot;:0,&quot;335559740&quot;:259}\">\u00a0<\/span><\/td>\n<\/tr>\n<tr aria-rowindex=\"2\">\n<td data-celllook=\"0\"><b><span data-contrast=\"auto\">JUNY<\/span><\/b><span data-ccp-props=\"{&quot;201341983&quot;:0,&quot;335559740&quot;:259}\">\u00a0<\/span><\/td>\n<td data-celllook=\"0\"><b><span data-contrast=\"auto\">A partir del 23 de juny<\/span><\/b><span data-ccp-props=\"{&quot;201341983&quot;:0,&quot;335559740&quot;:259}\">\u00a0<\/span><\/td>\n<td data-celllook=\"0\"><b><span data-contrast=\"auto\">Publicaci\u00f3<\/span><\/b> <b><span data-contrast=\"auto\">a Gwido dels horaris assignats<\/span><\/b><span data-ccp-props=\"{&quot;201341983&quot;:0,&quot;335559740&quot;:259}\">\u00a0<\/span><\/td>\n<\/tr>\n<tr aria-rowindex=\"3\">\n<td data-celllook=\"0\"><b><span data-contrast=\"auto\">JULIOL<\/span><\/b><span data-ccp-props=\"{&quot;201341983&quot;:0,&quot;335559740&quot;:259}\">\u00a0<\/span><\/td>\n<td data-celllook=\"0\"><b><span data-contrast=\"auto\">A partir del 15 de juliol<\/span><\/b><span data-ccp-props=\"{&quot;201341983&quot;:0,&quot;335559740&quot;:259}\">\u00a0<\/span><\/td>\n<td data-celllook=\"0\"><b><span data-contrast=\"auto\">Validaci\u00f3 autom\u00e0tica de matr\u00edcula<\/span><\/b><span data-ccp-props=\"{&quot;201341983&quot;:0,&quot;335559740&quot;:259}\">\u00a0<\/span><\/td>\n<\/tr>\n<\/tbody>\n<\/table>\n<p><span class=\"TextRun SCXW18178106 BCX0\" lang=\"CA-ES\" xml:lang=\"CA-ES\" data-contrast=\"auto\"><span class=\"NormalTextRun SCXW18178106 BCX0\"><strong>ATENCI\u00d3:<\/strong> Aquest calendari\u00a0<strong>NO aplica<\/strong>\u00a0als alumnes de la<strong>\u00a0xarxa EMVIC i l\u2019EM Tona<\/strong>.<\/span><\/span><\/p>\n<p>Aquest curs estem revisant el contingut de les matr\u00edcules per actualitzar-lo a les normatives vigents, aix\u00ed que ser\u00e0 necessari que totes les fam\u00edlies de l&#8217;EMVIC signeu la matr\u00edcula, encara que ja sigueu<\/p>\n","protected":false},"excerpt":{"rendered":"<p>Aquest calendari \u00e9s exclusivo per als\u00a0alumnes ACTUALS\u00a0de Sensibilitzaci\u00f3:\u00a0I3 (any 2019),\u00a0I4 (any 2018) i I5 (any 2017):<\/p>\n<p>MAR\u00c7\u00a0<br \/>\nDe l\u201811 al 31 de mar\u00e7\u00a0<br \/>\nPreinscripci\u00f3 a trav\u00e9s de <a href=\"https:\/\/emvic.gwido.cat\/inici\">Gwido\u00a0<\/a>\u00a0<\/p>\n<p>JUNY\u00a0<br \/>\nA partir del 23 de juny\u00a0<br \/>\nPublicaci\u00f3 a Gwido dels horaris assignats\u00a0<\/p>\n<p>JULIOL\u00a0<br \/>\nA partir del 15 de juliol\u00a0<br \/>\nValidaci\u00f3 autom\u00e0tica de matr\u00edcula\u00a0<\/p>\n<p>ATENCI\u00d3: Aquest&hellip;  <a href=\"https:\/\/agora.xtec.cat\/escmusicavic\/serveis\/preinscripcio-alumnes-actuals-2023-2024\/preinscripcio-alumnes-actuals-de-sensibilitzacio-i3-i4-i-i5\/\" title=\"Read Preinscripci\u00f3 alumnes actuals de Sensibilitzaci\u00f3: I3, I4 i I5\">Llegeix m\u00e9s\u00bb<\/a><\/p>\n","protected":false},"author":11,"featured_media":0,"parent":5654,"menu_order":0,"comment_status":"closed","ping_status":"closed","template":"","meta":{"_bbp_topic_count":0,"_bbp_reply_count":0,"_bbp_total_topic_count":0,"_bbp_total_reply_count":0,"_bbp_voice_count":0,"_bbp_anonymous_reply_count":0,"_bbp_topic_count_hidden":0,"_bbp_reply_count_hidden":0,"_bbp_forum_subforum_count":0,"footnotes":""},"class_list":["post-5644","page","type-page","status-publish","hentry"],"post_mailing_queue_ids":[],"_links":{"self":[{"href":"https:\/\/agora.xtec.cat\/escmusicavic\/wp-json\/wp\/v2\/pages\/5644","targetHints":{"allow":["GET"]}}],"collection":[{"href":"https:\/\/agora.xtec.cat\/escmusicavic\/wp-json\/wp\/v2\/pages"}],"about":[{"href":"https:\/\/agora.xtec.cat\/escmusicavic\/wp-json\/wp\/v2\/types\/page"}],"author":[{"embeddable":true,"href":"https:\/\/agora.xtec.cat\/escmusicavic\/wp-json\/wp\/v2\/users\/11"}],"replies":[{"embeddable":true,"href":"https:\/\/agora.xtec.cat\/escmusicavic\/wp-json\/wp\/v2\/comments?post=5644"}],"version-history":[{"count":3,"href":"https:\/\/agora.xtec.cat\/escmusicavic\/wp-json\/wp\/v2\/pages\/5644\/revisions"}],"predecessor-version":[{"id":5771,"href":"https:\/\/agora.xtec.cat\/escmusicavic\/wp-json\/wp\/v2\/pages\/5644\/revisions\/5771"}],"up":[{"embeddable":true,"href":"https:\/\/agora.xtec.cat\/escmusicavic\/wp-json\/wp\/v2\/pages\/5654"}],"wp:attachment":[{"href":"https:\/\/agora.xtec.cat\/escmusicavic\/wp-json\/wp\/v2\/media?parent=5644"}],"curies":[{"name":"wp","href":"https:\/\/api.w.org\/{rel}","templated":true}]}}