{"id":5567,"date":"2022-11-21T12:19:38","date_gmt":"2022-11-21T11:19:38","guid":{"rendered":"https:\/\/agora.xtec.cat\/escmusicavic\/?page_id=5567"},"modified":"2022-11-23T15:51:21","modified_gmt":"2022-11-23T14:51:21","slug":"circular-informativa-2-setmana-verda-i-activitats-fins-a-nadal","status":"publish","type":"page","link":"https:\/\/agora.xtec.cat\/escmusicavic\/serveis\/circulars-informatives\/circular-informativa-2-setmana-verda-i-activitats-fins-a-nadal\/","title":{"rendered":"Circular informativa 2. Setmana Verda i activitats fins a Nadal"},"content":{"rendered":"<h5><b><span data-contrast=\"none\">Pre\u00e0mbul<\/span><\/b><span data-ccp-props=\"{&quot;134233117&quot;:false,&quot;134233118&quot;:false,&quot;201341983&quot;:0,&quot;335551550&quot;:6,&quot;335551620&quot;:6,&quot;335559685&quot;:0,&quot;335559737&quot;:0,&quot;335559738&quot;:0,&quot;335559739&quot;:160,&quot;335559740&quot;:259}\">\u00a0<\/span><\/h5>\n<p><span data-contrast=\"none\">Acabem aquest primer trimestre del curs amb moltes activitats de centre. Recordeu que si teniu cap dubte, el vostre <\/span><b><span data-contrast=\"none\">tutor<\/span><\/b><span data-contrast=\"none\"> \u00e9s la persona de refer\u00e8ncia al centre.\u00a0<\/span><span data-ccp-props=\"{&quot;134233117&quot;:false,&quot;134233118&quot;:false,&quot;201341983&quot;:0,&quot;335551550&quot;:6,&quot;335551620&quot;:6,&quot;335559685&quot;:0,&quot;335559737&quot;:0,&quot;335559738&quot;:0,&quot;335559739&quot;:160,&quot;335559740&quot;:259}\">\u00a0<\/span><\/p>\n<h5><b><span data-contrast=\"none\">Concert de Santa Cec\u00edlia<\/span><\/b><span data-ccp-props=\"{&quot;134233117&quot;:false,&quot;134233118&quot;:false,&quot;201341983&quot;:0,&quot;335551550&quot;:6,&quot;335551620&quot;:6,&quot;335559685&quot;:0,&quot;335559737&quot;:0,&quot;335559738&quot;:0,&quot;335559739&quot;:160,&quot;335559740&quot;:259}\">\u00a0<\/span><\/h5>\n<p><span data-contrast=\"none\">El proper dimarts 22 de novembre, celebrarem el Concert de Santa Cec\u00edlia. Premi Neus Miralpeix Anglada. Ser\u00e0 a les 20.00h. A la sala 3 del centre.\u00a0<\/span><span data-ccp-props=\"{&quot;134233117&quot;:false,&quot;134233118&quot;:false,&quot;201341983&quot;:0,&quot;335551550&quot;:6,&quot;335551620&quot;:6,&quot;335559685&quot;:0,&quot;335559737&quot;:0,&quot;335559738&quot;:0,&quot;335559739&quot;:160,&quot;335559740&quot;:259}\">\u00a0<\/span><\/p>\n<p><span data-contrast=\"none\">Hi participaran els alumnes guanyadors del <\/span><a href=\"https:\/\/agora.xtec.cat\/escmusicavic\/transparencia\/beques-i-ajuts\/premi-neus-miralpeix-anglada\/\"><b><span data-contrast=\"none\">Premi<\/span><\/b><\/a><b><span data-contrast=\"none\"> Neus Miralpeix Anglada 2022 <\/span><\/b><span data-contrast=\"none\">i altres alumnes del Conservatori. <\/span><span data-ccp-props=\"{&quot;134233117&quot;:false,&quot;134233118&quot;:false,&quot;201341983&quot;:0,&quot;335551550&quot;:6,&quot;335551620&quot;:6,&quot;335559685&quot;:0,&quot;335559737&quot;:0,&quot;335559738&quot;:0,&quot;335559739&quot;:160,&quot;335559740&quot;:259}\">\u00a0<\/span><\/p>\n<h5><b><span data-contrast=\"none\">Concerts d\u2019orquestra i grups de vent*<\/span><\/b><span data-ccp-props=\"{&quot;134233117&quot;:false,&quot;134233118&quot;:false,&quot;201341983&quot;:0,&quot;335551550&quot;:6,&quot;335551620&quot;:6,&quot;335559685&quot;:0,&quot;335559737&quot;:0,&quot;335559738&quot;:0,&quot;335559739&quot;:160,&quot;335559740&quot;:259}\">\u00a0<\/span><\/h5>\n<p><span data-contrast=\"none\">La Sala 2 de L\u2019Atl\u00e0ntida acollir\u00e0 dos concerts per presentar les formacions del departament de corda i del departament de vent. <\/span><\/p>\n<p><span data-contrast=\"none\">Dimecres <\/span><b><span data-contrast=\"none\">23 de novembre<\/span><\/b><span data-contrast=\"none\"> ser\u00e0 el torn del departament de <\/span><b><span data-contrast=\"none\">vent<\/span><\/b><span data-contrast=\"none\">. Diverses formacions del departament mostraran el treball que han realitzat aquests primers mesos de curs: grups de vent, conjunts de vent metall, jazzband&#8230;<\/span><\/p>\n<p><span data-contrast=\"none\">Dijous <\/span><b><span data-contrast=\"none\">1 de desembre<\/span><\/b><span data-contrast=\"none\"> ser\u00e0 el torn de les <\/span><b><span data-contrast=\"none\">orquestres<\/span><\/b><span data-contrast=\"none\"> de corda. Podreu gaudir del l\u2019orquestra des de la dels m\u00e9s petits fins a la dels alumnes que acaben al conservatori. <\/span><span data-ccp-props=\"{&quot;134233117&quot;:false,&quot;134233118&quot;:false,&quot;201341983&quot;:0,&quot;335551550&quot;:6,&quot;335551620&quot;:6,&quot;335559685&quot;:0,&quot;335559737&quot;:0,&quot;335559738&quot;:0,&quot;335559739&quot;:160,&quot;335559740&quot;:259}\">\u00a0<\/span><\/p>\n<h5><b><span data-contrast=\"none\">Jornades verdes<\/span><\/b><span data-ccp-props=\"{&quot;134233117&quot;:false,&quot;134233118&quot;:false,&quot;201341983&quot;:0,&quot;335551550&quot;:6,&quot;335551620&quot;:6,&quot;335559685&quot;:0,&quot;335559737&quot;:0,&quot;335559738&quot;:0,&quot;335559739&quot;:160,&quot;335559740&quot;:259}\">\u00a0<\/span><\/h5>\n<p><span data-contrast=\"none\">Els dies <\/span><b><span data-contrast=\"none\">28, 29 i 30 de novembre i 1 i 2 de desembre<\/span><\/b><span data-contrast=\"none\"> seran les primeres jornades verdes d\u2019aquest curs. Els alumnes que tenen Audici\u00f3 de seguiment i ex\u00e0mens s\u00f3n:<\/span><span data-ccp-props=\"{&quot;201341983&quot;:0,&quot;335551550&quot;:6,&quot;335551620&quot;:6,&quot;335559739&quot;:160,&quot;335559740&quot;:259}\">\u00a0<\/span><\/p>\n<ul>\n<li data-leveltext=\"\uf0b7\" data-font=\"Symbol\" data-listid=\"2\" data-list-defn-props=\"{&quot;335552541&quot;:1,&quot;335559683&quot;:0,&quot;335559684&quot;:-2,&quot;335559685&quot;:720,&quot;335559991&quot;:360,&quot;469769226&quot;:&quot;Symbol&quot;,&quot;469769242&quot;:[8226],&quot;469777803&quot;:&quot;left&quot;,&quot;469777804&quot;:&quot;\uf0b7&quot;,&quot;469777815&quot;:&quot;hybridMultilevel&quot;}\" aria-setsize=\"-1\" data-aria-posinset=\"1\" data-aria-level=\"1\"><span data-contrast=\"none\">Tots els alumnes de 6\u00e8 de Nivell Elemental i els alumnes que vulguin fer la prova d\u2019acc\u00e9s al conservatori el 2023.\u00a0<\/span><span data-ccp-props=\"{&quot;201341983&quot;:0,&quot;335551550&quot;:6,&quot;335551620&quot;:6,&quot;335559739&quot;:160,&quot;335559740&quot;:259}\">\u00a0<\/span><\/li>\n<li data-leveltext=\"\uf0b7\" data-font=\"Symbol\" data-listid=\"2\" data-list-defn-props=\"{&quot;335552541&quot;:1,&quot;335559683&quot;:0,&quot;335559684&quot;:-2,&quot;335559685&quot;:720,&quot;335559991&quot;:360,&quot;469769226&quot;:&quot;Symbol&quot;,&quot;469769242&quot;:[8226],&quot;469777803&quot;:&quot;left&quot;,&quot;469777804&quot;:&quot;\uf0b7&quot;,&quot;469777815&quot;:&quot;hybridMultilevel&quot;}\" aria-setsize=\"-1\" data-aria-posinset=\"2\" data-aria-level=\"1\"><span data-contrast=\"none\">Alumnes de Grau Professional<\/span><span data-ccp-props=\"{&quot;201341983&quot;:0,&quot;335551550&quot;:6,&quot;335551620&quot;:6,&quot;335559739&quot;:160,&quot;335559740&quot;:259}\">\u00a0<\/span><\/li>\n<\/ul>\n<p><span data-contrast=\"none\">El vostre tutor us informar\u00e0 del dia i hora de l\u2019examen.\u00a0<\/span><span data-ccp-props=\"{&quot;201341983&quot;:0,&quot;335551550&quot;:6,&quot;335551620&quot;:6,&quot;335559739&quot;:160,&quot;335559740&quot;:259}\">\u00a0<\/span><\/p>\n<p><span data-contrast=\"none\">Per tal de poder realitzar la tasca d\u2019avaluaci\u00f3, <\/span><b><span data-contrast=\"none\">es suspenen totes les classes excepte<\/span><\/b><span data-contrast=\"none\">:<\/span><span data-ccp-props=\"{&quot;134233117&quot;:false,&quot;134233118&quot;:false,&quot;201341983&quot;:0,&quot;335551550&quot;:6,&quot;335551620&quot;:6,&quot;335559685&quot;:0,&quot;335559737&quot;:0,&quot;335559738&quot;:0,&quot;335559739&quot;:160,&quot;335559740&quot;:259}\">\u00a0<\/span><\/p>\n<ul>\n<li data-leveltext=\"-\" data-font=\"Calibri\" data-listid=\"3\" data-list-defn-props=\"{&quot;335552541&quot;:1,&quot;335559683&quot;:0,&quot;335559684&quot;:-2,&quot;335559685&quot;:720,&quot;335559991&quot;:360,&quot;469769226&quot;:&quot;Calibri&quot;,&quot;469769242&quot;:[8226],&quot;469777803&quot;:&quot;left&quot;,&quot;469777804&quot;:&quot;-&quot;,&quot;469777815&quot;:&quot;hybridMultilevel&quot;}\" aria-setsize=\"-1\" data-aria-posinset=\"3\" data-aria-level=\"1\"><span data-contrast=\"none\">Assignatura de preparaci\u00f3 a les proves d&#8217;acc\u00e9s<\/span><span data-ccp-props=\"{&quot;134233117&quot;:false,&quot;134233118&quot;:false,&quot;201341983&quot;:0,&quot;335551550&quot;:6,&quot;335551620&quot;:6,&quot;335559737&quot;:0,&quot;335559738&quot;:0,&quot;335559739&quot;:160,&quot;335559740&quot;:259}\">\u00a0<\/span><\/li>\n<li data-leveltext=\"-\" data-font=\"Calibri\" data-listid=\"3\" data-list-defn-props=\"{&quot;335552541&quot;:1,&quot;335559683&quot;:0,&quot;335559684&quot;:-2,&quot;335559685&quot;:720,&quot;335559991&quot;:360,&quot;469769226&quot;:&quot;Calibri&quot;,&quot;469769242&quot;:[8226],&quot;469777803&quot;:&quot;left&quot;,&quot;469777804&quot;:&quot;-&quot;,&quot;469777815&quot;:&quot;hybridMultilevel&quot;}\" aria-setsize=\"-1\" data-aria-posinset=\"4\" data-aria-level=\"1\"><span data-contrast=\"none\">els grups de llenguatge musical que tenen classe en horari escolar<\/span><span data-ccp-props=\"{&quot;134233117&quot;:false,&quot;134233118&quot;:false,&quot;201341983&quot;:0,&quot;335551550&quot;:6,&quot;335551620&quot;:6,&quot;335559737&quot;:0,&quot;335559738&quot;:0,&quot;335559739&quot;:160,&quot;335559740&quot;:259}\">\u00a0<\/span><\/li>\n<li data-leveltext=\"-\" data-font=\"Calibri\" data-listid=\"3\" data-list-defn-props=\"{&quot;335552541&quot;:1,&quot;335559683&quot;:0,&quot;335559684&quot;:-2,&quot;335559685&quot;:720,&quot;335559991&quot;:360,&quot;469769226&quot;:&quot;Calibri&quot;,&quot;469769242&quot;:[8226],&quot;469777803&quot;:&quot;left&quot;,&quot;469777804&quot;:&quot;-&quot;,&quot;469777815&quot;:&quot;hybridMultilevel&quot;}\" aria-setsize=\"-1\" data-aria-posinset=\"5\" data-aria-level=\"1\"><span data-contrast=\"none\">els grups de sensibilitzaci\u00f3 (P3-P5). <\/span><span data-ccp-props=\"{&quot;134233117&quot;:false,&quot;134233118&quot;:false,&quot;201341983&quot;:0,&quot;335551550&quot;:6,&quot;335551620&quot;:6,&quot;335559737&quot;:0,&quot;335559738&quot;:0,&quot;335559739&quot;:160,&quot;335559740&quot;:259}\">\u00a0<\/span><\/li>\n<li data-leveltext=\"-\" data-font=\"Calibri\" data-listid=\"3\" data-list-defn-props=\"{&quot;335552541&quot;:1,&quot;335559683&quot;:0,&quot;335559684&quot;:-2,&quot;335559685&quot;:720,&quot;335559991&quot;:360,&quot;469769226&quot;:&quot;Calibri&quot;,&quot;469769242&quot;:[8226],&quot;469777803&quot;:&quot;left&quot;,&quot;469777804&quot;:&quot;-&quot;,&quot;469777815&quot;:&quot;hybridMultilevel&quot;}\" aria-setsize=\"-1\" data-aria-posinset=\"5\" data-aria-level=\"1\">Aula d&#8217;adults<\/li>\n<\/ul>\n<h5><b><span data-contrast=\"none\">Cantem el Nadal<\/span><\/b><span data-ccp-props=\"{&quot;134233117&quot;:false,&quot;134233118&quot;:false,&quot;201341983&quot;:0,&quot;335551550&quot;:6,&quot;335551620&quot;:6,&quot;335559685&quot;:0,&quot;335559737&quot;:0,&quot;335559738&quot;:0,&quot;335559739&quot;:160,&quot;335559740&quot;:259}\">\u00a0<\/span><\/h5>\n<p><span data-contrast=\"none\">El projecte Cantem el Nadal vol apropar la tradici\u00f3 musical de les Nadales a tothom. Per aix\u00f2, us proposem diverses cantades tan dins del centre com en altres espais de la ciutat com centres de dia i resid\u00e8ncies per a la gent gran. \u00c9s un projecte que coordinem amb la regidoria de benestar social. <\/span><\/p>\n<p><span data-contrast=\"none\">Els professors de llenguatge i cant coral us informaran si la cantada \u00e9s oberta al p\u00fablic en general o b\u00e9 es tracta d\u2019una visita a una resid\u00e8ncia o centre de dia. <\/span><span data-ccp-props=\"{&quot;134233117&quot;:false,&quot;134233118&quot;:false,&quot;201341983&quot;:0,&quot;335551550&quot;:6,&quot;335551620&quot;:6,&quot;335559685&quot;:0,&quot;335559737&quot;:0,&quot;335559738&quot;:0,&quot;335559739&quot;:160,&quot;335559740&quot;:259}\">\u00a0<\/span><\/p>\n<h5><b><span data-contrast=\"none\">Concert de Nadal de l\u2019EMVIC*<\/span><\/b><span data-ccp-props=\"{&quot;134233117&quot;:false,&quot;134233118&quot;:false,&quot;201341983&quot;:0,&quot;335551550&quot;:6,&quot;335551620&quot;:6,&quot;335559685&quot;:0,&quot;335559737&quot;:0,&quot;335559738&quot;:0,&quot;335559739&quot;:160,&quot;335559740&quot;:259}\">\u00a0<\/span><\/h5>\n<p><span data-contrast=\"none\">El Concert de Nadal \u00e9s una representaci\u00f3 de tot el projecte de l\u2019EMVIC. Hi participaran alumnes de manera individual, formacions petites i de tots els departaments del centre. Ser\u00e0 el proper <\/span><b><span data-contrast=\"none\">dimarts 20 de desembre a les 20.00h<\/span><\/b><span data-contrast=\"none\"> a la Sala 2 de L\u2019Atl\u00e0ntida. <\/span><span data-ccp-props=\"{&quot;134233117&quot;:false,&quot;134233118&quot;:false,&quot;201341983&quot;:0,&quot;335551550&quot;:6,&quot;335551620&quot;:6,&quot;335559685&quot;:0,&quot;335559737&quot;:0,&quot;335559738&quot;:0,&quot;335559739&quot;:160,&quot;335559740&quot;:259}\">\u00a0<\/span><\/p>\n<h5><b><span data-contrast=\"none\">Festius<\/span><\/b><span data-ccp-props=\"{&quot;134233117&quot;:false,&quot;134233118&quot;:false,&quot;201341983&quot;:0,&quot;335551550&quot;:6,&quot;335551620&quot;:6,&quot;335559685&quot;:0,&quot;335559737&quot;:0,&quot;335559738&quot;:0,&quot;335559739&quot;:160,&quot;335559740&quot;:259}\">\u00a0<\/span><\/h5>\n<p><span data-contrast=\"none\">Recordeu que, seguint el calendari escolar de Vic, no hi haur\u00e0 classes del 6 al 10 de desembre. I les vacances de Nadal comen\u00e7aran el 22 de desembre. <\/span><span data-ccp-props=\"{}\">\u00a0<\/span><\/p>\n<p><span style=\"color: #ff6600;\"><b>*<\/b><\/span><b><span data-contrast=\"none\">Per\u00edode exclusiu de reserva d\u2019entrades:<\/span><\/b><span data-contrast=\"none\"> uns dies abans del concert les <\/span><span data-contrast=\"none\">fam\u00edlies de l\u2019alumnat participant a l\u2019espectacle<\/span><span data-contrast=\"none\"> rebran un correu des de les taquilles de l\u2019Atl\u00e0ntida amb tota la informaci\u00f3 per reservar les entrades. 24 hores abans del concert desapareixer\u00e0 la limitaci\u00f3 d\u2019entrades i tothom qui ho vulgui les podr\u00e0 reservar a la web o les taquilles de l\u2019Atl\u00e0ntida.<\/span><span data-ccp-props=\"{}\">\u00a0<\/span><\/p>\n","protected":false},"excerpt":{"rendered":"<p>Pre\u00e0mbul\u00a0<br \/>\nAcabem aquest primer trimestre del curs amb moltes activitats de centre. Recordeu que si teniu cap dubte, el vostre tutor \u00e9s la persona de refer\u00e8ncia al centre.\u00a0\u00a0<br \/>\nConcert de Santa Cec\u00edlia\u00a0<br \/>\nEl proper dimarts 22 de novembre, celebrarem el Concert de Santa Cec\u00edlia. Premi Neus Miralpeix Anglada.&hellip;  <a href=\"https:\/\/agora.xtec.cat\/escmusicavic\/serveis\/circulars-informatives\/circular-informativa-2-setmana-verda-i-activitats-fins-a-nadal\/\" title=\"Read Circular informativa 2. Setmana Verda i activitats fins a Nadal\">Llegeix m\u00e9s\u00bb<\/a><\/p>\n","protected":false},"author":11,"featured_media":0,"parent":613,"menu_order":0,"comment_status":"closed","ping_status":"closed","template":"","meta":{"_bbp_topic_count":0,"_bbp_reply_count":0,"_bbp_total_topic_count":0,"_bbp_total_reply_count":0,"_bbp_voice_count":0,"_bbp_anonymous_reply_count":0,"_bbp_topic_count_hidden":0,"_bbp_reply_count_hidden":0,"_bbp_forum_subforum_count":0,"footnotes":""},"class_list":["post-5567","page","type-page","status-publish","hentry"],"post_mailing_queue_ids":[],"_links":{"self":[{"href":"https:\/\/agora.xtec.cat\/escmusicavic\/wp-json\/wp\/v2\/pages\/5567","targetHints":{"allow":["GET"]}}],"collection":[{"href":"https:\/\/agora.xtec.cat\/escmusicavic\/wp-json\/wp\/v2\/pages"}],"about":[{"href":"https:\/\/agora.xtec.cat\/escmusicavic\/wp-json\/wp\/v2\/types\/page"}],"author":[{"embeddable":true,"href":"https:\/\/agora.xtec.cat\/escmusicavic\/wp-json\/wp\/v2\/users\/11"}],"replies":[{"embeddable":true,"href":"https:\/\/agora.xtec.cat\/escmusicavic\/wp-json\/wp\/v2\/comments?post=5567"}],"version-history":[{"count":2,"href":"https:\/\/agora.xtec.cat\/escmusicavic\/wp-json\/wp\/v2\/pages\/5567\/revisions"}],"predecessor-version":[{"id":5581,"href":"https:\/\/agora.xtec.cat\/escmusicavic\/wp-json\/wp\/v2\/pages\/5567\/revisions\/5581"}],"up":[{"embeddable":true,"href":"https:\/\/agora.xtec.cat\/escmusicavic\/wp-json\/wp\/v2\/pages\/613"}],"wp:attachment":[{"href":"https:\/\/agora.xtec.cat\/escmusicavic\/wp-json\/wp\/v2\/media?parent=5567"}],"curies":[{"name":"wp","href":"https:\/\/api.w.org\/{rel}","templated":true}]}}