{"id":547,"date":"2018-09-29T18:30:51","date_gmt":"2018-09-29T16:30:51","guid":{"rendered":"http:\/\/agora.xtec.cat\/escmusicavic\/?page_id=547"},"modified":"2025-07-22T11:49:24","modified_gmt":"2025-07-22T09:49:24","slug":"parquing","status":"publish","type":"page","link":"https:\/\/agora.xtec.cat\/escmusicavic\/serveis\/parquing\/","title":{"rendered":"P\u00e0rquing"},"content":{"rendered":"<p>ELS PARES D&#8217;ALUMNES DE L&#8217;ESCOLA TENEN UN IMPORTANT DESCOMPTE AL P\u00c0RQUING DE L&#8217;ATL\u00c0NTIDA PER TAL DE PODER DEIXAR I RECOLLIR ELS FILLS AMB TRANQUIL\u00b7LITAT I EVITAR INFRACCIONS DEL CODI DE CIRCULACI\u00d3:<\/p>\n<ul>\n<li><span style=\"color: #008080;\">ADQUIRIU LA TARGETA DEL P\u00c0RQUING PER 10\u20ac (AQUEST IMPORT \u00c9S EN CONCEPTE DE FIAN\u00c7A I ES RETORNAR\u00c0 QUAN ES TORNI LA TARGETA).<\/span><\/li>\n<li><span style=\"color: #008080;\">ANEU A LA FINESTRETA DEL P\u00c0RKING AMB LA TARGETA. IDENTIFIQUEU-VOS COM A PARES D&#8217;ALUMNES DE L&#8217;EMVIC I COMPREU UN PAQUET D&#8217;USOS (100 &#8211; 200 &#8211; 300).<\/span><\/li>\n<li><span style=\"color: #008080;\">CADA \u00daS T\u00c9 UN COST DE 0,31 \u20ac.<\/span><\/li>\n<\/ul>\n<p><span style=\"color: #ff6600;\">APROFITEU AQUESTES EXCEL\u00b7LENTS CONDICIONS I NO APARQUEU ELS VEHICLES IMPEDINT EL PAS ALS VIANANTS I MOLESTANT ELS VE\u00cfNS.<\/span><\/p>\n<p>SI NECESSITEU M\u00c9S INFORMACI\u00d3 PODEU TRUCAR AL 93 135 86 58.<\/p>\n","protected":false},"excerpt":{"rendered":"<p>ELS PARES D&#8217;ALUMNES DE L&#8217;ESCOLA TENEN UN IMPORTANT DESCOMPTE AL P\u00c0RQUING DE L&#8217;ATL\u00c0NTIDA PER TAL DE PODER DEIXAR I RECOLLIR ELS FILLS AMB TRANQUIL\u00b7LITAT I EVITAR INFRACCIONS DEL CODI DE CIRCULACI\u00d3:<\/p>\n<ul>\n<li>ADQUIRIU LA TARGETA DEL P\u00c0RQUING PER 10\u20ac (AQUEST IMPORT \u00c9S EN CONCEPTE DE FIAN\u00c7A I&hellip;  <a href=\"https:\/\/agora.xtec.cat\/escmusicavic\/serveis\/parquing\/\" title=\"Read P\u00e0rquing\">Llegeix m\u00e9s\u00bb<\/a><br \/>\n","protected":false},"author":1,"featured_media":0,"parent":63,"menu_order":50,"comment_status":"closed","ping_status":"closed","template":"page-templates\/side-menu.php","meta":{"_bbp_topic_count":0,"_bbp_reply_count":0,"_bbp_total_topic_count":0,"_bbp_total_reply_count":0,"_bbp_voice_count":0,"_bbp_anonymous_reply_count":0,"_bbp_topic_count_hidden":0,"_bbp_reply_count_hidden":0,"_bbp_forum_subforum_count":0,"footnotes":""},"class_list":["post-547","page","type-page","status-publish","hentry"],"post_mailing_queue_ids":[],"_links":{"self":[{"href":"https:\/\/agora.xtec.cat\/escmusicavic\/wp-json\/wp\/v2\/pages\/547","targetHints":{"allow":["GET"]}}],"collection":[{"href":"https:\/\/agora.xtec.cat\/escmusicavic\/wp-json\/wp\/v2\/pages"}],"about":[{"href":"https:\/\/agora.xtec.cat\/escmusicavic\/wp-json\/wp\/v2\/types\/page"}],"author":[{"embeddable":true,"href":"https:\/\/agora.xtec.cat\/escmusicavic\/wp-json\/wp\/v2\/users\/1"}],"replies":[{"embeddable":true,"href":"https:\/\/agora.xtec.cat\/escmusicavic\/wp-json\/wp\/v2\/comments?post=547"}],"version-history":[{"count":5,"href":"https:\/\/agora.xtec.cat\/escmusicavic\/wp-json\/wp\/v2\/pages\/547\/revisions"}],"predecessor-version":[{"id":7374,"href":"https:\/\/agora.xtec.cat\/escmusicavic\/wp-json\/wp\/v2\/pages\/547\/revisions\/7374"}],"up":[{"embeddable":true,"href":"https:\/\/agora.xtec.cat\/escmusicavic\/wp-json\/wp\/v2\/pages\/63"}],"wp:attachment":[{"href":"https:\/\/agora.xtec.cat\/escmusicavic\/wp-json\/wp\/v2\/media?parent=547"}],"curies":[{"name":"wp","href":"https:\/\/api.w.org\/{rel}","templated":true}]}}