{"id":5449,"date":"2022-09-05T14:44:34","date_gmt":"2022-09-05T12:44:34","guid":{"rendered":"https:\/\/agora.xtec.cat\/escmusicavic\/?page_id=5449"},"modified":"2022-09-05T14:44:34","modified_gmt":"2022-09-05T12:44:34","slug":"circular-informativa-6-informacions-curs-2022-2023","status":"publish","type":"page","link":"https:\/\/agora.xtec.cat\/escmusicavic\/serveis\/circulars-informatives\/circular-informativa-6-informacions-curs-2022-2023\/","title":{"rendered":"Circular informativa 6. Informacions curs 2022-2023"},"content":{"rendered":"<p class=\"x_paragraph\"><span class=\"x_normaltextrun\"><b>Salutaci\u00f3<\/b><\/span><\/p>\n<p class=\"x_paragraph\"><span class=\"x_normaltextrun\">Benvolgudes fam\u00edlies,<\/span><\/p>\n<p class=\"x_paragraph\"><span class=\"x_normaltextrun\">Cloem aquest curs escolar\u00a0<span class=\"markpatq2fecc\" data-markjs=\"true\" data-ogac=\"\" data-ogab=\"\" data-ogsc=\"\" data-ogsb=\"\">i<\/span>\u00a0marxem de vacances per descansar\u00a0<span class=\"markpatq2fecc\" data-markjs=\"true\" data-ogac=\"\" data-ogab=\"\" data-ogsc=\"\" data-ogsb=\"\">i<\/span>\u00a0re-emprendre el proper amb l\u2019energia necess\u00e0ria.\u00a0<\/span><span class=\"x_eop\">\u00a0<\/span><\/p>\n<p class=\"x_paragraph\"><span class=\"x_normaltextrun\">Volem aprofitar per agrair-vos, novament, el treball de cooperaci\u00f3 que sempre desenvolupeu des de les fam\u00edlies\u00a0<span class=\"markpatq2fecc\" data-markjs=\"true\" data-ogac=\"\" data-ogab=\"\" data-ogsc=\"\" data-ogsb=\"\">i<\/span>\u00a0que, aquest curs, encara ha calgut accentuar m\u00e9s del normal.\u00a0<\/span><span class=\"x_eop\">\u00a0<\/span><\/p>\n<p class=\"x_paragraph\"><span class=\"x_normaltextrun\">Us deixem tot d\u2019<span class=\"markpatq2fecc\" data-markjs=\"true\" data-ogac=\"\" data-ogab=\"\" data-ogsc=\"\" data-ogsb=\"\">i<\/span>ndicacions per si s\u00f3n del vostre\u00a0<span class=\"markpatq2fecc\" data-markjs=\"true\" data-ogac=\"\" data-ogab=\"\" data-ogsc=\"\" data-ogsb=\"\">i<\/span>nter\u00e8s.<\/span><\/p>\n<p class=\"x_paragraph\"><span class=\"x_normaltextrun\">_______________________<\/span><span class=\"x_eop\">\u00a0<\/span><\/p>\n<p class=\"x_paragraph\"><span class=\"x_normaltextrun\"><b><span class=\"markpatq2fecc\" data-markjs=\"true\" data-ogac=\"\" data-ogab=\"\" data-ogsc=\"\" data-ogsb=\"\">I<\/span>nici del curs escolar<\/b><\/span><span class=\"x_eop\">\u00a0<\/span><\/p>\n<p><span class=\"x_normaltextrun\"><b><span class=\"markpatq2fecc\" data-markjs=\"true\" data-ogac=\"\" data-ogab=\"\" data-ogsc=\"\" data-ogsb=\"\">I<\/span>NSTRUMENT, LLENGUATGE\u00a0<span class=\"markpatq2fecc\" data-markjs=\"true\" data-ogac=\"\" data-ogab=\"\" data-ogsc=\"\" data-ogsb=\"\">i<\/span>\u00a0SENSIBILITZACI\u00d3 (P3-P5)<\/b><\/span><span class=\"x_normaltextrun\">: 5 de setembre (de tots els nivells)<\/span><span class=\"x_eop\">\u00a0<\/span><\/p>\n<p><span class=\"x_normaltextrun\"><b>LA RESTA D\u2019ASSIGNATURES:\u00a0<\/b><\/span><span class=\"x_normaltextrun\">19 de setembre<\/span><span class=\"x_eop\">\u00a0<\/span><\/p>\n<p>\u00b7\u00a0\u00a0\u00a0\u00a0\u00a0\u00a0\u00a0\u00a0\u00a0<span class=\"x_spellingerror\">CoNeix<\/span><span class=\"x_normaltextrun\">\u00a0la m\u00fasica<\/span><span class=\"x_eop\">\u00a0<\/span><\/p>\n<p>\u00b7\u00a0\u00a0\u00a0\u00a0\u00a0\u00a0\u00a0\u00a0\u00a0<span class=\"x_normaltextrun\">Nivell elemental: cant coral de 3r\u00a0<span class=\"markpatq2fecc\" data-markjs=\"true\" data-ogac=\"\" data-ogab=\"\" data-ogsc=\"\" data-ogsb=\"\">i<\/span>\u00a04rt, lliure elecci\u00f3 (preparaci\u00f3 per la prova d&#8217;acc\u00e9s, escola coral, m\u00fasica\u00a0<span class=\"markpatq2fecc\" data-markjs=\"true\" data-ogac=\"\" data-ogab=\"\" data-ogsc=\"\" data-ogsb=\"\">i<\/span>\u00a0moviment\u00a0<span class=\"markpatq2fecc\" data-markjs=\"true\" data-ogac=\"\" data-ogab=\"\" data-ogsc=\"\" data-ogsb=\"\">i<\/span>\u00a0recerca), conjunts (orquestres, de vent, Guitarres d\u2019Acord,\u00a0<\/span><span class=\"x_spellingerror\">Jazzband<\/span><span class=\"x_normaltextrun\">&#8230;)<\/span><span class=\"x_eop\">\u00a0<\/span><\/p>\n<p>\u00b7\u00a0\u00a0\u00a0\u00a0\u00a0\u00a0\u00a0\u00a0\u00a0<span class=\"x_normaltextrun\">Nivell mitj\u00e0: totes les optatives<\/span><span class=\"x_eop\">\u00a0<\/span><\/p>\n<p>\u00b7\u00a0\u00a0\u00a0\u00a0\u00a0\u00a0\u00a0\u00a0\u00a0<span class=\"x_normaltextrun\">Grau professional: optatives, conjunts\u00a0<span class=\"markpatq2fecc\" data-markjs=\"true\" data-ogac=\"\" data-ogab=\"\" data-ogsc=\"\" data-ogsb=\"\">i<\/span>nstrumentals, cors<\/span><\/p>\n<p><span class=\"x_normaltextrun\">_______________________<\/span><span class=\"x_eop\">\u00a0<\/span><b><br aria-hidden=\"true\" \/><\/b><\/p>\n<p class=\"x_paragraph\"><span class=\"x_normaltextrun\"><b>Calendari escolar<\/b><\/span><span class=\"x_eop\">\u00a0<\/span><\/p>\n<p class=\"x_paragraph\"><span class=\"x_normaltextrun\">Trobareu el calendari definitiu penjat a la web al seg\u00fcent enlla\u00e7:\u00a0<\/span><a href=\"https:\/\/agora.xtec.cat\/escmusicavic\/calendari-del-curs\/\" target=\"_blank\" rel=\"noopener noreferrer\" data-auth=\"NotApplicable\" data-linkindex=\"0\"><span class=\"x_normaltextrun\"><b>Calendari escolar 2022-23<\/b><\/span><\/a><\/p>\n<p class=\"x_paragraph\"><span class=\"x_normaltextrun\">_______________________<\/span><span class=\"x_eop\">\u00a0<\/span><b><\/b><\/p>\n<p class=\"x_paragraph\"><span class=\"x_normaltextrun\"><b>Horaris 2022-23<\/b><\/span><\/p>\n<p class=\"x_paragraph\"><span class=\"x_normaltextrun\">Els trobareu a la vostra sessi\u00f3 de\u00a0<\/span><a href=\"https:\/\/emvic.gwido.cat\/inici\" target=\"_blank\" rel=\"noopener noreferrer\" data-auth=\"NotApplicable\" data-linkindex=\"1\"><span class=\"x_normaltextrun\"><b>Gwido<\/b><\/span><\/a>*.<span class=\"x_normaltextrun\">\u00a0Per visualitzar els horaris haureu d\u2019accedir a\u00a0<\/span><span class=\"x_spellingerror\">l\u2019<span class=\"markpatq2fecc\" data-markjs=\"true\" data-ogac=\"\" data-ogab=\"\" data-ogsc=\"\" data-ogsb=\"\">i<\/span>cona<\/span><span class=\"x_normaltextrun\">\u00a0\u00a0<\/span><img loading=\"lazy\" decoding=\"async\" id=\"x__x0000_i1026\" class=\"ADIae\" src=\"data:image\/png;base64,iVBORw0KGgoAAAANSUhEUgAAAFcAAABXCAYAAABxyNlsAAAAAXNSR0IArs4c6QAAIABJREFUeF7tfQebXNWV7aqcc+zcaqlbHdQKxAGDsUnPHoyfMXhmfqJNBhts84H5jAkCkZSROudQOeeq99a+dUqXpkW7JTkMcPku1aq6dcM6+6ydTxk6nU6n2WzCaDTKXqvVYLVaUa1WYTKZ0Ol00Gq1wGMajYZ8Xq\/X0W63YTAY5PPv8kYs+JwWiwV2u11e+W9u6tVms\/Uw4ufciJeh0Wh0eBCBzeVycgKCSRAJXDabRSKRkJ2A8zhu\/Iy7usB3FWBiYTab5Tn57IFAAAMDA\/KqhI\/gUthcLlcPhlKpBEOtVutwdPL5PBwOB4rFIvgBT7SwsIDd3V2RWH6ZJ1PSylf+m+9\/lzfioJ6dz0ssuEUiEQHZ5\/PB6XQKLgpkfl6pVDRwlQRScjlKm5ubWFxclAN4YkozTxIOh+Wkfr9fqOP7QAukQAre9vY2tra2ZCZTmjn9icGRI0cQCoUEH\/37Iu3ValU4l0DyjUuXLom08j2C3t\/fj6GhIQwODsrnBJsnUdSgOOa7Kr0UID4vpZZbKpXCtWvXRAApxRQ8YsSdAPN4vkeJN5RKpQ5Hh2AuLS3Jrqb6\/fffj+Hh4R638Dh+mSPGjSf\/roNLoSNYxITPz6lPDDizz58\/LxTqdrsRi8UwMzMjuFAIhXPL5XKHo1Eul\/Hll18KcDzRww8\/DI\/HI8AqruX7ykpQ1sV3VWL3ey69BFPhky6++OILmekcgImJCZFgCpxglk6nO7QCzp07J8qMHzz44IPo6+vrWQaKIpSUKpC\/DwDz2RUlqBmt\/k2waUV9\/PHHQqt8n7Od0k1JNmxtbXUo4iRrTvO7774bR48elYFTZtf3SToP+6wEeG1tTYSTeFG5zc7OitlqWFlZ6Xz66adyTnLH448\/LiAT\/e+DHXtYMPc7nkCSUldXVwVgCihtXsO5c+c6V65cEc647777MDo6KtpRAfxddxJuF1xSBQHd2dnBe++9J87XsWPHMDk5CcMf\/vCHDrnW6\/XiiSeeEGAptVRwdCp+APfb4VdmKY96++23NefBYBC9ZXjxxRfFiTh+\/DhOnDgh4CpXj+\/\/wLsHy7YySS9cuCD8SyuC1GB44YUXOgT0gQceEGeBwFJD0lZTrwef\/ocjiFUymcQHH3wgumpsbAyG3\/3udyK5P\/3pTxGNRntKTKI63fjBD9DdHAFl+1J6qdj++Mc\/imBSdxl++9vfdmifPf300z2HQW8l\/MC53y5ayuYnoNRTb731loAsCo3gkld\/9rOfiUemtJ8CeK85puK3\/5tB\/0c9A93j119\/XWa\/UOxhwd07jrcbLD\/o+wcN4mG+v18U76DzH4YSDw3uYU7+fT\/2lsDdO42Uj81R14\/8QVKkB1997zDfudXB01\/rTkrq3vu5ZXBVWkd5byo6tjcT8W1g\/SMe7KDB0QuAsn4YgFL2+520428ZXBUkp0bkrkw1Ba56SP3D7lWG+4F7EOAHgXfQ5ypyp0Cmm8+0jMqk\/NuAq1Ie9EBU4FxJNKfIfgDz\/b0AHgSofrodBN5BVKEPi9LkJLB09fl6p0Omh5Zc9XCUUAYlmEPizr95s\/qUjwJ4LyD\/anDV9Qkmo1XMAfKV938nMymHBld5ICrdzugPMxd6Dt5Pqe0FVA+4ngdvJpl7lehex0Zdf79pvd+1+B6PZViVMVdKLw1\/lWVRM+B2bOBDg6seihxLz4MpDfrQfP9mafW\/x4JQxyjFeLPBICB66lEg6L+\/HzXsdz6ei44Ss9gKXFWT8C8BV11UVdsocPX5tL2SsvdG9wKiB2MvuHpDf69C3GvK8dg2K34MN\/h+P47ne+1WG0aTUUAluJIfNJpg1VXQ3C7Ah5ZcxaOUXH5ZVd+QJvSu8l4AlbQdZCHsx8\/699Q19Lbq175j1EqLbkYvarAULaj6C5V8tZq18qObzbbDKN9Dg6vnVkovJZe7Pkn5bc7BftL3bXy8n3v9bQPUxtdr1W4GBoWBtEDJZWELwRXONRgF2H8ZuHxg3hxHhgqN4N7Mht1LEfppr5c+vq\/Ood7\/Nq7WKxopuOgWw7U62nmU9Cqg9Nfi3yoJQIWmOFecCWjA7lWM30ZJNzP\/Di256qb14JIaqGU58npbUTka6kHUg\/IYfZ0ZKYa7mvLq871FfmoAeD61K3qicuXDNFrN3mc8RoGidx7UtXm\/pAWWDRBgOhQuh1bnpR+wg2znOwruXsmlKUYPh7k25tkUKKQNVb2jeEwVSPABVVGb\/jijSTOHqFhMJqNM03ZHK5lqtduo1mtodPme+alCoYBMKoNkIoFcPo9CuYhGU7tuvdZAu5umUtdTNV2aZ+aQeoKR0VEMDA7A4\/agLx6HieWzBhYZim685e2WJFeBS8eBUptOp3uejoOejkkzl\/h5uVRGvVEXIJU25kDoC\/cIbrlUQrFUhqk7SC67A8ZOB06HXasDrtdQrtdQbTWQLxVRLJeRz+WRTWWwubaBpfkFZPM5bKV2Ua1XUS5VUK\/V0Wm2YOhokkjQOPgut0vu1xfwYXh4EMOjIxg9ckRirkMDw3A5nWg3W7BbrWg2mjCLIBhQr9ZhtVqoLYXZDVSeXTraz84+NLhqmikngjYuwSV3SfmkW\/N0eBynKmuklGtsNplFIinhBFdJLj9X4Br5uZXT0w5W\/hJcniNXyCFTyGN9ZwtbuztIpTPIZHMoZPPIprNIJ1KoNWoo1iuoieQ20Go0gVYHxq6SIp+SCmw2K0xmAm2HP+BDKBxCNBZDPB5HNBxFLBxFwO9HXywuwDrtDjjsNhh6urL7B02+rlzvpzgPDa7iRcW5lFy6v9S2LAB2edy9ch9OW6bpKcG8uDyYxSrcpsBVEs7pXSyWYLNpn2mVgQbY7DaRSFGcyV1cunwF80uL2NreQTqbRS5fRKOhcXaHyVS0xNZttTtUTV2z6kaBNgGmwHXaLRk8i9kEs8kIt8uNYCAgAB87ehTHxydwfGICAZ8fHrcbTptVkOzwvCKtmj0tdnXXdNsL8B0BN5PJiEkTDAbhcDkFRG6KE3vgmsyw22wiudyV5PJzglsqFuG0O2G2WGC2WtDstGG0mLCzu4vllWWsr2\/g0sVLmJ+fRzKdQbFcQYllQhYLLHYbTBYz7A6nlvujM9C1Igi6AM5S11YbrQalmpTRRKveQIMtCaQMmw0+nxdHx45IacGxsaMYGRpCLBKF1+XuSbFwMf9n\/GZwSm9lHBrcvbRAySW4pAVKrs1h74FLWqDkSp0UDLDIlNSA3UsLUsFeLIJcS3A7JiPylRKK1QrmFuZx5cpVzM8vIJ\/JYmtzG\/VGCwazGR2LGQ6fF06\/V67tsNphtdhgtdthMJtgJEUZDWi2tT4OtDuoV6poVqtoVCoo5QooZnNosi2hTX41IBgMIBqOIBaNYnZ6RvaBvj54PR74vO6eghNnsOsNKs5VRXk86JbB1XtotBaoKMi5lFx1AVFo5bIoFk4ksQK6ykw1avCmRKGVy6iUy7CazAJuA21sJnaxldzFxStXcPHiJSzOL4pSKZcrcDjdcHo8sHk98MXCcAcDcLnd6AvH4LDbYbM7RJIJMExGsTR4z+T2SrGEGq9XKCKbSCGbSqGYy6NcKqBUyMJEOrLa4HN7cNep07j7zBkcHx\/H0MAABgf697Egbjguemo4NLhq2PTgUqkRNEovwdWbYlVKSbdvgO8TVO6KOpTlQemusi2A0mU0IFss4vrSApbX13Ftfh6raxvY3U3AYrbCarMhEArD4\/cLqN5wEHavBx63F26rHU4B94bkGghuRwOXnEmAa6SUQhG5dBqlQgHZdBrZdArlQg7lQgEd9nwYjBgfO4qxkRFMTozjxPQMjo2NCbVxAM1mWkWkhraIsNjxOsPttsElsKQGAkbzhlKnIlfSTtWtUle+PEFVoT11H6pKmwCXqzTdGtja2cGXFy9icXUV6xubyJfKqNbqCDDI4vMj3t8PbyAAT8APt88Hq8MhisdltcFps\/c4nQNF7pUZ0m3voi7ggGu0VUC9W7ic3N1FNplAcnsbxTyluICgPwCvy4XJ8XE8cN\/9uOvMafi7ytth1yrqOSuIqlgldwJc3ixNJPIt+wFICwKuLiaqImd85aiqqnQ9uJpmb8mD1up1JDMppDJpLC8u4\/KVq\/jq+nVU603UWm1YXU7EB4cQjscRikYQ64sjEAgKkAx2UyF5aImwirsDsVKMtFJINeRn8FptNFstVOiMtFoo16ooVsrigNARye4mkNjaxsbaGor5vCg8i5ESPIZ7zpzBg\/ffj3gshr5YDIGAT3jVQtu3u+nhvWXJpbSRJ2mG0UziwwktOBw9zhX7lZxbr8ulldSSQiTiz6ZAdDQuLJdRqlZwde4aVtZWMX99HksLS0IHFtqZXi\/cwSBCfX2IDvQjGA4jGAog4PWJJg94vXDQhCPlGAwo5HJI7ibEOqBLy\/uTQfC4RcHRIak0G8iWi0JBuWJB4tLlbAHJnV1srq0hk0wil86gXCgiEgyK9E4dn8DJmRmcOjmLvngMrdaNSnOSwm1Jrj4QQ8lVTX9UZtwJsFJoys4Va6HbdUhQxVqw2WAya31rqp8gk8\/hky8\/x\/kLFzB3bQ7JRArpdA6+YAiRgX7ZA\/EY4oOD8JNrPW4E3R4EGdny+WE3a6aeyQAszs3h2pWraNbqiARDCAdD4ixwUMwOG6rtFgq1KjKlAlKFHHIyC7Mo5opIJ9PY3thAcmdHXnc2t2AxGNAXjaI\/FsMjDz+En\/z4xxg7Mir2rsXEWaH13xnFeta2W5ZcRQsElyPOPJQ4Ed1clN7OVZ2WSpnZHQ5xDpSdS6llZG0nmcDZzz7F2XPnsLiwiGajjVq9iXAsjv7REcSGBhGMRxHti2vX83gQpAnodCHgcgu4FotZHu\/cJ5\/gw7\/9DdViGcODgxjs68fg0BDiA\/3C0Q0DUGrUkK9VkC0VkSuXkM0XkEprHl9id0fAXVtexsbKCuqVCtzsv3O78dhPfiLgThw7Kl6ex+UWcCkoZqNm498RcMm5BJfAKnCF3zqdbzgRpAMqPIfT0Wsx4g3RgWCJ+8raGj7+VAN3bWMTdqcLRqsNfUPDGBo7goGRYfhJDaEggj4fYqEgQvSezBa4SQdGEySe2+7grT\/\/CX9+802xi8ePHcPY6BEcGz+GY\/S6wmG0jUbUO23U2y2UqNAqJWQKReykc0hlc0IJyd0drC4uYXVxETnmCVnp2W7h0UcewcMPPigUEYmExcmgBDPAZDJo\/Wm3BK4+Vio+fy4n1gIlibSgIvpKcpUTQSkl6Fa77WvuL8HlALFR7tr1OXz2xZf44sIFbKdS8ASDcAUCGBw7ghF6S6OjYsiHAwEEvR70h8MCrrndhs1okFhsiwGjeh2vvfIKXn3lFeHd6alJqTKcmprCzOwsItEou2fQbHfE7Gt0IEotUy5jPZNFkuCmU8gkklhdWsLqwiJ2NjZQzJJ\/8\/jxj36E\/7jvXsxMTWF0ZBjDQ0Pi4XHTs+6haUF5InzldFbgElTZu5xLK4BcygFQ7q+krm03YgsqaM3BYf\/WhQsXMXd9HnNLy8hUSghw+vfFMTg2hr6BQYyOjCLs9yMeDCLociHs8cBrs4IT0UjO00JVYrK9\/PJLeO3117C5sYHZk7OYmiK405iankFfvE+AaLbYv2yUr9VqLeRqNWxUitjOZJBJpZHeTWBzdRUbK8vYXF1DcntLTLXTJ2cxOTGB2elpnD51EpPHj8Ns1oJVtyW5vCkFsAL3a9aC3a5FxbqErrcWxImgRu+6yASXtifbsti79emnn2FtdQM7qRSqxg5ioyMIDQ2gf2QUoUgEQ339GIrGMBiOIGC3CxU4LEzNUF7IeUyXm1Cr1fHqa6\/ijTffwPr6mrQqHZ+clHjB8eOT6O\/TvKx6vSkcLUDX2yi2msh0WlhPJZBMprC7s4uN9XVsc19bR2JzA9trazgyNIS+eBSzJ2bwyEMP4Z6774LVYhVngnHgW6YF9UVOZ0ULVEY0wRjJ0jeliJ1bpYem9Q0zzitBGVoMdpvYm9yWlpfx0dmP8MGHHyGdyomCaVrN6D86huGJcYTiMcSiEQzG4hgKRzAcjcJnscJmMMLa5fdeaggQm\/m1117DG2+8IQ3Q09PTmDh+vEcNDJDTtdIUKl+Z9mmjCSDXaGA7l8VWKoW17W1sbG8jk0xja3kFq9fnkdxYF0oK+L04MTOFxx79Cf7P408ynSwDqw+vH5oW9OCST2kt8AEIrFrcQbm\/4qHVtD7iXuqEAFOrMxDd1ppZllaW8bf338ff3v8AhWIFxWoNRpcDw8fHMTY9hVAsimgkhIFIFIPBIIbCUXjNFjGPqMTEBe0amHzhgBLc3\/\/+92KFsAeXraKUXP7NdgThR0bLuq1NkpKiNHeA3XwOa+k01nZ3scFkQDKFrcUVrFyfw\/r8HLz0Bl12AffJJx7DUz\/\/OYyk7zsJLiWXgXIFLqVW5dF44xJ\/qNbktZc3Y+qG+TaLRfx9Hje\/uIC\/vPsu3vnLu2g0O6i0WnAG\/Tg6M41jMzPijUVCQcRDIQwEghgMh+EymmBqd0SRSDGKQVMojNVSYl555RWp6iafsytpfHxcwKUUi+TuAZczq83EJQhuAevZNNYJaiqFbDqD9YUlLF35CotXr8BhNsFmMWFmehK\/+M+f4Ve\/\/CXMEpDnPdxwIw4tuSrkqDw0avq9HpqSXJ6cwRhGxQRcBqa7Tca0GlSg+avr1\/DGm2\/ij3\/6M5odBrwBTzSCyZOzGD9xQsAN+f2IBYIYCAUxEAzBAQNM3ZVJGGTpyMNpj8bBfOmll\/Dqq6\/K4CtwCSxBZkBcgatvjqae4LUThSLWMmlsZjJIZDPIpLNYm1\/E3KXLWLp6FSbOOLQwOzOFX\/3yaTz3zDOw9KT2NsDVKzR6YKQFTj3loSlTTNm5ZYb3dJkIgirrwzgdovR43KUrl\/HSyy\/j1ddfB\/MDHbMZ\/lgUU6dOYWLmBCKxqNi1UX8A\/UHuIdgppfuAy5PSJX3xxReFGjj4NMHYxUjFxldme3up+O7aCWJikiYAJItlbOQy2KSDlM8hm8lh+fo8rl24iKWrV9Cp19Fp1UVyn33mV\/jv556FhYqs1WFc9fYUmt5aUO4vHQhmIgiuunGCz7Ce3v0luHR\/6aWpKOj5Sxfwu+efxwsvvwyDxcoghMQQJk+exOSJWZnGBDcSCCDq8aA\/FIKDYtrlS0ou7VZuzPby\/ii5pAU6OFy9g+tEnD59WpQal0tRBc9KchW4vKd0qYrNfA6b2Qx2c0wl5bF0bQ5fnb+IhcuX0K5VJJNxYnoSzz37DP7nud\/AajCh02pLAP+2rAU9uJQM8hrBZbWg3v2lGcbQnUSnurFcpm9E+XUllzdy4dLFHrgdBnQsFoTjfZie1cDlNCYtRHkNBsQFXMCgk1w9uDwnOZcKjRE73hfrEgjuqVOnpCeMETzeBzeVUBUF1+mCW8hhI5NGIp9DJkfJJbgXsHDlMtrVKtrNOk5MTeK5X\/9aA5e0wC+bbiO2oPfQKJmKc\/cDV3JouXwPXHF\/rdpaMAyqK84lLbzw4osiuS2GC61WiSdMzZ7EVFdyQ\/4AIgE\/wqwtCIdgZ\/xUrQbVndJCM90luMi3BHd5eVlA5Iw6efIk7r33XlnigB6lCjJ9LXDfATLlGjYLlNy0SC6zzEvXruOr8+exePUqOjUF7hSefeYZ\/M9v\/ksDV5yYnuDeWuBGSS7BY4qH1MAbZJKSU15FxcTOrWiVMBLP7ea0JDLmsPfAvXrtK1Fob\/zpT6i1O2gZDfCHIyK5UzOziEZj8Pu8iAaCiAUDGIyGYSOQrPfqPote+njdTz75RJZFYTKTsQsqNnItKYFSzL+5K13BV+aLTVaL0MJSYgfb+RzSxQISiSTWFhYxd\/kyFi9fgbnTQrvVwNTEOP77N\/+F3zzzLNpcgsZk1syV7nZoa0EpNFoL5FKCyxsneKQEfTmTpN+rtV61uVgM9Ki6ppiycxeWFvH2O+\/g7XffRZ0hyFYbnkAQkzMncHx6BpFIFMFAEJFQQFzfwVgUdj4E1\/hipkFsTA1mxaErKytYX1+X5brm5uZw\/fr1Xg0xhYAFIKQHKQQZGpJiPIfTBZityFYrWE7sYpO00I2d0FpYuHIFK9euwW5iHKMtMYtnn\/k1nvnl\/6UvLdlhVSTCe7llcCm9\/LIq21dLBygTRxnoLMzQF98ZmTCkpjebxEMjKMqJ+Ov77yPPBpZaDQ6PDxNT0zg6fhzhWAzRSATRcBjxcAiDsQgczHh02rDSBNMtFqeavxnzoJNDzuUKUwSY9jjvl\/dD6aWipKJTy1WFolFYXR6Umk1sZNPYTKexw6gfYwxcTOnqVaxen4OPUT2rCSemp\/H0L36Bp37+n2Ip0ObuFuDIM94yuEpKxCIolb62iJuaFmITSwJPV9Zp1JYkJLhMuRDcxeUlzUP74H0ks1mks3lYHS6MTRzH8NhRAZdKjS5wPBJGfzQCt80Cm9EIO2u60BEPiZynZgPvifTA+9tgRKtYFP7lTCPgklaq1YR3eW7qjOEjRxAbHkHdaEKqWkIin5c4BzMTO8urWL1+HRsLi4j4ffB6nJidPSErqTzx+OMwtllswiTlbXCuAoqSyb\/Vmo4qAalXeCKhXYbvAWzsupzMQnQljuB+8OGH+OjsWewkEtjY2kHLYMLQkTH0j4wIuIyKxWJR9MXC6IuE4bZb4WbG2WyDsdOCgZUwNFV1ppBybdU6lKQI0gPDmwSa1EHpUtVC41PTmDxzBm27DaV2E9lyCVsEdmMTydV1bC+tYGdlBUN9cUSjIZw6dRIP\/uhHePihh2CmnatFMG+Pc298naamFoHXS6viZQFXqiZuRNJEYll52K0lIP+ubazjy\/PnwcUfGNO9Nr+AYqWG6MAgooODiPb3i1T19cURDvlFen1OOwIuF3xWu9CDWQbRqOXruiWgasCVuUUOJl1QkhmcVwtN8DtUxENHjyI6Ooq23Y6qoS0Uxczz+uIy0uubSG9sIbO1iemJcYyNjeL0mdM4cXJWTDwrMxB3Gly9pCrXWA+uDGSvWk0ceo2DTUbhXIKbTKckMsYF4s6e\/RiffXEeW4kUvKEQ\/LE4ogMDODoxjr6BPvh9bsSYC\/O4EPX5xO61dgApW6b0MIzZXTyO96MUHGcarQba3pRkKmHuKntN+vDQfg6H0bBYUEFLwF1ZWRXvLLe1g0oqg2omgwfuvQcnT57AmbvPYHB4CEfGxjTJleG9YY0dmnP1AOolWAH6jWq\/PUu+9grXGHCRwI0R+UIeu8kEtra3JTL2wUdnMbe4DDPLPf1ByfYePT4h+S8vwY2EEfJ6xHKIMjEJI2xGk0TIWKNQrVY0k5CpnHr9a4vMSU0FDMhkM1o6PZUWiyKTy8LscKJptaJuMqDaaqJQLkkGevHadZQSKTTyRRgbDTz2yI9x\/\/334sxdpyXtRM5mRJnYMPN8W6bYXlAP8289Z\/N7BJuSJIV41Qreff89\/PnttzG\/sIRGu4Nasyk5NFLDkfFxuAOsBI9LsYbP6UTMF4DX7oDdaIbX6aTxC4uF\/NfNxnZnjUqGEvxaoyl1CwUmRpNp7CSTyBbykktrmc1IpFOoNxvY3d6RNM\/68gpalSrsRhNcVoukeR5\/9FFMjB+D1+8VJ4WVkrSMLHTfu9uhJfcwQN7s2L0AK8VYbzXxl\/ffw1vvvINLly4jkUwjVywiQvc33od+JigjEcT6+6Tck\/UK8WAIAZcHXrsTPrcLFrMBNmXudacoZYk782ucWdVGE412G5VGA+lcHil2gRYKkl7nAG9sbkh509b6OnY3tyQTQTvW53JhZHBQsg9PPPYojoyMwGLVWhXUNW4r5HgnwFUUoiim1wwC4OPPP8W5zz6Tapu5+QWsrW\/C7nHDzexyNILo4ADC8ZjW9ej2IOTzw+d0w+NwSpkRfQm7TVuNWexOneSSi6lQ6wSXVTe1ukgvB5AuLqmBFMW8G6WWNQvlfAEFlsi6XDg6Ooqx4WHce\/fdeOD++xCPdbO+4nJryNyR1PqdAFm50T2lyJTPyjKWV1akXPTcZ5\/ji\/MXUKxWYXbYYXW7euCylIkAS3Gy0wW33QG30wWLzaL1ZXSryAmw5La6\/Kv1VdRRqzdQkdq0KsqVKrJsAaBHxqp1tn9t7yCxvQMDezHqdZHYe+++CydnTkhhHmt4\/V5vD9Q7Wrdwq+Cq\/i+94tM7GdTgNPSXllfw4Udn8ennn2M7mRQFU0cHvmgEvlBICkMY5yW4bBxx2Z0CqtXmkIibpPFZIKJS3kaDOA2yalKtJknMarXWdSbqyBHcdBq7G+tSo5DY2ZXaBY\/LCafNhuPHjuGB+\/8DP37oRwj4fEJLrE1j\/k3bWJjVuTMVN7cK7s16e3tKgFXm+YJUOZ6\/cBFXv7qGeSqVnS1sJhJw+n0ixd5gAMFwCD6\/XwJGdAScThfsDrfECMwWrRaYxc\/KAK2z+K5b3Viras0wRbYL5AtSysTpX8lmUc7n5T1WoB8bO4KhgUFMTUxISn386FE4acV0U1pUnDIDDRqf\/1vQwtdcYt1I8QapZfP5ApaXV4QiWEp65do1fDU\/hwY6Etwx2a3w0A31BxBgBU4wCKfLDZ+fMWU3TEyC2qwwmrtxMwOknLVWY6dPCZVyRV5ZaMccWS6r1eXmdndhZEWlxQKPy4W7z5zG9OSUFD9TgQ0PDcIiPXd0u7VNOVH6kn2+\/0+3FvSg7rWJ1WeMOVPCWDvAfoiLly\/h+vw85rn0LGtoS0VUG3WYbVZYHA64vV54fT6pJne7vZrkdsE1mGlPa1LVqNfQZvkSWwnKFSnfL7AjKJ+Xf7cY1G+24HY4JLATDPhx5tRpzExNYnhwSMr4g36vlm2WVLrWucn7VgAfWLbPG3vyySe1ZUm7X947KrdKCwd9jyYSN9YRcOQZgNne2ZGoFktLV1bXcPHKZeRLJQGYDScOtxt2J9sF2HPhgNVqk9S9SC3PGMc2AAAFPklEQVSbQrrSxUA6JZfpoSa7LWt1aTZhlTkRY9E0a3sJ5NTkpCwRyCK+gf4+hJllcTB7Yf27Gv9Ut+fLL78s8RdG3wzPP\/+8GC9cy5GLvutbo1TtwUEA3ernkn3tpslVJpdSx4gWw4VMhLLs6fLVq9jc2sYuI1aZNDpUWpJeMXTLibTmOwNrSeVE2m9YyBRmDYW8MtjTZjpUzDW71SalWKPDIxLnlYyxJDPjorycdobnD+6o1OsUutZ\/\/etfZRYySSrg8gD9is\/U8P+MhTJFwrqhCH3veZ3Ne7Q383mssXZrfRO7iSS2aTKlUlK4TA9LyvHrWqsAi\/E0RcP6Z20Ka52QRskYWM0mrTWKzYms7w2FNSroxnlHRkYk3ivr33R74v6eVlUljLw2A0Vnz54VAWVaX1YhpYRy9O666y4xX1SZPQ\/Sc8qtSui3fY\/FcYzbtbVi0F4mmT0MnMbtRlNrF0hnpNGP5UbLa6tYXNFitezUKRVLqFQrEhjiPUuASKosLVIczd3tcgqn9sfjGGDUjf1m8Tj6+gckeUlKVO1ckjkx3eiMP+i51Szh6s+MW6jlyQ1vvvlmh5Ejnvipp54ScGk\/0v9X2dKDTn4nPiewLd3aCd0lKiCh8XYbuUwOiSRpIYP1rS1sbG1KloF9DOVSERV2EXXBJX\/TqaDfT0Fhy6vL5UQg4JfSe+bSuCq+LA3g80mPA\/uUe5uuS3LfZ9MFp+S+u83cXIFU2fWPPPIIDJ999lmHwWSiz9WKKcEy+k0GJW78yM+dAHD\/G+2+a4B0UMp\/jJ4JYXZgk5U8DKiWtAwIFVqGdmmpjFK5JDk12rNS\/MeqUtHk7P+lO6w5FaxsZO8vBYhN1gSaksq\/1Q9mKEtgbyblG4pdTIcb90wPkJLOePFHH30kSpn8zWIUWRCeSoOSyozoo48+2vvJGH3pzz8EXN5nXev8YVMI97Zoe3o+WllxvVaFzWJDhw3TzDpI\/61WiEe+VvFUMb86NJM0JaT4UvSbUfuO1JJ0BZQkpF1DIvvyeJrPpVGTvtfha8++B1weT+4n19LbpFA+9NBDmtm2vb3dIer8OQOOOosoWKWitm\/Ea+8kymIuaGWl5F2C21LsS7AYL5AIlAHtRku8L0pKvdmUklQGY4QbdfXde5WQKs6RASHwXR+DuTe+QQdBgSuD3AVZG6h9lhXf+xNlBoOYjcyqcMZTMarZb0gmk8K5\/JAxVnIUFRvNMvUzMXs9ErVQ2x1RdvqshS6JcZAZpLcuDjpWLw+38j2JrnVXO9GviM2\/mZvjrxVQekk199xzj9AprQ5DsVjsUDEQ2M8\/\/1yUGZUaRVstVaLyZmokFajKDLmTwvzveC79c6qwKcEkDVy8eFFSRwSWjgMdEYWTgEsSJqA8iJUrPJDvcRRIzPreXglWdDOu\/2yL4l8BPEGkwHFTEsy\/mf+jruLnLJWiBcJ6CKUgpdKTvyqlEnvUxqwSpPWg1g1jDJUcQi5RPwfI4\/ULAt3OQx\/E6TcL+NzONQ\/zXVXUrWYrayCID4sRuRFMgsrqddZEUChJCUIfrVZLfviIJ1FLqJAimIamJCsQCSwLKVgGRKtC9Z7pi9oOc9P\/W47VVjTR2hW4+qpaCYW8yhlOiWXCksAq+hS+pTtOyaWHwvy+Gh2egB9S9Nl5w9GgBKmVlvRLTMmCEd\/hjUqdz6\/MUlUbRyeElMlNdYoqpacayg2FQqGjeIJAkSv4b44U+YQbpwCDKJRwFW5T64Ipi+K7ii+fl8KnUlSUUgKrfoCO0qu8Mr7Xq5n7\/51L\/w\/\/EX0YkwlUcQAAAABJRU5ErkJggg==\" width=\"32\" height=\"32\" border=\"0\" crossorigin=\"use-credentials\" data-imagetype=\"AttachmentByCid\" data-custom=\"AAMkAGJlMmQzNTlkLTI5NTgtNGMyMS1hMGY2LWUxMmNiNDJhYTc0YwBGAAAAAAARzoleLp%2FyS6ZD6zs3VXMLBwCB0ZYpLKR8RoUb43bPTBFSAAAAAAEJAACB0ZYpLKR8RoUb43bPTBFSAAa0ByDOAAABEgAQAFdemXuCdCNDqntqpt5%2B%2FpA%3D\" \/>.<\/p>\n<p class=\"x_paragraph\"><span class=\"x_normaltextrun\">_______________________<\/span><span class=\"x_eop\">\u00a0<\/span><b><\/b><\/p>\n<p class=\"x_paragraph\"><span class=\"x_spellingerror\"><b>Teams<\/b><\/span><span class=\"x_normaltextrun\"><b>\u00a0<span class=\"markpatq2fecc\" data-markjs=\"true\" data-ogac=\"\" data-ogab=\"\" data-ogsc=\"\" data-ogsb=\"\">i<\/span>\u00a0*<\/b><\/span><span class=\"x_spellingerror\"><b>Gwido<\/b><\/span><\/p>\n<p class=\"x_paragraph\"><span class=\"x_normaltextrun\"><b>Als alumnes nous<\/b><\/span><span class=\"x_normaltextrun\">, us farem arribar les credencials per accedir a les plataformes de\u00a0<\/span><span class=\"x_spellingerror\">Teams<\/span><span class=\"x_normaltextrun\">\u00a0(plataforma de comunicaci\u00f3)\u00a0<span class=\"markpatq2fecc\" data-markjs=\"true\" data-ogac=\"\" data-ogab=\"\" data-ogsc=\"\" data-ogsb=\"\">i<\/span>\u00a0de\u00a0<\/span><span class=\"x_spellingerror\">Gwido<\/span><span class=\"x_normaltextrun\">\u00a0(plataforma de gesti\u00f3 acad\u00e8mica)\u00a0a partir de l\u20191 de setembre.<\/span><\/p>\n<p class=\"x_paragraph\"><span class=\"x_normaltextrun\">_______________________<\/span><span class=\"x_eop\">\u00a0<\/span><b><\/b><\/p>\n<p class=\"x_paragraph\"><span class=\"x_normaltextrun\"><b><span class=\"markwsc1newpr\" data-markjs=\"true\" data-ogac=\"\" data-ogab=\"\" data-ogsc=\"\" data-ogsb=\"\">Entrades<\/span>\u00a0<span class=\"markpatq2fecc\" data-markjs=\"true\" data-ogac=\"\" data-ogab=\"\" data-ogsc=\"\" data-ogsb=\"\">i<\/span>\u00a0<span class=\"mark84dq24v9b\" data-markjs=\"true\" data-ogac=\"\" data-ogab=\"\" data-ogsc=\"\" data-ogsb=\"\">sortides<\/span>\u00a0de grups al centre<\/b><\/span><\/p>\n<p class=\"x_paragraph\"><span class=\"x_normaltextrun\"><b>Llenguatge musical:\u00a0<\/b><\/span><span class=\"x_normaltextrun\">L\u2019entrada\u00a0<span class=\"markpatq2fecc\" data-markjs=\"true\" data-ogac=\"\" data-ogab=\"\" data-ogsc=\"\" data-ogsb=\"\">i<\/span>\u00a0sortida ser\u00e0\u00a0per l&#8217;entrada principal de l\u2019EMVIC.\u00a0\u00a0<\/span><span class=\"x_eop\">\u00a0<\/span><\/p>\n<p class=\"x_paragraph\"><span class=\"x_normaltextrun\"><b>Coneix la M\u00fasica (P0-P2):<\/b><\/span><span class=\"x_normaltextrun\">\u00a0tamb\u00e9 accedir\u00e0 per l&#8217;entrada principal de l&#8217;EMVIC.\u00a0<\/span><span class=\"x_eop\">\u00a0<\/span><\/p>\n<p class=\"x_paragraph\"><span class=\"x_normaltextrun\"><b>Sensibilitzaci\u00f3 (P3-P5):\u00a0<\/b><\/span><span class=\"x_normaltextrun\">seguir\u00e0 a la\u00a0porta d\u2019artistes, com el curs passat.<\/span><\/p>\n<p class=\"x_paragraph\"><span class=\"x_normaltextrun\">_______________________<\/span><span class=\"x_eop\">\u00a0<\/span><b><\/b><\/p>\n<p class=\"x_paragraph\"><span class=\"x_normaltextrun\"><b>Material 2022-23<\/b><\/span><\/p>\n<p class=\"x_paragraph\"><span class=\"x_normaltextrun\">En aquest l\u2019<\/span><a href=\"https:\/\/agora.xtec.cat\/escmusicavic\/wp-content\/uploads\/usu1071\/2022\/07\/material-22.pdf\" target=\"_blank\" rel=\"noopener noreferrer\" data-auth=\"NotApplicable\" data-linkindex=\"2\"><span class=\"x_normaltextrun\"><b>enlla\u00e7<\/b><\/span><\/a><span class=\"x_normaltextrun\"><b>\u00a0<\/b><\/span><span class=\"x_normaltextrun\">hi trobareu el material necessari per les sessions de llenguatge musical (A partir de P3)<\/span><\/p>\n<p class=\"x_paragraph\"><span class=\"x_normaltextrun\">_______________________<\/span><span class=\"x_eop\">\u00a0<\/span><\/p>\n<p class=\"x_paragraph\"><span class=\"x_normaltextrun\"><b>Enquestes de satisfacci\u00f3<\/b><\/span><b><\/b><\/p>\n<p class=\"x_paragraph\"><span class=\"x_normaltextrun\">Encara sou a temps de fer-nos arribar la vostra opini\u00f3 sobre el curs 2021-2022. Ho podeu fer al seg\u00fcent\u00a0<a title=\"https:\/\/forms.office.com\/Pages\/ResponsePage.aspx?id=pzjJll4sq0uqIBsLhd-bQXQCIQjaLFFBgX9VHQKQYiZUNTQ3M0ZYRDlMSzhBWDRZU0hUSjlaMU5aVC4u\" href=\"https:\/\/forms.office.com\/Pages\/ResponsePage.aspx?id=pzjJll4sq0uqIBsLhd-bQXQCIQjaLFFBgX9VHQKQYiZUNTQ3M0ZYRDlMSzhBWDRZU0hUSjlaMU5aVC4u\" target=\"_blank\" rel=\"noopener noreferrer\" data-auth=\"NotApplicable\" data-linkindex=\"3\"><b>enlla\u00e7<\/b><\/a>.<\/span><\/p>\n<p class=\"x_paragraph\"><span class=\"x_normaltextrun\">Ens retrobem l\u20191 de setembre.<\/span><\/p>\n<p class=\"x_paragraph\"><span class=\"x_normaltextrun\">Que gaudiu de les vacances!<\/span><\/p>\n","protected":false},"excerpt":{"rendered":"<p>Salutaci\u00f3<br \/>\nBenvolgudes fam\u00edlies,<br \/>\nCloem aquest curs escolar\u00a0i\u00a0marxem de vacances per descansar\u00a0i\u00a0re-emprendre el proper amb l\u2019energia necess\u00e0ria.\u00a0\u00a0<br \/>\nVolem aprofitar per agrair-vos, novament, el treball de cooperaci\u00f3 que sempre desenvolupeu des de les fam\u00edlies\u00a0i\u00a0que, aquest curs, encara ha calgut accentuar m\u00e9s del normal.\u00a0\u00a0<br \/>\nUs deixem tot d\u2019indicacions per si s\u00f3n del&hellip;  <a href=\"https:\/\/agora.xtec.cat\/escmusicavic\/serveis\/circulars-informatives\/circular-informativa-6-informacions-curs-2022-2023\/\" title=\"Read Circular informativa 6. Informacions curs 2022-2023\">Llegeix m\u00e9s\u00bb<\/a><\/p>\n","protected":false},"author":11,"featured_media":0,"parent":613,"menu_order":0,"comment_status":"closed","ping_status":"closed","template":"","meta":{"_bbp_topic_count":0,"_bbp_reply_count":0,"_bbp_total_topic_count":0,"_bbp_total_reply_count":0,"_bbp_voice_count":0,"_bbp_anonymous_reply_count":0,"_bbp_topic_count_hidden":0,"_bbp_reply_count_hidden":0,"_bbp_forum_subforum_count":0,"footnotes":""},"class_list":["post-5449","page","type-page","status-publish","hentry"],"post_mailing_queue_ids":[],"_links":{"self":[{"href":"https:\/\/agora.xtec.cat\/escmusicavic\/wp-json\/wp\/v2\/pages\/5449","targetHints":{"allow":["GET"]}}],"collection":[{"href":"https:\/\/agora.xtec.cat\/escmusicavic\/wp-json\/wp\/v2\/pages"}],"about":[{"href":"https:\/\/agora.xtec.cat\/escmusicavic\/wp-json\/wp\/v2\/types\/page"}],"author":[{"embeddable":true,"href":"https:\/\/agora.xtec.cat\/escmusicavic\/wp-json\/wp\/v2\/users\/11"}],"replies":[{"embeddable":true,"href":"https:\/\/agora.xtec.cat\/escmusicavic\/wp-json\/wp\/v2\/comments?post=5449"}],"version-history":[{"count":1,"href":"https:\/\/agora.xtec.cat\/escmusicavic\/wp-json\/wp\/v2\/pages\/5449\/revisions"}],"predecessor-version":[{"id":5450,"href":"https:\/\/agora.xtec.cat\/escmusicavic\/wp-json\/wp\/v2\/pages\/5449\/revisions\/5450"}],"up":[{"embeddable":true,"href":"https:\/\/agora.xtec.cat\/escmusicavic\/wp-json\/wp\/v2\/pages\/613"}],"wp:attachment":[{"href":"https:\/\/agora.xtec.cat\/escmusicavic\/wp-json\/wp\/v2\/media?parent=5449"}],"curies":[{"name":"wp","href":"https:\/\/api.w.org\/{rel}","templated":true}]}}