{"id":5230,"date":"2022-06-12T09:14:35","date_gmt":"2022-06-12T07:14:35","guid":{"rendered":"https:\/\/agora.xtec.cat\/escmusicavic\/?page_id=5230"},"modified":"2022-06-12T09:14:35","modified_gmt":"2022-06-12T07:14:35","slug":"fundacio-latlantida-i-canal-etic","status":"publish","type":"page","link":"https:\/\/agora.xtec.cat\/escmusicavic\/transparencia\/fundacio-latlantida-i-canal-etic\/","title":{"rendered":"Fundaci\u00f3 L&#8217;Atl\u00e0ntida i Canal \u00e8tic"},"content":{"rendered":"<p>Al seg\u00fcent enlla\u00e7 hi trobareu tota la informaci\u00f3 sobre l&#8217;organtitzaci\u00f3, dades econ\u00f2miques, el canal \u00e8tic i altres q\u00fcetions de la Fundaci\u00f3 L&#8217;Atl\u00e0ntida.<\/p>\n<p><a href=\"https:\/\/latlantidavic.cat\/ca\/organitzacio_765\">Fundaci\u00f3 L&#8217;Atl\u00e0ntida i Canal \u00e8tic<\/a><\/p>\n","protected":false},"excerpt":{"rendered":"<p>Al seg\u00fcent enlla\u00e7 hi trobareu tota la informaci\u00f3 sobre l&#8217;organtitzaci\u00f3, dades econ\u00f2miques, el canal \u00e8tic i altres q\u00fcetions de la Fundaci\u00f3 L&#8217;Atl\u00e0ntida.<br \/>\n<a href=\"https:\/\/latlantidavic.cat\/ca\/organitzacio_765\">Fundaci\u00f3 L&#8217;Atl\u00e0ntida i Canal \u00e8tic<\/a><\/p>\n","protected":false},"author":11,"featured_media":0,"parent":584,"menu_order":100,"comment_status":"closed","ping_status":"closed","template":"","meta":{"_bbp_topic_count":0,"_bbp_reply_count":0,"_bbp_total_topic_count":0,"_bbp_total_reply_count":0,"_bbp_voice_count":0,"_bbp_anonymous_reply_count":0,"_bbp_topic_count_hidden":0,"_bbp_reply_count_hidden":0,"_bbp_forum_subforum_count":0,"footnotes":""},"class_list":["post-5230","page","type-page","status-publish","hentry"],"post_mailing_queue_ids":[],"_links":{"self":[{"href":"https:\/\/agora.xtec.cat\/escmusicavic\/wp-json\/wp\/v2\/pages\/5230","targetHints":{"allow":["GET"]}}],"collection":[{"href":"https:\/\/agora.xtec.cat\/escmusicavic\/wp-json\/wp\/v2\/pages"}],"about":[{"href":"https:\/\/agora.xtec.cat\/escmusicavic\/wp-json\/wp\/v2\/types\/page"}],"author":[{"embeddable":true,"href":"https:\/\/agora.xtec.cat\/escmusicavic\/wp-json\/wp\/v2\/users\/11"}],"replies":[{"embeddable":true,"href":"https:\/\/agora.xtec.cat\/escmusicavic\/wp-json\/wp\/v2\/comments?post=5230"}],"version-history":[{"count":1,"href":"https:\/\/agora.xtec.cat\/escmusicavic\/wp-json\/wp\/v2\/pages\/5230\/revisions"}],"predecessor-version":[{"id":5231,"href":"https:\/\/agora.xtec.cat\/escmusicavic\/wp-json\/wp\/v2\/pages\/5230\/revisions\/5231"}],"up":[{"embeddable":true,"href":"https:\/\/agora.xtec.cat\/escmusicavic\/wp-json\/wp\/v2\/pages\/584"}],"wp:attachment":[{"href":"https:\/\/agora.xtec.cat\/escmusicavic\/wp-json\/wp\/v2\/media?parent=5230"}],"curies":[{"name":"wp","href":"https:\/\/api.w.org\/{rel}","templated":true}]}}