{"id":521,"date":"2018-09-29T18:17:11","date_gmt":"2018-09-29T16:17:11","guid":{"rendered":"http:\/\/agora.xtec.cat\/escmusicavic\/?page_id=521"},"modified":"2026-01-14T11:58:54","modified_gmt":"2026-01-14T10:58:54","slug":"aula-dadults","status":"publish","type":"page","link":"https:\/\/agora.xtec.cat\/escmusicavic\/ofertaeducativa\/escola-de-musica\/aula-dadults\/","title":{"rendered":"Aula d&#8217;Adults"},"content":{"rendered":"<div>\n<div>\n<h4><strong>PREINSCRIPCI\u00d3 A L&#8217;AULA D&#8217;ADULTS 2025 &#8211; 2026<\/strong><\/h4>\n<\/div>\n<div><\/div>\n<\/div>\n<div>\n<p><strong>INFORMACI\u00d3 GENERAL DEL CURS 2025 \u2013 2026<\/strong><\/p>\n<ul>\n<li>Els cursos de l\u2019Aula d\u2019Adults garanteixen un m\u00ednim de 32 sessions lectives l\u2019any (16 sessions lectives m\u00ednim cada quadrimestre) dins del calendari escolar de l\u2019EMVIC.<\/li>\n<li>El formulari d\u2019inscripci\u00f3 contempla la possibilitat de sol\u00b7licitar pla\u00e7a pel primer quadrimestre (d\u2019octubre a gener), pel segon quadrimestre (de febrer a juny) o b\u00e9 per tot el curs escolar (d\u2019octubre a juny). 10% de descompte per pagament de tot el curs en un sol cop durant la matriculaci\u00f3 (ja aplicat al quadre de preus).<\/li>\n<li>El mes de gener NO s\u2019obrir\u00e0 de nou la inscripci\u00f3 per la segona meitat del curs.<\/li>\n<li>Es pot sol\u00b7licitar pla\u00e7a als diferents centres de la xarxa EMVIC: l\u2019Escola de M\u00fasica i Conservatori de Vic, l\u2019Escola de M\u00fasica de Tona, i les Aules de M\u00fasica de Calldetenes, Folgueroles, Sant Juli\u00e0 de Vilatorta, Viladrau, Sant Hilari Sacalm i Arb\u00facies.<\/li>\n<li>Les places estan subjectes a la disponibilitat de cada especialitat, el Pla d\u2019Actuaci\u00f3 de l\u2019EMVIC i les mesures sanit\u00e0ries vigents en cada moment.<\/li>\n<li>Les classes a l&#8217;Aula d&#8217;Adults de l&#8217;EMVIC es desenvoluparan en SESSIONS PRESENCIALS <strong>de dilluns a divendres entre les 9h i les 21h<\/strong> i els <strong>dissabtes de 10h a 13h<\/strong>, acceptant la <strong>possibilitat que esdevinguin en format on-line per causa de for\u00e7a major.<\/strong><\/li>\n<\/ul>\n<hr \/>\n<h6><strong>OFERTA EDUCATIVA I PREUS<\/strong><\/h6>\n<ul>\n<li>Baix el\u00e8ctric<\/li>\n<li>Bateria<\/li>\n<li>Cant cl\u00e0ssic<\/li>\n<li>Cant coral de l&#8217;aula d&#8217;adults<\/li>\n<li>Cant modern<\/li>\n<li>Clarinet<\/li>\n<li>Contrabaix<\/li>\n<li>Fagot<\/li>\n<li>Flauta de bec<\/li>\n<li>Flauta travessera<\/li>\n<li>Grup de combo<\/li>\n<li>Guitarra<\/li>\n<li>Guitarra el\u00e8ctrica<\/li>\n<li>Llenguatge Musical (diversos nivells)<\/li>\n<li>M\u00fasica de cambra<\/li>\n<li>Obo\u00e8<\/li>\n<li>Orquestra de l&#8217;aula d&#8217;adults<\/li>\n<li>Percussi\u00f3<\/li>\n<li>Piano<\/li>\n<li>Sax\u00f2fon<\/li>\n<li>Tromb\u00f3<\/li>\n<li>Trompa<\/li>\n<li>Trompeta<\/li>\n<li>Tuba<\/li>\n<li>Viola<\/li>\n<li>Viol\u00ed<\/li>\n<li>Violoncel<\/li>\n<\/ul>\n<\/div>\n<div>\n<table class=\"copy-paste-table\" style=\"width: 49.507027%;\">\n<tbody>\n<tr>\n<td style=\"width: 49.309665%;\">\n<div>ASSIGNATURA<\/div>\n<\/td>\n<td style=\"width: 24.369991%;\">\n<div>1 QUADRIMESTRE<\/div>\n<\/td>\n<td style=\"width: 55.152867%;\">\n<div>TOT EL CURS 10% Dte.<\/div>\n<\/td>\n<\/tr>\n<tr>\n<td style=\"width: 49.309665%;\">\n<div>Llenguatge Musical o Cant Coral<\/div>\n<\/td>\n<td style=\"width: 24.369991%;\">\n<div>160,33 \u20ac<\/div>\n<\/td>\n<td style=\"width: 55.152867%;\">\n<div>288,56 \u20ac<\/div>\n<\/td>\n<\/tr>\n<tr>\n<td style=\"width: 49.309665%;\">\n<div>Grup de M\u00fasica de Cambra o Combo<\/div>\n<\/td>\n<td style=\"width: 24.369991%;\">\n<div>240,47 \u20ac<\/div>\n<\/td>\n<td style=\"width: 55.152867%;\">\n<div>432,85 \u20ac<\/div>\n<\/td>\n<\/tr>\n<tr>\n<td style=\"width: 49.309665%;\">\n<div>M\u00f2dul de 20\u2032 d\u2019instrument individual<\/div>\n<\/td>\n<td style=\"width: 24.369991%;\">\n<div>320,63 \u20ac<\/div>\n<\/td>\n<td style=\"width: 55.152867%;\">\n<div>577,13 \u20ac<\/div>\n<\/td>\n<\/tr>\n<tr>\n<td style=\"width: 49.309665%;\">\n<div>M\u00f2dul de 30\u2032 d\u2019instrument individual<\/div>\n<\/td>\n<td style=\"width: 24.369991%;\">\n<div>479,76 \u20ac<\/div>\n<\/td>\n<td style=\"width: 55.152867%;\">\n<div>863,57 \u20ac<\/div>\n<\/td>\n<\/tr>\n<\/tbody>\n<\/table>\n<\/div>\n<div>10% de descompte si es paga tot l&#8217;import del curs a la matriculaci\u00f3 (descompte ja aplicat a l&#8217;import publicat). En cas de pagar per quadrimestres, s&#8217;haur\u00e0 de pagar l&#8217;import de cada quadrimestre sense el descompte.<\/div>\n<div><\/div>\n<div>\n<div>\n<div><em>*no hi ha descompte pels membres de l&#8217;Associaci\u00f3 Alumni.\u00a0<\/em><\/div>\n<div><\/div>\n<div><em>**els professors del centre poden contactar amb el coordinador per con\u00e8ixer els avantatges i condicions pels treballadors.<\/em><\/div>\n<\/div>\n<div>\n<h6><\/h6>\n<h6><strong>PAGAMENT<\/strong><\/h6>\n<\/div>\n<div>\n<div>El n\u00famero de compte per fer l&#8217;ingr\u00e9s de les quotes \u00e9s el seg\u00fcent (indiqueu nom de l&#8217;alumne):<\/div>\n<\/div>\n<\/div>\n<div><\/div>\n<div><span class=\"ui-provider a b c d e f g h i j k l m n o p q r s t u v w x y z ab ac ae af ag ah ai aj ak\" dir=\"ltr\">ES70 2100 1112 85 0200175779<\/span><\/div>\n<div>\n<hr \/>\n<h5><strong>CALENDARI 2025-2026<\/strong><\/h5>\n<div><\/div>\n<ul>\n<li>PREINSCRIPCI\u00d3 \u2013 del 10 al 18 de juny (ambd\u00f3s inclosos).<\/li>\n<li>RESOLUCI\u00d3 DE LA PREINSCRIPCI\u00d3 \u2013 juliol<\/li>\n<li>INICI DEL PRIMER QUADRIMESTRE DEL CURS: <b>22 de setembre<\/b><\/li>\n<li>INICI DEL SEGON QUADRIMESTRE DEL CURS:<strong> PENDENT<\/strong><\/li>\n<\/ul>\n<hr \/>\n<h5><strong>AVANTATGES DE FORMAR PART DE L&#8217;AULA D&#8217;ADULTS DE L&#8217;EMVIC<\/strong><\/h5>\n<ul>\n<li>Descomptes per les xerrades Trilogies. A c\u00e0rrec de <strong>Rafael Esteve Alemany.<\/strong> <a href=\"https:\/\/latlantidavic.cat\/ca\/trilogies-musicals-franz-schubert-del-lied-a-la-musica-de-cambra_259799\">(enlla\u00e7 per a adquirir les entrades)<\/a><\/li>\n<li>Descomptes als <a href=\"https:\/\/latlantidavic.cat\/ca\/comunitat-emvic_5217\">concerts a L\u2019Atl\u00e0ntida<\/a><\/li>\n<li>Preus especials al <a href=\"https:\/\/agora.xtec.cat\/escmusicavic\/serveis\/parquing\/\">parking de L\u2019Atl\u00e0ntida<\/a><\/li>\n<li>Assajos amb repertorista i audicions a la sala 3 de l\u2019EMVIC<\/li>\n<\/ul>\n<hr \/>\n<ul>\n<li><strong>DOCUMENTACI\u00d3\u00a0<\/strong><\/li>\n<li>Documentaci\u00f3 a enviar una vegada formalitzada la matr\u00edcula i abans de comen\u00e7ar les classes:<\/li>\n<li>Document de protecci\u00f3 de dades signat (nom\u00e9s els nous alumnes).\u00a0<a href=\"https:\/\/agora.xtec.cat\/escmusicavic\/wp-content\/uploads\/usu1071\/2020\/10\/PROTECCIO-DE-DADES-EMVIC.pdf\">Enlla\u00e7<\/a><\/li>\n<li>Per a m\u00e9s informaci\u00f3 contacteu amb el coordinador de l\u2019Aula d\u2019Adults a <a href=\"mailto:paualbert@emvic.cat\">paualbert<span class=\"atwho-query\">@emvic.cat<\/span><\/a><\/li>\n<\/ul>\n<\/div>\n<div>\n<div class=\"x_gmail_default\">\n<hr \/>\n<h4><span style=\"text-decoration: underline;\"><strong>INSCRIPCI\u00d3 ONLINE<\/strong><\/span> (del 10 al 18 de juny de 2025)<\/h4>\n<table style=\"border-collapse: collapse; width: 0%; height: 60px;\">\n<tbody>\n<tr style=\"height: 49px;\">\n<td style=\"width: 100%; height: 49px; border-style: solid; border-color: #595757; background-color: #595757;\">\n<h4><a href=\"https:\/\/emvic.gwido.cat\/inscripcio_ciutadana\/public\/dades_personals\/499?r=1&amp;tf=1\"><strong>Enlla\u00e7 a la preinscripci\u00f3<\/strong><\/a><\/h4>\n<\/td>\n<\/tr>\n<\/tbody>\n<\/table>\n<hr \/>\n<p>&nbsp;<\/p>\n<\/div>\n<\/div>\n","protected":false},"excerpt":{"rendered":"<p>PREINSCRIPCI\u00d3 A L&#8217;AULA D&#8217;ADULTS 2025 &#8211; 2026<\/p>\n<p>INFORMACI\u00d3 GENERAL DEL CURS 2025 \u2013 2026<\/p>\n<ul>\n<li>Els cursos de l\u2019Aula d\u2019Adults garanteixen un m\u00ednim de 32 sessions lectives l\u2019any (16 sessions lectives m\u00ednim cada quadrimestre) dins del calendari escolar de l\u2019EMVIC.<\/li>\n<li>El formulari d\u2019inscripci\u00f3 contempla la possibilitat de sol\u00b7licitar pla\u00e7a&hellip;  <a href=\"https:\/\/agora.xtec.cat\/escmusicavic\/ofertaeducativa\/escola-de-musica\/aula-dadults\/\" title=\"Read Aula d&#8217;Adults\">Llegeix m\u00e9s\u00bb<\/a><br \/>\n","protected":false},"author":1,"featured_media":0,"parent":519,"menu_order":5,"comment_status":"closed","ping_status":"closed","template":"page-templates\/side-menu.php","meta":{"_bbp_topic_count":0,"_bbp_reply_count":0,"_bbp_total_topic_count":0,"_bbp_total_reply_count":0,"_bbp_voice_count":0,"_bbp_anonymous_reply_count":0,"_bbp_topic_count_hidden":0,"_bbp_reply_count_hidden":0,"_bbp_forum_subforum_count":0,"footnotes":""},"class_list":["post-521","page","type-page","status-publish","hentry"],"post_mailing_queue_ids":[],"_links":{"self":[{"href":"https:\/\/agora.xtec.cat\/escmusicavic\/wp-json\/wp\/v2\/pages\/521","targetHints":{"allow":["GET"]}}],"collection":[{"href":"https:\/\/agora.xtec.cat\/escmusicavic\/wp-json\/wp\/v2\/pages"}],"about":[{"href":"https:\/\/agora.xtec.cat\/escmusicavic\/wp-json\/wp\/v2\/types\/page"}],"author":[{"embeddable":true,"href":"https:\/\/agora.xtec.cat\/escmusicavic\/wp-json\/wp\/v2\/users\/1"}],"replies":[{"embeddable":true,"href":"https:\/\/agora.xtec.cat\/escmusicavic\/wp-json\/wp\/v2\/comments?post=521"}],"version-history":[{"count":7,"href":"https:\/\/agora.xtec.cat\/escmusicavic\/wp-json\/wp\/v2\/pages\/521\/revisions"}],"predecessor-version":[{"id":7449,"href":"https:\/\/agora.xtec.cat\/escmusicavic\/wp-json\/wp\/v2\/pages\/521\/revisions\/7449"}],"up":[{"embeddable":true,"href":"https:\/\/agora.xtec.cat\/escmusicavic\/wp-json\/wp\/v2\/pages\/519"}],"wp:attachment":[{"href":"https:\/\/agora.xtec.cat\/escmusicavic\/wp-json\/wp\/v2\/media?parent=521"}],"curies":[{"name":"wp","href":"https:\/\/api.w.org\/{rel}","templated":true}]}}