{"id":520,"date":"2018-09-29T18:17:10","date_gmt":"2018-09-29T16:17:10","guid":{"rendered":"http:\/\/agora.xtec.cat\/escmusicavic\/?page_id=520"},"modified":"2021-12-10T11:07:02","modified_gmt":"2021-12-10T10:07:02","slug":"grau-professional","status":"publish","type":"page","link":"https:\/\/agora.xtec.cat\/escmusicavic\/ofertaeducativa\/grau-professional\/","title":{"rendered":"Grau Professional"},"content":{"rendered":"<p><strong>Conservatori de Grau Professional de M\u00fasica<\/strong><\/p>\n<p style=\"text-align: justify;\">El grau professional s&#8217;estructura en sis cursos acad\u00e8mics. Per accedir a aquests ensenyaments cal superar una <a href=\"http:\/\/ensenyament.gencat.cat\/ca\/serveis-tramits\/proves\/proves-acces\/ensenyam-prof-musica-dansa\/\">prova espec\u00edfica<\/a> que convoca anualment el Departament d&#8217;Ensenyament. Aquest acc\u00e9s es pot fer a primer o a qualsevol dels altres cursos.<br \/>\nL&#8217;alumnat que superi els ensenyaments d&#8217;aquesta etapa obtindr\u00e0 el t\u00edtol professional de m\u00fasica, en qu\u00e8 constar\u00e0 l&#8217;especialitat cursada.<br \/>\nEl Conservatori de Grau Professional de M\u00fasica de Vic ofereix els sis cursos oficials en les seg\u00fcents especialitats:<\/p>\n<table style=\"background-color: #c75819; border: 2px solid #ffffff; width: 653px; height: 286px;\" border=\"2\" cellspacing=\"4\" cellpadding=\"4\">\n<colgroup>\n<col width=\"151\" \/>\n<col width=\"141\" \/>\n<col width=\"142\" \/>\n<col width=\"132\" \/><\/colgroup>\n<tbody>\n<tr>\n<td colspan=\"4\" valign=\"TOP\" width=\"602\" height=\"22\"><span style=\"color: #ffffff;\">ESPECIALITATS INSTRUMENTALS<br \/>\n<\/span><\/td>\n<\/tr>\n<tr valign=\"TOP\">\n<td width=\"151\">\n<h6>VIOL\u00cd<\/h6>\n<h6>VIOLA<\/h6>\n<h6>VIOLONCEL<\/h6>\n<h6>CONTRABAIX<\/h6>\n<\/td>\n<td width=\"141\">\n<h6><span style=\"font-family: Albany,sans-serif;\"><span style=\"font-size: medium;\">PIANO<\/span><\/span><\/h6>\n<h6><span style=\"font-family: Albany,sans-serif;\"><span style=\"font-size: medium;\">ORGUE<\/span><\/span><\/h6>\n<h6><span style=\"font-family: Albany,sans-serif;\"><span style=\"font-size: medium;\">GUITARRA<\/span><\/span><\/h6>\n<h6><span style=\"font-family: Albany,sans-serif;\"><span style=\"font-size: medium;\">CANT<\/span><\/span><\/h6>\n<h6><span style=\"font-family: Albany,sans-serif;\"><span style=\"font-size: medium;\">PERCUSSI\u00d3<br \/>\n<\/span><\/span><\/h6>\n<\/td>\n<td width=\"142\">\n<h6>FLAUTA b<\/h6>\n<h6>FLAUTA tv<\/h6>\n<h6>CLARINET<\/h6>\n<h6>OBO\u00c8<\/h6>\n<h6>FAGOT<\/h6>\n<h6>SAXO<\/h6>\n<h6>TROMPETA<\/h6>\n<h6>TROMPA<\/h6>\n<h6>TROMB\u00d3<\/h6>\n<h6>TUBA<\/h6>\n<\/td>\n<td width=\"132\">\n<h6>GUITARRA e<\/h6>\n<h6>BAIX<\/h6>\n<h6>BATERIA<\/h6>\n<h6><\/h6>\n<h6><\/h6>\n<\/td>\n<\/tr>\n<\/tbody>\n<\/table>\n<p>ASSIGNATURES OPTATIVES<\/p>\n<p><a href=\"http:\/\/xtec.gencat.cat\/ca\/curriculum\/professionals\/artistics\/musica\/grau_professional\/\">NORMATIVES QUE REGULEN EL GRAU PROFESSIONAL DE M\u00daSICA<\/a><\/p>\n<p><a href=\"https:\/\/documents.espai.educacio.gencat.cat\/IPCNormativa\/DOIGC\/CUR_Simultaneitat_musica.pdf\">CONSULTEU LA SIMULTANE\u00cfTAT AMB ESO I BATXILLERAT<\/a><\/p>\n<p><span style=\"color: #888888;\">______________________________________________________________<\/span><\/p>\n<ul>\n<li><a href=\"https:\/\/agora.xtec.cat\/escmusicavic\/prova-acces-gp\/orientacions\/\">ORIENTACIONS PER A LES PROVES D&#8217;ACC\u00c9S AL CONSERVATORI<\/a><\/li>\n<\/ul>\n<p>&nbsp;<\/p>\n<p>&nbsp;<\/p>\n<p>&nbsp;<\/p>\n","protected":false},"excerpt":{"rendered":"<p>Conservatori de Grau Professional de M\u00fasica<br \/>\nEl grau professional s&#8217;estructura en sis cursos acad\u00e8mics. Per accedir a aquests ensenyaments cal superar una <a href=\"http:\/\/ensenyament.gencat.cat\/ca\/serveis-tramits\/proves\/proves-acces\/ensenyam-prof-musica-dansa\/\">prova espec\u00edfica<\/a> que convoca anualment el Departament d&#8217;Ensenyament. Aquest acc\u00e9s es pot fer a primer o a qualsevol dels altres cursos.<br \/>\nL&#8217;alumnat que superi&hellip;  <a href=\"https:\/\/agora.xtec.cat\/escmusicavic\/ofertaeducativa\/grau-professional\/\" title=\"Read Grau Professional\">Llegeix m\u00e9s\u00bb<\/a><\/p>\n","protected":false},"author":1,"featured_media":0,"parent":195,"menu_order":40,"comment_status":"closed","ping_status":"closed","template":"page-templates\/side-menu.php","meta":{"_bbp_topic_count":0,"_bbp_reply_count":0,"_bbp_total_topic_count":0,"_bbp_total_reply_count":0,"_bbp_voice_count":0,"_bbp_anonymous_reply_count":0,"_bbp_topic_count_hidden":0,"_bbp_reply_count_hidden":0,"_bbp_forum_subforum_count":0,"footnotes":""},"class_list":["post-520","page","type-page","status-publish","hentry"],"post_mailing_queue_ids":[],"_links":{"self":[{"href":"https:\/\/agora.xtec.cat\/escmusicavic\/wp-json\/wp\/v2\/pages\/520","targetHints":{"allow":["GET"]}}],"collection":[{"href":"https:\/\/agora.xtec.cat\/escmusicavic\/wp-json\/wp\/v2\/pages"}],"about":[{"href":"https:\/\/agora.xtec.cat\/escmusicavic\/wp-json\/wp\/v2\/types\/page"}],"author":[{"embeddable":true,"href":"https:\/\/agora.xtec.cat\/escmusicavic\/wp-json\/wp\/v2\/users\/1"}],"replies":[{"embeddable":true,"href":"https:\/\/agora.xtec.cat\/escmusicavic\/wp-json\/wp\/v2\/comments?post=520"}],"version-history":[{"count":3,"href":"https:\/\/agora.xtec.cat\/escmusicavic\/wp-json\/wp\/v2\/pages\/520\/revisions"}],"predecessor-version":[{"id":4802,"href":"https:\/\/agora.xtec.cat\/escmusicavic\/wp-json\/wp\/v2\/pages\/520\/revisions\/4802"}],"up":[{"embeddable":true,"href":"https:\/\/agora.xtec.cat\/escmusicavic\/wp-json\/wp\/v2\/pages\/195"}],"wp:attachment":[{"href":"https:\/\/agora.xtec.cat\/escmusicavic\/wp-json\/wp\/v2\/media?parent=520"}],"curies":[{"name":"wp","href":"https:\/\/api.w.org\/{rel}","templated":true}]}}