{"id":519,"date":"2018-09-29T18:17:10","date_gmt":"2018-09-29T16:17:10","guid":{"rendered":"http:\/\/agora.xtec.cat\/escmusicavic\/?page_id=519"},"modified":"2021-12-01T15:43:00","modified_gmt":"2021-12-01T14:43:00","slug":"escola-de-musica","status":"publish","type":"page","link":"https:\/\/agora.xtec.cat\/escmusicavic\/ofertaeducativa\/escola-de-musica\/","title":{"rendered":"Escola de M\u00fasica"},"content":{"rendered":"<p>Les escoles de m\u00fasica imparteixen ensenyaments no reglats, que aporten a l&#8217;alumnat una formaci\u00f3 te\u00f2rica i pr\u00e0ctica que permet gaudir de la pr\u00e0ctica individual i de conjunt.<br \/>\nL&#8217;oferta formativa \u00e9s oberta i flexible; es poden impartir programes de diferents intensitats i per alumnat de totes les edats. Els estudis de m\u00fasica que s&#8217;imparteixen no s\u00f3n reglats i, per tant, no condueixen a l&#8217;obtenci\u00f3 de t\u00edtols amb validesa acad\u00e8mica oficial.<\/p>\n<p>&nbsp;<\/p>\n<p>&nbsp;<\/p>\n<p>&nbsp;<\/p>\n<p>&nbsp;<\/p>\n","protected":false},"excerpt":{"rendered":"<p>Les escoles de m\u00fasica imparteixen ensenyaments no reglats, que aporten a l&#8217;alumnat una formaci\u00f3 te\u00f2rica i pr\u00e0ctica que permet gaudir de la pr\u00e0ctica individual i de conjunt.<br \/>\nL&#8217;oferta formativa \u00e9s oberta i flexible; es poden impartir programes de diferents intensitats i per alumnat de totes les&hellip;  <a href=\"https:\/\/agora.xtec.cat\/escmusicavic\/ofertaeducativa\/escola-de-musica\/\" title=\"Read Escola de M\u00fasica\">Llegeix m\u00e9s\u00bb<\/a><\/p>\n","protected":false},"author":1,"featured_media":0,"parent":195,"menu_order":20,"comment_status":"closed","ping_status":"closed","template":"page-templates\/side-menu.php","meta":{"_bbp_topic_count":0,"_bbp_reply_count":0,"_bbp_total_topic_count":0,"_bbp_total_reply_count":0,"_bbp_voice_count":0,"_bbp_anonymous_reply_count":0,"_bbp_topic_count_hidden":0,"_bbp_reply_count_hidden":0,"_bbp_forum_subforum_count":0,"footnotes":""},"class_list":["post-519","page","type-page","status-publish","hentry"],"post_mailing_queue_ids":[],"_links":{"self":[{"href":"https:\/\/agora.xtec.cat\/escmusicavic\/wp-json\/wp\/v2\/pages\/519","targetHints":{"allow":["GET"]}}],"collection":[{"href":"https:\/\/agora.xtec.cat\/escmusicavic\/wp-json\/wp\/v2\/pages"}],"about":[{"href":"https:\/\/agora.xtec.cat\/escmusicavic\/wp-json\/wp\/v2\/types\/page"}],"author":[{"embeddable":true,"href":"https:\/\/agora.xtec.cat\/escmusicavic\/wp-json\/wp\/v2\/users\/1"}],"replies":[{"embeddable":true,"href":"https:\/\/agora.xtec.cat\/escmusicavic\/wp-json\/wp\/v2\/comments?post=519"}],"version-history":[{"count":3,"href":"https:\/\/agora.xtec.cat\/escmusicavic\/wp-json\/wp\/v2\/pages\/519\/revisions"}],"predecessor-version":[{"id":4761,"href":"https:\/\/agora.xtec.cat\/escmusicavic\/wp-json\/wp\/v2\/pages\/519\/revisions\/4761"}],"up":[{"embeddable":true,"href":"https:\/\/agora.xtec.cat\/escmusicavic\/wp-json\/wp\/v2\/pages\/195"}],"wp:attachment":[{"href":"https:\/\/agora.xtec.cat\/escmusicavic\/wp-json\/wp\/v2\/media?parent=519"}],"curies":[{"name":"wp","href":"https:\/\/api.w.org\/{rel}","templated":true}]}}