{"id":4769,"date":"2021-12-01T16:09:38","date_gmt":"2021-12-01T15:09:38","guid":{"rendered":"https:\/\/agora.xtec.cat\/escmusicavic\/?page_id=4769"},"modified":"2021-12-01T22:37:23","modified_gmt":"2021-12-01T21:37:23","slug":"pla-anual-2021-22","status":"publish","type":"page","link":"https:\/\/agora.xtec.cat\/escmusicavic\/transparencia\/pla-anual-2021-22\/","title":{"rendered":"Pla Anual 2021-22"},"content":{"rendered":"<p>Al seg\u00fcent enlla\u00e7 hi trobareu el v\u00eddeo explicatiu del Pla Anual del curs 2021-22 de l&#8217;EMVIC:<\/p>\n<p><a href=\"https:\/\/agora.xtec.cat\/escmusicavic\/wp-content\/uploads\/usu1071\/2021\/12\/PlaAnual2021-22EMVIC.pdf\">Pla Anual 2021-22<\/a><\/p>\n","protected":false},"excerpt":{"rendered":"<p>Al seg\u00fcent enlla\u00e7 hi trobareu el v\u00eddeo explicatiu del Pla Anual del curs 2021-22 de l&#8217;EMVIC:<br \/>\n<a href=\"https:\/\/agora.xtec.cat\/escmusicavic\/wp-content\/uploads\/usu1071\/2021\/12\/PlaAnual2021-22EMVIC.pdf\">Pla Anual 2021-22<\/a><\/p>\n","protected":false},"author":11,"featured_media":0,"parent":584,"menu_order":40,"comment_status":"closed","ping_status":"closed","template":"","meta":{"_bbp_topic_count":0,"_bbp_reply_count":0,"_bbp_total_topic_count":0,"_bbp_total_reply_count":0,"_bbp_voice_count":0,"_bbp_anonymous_reply_count":0,"_bbp_topic_count_hidden":0,"_bbp_reply_count_hidden":0,"_bbp_forum_subforum_count":0,"footnotes":""},"class_list":["post-4769","page","type-page","status-publish","hentry"],"post_mailing_queue_ids":[],"_links":{"self":[{"href":"https:\/\/agora.xtec.cat\/escmusicavic\/wp-json\/wp\/v2\/pages\/4769","targetHints":{"allow":["GET"]}}],"collection":[{"href":"https:\/\/agora.xtec.cat\/escmusicavic\/wp-json\/wp\/v2\/pages"}],"about":[{"href":"https:\/\/agora.xtec.cat\/escmusicavic\/wp-json\/wp\/v2\/types\/page"}],"author":[{"embeddable":true,"href":"https:\/\/agora.xtec.cat\/escmusicavic\/wp-json\/wp\/v2\/users\/11"}],"replies":[{"embeddable":true,"href":"https:\/\/agora.xtec.cat\/escmusicavic\/wp-json\/wp\/v2\/comments?post=4769"}],"version-history":[{"count":2,"href":"https:\/\/agora.xtec.cat\/escmusicavic\/wp-json\/wp\/v2\/pages\/4769\/revisions"}],"predecessor-version":[{"id":4777,"href":"https:\/\/agora.xtec.cat\/escmusicavic\/wp-json\/wp\/v2\/pages\/4769\/revisions\/4777"}],"up":[{"embeddable":true,"href":"https:\/\/agora.xtec.cat\/escmusicavic\/wp-json\/wp\/v2\/pages\/584"}],"wp:attachment":[{"href":"https:\/\/agora.xtec.cat\/escmusicavic\/wp-json\/wp\/v2\/media?parent=4769"}],"curies":[{"name":"wp","href":"https:\/\/api.w.org\/{rel}","templated":true}]}}