{"id":4764,"date":"2021-12-01T16:04:09","date_gmt":"2021-12-01T15:04:09","guid":{"rendered":"https:\/\/agora.xtec.cat\/escmusicavic\/?page_id=4764"},"modified":"2021-12-01T16:04:09","modified_gmt":"2021-12-01T15:04:09","slug":"memoria-anual-curs-2020-21","status":"publish","type":"page","link":"https:\/\/agora.xtec.cat\/escmusicavic\/transparencia\/memoria-anual-curs-2020-21\/","title":{"rendered":"Mem\u00f2ria Anual Curs 2020-21"},"content":{"rendered":"<p>Al seg\u00fcent document hi trobareu la Mem\u00f2ria Anual del curs 2020-21 a l&#8217;EMVIC.<\/p>\n<p><a href=\"https:\/\/agora.xtec.cat\/escmusicavic\/wp-content\/uploads\/usu1071\/2021\/12\/memoria20-21.pdf\">Mem\u00f2ria Anual Curs 2020-21<\/a><\/p>\n","protected":false},"excerpt":{"rendered":"<p>Al seg\u00fcent document hi trobareu la Mem\u00f2ria Anual del curs 2020-21 a l&#8217;EMVIC.<br \/>\n<a href=\"https:\/\/agora.xtec.cat\/escmusicavic\/wp-content\/uploads\/usu1071\/2021\/12\/memoria20-21.pdf\">Mem\u00f2ria Anual Curs 2020-21<\/a><\/p>\n","protected":false},"author":11,"featured_media":0,"parent":584,"menu_order":30,"comment_status":"closed","ping_status":"closed","template":"","meta":{"_bbp_topic_count":0,"_bbp_reply_count":0,"_bbp_total_topic_count":0,"_bbp_total_reply_count":0,"_bbp_voice_count":0,"_bbp_anonymous_reply_count":0,"_bbp_topic_count_hidden":0,"_bbp_reply_count_hidden":0,"_bbp_forum_subforum_count":0,"footnotes":""},"class_list":["post-4764","page","type-page","status-publish","hentry"],"post_mailing_queue_ids":[],"_links":{"self":[{"href":"https:\/\/agora.xtec.cat\/escmusicavic\/wp-json\/wp\/v2\/pages\/4764","targetHints":{"allow":["GET"]}}],"collection":[{"href":"https:\/\/agora.xtec.cat\/escmusicavic\/wp-json\/wp\/v2\/pages"}],"about":[{"href":"https:\/\/agora.xtec.cat\/escmusicavic\/wp-json\/wp\/v2\/types\/page"}],"author":[{"embeddable":true,"href":"https:\/\/agora.xtec.cat\/escmusicavic\/wp-json\/wp\/v2\/users\/11"}],"replies":[{"embeddable":true,"href":"https:\/\/agora.xtec.cat\/escmusicavic\/wp-json\/wp\/v2\/comments?post=4764"}],"version-history":[{"count":1,"href":"https:\/\/agora.xtec.cat\/escmusicavic\/wp-json\/wp\/v2\/pages\/4764\/revisions"}],"predecessor-version":[{"id":4766,"href":"https:\/\/agora.xtec.cat\/escmusicavic\/wp-json\/wp\/v2\/pages\/4764\/revisions\/4766"}],"up":[{"embeddable":true,"href":"https:\/\/agora.xtec.cat\/escmusicavic\/wp-json\/wp\/v2\/pages\/584"}],"wp:attachment":[{"href":"https:\/\/agora.xtec.cat\/escmusicavic\/wp-json\/wp\/v2\/media?parent=4764"}],"curies":[{"name":"wp","href":"https:\/\/api.w.org\/{rel}","templated":true}]}}