{"id":4704,"date":"2021-11-30T16:28:42","date_gmt":"2021-11-30T15:28:42","guid":{"rendered":"https:\/\/agora.xtec.cat\/escmusicavic\/?page_id=4704"},"modified":"2023-10-16T15:43:52","modified_gmt":"2023-10-16T13:43:52","slug":"xarxa-emvic","status":"publish","type":"page","link":"https:\/\/agora.xtec.cat\/escmusicavic\/ofertaeducativa\/escola-de-musica\/xarxa-emvic\/","title":{"rendered":"Xarxa EMVIC"},"content":{"rendered":"<p style=\"text-align: justify;\">La Xarxa EMVIC<span style=\"color: #ff6600;\">\u00a0<\/span>s\u00f3n seus diferents a les de Vic on, d&#8217;acord amb els ajuntaments respectius, l&#8217;Escola de M\u00fasica de Vic ofereix els programes de SENSIBILITZACI\u00d3 i NIVELL ELEMENTAL descrits anteriorment. Els alumnes poden complementar aquests programes amb activitats a la seu central de Vic. Actualment la Xarxa EMVIC est\u00e0 integrada per les seg\u00fcents aules: FOLGUEROLES, CALLDETENES, SANT JULI\u00c0, VILADRAU, SANT HILARI, ARB\u00daCIES, SANTA EUG\u00c8NIA DE BERGA i l&#8217;ESCOLA DE M\u00daSICA DE TONA.<\/p>\n<p>Enlla\u00e7a al v\u00eddeo de presentaci\u00f3 de <a href=\"https:\/\/youtu.be\/5Spm-DejdFE\">la Xarxa EMVIC<\/a>.<\/p>\n<table style=\"background-color: #4389bc; border: 2px solid #ffffff; width: 47.56437386601319%; height: 82px;\" border=\"2\" cellspacing=\"4\" cellpadding=\"4\">\n<colgroup>\n<col width=\"151\" \/>\n<col width=\"141\" \/>\n<col width=\"142\" \/>\n<col width=\"132\" \/><\/colgroup>\n<tbody>\n<tr>\n<td style=\"width: 10.945273631840797%;\" colspan=\"4\" valign=\"TOP\" width=\"602\" height=\"22\"><strong><span style=\"color: #ffffff;\">OFERTA D&#8217;INSTRUMENTS SANT HILARI I ARB\u00daCIES<\/span><\/strong><\/td>\n<\/tr>\n<tr valign=\"TOP\">\n<td style=\"width: 10.945273631840797%;\" colspan=\"4\" width=\"151\">\n<h5>BATERIA<\/h5>\n<h5>BAIX EL\u00c8CTRIC<\/h5>\n<h5>CLARINET<\/h5>\n<h5>FLAUTA TRAVESSERA<\/h5>\n<h5>GUITARRA<\/h5>\n<h5>GUITARRA EL\u00c8CTRICA<\/h5>\n<h5>PIANO<\/h5>\n<h5>SAXO<\/h5>\n<h5>VIOL\u00cd<\/h5>\n<h5>VIOLONCEL<\/h5>\n<\/td>\n<\/tr>\n<\/tbody>\n<\/table>\n<table style=\"background-color: #4389bc; border: 2px solid #ffffff; width: 47.734756154929315%; height: 82px;\" border=\"2\" cellspacing=\"4\" cellpadding=\"4\">\n<colgroup>\n<col width=\"151\" \/>\n<col width=\"141\" \/>\n<col width=\"142\" \/>\n<col width=\"132\" \/><\/colgroup>\n<tbody>\n<tr style=\"height: 32px;\">\n<td style=\"height: 32px; width: 10.37037037037037%;\" colspan=\"4\" valign=\"TOP\" width=\"602\" height=\"22\"><span style=\"color: #ffffff;\"><strong>OFERTA D&#8217;INSTRUMENTS SANT JULI\u00c0 DE VILATORTA<\/strong><\/span><\/td>\n<\/tr>\n<tr style=\"height: 50px;\" valign=\"TOP\">\n<td style=\"height: 50px; width: 10.37037037037037%;\" colspan=\"4\" width=\"151\">\n<h5>FLAUTA TRAVESSERA<\/h5>\n<h5>GUITARRA<\/h5>\n<h5>PIANO<\/h5>\n<h5>SAXO<\/h5>\n<h5>TROMPETA<\/h5>\n<h5>VIOL\u00cd<\/h5>\n<\/td>\n<\/tr>\n<\/tbody>\n<\/table>\n<table style=\"background-color: #4389bc; border: 2px solid #ffffff; width: 47.740386414905636%; height: 82px;\" border=\"2\" cellspacing=\"4\" cellpadding=\"4\">\n<colgroup>\n<col width=\"151\" \/>\n<col width=\"141\" \/>\n<col width=\"142\" \/>\n<col width=\"132\" \/><\/colgroup>\n<tbody>\n<tr>\n<td style=\"width: 1.6%;\" colspan=\"4\" valign=\"TOP\" width=\"602\" height=\"22\"><span style=\"color: #ffffff;\"><strong>OFERTA D&#8217;INSTRUMENTS FOLGUEROLES<\/strong><\/span><\/td>\n<\/tr>\n<tr valign=\"TOP\">\n<td style=\"width: 1.6%;\" colspan=\"4\" width=\"151\">\n<h5>FLAUTA TRAVESSERA<\/h5>\n<h5>GUITARRA<\/h5>\n<h5>PIANO<\/h5>\n<h5>SAXO<\/h5>\n<h5>VIOL\u00cd<\/h5>\n<\/td>\n<\/tr>\n<\/tbody>\n<\/table>\n<table style=\"background-color: #4389bc; border: 2px solid #ffffff; width: 47.740386414905636%; height: 82px;\" border=\"2\" cellspacing=\"4\" cellpadding=\"4\">\n<colgroup>\n<col width=\"151\" \/>\n<col width=\"141\" \/>\n<col width=\"142\" \/>\n<col width=\"132\" \/><\/colgroup>\n<tbody>\n<tr>\n<td style=\"width: 1.6%;\" colspan=\"4\" valign=\"TOP\" width=\"602\" height=\"22\"><span style=\"color: #ffffff;\"><strong>OFERTA D&#8217;INSTRUMENTS CALLDETENES<\/strong><\/span><\/td>\n<\/tr>\n<tr valign=\"TOP\">\n<td style=\"width: 1.6%;\" colspan=\"4\" width=\"151\">\n<h5>GUITARRA<\/h5>\n<h5>PIANO<\/h5>\n<h5>SAXO<\/h5>\n<h5>VIOL\u00cd<\/h5>\n<\/td>\n<\/tr>\n<\/tbody>\n<\/table>\n<table style=\"background-color: #4389bc; border: 2px solid #ffffff; width: 47.89780608922526%; height: 82px;\" border=\"2\" cellspacing=\"4\" cellpadding=\"4\">\n<colgroup>\n<col width=\"151\" \/>\n<col width=\"141\" \/>\n<col width=\"142\" \/>\n<col width=\"132\" \/><\/colgroup>\n<tbody>\n<tr>\n<td style=\"width: 1.6%;\" colspan=\"4\" valign=\"TOP\" width=\"602\" height=\"22\"><span style=\"color: #ffffff;\"><strong>OFERTA D&#8217;INSTRUMENTS TONA<\/strong><\/span><\/td>\n<\/tr>\n<tr valign=\"TOP\">\n<td style=\"width: 1.6%;\" colspan=\"4\" width=\"151\">\n<h5>BAIX EL\u00c8CTRIC<\/h5>\n<h5>BATERIA<\/h5>\n<h5>FLAUTA TRAVESSERA<\/h5>\n<h5>GUITARRA<\/h5>\n<h5>GUITARRA EL\u00c8CTRICA<\/h5>\n<h5>PIANO<\/h5>\n<h5>SAXO<\/h5>\n<h5>VIOL\u00cd<\/h5>\n<\/td>\n<\/tr>\n<\/tbody>\n<\/table>\n<table style=\"background-color: #4389bc; border: 2px solid #ffffff; width: 48.067901125008966%; height: 82px;\" border=\"2\" cellspacing=\"4\" cellpadding=\"4\">\n<colgroup>\n<col width=\"151\" \/>\n<col width=\"141\" \/>\n<col width=\"142\" \/>\n<col width=\"132\" \/><\/colgroup>\n<tbody>\n<tr>\n<td style=\"width: 1.6%;\" colspan=\"4\" valign=\"TOP\" width=\"602\" height=\"22\"><span style=\"color: #ffffff;\"><strong>OFERTA D&#8217;INSTRUMENTS VILADRAU<\/strong><\/span><\/td>\n<\/tr>\n<tr valign=\"TOP\">\n<td style=\"width: 1.6%;\" colspan=\"4\" width=\"151\">\n<h5>PIANO<\/h5>\n<\/td>\n<\/tr>\n<\/tbody>\n<\/table>\n","protected":false},"excerpt":{"rendered":"<p>La Xarxa EMVIC\u00a0s\u00f3n seus diferents a les de Vic on, d&#8217;acord amb els ajuntaments respectius, l&#8217;Escola de M\u00fasica de Vic ofereix els programes de SENSIBILITZACI\u00d3 i NIVELL ELEMENTAL descrits anteriorment. Els alumnes poden complementar aquests programes amb activitats a la seu central de Vic. Actualment&hellip;  <a href=\"https:\/\/agora.xtec.cat\/escmusicavic\/ofertaeducativa\/escola-de-musica\/xarxa-emvic\/\" title=\"Read Xarxa EMVIC\">Llegeix m\u00e9s\u00bb<\/a><\/p>\n","protected":false},"author":11,"featured_media":0,"parent":519,"menu_order":5,"comment_status":"closed","ping_status":"closed","template":"","meta":{"_bbp_topic_count":0,"_bbp_reply_count":0,"_bbp_total_topic_count":0,"_bbp_total_reply_count":0,"_bbp_voice_count":0,"_bbp_anonymous_reply_count":0,"_bbp_topic_count_hidden":0,"_bbp_reply_count_hidden":0,"_bbp_forum_subforum_count":0,"footnotes":""},"class_list":["post-4704","page","type-page","status-publish","hentry"],"post_mailing_queue_ids":[],"_links":{"self":[{"href":"https:\/\/agora.xtec.cat\/escmusicavic\/wp-json\/wp\/v2\/pages\/4704","targetHints":{"allow":["GET"]}}],"collection":[{"href":"https:\/\/agora.xtec.cat\/escmusicavic\/wp-json\/wp\/v2\/pages"}],"about":[{"href":"https:\/\/agora.xtec.cat\/escmusicavic\/wp-json\/wp\/v2\/types\/page"}],"author":[{"embeddable":true,"href":"https:\/\/agora.xtec.cat\/escmusicavic\/wp-json\/wp\/v2\/users\/11"}],"replies":[{"embeddable":true,"href":"https:\/\/agora.xtec.cat\/escmusicavic\/wp-json\/wp\/v2\/comments?post=4704"}],"version-history":[{"count":7,"href":"https:\/\/agora.xtec.cat\/escmusicavic\/wp-json\/wp\/v2\/pages\/4704\/revisions"}],"predecessor-version":[{"id":6267,"href":"https:\/\/agora.xtec.cat\/escmusicavic\/wp-json\/wp\/v2\/pages\/4704\/revisions\/6267"}],"up":[{"embeddable":true,"href":"https:\/\/agora.xtec.cat\/escmusicavic\/wp-json\/wp\/v2\/pages\/519"}],"wp:attachment":[{"href":"https:\/\/agora.xtec.cat\/escmusicavic\/wp-json\/wp\/v2\/media?parent=4704"}],"curies":[{"name":"wp","href":"https:\/\/api.w.org\/{rel}","templated":true}]}}