{"id":4690,"date":"2021-11-30T16:13:58","date_gmt":"2021-11-30T15:13:58","guid":{"rendered":"https:\/\/agora.xtec.cat\/escmusicavic\/?page_id=4690"},"modified":"2024-10-16T13:05:57","modified_gmt":"2024-10-16T11:05:57","slug":"sensibilitzacio-2","status":"publish","type":"page","link":"https:\/\/agora.xtec.cat\/escmusicavic\/ofertaeducativa\/escola-de-musica\/sensibilitzacio-2\/","title":{"rendered":"Nivell Elemental"},"content":{"rendered":"<p>Dels 6 als 11 anys. Escoltar, interpretar i crear: desenvolupar la intel\u00b7lig\u00e8ncia emocional. Programa troncal per assegurar una base s\u00f2lida del Llenguatge musical i Cant Coral.<\/p>\n<p><span style=\"color: #800000;\"><b>Itinerari Instrument \u00b7 a partir dels 7 anys (2n de prim\u00e0ria)<\/b><\/span><\/p>\n<p>Aprenentatge de la t\u00e8cnica b\u00e0sica d&#8217;un instrument. M\u00f2duls de 30&#8242; a 60&#8242; setmanals que el professor gestiona de manera individual, en petit grup o combinant les dues metodologies. R\u00e8gim d&#8217;estudi personal diari d&#8217;acord amb el m\u00f2dul lectiu d&#8217;instrument. Progressivament s&#8217;incorporen activitats complement\u00e0ries i optatives: orquestra, banda, conjunt instrumental, col\u00b7lectives de gran grup, repertorista&#8230; Comporta un pla anual d&#8217;activitats complement\u00e0ries: audicions, concerts, magistrals, intercanvis, trobades&#8230;<\/p>\n<p><span style=\"color: #800000;\"><b>Itinerari Taller PRIG \u00b7 a partir dels 7 anys<\/b><\/span><\/p>\n<p>Tallers de Pr\u00e0ctica Instrumental en Grup en sessions de 45&#8242; o 60&#8242; setmanals i en grups de 4 a 6 alumnes. Treball amb instruments de percussi\u00f3. Projectes i activitats.<\/p>\n","protected":false},"excerpt":{"rendered":"<p>Dels 6 als 11 anys. Escoltar, interpretar i crear: desenvolupar la intel\u00b7lig\u00e8ncia emocional. Programa troncal per assegurar una base s\u00f2lida del Llenguatge musical i Cant Coral.<br \/>\nItinerari Instrument \u00b7 a partir dels 7 anys (2n de prim\u00e0ria)<br \/>\nAprenentatge de la t\u00e8cnica b\u00e0sica d&#8217;un instrument. M\u00f2duls de 30&#8242;&hellip;  <a href=\"https:\/\/agora.xtec.cat\/escmusicavic\/ofertaeducativa\/escola-de-musica\/sensibilitzacio-2\/\" title=\"Read Nivell Elemental\">Llegeix m\u00e9s\u00bb<\/a><\/p>\n","protected":false},"author":11,"featured_media":0,"parent":519,"menu_order":3,"comment_status":"closed","ping_status":"closed","template":"","meta":{"_bbp_topic_count":0,"_bbp_reply_count":0,"_bbp_total_topic_count":0,"_bbp_total_reply_count":0,"_bbp_voice_count":0,"_bbp_anonymous_reply_count":0,"_bbp_topic_count_hidden":0,"_bbp_reply_count_hidden":0,"_bbp_forum_subforum_count":0,"footnotes":""},"class_list":["post-4690","page","type-page","status-publish","hentry"],"post_mailing_queue_ids":[],"_links":{"self":[{"href":"https:\/\/agora.xtec.cat\/escmusicavic\/wp-json\/wp\/v2\/pages\/4690","targetHints":{"allow":["GET"]}}],"collection":[{"href":"https:\/\/agora.xtec.cat\/escmusicavic\/wp-json\/wp\/v2\/pages"}],"about":[{"href":"https:\/\/agora.xtec.cat\/escmusicavic\/wp-json\/wp\/v2\/types\/page"}],"author":[{"embeddable":true,"href":"https:\/\/agora.xtec.cat\/escmusicavic\/wp-json\/wp\/v2\/users\/11"}],"replies":[{"embeddable":true,"href":"https:\/\/agora.xtec.cat\/escmusicavic\/wp-json\/wp\/v2\/comments?post=4690"}],"version-history":[{"count":5,"href":"https:\/\/agora.xtec.cat\/escmusicavic\/wp-json\/wp\/v2\/pages\/4690\/revisions"}],"predecessor-version":[{"id":6890,"href":"https:\/\/agora.xtec.cat\/escmusicavic\/wp-json\/wp\/v2\/pages\/4690\/revisions\/6890"}],"up":[{"embeddable":true,"href":"https:\/\/agora.xtec.cat\/escmusicavic\/wp-json\/wp\/v2\/pages\/519"}],"wp:attachment":[{"href":"https:\/\/agora.xtec.cat\/escmusicavic\/wp-json\/wp\/v2\/media?parent=4690"}],"curies":[{"name":"wp","href":"https:\/\/api.w.org\/{rel}","templated":true}]}}