{"id":4483,"date":"2021-09-17T10:37:47","date_gmt":"2021-09-17T08:37:47","guid":{"rendered":"https:\/\/agora.xtec.cat\/escmusicavic\/?page_id=4483"},"modified":"2021-09-17T11:03:48","modified_gmt":"2021-09-17T09:03:48","slug":"acces-a-gwido-compte-de-pare-mare-tutor","status":"publish","type":"page","link":"https:\/\/agora.xtec.cat\/escmusicavic\/acces-a-gwido-compte-de-pare-mare-tutor\/","title":{"rendered":"ACC\u00c9S A GWIDO &#8211; COMPTE DE PARE\/MARE\/TUTOR"},"content":{"rendered":"<p><strong>NOVETAT!<\/strong><br \/>\nAquest curs l\u2019acc\u00e9s a Gwido, la plataforma acad\u00e8mica a on hi trobareu els horaris, matr\u00edcules, quotes i informes es realitzar\u00e0 des del compte del pare\/mare o tutor\/a legal de l\u2019alumne\/a. D\u2019aquesta manera des d\u2019un \u00fanic compte podreu accedir a les dades dels vostres fills\/es. Us ser\u00e0 molt \u00fatil sobretot en el cas de tenir m\u00e9s d&#8217;un\/a fill\/a al centre, ja que des d&#8217;un mateix compte podreu veure les dades de tots.<\/p>\n<p>Els propers dies cada tutor que tingui el correu informat al nostre sistema rebr\u00e0 per correu electr\u00f2nic les noves dades d\u2019acc\u00e9s al Gwido.<\/p>\n<p><strong>ATENCI\u00d3<\/strong>: la contrasenya que us enviarem caduca en 5 dies. Una vegada l&#8217;h\u00e0giu canviat ja no t\u00e9 data de caducitat.<\/p>\n<p><a href=\"https:\/\/emvic.gwido.cat\/inici\"><img loading=\"lazy\" decoding=\"async\" class=\"size-full wp-image-4484 aligncenter\" src=\"https:\/\/agora.xtec.cat\/escmusicavic\/wp-content\/uploads\/usu1071\/2021\/09\/Captura-de-Pantalla-2021-09-17-a-les-10.34.01.png\" alt=\"\" width=\"64\" height=\"68\" \/><\/a><\/p>\n","protected":false},"excerpt":{"rendered":"<p>NOVETAT!<br \/>\nAquest curs l\u2019acc\u00e9s a Gwido, la plataforma acad\u00e8mica a on hi trobareu els horaris, matr\u00edcules, quotes i informes es realitzar\u00e0 des del compte del pare\/mare o tutor\/a legal de l\u2019alumne\/a. D\u2019aquesta manera des d\u2019un \u00fanic compte podreu accedir a les dades dels vostres fills\/es. Us&hellip;  <a href=\"https:\/\/agora.xtec.cat\/escmusicavic\/acces-a-gwido-compte-de-pare-mare-tutor\/\" title=\"Read ACC\u00c9S A GWIDO &#8211; COMPTE DE PARE\/MARE\/TUTOR\">Llegeix m\u00e9s\u00bb<\/a><\/p>\n","protected":false},"author":11,"featured_media":0,"parent":0,"menu_order":0,"comment_status":"closed","ping_status":"closed","template":"","meta":{"_bbp_topic_count":0,"_bbp_reply_count":0,"_bbp_total_topic_count":0,"_bbp_total_reply_count":0,"_bbp_voice_count":0,"_bbp_anonymous_reply_count":0,"_bbp_topic_count_hidden":0,"_bbp_reply_count_hidden":0,"_bbp_forum_subforum_count":0,"footnotes":""},"class_list":["post-4483","page","type-page","status-publish","hentry"],"post_mailing_queue_ids":[],"_links":{"self":[{"href":"https:\/\/agora.xtec.cat\/escmusicavic\/wp-json\/wp\/v2\/pages\/4483","targetHints":{"allow":["GET"]}}],"collection":[{"href":"https:\/\/agora.xtec.cat\/escmusicavic\/wp-json\/wp\/v2\/pages"}],"about":[{"href":"https:\/\/agora.xtec.cat\/escmusicavic\/wp-json\/wp\/v2\/types\/page"}],"author":[{"embeddable":true,"href":"https:\/\/agora.xtec.cat\/escmusicavic\/wp-json\/wp\/v2\/users\/11"}],"replies":[{"embeddable":true,"href":"https:\/\/agora.xtec.cat\/escmusicavic\/wp-json\/wp\/v2\/comments?post=4483"}],"version-history":[{"count":2,"href":"https:\/\/agora.xtec.cat\/escmusicavic\/wp-json\/wp\/v2\/pages\/4483\/revisions"}],"predecessor-version":[{"id":4488,"href":"https:\/\/agora.xtec.cat\/escmusicavic\/wp-json\/wp\/v2\/pages\/4483\/revisions\/4488"}],"wp:attachment":[{"href":"https:\/\/agora.xtec.cat\/escmusicavic\/wp-json\/wp\/v2\/media?parent=4483"}],"curies":[{"name":"wp","href":"https:\/\/api.w.org\/{rel}","templated":true}]}}