{"id":3726,"date":"2020-11-30T12:04:10","date_gmt":"2020-11-30T11:04:10","guid":{"rendered":"http:\/\/agora.xtec.cat\/escmusicavic\/?page_id=3726"},"modified":"2021-11-30T16:43:00","modified_gmt":"2021-11-30T15:43:00","slug":"si-toquem-junts-sona-millor","status":"publish","type":"page","link":"https:\/\/agora.xtec.cat\/escmusicavic\/ofertaeducativa\/escola-de-musica\/sensibilitzacio-2\/si-toquem-junts-sona-millor\/","title":{"rendered":"Si toquem junts, sona millor"},"content":{"rendered":"<div>\n<p class=\"copy-paste-block\">El projecte<strong><em> Si toquem junts, sona millor<\/em><\/strong> va comen\u00e7ar el curs 2012-13. Aquest projecte es desenvolupa amb alumnes de 3r de prim\u00e0ria de les escoles de Vic que hi vulguin participar, conjuntament amb l&#8217;Escola de M\u00fasica i Conservatori de Vic. Els objectius d&#8217;aquest projecte s\u00f3n els seg\u00fcents:<\/p>\n<ol>\n<li><a href=\"https:\/\/agora.xtec.cat\/escmusicavic\/wp-content\/uploads\/usu1071\/2020\/11\/24302429_811849155642810_7537539393147554176_o_811849155642810.jpg\"><img loading=\"lazy\" decoding=\"async\" class=\"wp-image-3727 alignright\" src=\"https:\/\/agora.xtec.cat\/escmusicavic\/wp-content\/uploads\/usu1071\/2020\/11\/24302429_811849155642810_7537539393147554176_o_811849155642810-1024x683.jpg\" alt=\"\" width=\"533\" height=\"356\" srcset=\"https:\/\/agora.xtec.cat\/escmusicavic\/wp-content\/uploads\/usu1071\/2020\/11\/24302429_811849155642810_7537539393147554176_o_811849155642810-1024x683.jpg 1024w, https:\/\/agora.xtec.cat\/escmusicavic\/wp-content\/uploads\/usu1071\/2020\/11\/24302429_811849155642810_7537539393147554176_o_811849155642810-300x200.jpg 300w, https:\/\/agora.xtec.cat\/escmusicavic\/wp-content\/uploads\/usu1071\/2020\/11\/24302429_811849155642810_7537539393147554176_o_811849155642810-768x512.jpg 768w, https:\/\/agora.xtec.cat\/escmusicavic\/wp-content\/uploads\/usu1071\/2020\/11\/24302429_811849155642810_7537539393147554176_o_811849155642810.jpg 1620w\" sizes=\"auto, (max-width: 533px) 100vw, 533px\" \/><\/a>Apropar l\u2019Escola de M\u00fasica i Conservatori de Vic als infants de la ciutat, que accedir a aquest servei els \u00e9s complexe a causa de la seva situaci\u00f3 econ\u00f2mica i\/o perfil social.<\/li>\n<li>Vincular escoles d\u2019Educaci\u00f3 Prim\u00e0ria de Vic de diferent titularitat, afavorint la col\u00b7laboraci\u00f3 entre els mestres dels diferents centres aix\u00ed com la conviv\u00e8ncia i el treball cooperatiu dels seus alumnes.<\/li>\n<li>Con\u00e8ixer les habilitats musicals destacades i els interessos musicals dels alumnes del projecte, estudiant la viabilitat de sumar-los als programes centrals del projecte educatiu de l\u2019emvic.<\/li>\n<li>Incidir en l\u2019educaci\u00f3 emocional dels alumnes mitjan\u00e7ant el poder transformador de la m\u00fasica i amb la Musicoter\u00e0pia com a eina principal, treballant valors com el respecte, la toler\u00e0ncia, el sentiment de pertinen\u00e7a i l\u2019autoestima.<\/li>\n<li>Potenciar l\u2019\u00e8xit educatiu dels alumnes usuaris del projecte, incidint en l\u2019adquisici\u00f3 de les vuit compet\u00e8ncies transversals b\u00e0siques descrites pel Departament d\u2019Ensenyament de la Generalitat de Catalunya<\/li>\n<\/ol>\n<p>&nbsp;<\/p>\n<p class=\"copy-paste-block\">Aquest projecte consisteix en un treball a dos nivells: a nivell d&#8217;alumnat i a nivell de professorat. A nivell de professorat, els mestres especialistes de m\u00fasica de les escoles participants treballen conjuntament amb els professors de l&#8217;Escola de M\u00fasica de Vic de manera que treballen conjuntament la metodologia i les propostes concretes de treball. Aquesta metodologia es basa en tres eixos:<\/p>\n<p>&nbsp;<\/p>\n<ul>\n<li>La import\u00e0ncia a la consideraci\u00f3 de l\u2019entorn de cada alumne.<\/li>\n<li>La interdisciplinarietat intr\u00ednseca entre el so, el moviment i el llenguatge.<\/li>\n<li>La creativitat del docent \u2013en la programaci\u00f3 i en la capacitat de reacci\u00f3-, i de l\u2019alumne \u2013fent propostes sorgides de la improvisaci\u00f3 o la composici\u00f3, i en les respostes davant els reptes proposats com a forma d\u2019aprenentatge.<\/li>\n<\/ul>\n<p class=\"copy-paste-block\">Paral\u00b7lelament, els alumnes treballen en diferents tallers que van rotant i en un grup format per alumnes del seu centre i d&#8217;un altre centre de la ciutat. Aquests tallers s\u00f3n variants depenent de la formaci\u00f3 i l&#8217;especialitzaci\u00f3 dels professors i mestres de cada curs.<\/p>\n<p class=\"copy-paste-block\">El projecte es clou amb una mostra oberta a la ciutat a la Sala 2 de L&#8217;Atl\u00e0ntida.<\/p>\n<\/div>\n","protected":false},"excerpt":{"rendered":"<p>El projecte Si toquem junts, sona millor va comen\u00e7ar el curs 2012-13. Aquest projecte es desenvolupa amb alumnes de 3r de prim\u00e0ria de les escoles de Vic que hi vulguin participar, conjuntament amb l&#8217;Escola de M\u00fasica i Conservatori de Vic. Els objectius d&#8217;aquest projecte s\u00f3n&hellip;  <a href=\"https:\/\/agora.xtec.cat\/escmusicavic\/ofertaeducativa\/escola-de-musica\/sensibilitzacio-2\/si-toquem-junts-sona-millor\/\" title=\"Read Si toquem junts, sona millor\">Llegeix m\u00e9s\u00bb<\/a><\/p>\n","protected":false},"author":11,"featured_media":0,"parent":4690,"menu_order":2,"comment_status":"closed","ping_status":"closed","template":"","meta":{"_bbp_topic_count":0,"_bbp_reply_count":0,"_bbp_total_topic_count":0,"_bbp_total_reply_count":0,"_bbp_voice_count":0,"_bbp_anonymous_reply_count":0,"_bbp_topic_count_hidden":0,"_bbp_reply_count_hidden":0,"_bbp_forum_subforum_count":0,"footnotes":""},"class_list":["post-3726","page","type-page","status-publish","hentry"],"post_mailing_queue_ids":[],"_links":{"self":[{"href":"https:\/\/agora.xtec.cat\/escmusicavic\/wp-json\/wp\/v2\/pages\/3726","targetHints":{"allow":["GET"]}}],"collection":[{"href":"https:\/\/agora.xtec.cat\/escmusicavic\/wp-json\/wp\/v2\/pages"}],"about":[{"href":"https:\/\/agora.xtec.cat\/escmusicavic\/wp-json\/wp\/v2\/types\/page"}],"author":[{"embeddable":true,"href":"https:\/\/agora.xtec.cat\/escmusicavic\/wp-json\/wp\/v2\/users\/11"}],"replies":[{"embeddable":true,"href":"https:\/\/agora.xtec.cat\/escmusicavic\/wp-json\/wp\/v2\/comments?post=3726"}],"version-history":[{"count":3,"href":"https:\/\/agora.xtec.cat\/escmusicavic\/wp-json\/wp\/v2\/pages\/3726\/revisions"}],"predecessor-version":[{"id":3740,"href":"https:\/\/agora.xtec.cat\/escmusicavic\/wp-json\/wp\/v2\/pages\/3726\/revisions\/3740"}],"up":[{"embeddable":true,"href":"https:\/\/agora.xtec.cat\/escmusicavic\/wp-json\/wp\/v2\/pages\/4690"}],"wp:attachment":[{"href":"https:\/\/agora.xtec.cat\/escmusicavic\/wp-json\/wp\/v2\/media?parent=3726"}],"curies":[{"name":"wp","href":"https:\/\/api.w.org\/{rel}","templated":true}]}}