{"id":27,"date":"2014-09-17T16:24:03","date_gmt":"2014-09-17T16:24:03","guid":{"rendered":"http:\/\/agora.xtec.cat\/escmusicavic\/?page_id=27"},"modified":"2024-10-30T16:19:25","modified_gmt":"2024-10-30T15:19:25","slug":"historia","status":"publish","type":"page","link":"https:\/\/agora.xtec.cat\/escmusicavic\/lescola\/historia\/","title":{"rendered":"Hist\u00f2ria"},"content":{"rendered":"<p style=\"text-align: justify;\"><!-- [if gte mso 9]&gt; Normal 0 21 false false false MicrosoftInternetExplorer4 &lt;![endif]--><!-- [if gte mso 9]&gt; &lt;![endif]--> <!-- \/* Style Definitions *\/ p.MsoNormal, li.MsoNormal, div.MsoNormal {mso-style-parent:\"\"; margin:0cm; margin-bottom:.0001pt; mso-pagination:widow-orphan; font-size:12.0pt; font-family:\"Times New Roman\"; mso-fareast-font-family:\"Times New Roman\"; mso-ansi-language:CA;} p {mso-margin-top-alt:auto; margin-right:0cm; mso-margin-bottom-alt:auto; margin-left:0cm; mso-pagination:widow-orphan; font-size:12.0pt; font-family:\"Times New Roman\"; mso-fareast-font-family:\"Times New Roman\";} @page Section1 {size:612.0pt 792.0pt; margin:70.85pt 3.0cm 70.85pt 3.0cm; mso-header-margin:36.0pt; mso-footer-margin:36.0pt; mso-paper-source:0;} div.Section1 {page:Section1;} --> <!-- [if gte mso 10]&gt; &lt;! \/* Style Definitions *\/ table.MsoNormalTable {mso-style-name:\"Tabla normal\"; mso-tstyle-rowband-size:0; mso-tstyle-colband-size:0; mso-style-noshow:yes; mso-style-parent:\"\"; mso-padding-alt:0cm 5.4pt 0cm 5.4pt; mso-para-margin:0cm; mso-para-margin-bottom:.0001pt; mso-pagination:widow-orphan; font-size:10.0pt; font-family:\"Times New Roman\"; mso-ansi-language:#0400; mso-fareast-language:#0400; mso-bidi-language:#0400;} --> <!--[endif]--><span style=\"color: #ff0000;\">1844: <\/span><span lang=\"CA\">L\u2019Ajuntament de Vic crea l\u2019Escola de M\u00fasica conjuntament amb la Banda de M\u00fasica Municipal i nomena professor i director, respectivament, a Jaume Sol\u00e0. L\u2019Escola s\u2019instal\u00b7la al convent desamortitzat de Sant Felip.<\/span><\/p>\n<p style=\"text-align: justify;\"><span style=\"color: #ff0000;\">1858: <\/span>L\u2019Ajuntament de Vic estableix el reglament que haur\u00e0 de regir la Banda de M\u00fasica que es compondr\u00e0 de <em>profesores de contrata y de alumnos de la escuela publica de musica costeada por esta Corporacion<\/em>.<\/p>\n<p><span style=\"color: #ff0000;\">1860: <\/span>L\u2019Ajuntament de Vic rep una subvenci\u00f3 de la Diputaci\u00f3 de Barcelona destinada a millorar l\u2019ensenyament municipal, on s\u2019inclou la compra d\u2019instruments i la renovaci\u00f3 de l\u2019Escola de M\u00fasica.<\/p>\n<p><span style=\"color: #ff0000;\">1876: <\/span><span lang=\"CA\">Marci\u00e0 Sol\u00e0 \u00e9s nomenat mestre i director de l\u2019Escola de M\u00fasica.<\/span><\/p>\n<p><span style=\"color: #ff0000;\">1877: <\/span><span lang=\"CA\">L\u2019Escola de M\u00fasica sobrepassa els 100 alumnes.<\/span><\/p>\n<p><span style=\"color: #ff0000;\">1878: <\/span><span lang=\"CA\">Ventura Casanovas Sargas, \u00e9s nomenat director de l\u2019Escola de M\u00fasica.<\/span><\/p>\n<p style=\"text-align: justify;\"><span style=\"color: #ff0000;\">1889:<\/span> Llu\u00eds Gonzaga Jord\u00e0 fou nomenat director amb nom\u00e9s vint i un anys. Va abandonar el c\u00e0rrec l&#8217;any 1898 per marxar a M\u00e8xic, despr\u00e9s d&#8217;un afer amor\u00f3s, on va triomfar com a compositor.<\/p>\n<p style=\"text-align: justify;\"><span style=\"color: #ff0000;\">1898:<\/span> Eusebi Bosch i Josep Cortinas succeeixen Jord\u00e0 fins l&#8217;any 1912 quan l&#8217;Ajuntament dissol la banda municipal.<\/p>\n<p style=\"text-align: justify;\"><span style=\"color: #ff0000;\">1913:<\/span> L&#8217;Ajuntament crea el Conservatori Municipal a partir de l&#8217;antiga escola i vinculat a la Banda Municipal. Joan M Espadaler, format musicalment a Barcelona amb importants mestres del moment, ser\u00e0 el primer director d&#8217;aquest nou centre. Ser\u00e0 una de les etapes m\u00e9s reeixides de tota la nostra hist\u00f2ria.<\/p>\n<p style=\"text-align: justify;\"><span style=\"color: #ff0000;\">1917:<\/span> Benet Morat\u00f3 \u00e9s nomenat nou director del Conservatori fins l&#8217;any 1924 quan l&#8217;Ajuntament decideix, en un moment de nova decad\u00e8ncia, dissoldre el Conservatori i centrar tots els esfor\u00e7os en potenciar la Banda Municipal.<\/p>\n<p style=\"text-align: justify;\"><span style=\"color: #ff0000;\">1924: <\/span>L&#8217;Ajuntament dissol el Conservatori i continua l&#8217;Escola Municipal de M\u00fasica. Josep Cortines torna a la direcci\u00f3 de l&#8217;Escola de M\u00fasica.<\/p>\n<p style=\"text-align: justify;\"><span style=\"color: #ff0000;\">1928: <\/span>Es nomena Rafael Subirachs com a director de l&#8217;Escola i de la Banda Municipal.<\/p>\n<p style=\"text-align: justify;\"><span style=\"color: #ff0000;\">1931:<\/span> Rafael Subirachs funda l&#8217;Orquestra de Cambra de Vic.<\/p>\n<p style=\"text-align: justify;\"><span style=\"color: #ff0000;\">1941:<\/span> Es crea l&#8217;Orquestra Municipal de Vic dirigida per Subirachs que durar\u00e0 fins l&#8217;any 1952.<\/p>\n<p style=\"text-align: justify;\"><span style=\"color: #ff0000;\">1964:<\/span> Joventuts Musicals refunda l&#8217;Orquestra de Cambra amb un jove Antoni Ros Marb\u00e0 com a director.<\/p>\n<p style=\"text-align: justify;\"><span style=\"color: #ff0000;\">1968:<\/span> Rafael Subirachs es jubila. Es dissol la Banda i comen\u00e7a una nova etapa de renovaci\u00f3 de l&#8217;Escola amb Santi Riera (68-69) i Joaquim Maideu (69-92). L&#8217;Escola queda sota l&#8217;empara del Patronat d&#8217;Estudis Osonencs per evitar el concurs administratiu de la vacant del director.<\/p>\n<p style=\"text-align: justify;\"><span style=\"color: #ff0000;\">1980:<\/span> Es presenta l&#8217;Orquestra de Cambra de Vic que dirigeix Pere Serra i basada en els primers alumnes de l&#8217;Escola de M\u00fasica que comencen a acabar els seus estudis musicals.<\/p>\n<p style=\"text-align: justify;\"><span style=\"color: #ff0000;\">1981:<\/span> L&#8217;Ajuntament compra la casa modernista Serratosa per ubicar-hi l&#8217;Escola de M\u00fasica (amb l&#8217;alcalde Ramon Montany\u00e0).<\/p>\n<p style=\"text-align: justify;\"><span style=\"color: #ff0000;\">1988:<\/span> L&#8217;Escola \u00e9s reconeguda per la Generalitat.<\/p>\n<p style=\"text-align: justify;\"><span style=\"color: #ff0000;\">1990: <\/span>L&#8217;Escola es transforma en Conservatori Elemental segons els plans d&#8217;estudi vigents (Pla 66)<\/p>\n<p style=\"text-align: justify;\"><span style=\"color: #ff0000;\">1991:<\/span> Gr\u00e0cies al regidor de cultura Candi Espona, l&#8217;Ajuntament crea el servei municipal de m\u00fasica i mitjan\u00e7ant concurs administratiu cedeix la gesti\u00f3 a la Fundaci\u00f3 Estudis Musicals de Vic creada amb la finalitat de donar cobertura legal a l&#8217;Escola de M\u00fasica. Els regidors Jordi Vivet, Enric Castellnou, Xavier Sol\u00e0, Dolors Rovira i Xavier Arum\u00ed presidiran la Fundaci\u00f3 en aquests primers anys de vida.<\/p>\n<p style=\"text-align: justify;\"><span style=\"color: #ff0000;\">1992:<\/span> Sebasti\u00e0 Bardolet pren el relleu a Joaquim Maideu en la direcci\u00f3 del centre. Comen\u00e7a un programa d&#8217;ensenyament integrat amb les escoles de Vic que provocar\u00e0 importants canvis en el futur.<\/p>\n<p style=\"text-align: justify;\"><span style=\"color: #ff0000;\">1992:<\/span>\u00a0Neix l&#8217;AMPA de l&#8217;Escola de M\u00fasica de Vic integrada per les fam\u00edlies dels alumnes menors d&#8217;edat i que donar\u00e0 suport a les activitats i equipaments del centre.<\/p>\n<p style=\"text-align: justify;\"><span style=\"color: #ff0000;\">1994:<\/span> El Conservatori Elemental passa novament a Escola de M\u00fasica en aplicaci\u00f3 de la nova llei d&#8217;ensenyament (LOGSE)-<\/p>\n<p style=\"text-align: justify;\"><span style=\"color: #ff0000;\">1996:<\/span> Josep Baucells \u00e9s nomenat nou director. L&#8217;Escola de M\u00fasica experimenta un gran creixement d&#8217;alumnat. Neix la quarta \u00e8poca de l&#8217;Orquestra de Cambra de Vic.<\/p>\n<p style=\"text-align: justify;\"><span style=\"color: #ff0000;\">2000:<\/span> Comencen les gestions per aconseguir un nou edifici que permeti atendre les noves dimensions de l&#8217;Escola. Provisionalment s&#8217;habilitaran aules al SEMINARI de Vic.<\/p>\n<p style=\"text-align: justify;\"><span style=\"color: #ff0000;\">2002: <\/span>Sebasti\u00e0 Bardolet \u00e9s nomenat novament director de l&#8217;Escola. Es produeix la integraci\u00f3 definitiva de l&#8217;aula de m\u00fasica moderna. L&#8217;Escola arriba als cinquanta professors i set-cents alumnes, fet que obliga a accelerar els tr\u00e0mits per aconseguir un nou edifici.<\/p>\n<p style=\"text-align: justify;\"><span style=\"color: #ff0000;\">2003:<\/span> El creixement i consolidaci\u00f3 de la M\u00fasica Moderna fa que es traslladi aquest nou Departament al Mas de Bigues aprofitant aquest nou espai que l&#8217;Ajuntament\u00a0 ha acondicionat per a bucs d&#8217;assaig.<\/p>\n<p class=\"p1\" style=\"text-align: justify;\"><span class=\"s1\"><span style=\"color: #ff0000;\">2005:<\/span> Surt a concurs el projecte d\u2019Escola Nova en el marc d\u2019un gran centre cultural que acollir\u00e0 tamb\u00e9 el nou Teatre Atl\u00e0ntida. L\u2019Escola demana novament el reconeixement com a Conservatori de Grau Mitj\u00e0.<\/span><\/p>\n<p class=\"p1\" style=\"text-align: justify;\"><span class=\"s1\"><span style=\"color: #ff0000;\">2006:<\/span> Montse Catll\u00e0 \u00e9s nomenada nova directora de l\u2019EMVIC. L\u2019arquitecte Josep Llin\u00e0s guanya el concurs del nou Complex Cultural de Vic que finalment es construir\u00e0 als antics jardins Tortad\u00e8s de darrera la Casa Serratosa.<\/span><\/p>\n<p class=\"p1\" style=\"text-align: justify;\"><span class=\"s1\"><span style=\"color: #ff0000;\">2007:<\/span> L\u2019EMVIC aconsegueix per primera vegada a la hist\u00f2ria el seu reconeixement com a Conservatori de Grau Professional de M\u00fasica i amb efectes retroactius al curs 2006-2007.<\/span><\/p>\n<p class=\"p1\" style=\"text-align: justify;\"><span class=\"s1\"><span style=\"color: #ff0000;\">2007<\/span>: Xavier Sol\u00e0 \u00e9s nomenat president de la Fundaci\u00f3 i comen\u00e7a una important reestructuraci\u00f3 de l\u2019entitat nomenant Llu\u00eds Vila d&#8217;Abadal com a director general de la Fundaci\u00f3. Comencen les obres del nou edifici. <\/span><\/p>\n<p class=\"p1\" style=\"text-align: justify;\"><span class=\"s1\"><span style=\"color: #ff0000;\">2008:<\/span> L\u2019EMVIC amplia activitats amb la creaci\u00f3 d\u2019Aules Associades a Arb\u00facies, Calldetenes, Folgueroles, Sant Hilari Sacalm i Viladrau. M\u00e9s tard s\u2019incorporar\u00e0 Sant Juli\u00e0 de Vilatorta. Amb aquesta iniciativa l\u2019EMVIC arriba als 1.200 alumnes.<\/span><\/p>\n<p class=\"p1\" style=\"text-align: justify;\"><span class=\"s1\"><span style=\"color: #ff0000;\">2008:<\/span> Es crea l&#8217;Aula d&#8217;Adults de l&#8217;emvic amb programes formatius personalitzats i de lliure elecci\u00f3. Neix l&#8217;Associaci\u00f3 d&#8217;Antics Alumnes de l&#8217;EMVIC presidida per Vicen\u00e7 Coma. Neix la Jazz Band de l&#8217;emvic. L&#8217;emvic s&#8217;incorpora a l&#8217;Associaci\u00f3 de Conservatoris de Catalunya i refor\u00e7a la seva pres\u00e8ncia i participaci\u00f3 en l&#8217;Associaci\u00f3 Catalana d&#8217;Escoles de M\u00fasica.<\/span><\/p>\n<p class=\"p1\" style=\"text-align: justify;\"><span class=\"s1\"><span style=\"color: #ff0000;\">2009:<\/span> La Fundaci\u00f3 Estudis Musicals es transforma en la Fundaci\u00f3 L&#8217;Atl\u00e0ntida per gestionar tot el nou Centre Cultural &#8211; EMVIC i Centre d&#8217;Arts Esc\u00e8niques d&#8217;Osona. Es produeix una reestructuraci\u00f3 important del Patronat que adquireix un car\u00e0cter m\u00e9s pol\u00edtic i transversal. L&#8217;alcalde Josep M Vila d&#8217;Abadal en ser\u00e0 el president. Es crea el Consell Social de l&#8217;emvic com a organisme\u00a0interlocutor.<\/span><\/p>\n<p class=\"p1\" style=\"text-align: justify;\"><span class=\"s1\"><span style=\"color: #ff0000;\">2010:<\/span> El 23 d\u2019abril s\u2019inaugura L&#8217;Atl\u00e0ntida, un edifici emblem\u00e0tic de la ciutat, obra de l\u2019arquitecte Josep Llinars, i que acull el Teatre, l\u2019Auditori i la nova Escola de M\u00fasica. El nou Auditori portar\u00e0 el nom del m\u00fasic i exdirector Joaquim Maideu. El 27 d&#8217;abril l&#8217;EMVIC celebra el concert inaugural del nou edifici encara que aquest no entrar\u00e0 en funcionament fins el curs seg\u00fcent.<\/span><\/p>\n<p class=\"p1\" style=\"text-align: justify;\"><span class=\"s1\"><span style=\"color: #ff0000;\">2010:<\/span> Comen\u00e7a el curs a les noves instal\u00b7lacions. La Casa Serratosa es destina a administraci\u00f3 i serveis de l\u2019EMVIC, de la nova Fundaci\u00f3 L&#8217;Atl\u00e0ntida i de la Regidoria de Cultura de l\u2019Ajuntament.\u00a0<\/span><\/p>\n<p class=\"p1\" style=\"text-align: justify;\"><span style=\"color: #ff0000;\">2010:<\/span> La Fundaci\u00f3 L&#8217;Atl\u00e0ntida assumeix, a trav\u00e9s d&#8217;un concurs de concessi\u00f3 administrativa, la gesti\u00f3 de l&#8217;Escola de M\u00fasica de Tona que passa, a partir d&#8217;aleshores, a formar part de la xarxa emvic.<\/p>\n<p class=\"p1\" style=\"text-align: justify;\"><span class=\"s1\"><span style=\"color: #ff0000;\">2011:<\/span> Trenta-tres anys despr\u00e9s de la seva desaparici\u00f3 Vic recupera, gr\u00e0cies a l\u2019Escola de M\u00fasica, la seva <a href=\"http:\/\/blocs.xtec.cat\/emvic\/files\/2011\/10\/bandabanda.pdf\">Banda Municipal<\/a>. Si a mitjans del s. XIX la Banda Municipal va donar a la ciutat una Escola de M\u00fasica, ara, a principis del s. XXI, ser\u00e0 l\u2019Escola de M\u00fasica qui tornar\u00e0 a la ciutat la seva Banda Municipal.<\/span><\/p>\n<p class=\"p1\" style=\"text-align: justify;\"><span class=\"s1\"><span style=\"color: #ff0000;\">2011:<\/span> Es redacta un pla estrat\u00e8gic on es defineixen les l\u00ednies d&#8217;actuaci\u00f3 fins a un abast de cinc anys vista. Es fa un especial inc\u00eds en la concreci\u00f3 del nombre m\u00e0xim de places escolars i en la determinaci\u00f3 de les l\u00ednies mestres de l&#8217;oferta educativa.<\/span><\/p>\n<p class=\"p1\" style=\"text-align: justify;\"><span class=\"s1\"><span style=\"color: #ff0000;\">2012:<\/span> Arran de la crisi del finan\u00e7ament p\u00fablic a les Escoles de M\u00fasica, l&#8217;emvic es mobilitza per a fer-hi front. Les parts implicades en el sosteniment i desenvolupament del projecte educatiu de l&#8217;emvic, resolen el blindatge del model educatiu i s&#8217;acorda l&#8217;aportaci\u00f3 econ\u00f2mica d&#8217;Ajuntament, Fam\u00edlies i Professionals per a fer possible la perman\u00e8ncia del model de centre. Es constitueix el Sistema d&#8217;Ajuts per al suport a les fam\u00edlies amb dificultats socioecon\u00f2miques. Aquesta borsa d&#8217;ajuts compta amb les aportacions de l&#8217;AMPA i de la Fundaci\u00f3 L&#8217;Atl\u00e0ntida.<\/span><\/p>\n<p class=\"p1\" style=\"text-align: justify;\"><span class=\"s1\"><span style=\"color: #ff0000;\">2012:<\/span> Es crea l&#8217;Aula iM\u00fasica com a oficialitzaci\u00f3 i obertura dels Tallers Intensius adre\u00e7ats a nou p\u00fablic. L&#8217;Aula iM\u00fasica oferir\u00e0 els tallers a alumnes entre 12 i 18 anys i que no necess\u00e0riament comptin amb estudis musicals previs.<\/span><\/p>\n<p class=\"p1\" style=\"text-align: justify;\"><span class=\"s1\"><span style=\"color: #ff0000;\">2013:<\/span> Es posa en marxa el programa d&#8217;educaci\u00f3 musical <i>Si toquem junts, sona millor!<\/i> per al foment de la participaci\u00f3 social de car\u00e0cter transversal. S&#8217;estableixen acords amb nous centres de prim\u00e0ria: Sagrat Cor i Vic Centre. La regidoria d&#8217;Educaci\u00f3 hi fa una aportaci\u00f3 espec\u00edfica. <\/span><\/p>\n<p class=\"p1\" style=\"text-align: justify;\"><span class=\"s1\"><span style=\"color: #ff0000;\">2013:<\/span> Es crea l&#8217;Aula de M\u00fasica Puig-Porret a partir del finan\u00e7ament de la instituci\u00f3 privada i amb el principal objectiu de contribuir a la preservaci\u00f3 i foment dels programes d&#8217;aprofundiment musical i d&#8217;atenci\u00f3 a l&#8217;excel\u00b7l\u00e8ncia.<\/span><\/p>\n<p class=\"p1\" style=\"text-align: justify;\"><span class=\"s1\"><span style=\"color: #ff0000;\">2013:<\/span> S&#8217;estableixen acords amb els centres p\u00fablics de Secund\u00e0ria per a la designaci\u00f3 oficial d&#8217;Instituts de Refer\u00e8ncia.<\/span><\/p>\n<p class=\"p1\" style=\"text-align: justify;\"><span class=\"s1\"><span style=\"color: #ff0000;\">2013:<\/span> Es porta a terme la revisi\u00f3 del projecte curricular del Conservatori i es concreten tot un seguit de projectes a l&#8217;entorn dels Departaments. Es porta a terme una important reestructuraci\u00f3 del curr\u00edculum de Llenguatge de Grau Professional i en els Departaments d&#8217;Instrument es posen en marxa projectes per a fonamentar la pr\u00e0ctica instrumental col\u00b7lectiva (orquestres, banda, jazz band, col\u00b7lectives de piano, conjunt de guitarres, etc).<\/span><\/p>\n<p class=\"p1\" style=\"text-align: justify;\"><span class=\"s1\"><span style=\"color: #ff0000;\">2014:<\/span> Es crea l&#8217;Aula de M\u00fasica Tradicional amb el finan\u00e7ament del Departament de Cultura de la Generalitat. S&#8217;ofereixen programes de cant coral i de pr\u00e0ctica instrumental a alumnes a partir de 10 anys i sense l\u00edmit d&#8217;edat. Es posa en marxa el programa educatiu de difusi\u00f3 musical <i>a l&#8217;entorn de&#8230; que m\u00e9s endavant contribuir\u00e0 en el projecte de L&#8217;Atl\u00e0ntida educa. <\/i>Despr\u00e9s d&#8217;una important reflexi\u00f3 sobre el projecte curricular, s&#8217;impulsen tot un seguit de reformes que incideixen molt especialment en l&#8217;ampliaci\u00f3 i flexibilitzaci\u00f3 de l&#8217;oferta educativa de Nivell Elemental. En aquest sentit es programen les assignatures de lliure elecci\u00f3 que tamb\u00e9 contribuixen notablement a l&#8217;abastiment del projecte educatiu de les Aules Associades. <\/span><\/p>\n<p class=\"p1\" style=\"text-align: justify;\"><span class=\"s1\"><span style=\"color: #ff0000;\">2014:<\/span> D&#8217;acord amb L&#8217;Atl\u00e0ntida s&#8217;impulsa el cicle de concerts Cl\u00e0ssica Jove que s&#8217;erigeix com a plataforma per a la projecci\u00f3 dels joves talents de la m\u00fasica cl\u00e0ssica. Es crea el cicle M\u00fasica d&#8217;aprop com a recuperaci\u00f3 del cicle de concerts de l&#8217;emvic amb la participaci\u00f3 de professors i exalumnes. <\/span><\/p>\n<p class=\"p1\" style=\"text-align: justify;\"><span class=\"s1\"><span style=\"color: #ff0000;\">2014:<\/span> L&#8217;emvic entra a forma part del Consell Escolar Municipal en un signe de normalitzaci\u00f3 i plena participaci\u00f3 en el Projecte Educatiu de Ciutat. El col\u00b7legi Sagrat Cor formalitza el conveni d&#8217;integraci\u00f3 curricular. El col\u00b7legi Santa Caterina s&#8217;afegeix al programa <i>Si toquem junts, sona millor!<\/i> <\/span><\/p>\n<p class=\"p1\" style=\"text-align: justify;\"><span class=\"s1\"><span style=\"color: #ff0000;\">2015:<\/span> Es posa en funcionament l&#8217;Aula de Musicoter\u00e0pia que ofereix atenci\u00f3 a particulars i que tamb\u00e9 estableix sinergies institucionals per a l&#8217;atenci\u00f3 de col\u00b7lectius espec\u00edfics.<span class=\"Apple-converted-space\">\u00a0 <\/span>L&#8217;Escola La Guixa-Senfores s&#8217;afegeix al programa <i>Si toquem junts, sona millor!<\/i><\/span><\/p>\n<p class=\"p1\" style=\"text-align: justify;\"><span style=\"color: #ff0000;\">2015: <span style=\"color: #000000;\">Anna Erra, nova alcaldessa de Vic, assumeix la presid\u00e8ncia del Patronat de la Fundaci\u00f3 l&#8217;Atl\u00e0ntida.\u00a0<\/span><\/span><\/p>\n<p class=\"p1\" style=\"text-align: justify;\"><span style=\"color: #ff0000;\">2016:<\/span> Es crea l&#8217;Aula +M\u00fasica amb l&#8217;objectiu d&#8217;ampliar l&#8217;oferta educativa complement\u00e0ria a l&#8217;itinerari troncal de Nivell Elemental. Es posa en funcionament el programa coNEIX la m\u00fasica adre\u00e7at a mares i pares amb nadons de 0 a 3 anys.<\/p>\n<p class=\"p1\" style=\"text-align: justify;\"><span style=\"color: #ff0000;\">2016:<\/span> Despr\u00e9s d\u2019un intens debat pol\u00edtic, es posa en marxa un proc\u00e9s participatiu per decidir si cal retornar el servei de l\u2019Escola de M\u00fasica i del Centre d\u2019Arts Esc\u00e8niques a la gesti\u00f3 directa de l\u2019ajuntament. El debat s\u2019acaba amb la continu\u00eftat de la gesti\u00f3 a trav\u00e9s de la Fundaci\u00f3 i la redacci\u00f3 d\u2019un contracte programa que asseguri un control m\u00e9s efectiu del servei per part de l\u2019ajuntament.<\/p>\n<p class=\"p1\" style=\"text-align: justify;\"><span style=\"color: #ff0000;\">2017:<\/span> Montse Catll\u00e0 \u00e9s nomenada directora general de la Fundaci\u00f3 L\u2019Atl\u00e0ntida en substituci\u00f3 de Llu\u00eds Vila d\u2019Abadal. Sebasti\u00e0 Bardolet \u00e9s nomenat director en funcions a l\u2019espera de convocar la pla\u00e7a definitiva la primavera del 2018. Comen\u00e7a la redacci\u00f3 d\u2019un nou Pla Estrat\u00e8gic que definir\u00e0 tant el model com la gesti\u00f3 dels propers anys.<\/p>\n<p class=\"p1\" style=\"text-align: justify;\"><span style=\"color: #ff0000;\">2018:<\/span> Dol\u00e7a Albert \u00e9s nomenada Directora de l&#8217;Escola de M\u00fasica i Conservatori de Vic en substituci\u00f3 de Sebasti\u00e0 Bardolet que ocupava el lloc interinament des del gener de 2017.<\/p>\n<div>\n<p><span style=\"color: #ff0000;\">2019:<\/span> Aprovaci\u00f3 del Pla Estrat\u00e8gic 2019-2023 treballat de manera coral amb tots els membres de la comunitat educativa i la Fundaci\u00f3 L&#8217;Atl\u00e0ntida.<\/p>\n<p><span style=\"color: #ff0000;\">2020:<\/span> A causa de la pand\u00e8mia del Covid-19, es desenvolupa l&#8217;Emvic virtual per tal de seguir donant servei durant els per\u00edodes de confinament.<\/p>\n<p><span style=\"color: #ff0000;\">2021:<\/span>\u00a0L&#8217;escola Vic Centre estableix un nou conveni amb l&#8217;Escola de M\u00fasica de Vic<\/p>\n<p><span style=\"color: #ff0000;\">2022:<\/span>\u00a0S&#8217;afegeix l&#8217;aula de Santa Eug\u00e8nia de Berga a la xarxa EMVIC.<\/p>\n<p><span style=\"color: #ff0000;\">2024: <span style=\"color: #000000;\">Albert Bardolet \u00e9s nomenat Director de l&#8217;Escola de M\u00fasica i Conservatori de Vic en substituci\u00f3 de Dol\u00e7a Albert.<\/span><\/span><\/p>\n<\/div>\n","protected":false},"excerpt":{"rendered":"<p>   1844: L\u2019Ajuntament de Vic crea l\u2019Escola de M\u00fasica conjuntament amb la Banda de M\u00fasica Municipal i nomena professor i director, respectivament, a Jaume Sol\u00e0. L\u2019Escola s\u2019instal\u00b7la al convent desamortitzat de Sant Felip.<br \/>\n1858: L\u2019Ajuntament de Vic estableix el reglament que haur\u00e0 de regir&hellip;  <a href=\"https:\/\/agora.xtec.cat\/escmusicavic\/lescola\/historia\/\" title=\"Read Hist\u00f2ria\">Llegeix m\u00e9s\u00bb<\/a><\/p>\n","protected":false},"author":1,"featured_media":0,"parent":19,"menu_order":10,"comment_status":"closed","ping_status":"closed","template":"page-templates\/side-menu.php","meta":{"_bbp_topic_count":0,"_bbp_reply_count":0,"_bbp_total_topic_count":0,"_bbp_total_reply_count":0,"_bbp_voice_count":0,"_bbp_anonymous_reply_count":0,"_bbp_topic_count_hidden":0,"_bbp_reply_count_hidden":0,"_bbp_forum_subforum_count":0,"footnotes":""},"class_list":["post-27","page","type-page","status-publish","hentry"],"post_mailing_queue_ids":[],"_links":{"self":[{"href":"https:\/\/agora.xtec.cat\/escmusicavic\/wp-json\/wp\/v2\/pages\/27","targetHints":{"allow":["GET"]}}],"collection":[{"href":"https:\/\/agora.xtec.cat\/escmusicavic\/wp-json\/wp\/v2\/pages"}],"about":[{"href":"https:\/\/agora.xtec.cat\/escmusicavic\/wp-json\/wp\/v2\/types\/page"}],"author":[{"embeddable":true,"href":"https:\/\/agora.xtec.cat\/escmusicavic\/wp-json\/wp\/v2\/users\/1"}],"replies":[{"embeddable":true,"href":"https:\/\/agora.xtec.cat\/escmusicavic\/wp-json\/wp\/v2\/comments?post=27"}],"version-history":[{"count":6,"href":"https:\/\/agora.xtec.cat\/escmusicavic\/wp-json\/wp\/v2\/pages\/27\/revisions"}],"predecessor-version":[{"id":6901,"href":"https:\/\/agora.xtec.cat\/escmusicavic\/wp-json\/wp\/v2\/pages\/27\/revisions\/6901"}],"up":[{"embeddable":true,"href":"https:\/\/agora.xtec.cat\/escmusicavic\/wp-json\/wp\/v2\/pages\/19"}],"wp:attachment":[{"href":"https:\/\/agora.xtec.cat\/escmusicavic\/wp-json\/wp\/v2\/media?parent=27"}],"curies":[{"name":"wp","href":"https:\/\/api.w.org\/{rel}","templated":true}]}}