{"id":1786,"date":"2019-10-04T16:10:33","date_gmt":"2019-10-04T14:10:33","guid":{"rendered":"http:\/\/agora.xtec.cat\/escmusicavic\/?page_id=1786"},"modified":"2022-01-14T16:53:30","modified_gmt":"2022-01-14T15:53:30","slug":"aula-de-musica-de-sant-julia-de-vilatorta","status":"publish","type":"page","link":"https:\/\/agora.xtec.cat\/escmusicavic\/xarxa-emvic\/aula-de-musica-de-sant-julia-de-vilatorta\/","title":{"rendered":"Aula de M\u00fasica de Sant Juli\u00e0 de Vilatorta"},"content":{"rendered":"<p>Consulteu el calendari escolar 2019-20 de l&#8217;Aula de m\u00fasica de Sant Juli\u00e0 de Vilatorta:<\/p>\n<p><a href=\"https:\/\/agora.xtec.cat\/escmusicavic\/wp-content\/uploads\/usu1071\/2020\/02\/Calendari-St-Juli\u00e0-2019-2020.pdf\">Calendari St Juli\u00e0 2019-2020<\/a><\/p>\n<p>&nbsp;<\/p>\n<p>Consulteu els horaris de les audicions de l&#8217;Aula de M\u00fasica de Sant Juli\u00e0 de Vilatorta:<\/p>\n<p><a href=\"https:\/\/agora.xtec.cat\/escmusicavic\/wp-content\/uploads\/usu1071\/2019\/12\/Horaris-daudicions-dinstrument-St-Julia\u00cc-1.pdf\">Horaris d&#8217;audicions d&#8217;instrument St Julia\u00cc (1)<\/a><\/p>\n<p>&nbsp;<\/p>\n<p>Sol\u00b7liciteu aqu\u00ed la classe d&#8217;instrument per a pares o mares (activitat de les jornades verdes de desembre):<\/p>\n<p>(formulari en construcci\u00f3).<\/p>\n<p>&nbsp;<\/p>\n<p>Segueix-nos a:<\/p>\n<p><a href=\"https:\/\/www.instagram.com\/aulademusicadesantjulia\/\"><img loading=\"lazy\" decoding=\"async\" class=\"alignleft wp-image-4055\" src=\"https:\/\/agora.xtec.cat\/escmusicavic\/wp-content\/uploads\/usu1071\/2021\/05\/png-transparent-logo-computer-icons-instagram-logo-instagram-logo-miscellaneous-text-trademark-300x300.png\" alt=\"\" width=\"45\" height=\"45\" srcset=\"https:\/\/agora.xtec.cat\/escmusicavic\/wp-content\/uploads\/usu1071\/2021\/05\/png-transparent-logo-computer-icons-instagram-logo-instagram-logo-miscellaneous-text-trademark-300x300.png 300w, https:\/\/agora.xtec.cat\/escmusicavic\/wp-content\/uploads\/usu1071\/2021\/05\/png-transparent-logo-computer-icons-instagram-logo-instagram-logo-miscellaneous-text-trademark-150x150.png 150w, https:\/\/agora.xtec.cat\/escmusicavic\/wp-content\/uploads\/usu1071\/2021\/05\/png-transparent-logo-computer-icons-instagram-logo-instagram-logo-miscellaneous-text-trademark-768x768.png 768w, https:\/\/agora.xtec.cat\/escmusicavic\/wp-content\/uploads\/usu1071\/2021\/05\/png-transparent-logo-computer-icons-instagram-logo-instagram-logo-miscellaneous-text-trademark.png 920w\" sizes=\"auto, (max-width: 45px) 100vw, 45px\" \/><\/a><\/p>\n<p>&nbsp;<\/p>\n<p>&nbsp;<\/p>\n<p>&nbsp;<\/p>\n","protected":false},"excerpt":{"rendered":"<p>Consulteu el calendari escolar 2019-20 de l&#8217;Aula de m\u00fasica de Sant Juli\u00e0 de Vilatorta:<br \/>\n<a href=\"https:\/\/agora.xtec.cat\/escmusicavic\/wp-content\/uploads\/usu1071\/2020\/02\/Calendari-St-Juli\u00e0-2019-2020.pdf\">Calendari St Juli\u00e0 2019-2020<\/a><br \/>\n&nbsp;<br \/>\nConsulteu els horaris de les audicions de l&#8217;Aula de M\u00fasica de Sant Juli\u00e0 de Vilatorta:<br \/>\n<a href=\"https:\/\/agora.xtec.cat\/escmusicavic\/wp-content\/uploads\/usu1071\/2019\/12\/Horaris-daudicions-dinstrument-St-Julia\u00cc-1.pdf\">Horaris d&#8217;audicions d&#8217;instrument St Julia\u00cc (1)<\/a><br \/>\n&nbsp;<br \/>\nSol\u00b7liciteu aqu\u00ed la classe d&#8217;instrument per a pares&hellip;  <a href=\"https:\/\/agora.xtec.cat\/escmusicavic\/xarxa-emvic\/aula-de-musica-de-sant-julia-de-vilatorta\/\" title=\"Read Aula de M\u00fasica de Sant Juli\u00e0 de Vilatorta\">Llegeix m\u00e9s\u00bb<\/a><\/p>\n","protected":false},"author":1,"featured_media":0,"parent":1775,"menu_order":6,"comment_status":"closed","ping_status":"closed","template":"page-templates\/side-menu.php","meta":{"_bbp_topic_count":0,"_bbp_reply_count":0,"_bbp_total_topic_count":0,"_bbp_total_reply_count":0,"_bbp_voice_count":0,"_bbp_anonymous_reply_count":0,"_bbp_topic_count_hidden":0,"_bbp_reply_count_hidden":0,"_bbp_forum_subforum_count":0,"footnotes":""},"class_list":["post-1786","page","type-page","status-publish","hentry"],"post_mailing_queue_ids":[],"_links":{"self":[{"href":"https:\/\/agora.xtec.cat\/escmusicavic\/wp-json\/wp\/v2\/pages\/1786","targetHints":{"allow":["GET"]}}],"collection":[{"href":"https:\/\/agora.xtec.cat\/escmusicavic\/wp-json\/wp\/v2\/pages"}],"about":[{"href":"https:\/\/agora.xtec.cat\/escmusicavic\/wp-json\/wp\/v2\/types\/page"}],"author":[{"embeddable":true,"href":"https:\/\/agora.xtec.cat\/escmusicavic\/wp-json\/wp\/v2\/users\/1"}],"replies":[{"embeddable":true,"href":"https:\/\/agora.xtec.cat\/escmusicavic\/wp-json\/wp\/v2\/comments?post=1786"}],"version-history":[{"count":3,"href":"https:\/\/agora.xtec.cat\/escmusicavic\/wp-json\/wp\/v2\/pages\/1786\/revisions"}],"predecessor-version":[{"id":4836,"href":"https:\/\/agora.xtec.cat\/escmusicavic\/wp-json\/wp\/v2\/pages\/1786\/revisions\/4836"}],"up":[{"embeddable":true,"href":"https:\/\/agora.xtec.cat\/escmusicavic\/wp-json\/wp\/v2\/pages\/1775"}],"wp:attachment":[{"href":"https:\/\/agora.xtec.cat\/escmusicavic\/wp-json\/wp\/v2\/media?parent=1786"}],"curies":[{"name":"wp","href":"https:\/\/api.w.org\/{rel}","templated":true}]}}