{"id":1775,"date":"2019-10-04T16:05:42","date_gmt":"2019-10-04T14:05:42","guid":{"rendered":"http:\/\/agora.xtec.cat\/escmusicavic\/?page_id=1775"},"modified":"2021-07-23T18:56:27","modified_gmt":"2021-07-23T16:56:27","slug":"xarxa-emvic","status":"publish","type":"page","link":"https:\/\/agora.xtec.cat\/escmusicavic\/xarxa-emvic\/","title":{"rendered":"Xarxa emvic"},"content":{"rendered":"<p><span style=\"color: #631663;\">La Xarxa i Escoles de M\u00fasica de l&#8217;EMVIC s\u00f3n seus i escoles diferents a les de Vic on, d\u2019acord amb els ajuntaments respectius, l\u2019Escola de M\u00fasica de Vic ofereix els programes de SENSIBILITZACI\u00d3, NIVELL ELEMENTAL i NIVELL MITJ\u00c0 descrits al Projecte Educatiu. Els alumnes poden complementar aquests programes amb activitats a la seu central de Vic. Actualment formen part de la Xarxa EMVIC els municipis de: FOLGUEROLES, CALLDETENES, SANT JULI\u00c0, VILADRAU, SANT HILARI i ARB\u00daCIES i l&#8217;Escola de M\u00fasica a TONA.<\/span><\/p>\n","protected":false},"excerpt":{"rendered":"<p>La Xarxa i Escoles de M\u00fasica de l&#8217;EMVIC s\u00f3n seus i escoles diferents a les de Vic on, d\u2019acord amb els ajuntaments respectius, l\u2019Escola de M\u00fasica de Vic ofereix els programes de SENSIBILITZACI\u00d3, NIVELL ELEMENTAL i NIVELL MITJ\u00c0 descrits al Projecte Educatiu. Els alumnes poden&hellip;  <a href=\"https:\/\/agora.xtec.cat\/escmusicavic\/xarxa-emvic\/\" title=\"Read Xarxa emvic\">Llegeix m\u00e9s\u00bb<\/a><\/p>\n","protected":false},"author":1,"featured_media":0,"parent":0,"menu_order":133,"comment_status":"closed","ping_status":"closed","template":"page-templates\/side-menu.php","meta":{"_bbp_topic_count":0,"_bbp_reply_count":0,"_bbp_total_topic_count":0,"_bbp_total_reply_count":0,"_bbp_voice_count":0,"_bbp_anonymous_reply_count":0,"_bbp_topic_count_hidden":0,"_bbp_reply_count_hidden":0,"_bbp_forum_subforum_count":0,"footnotes":""},"class_list":["post-1775","page","type-page","status-publish","hentry"],"post_mailing_queue_ids":[],"_links":{"self":[{"href":"https:\/\/agora.xtec.cat\/escmusicavic\/wp-json\/wp\/v2\/pages\/1775","targetHints":{"allow":["GET"]}}],"collection":[{"href":"https:\/\/agora.xtec.cat\/escmusicavic\/wp-json\/wp\/v2\/pages"}],"about":[{"href":"https:\/\/agora.xtec.cat\/escmusicavic\/wp-json\/wp\/v2\/types\/page"}],"author":[{"embeddable":true,"href":"https:\/\/agora.xtec.cat\/escmusicavic\/wp-json\/wp\/v2\/users\/1"}],"replies":[{"embeddable":true,"href":"https:\/\/agora.xtec.cat\/escmusicavic\/wp-json\/wp\/v2\/comments?post=1775"}],"version-history":[{"count":3,"href":"https:\/\/agora.xtec.cat\/escmusicavic\/wp-json\/wp\/v2\/pages\/1775\/revisions"}],"predecessor-version":[{"id":4434,"href":"https:\/\/agora.xtec.cat\/escmusicavic\/wp-json\/wp\/v2\/pages\/1775\/revisions\/4434"}],"wp:attachment":[{"href":"https:\/\/agora.xtec.cat\/escmusicavic\/wp-json\/wp\/v2\/media?parent=1775"}],"curies":[{"name":"wp","href":"https:\/\/api.w.org\/{rel}","templated":true}]}}