{"id":81,"date":"2014-09-18T10:38:05","date_gmt":"2014-09-18T08:38:05","guid":{"rendered":"http:\/\/agora.xtec.cat\/escmusicapuigcerda\/?page_id=81"},"modified":"2022-09-02T14:09:40","modified_gmt":"2022-09-02T12:09:40","slug":"secretaria","status":"publish","type":"page","link":"https:\/\/agora.xtec.cat\/escmusicapuigcerda\/escola\/secretaria\/","title":{"rendered":"Secretaria"},"content":{"rendered":"<p><strong>Secret\u00e0ria administrativa:<\/strong> Nuria Gonz\u00e1lez<\/p>\n<p><a href=\"mailto:escolamusica@puigcerda.cat\">escolamusica@puigcerda.cat<\/a><\/p>\n<ul>\n<li><strong>Horari d&#8217;atenci\u00f3 al p\u00fablic al llarg del curs:<\/strong> dilluns a divendres al mat\u00ed de 09:00 a 13:00. Dimecres i dijous a la tarda de 15:00 a 17:30.<\/li>\n<li><strong>Horari d&#8217;estiu:<\/strong> de dilluns a divendres de 09:00 a 14:00.<\/li>\n<\/ul>\n<p>&nbsp;<\/p>\n","protected":false},"excerpt":{"rendered":"<p>Secret\u00e0ria administrativa: Nuria Gonz\u00e1lez<br \/>\n<a href=\"mailto:escolamusica@puigcerda.cat\">escolamusica@puigcerda.cat<\/a><\/p>\n<ul>\n<li>Horari d&#8217;atenci\u00f3 al p\u00fablic al llarg del curs: dilluns a divendres al mat\u00ed de 09:00 a 13:00. Dimecres i dijous a la tarda de 15:00 a 17:30.<\/li>\n<li>Horari d&#8217;estiu: de dilluns a divendres de 09:00 a 14:00.<\/li>\n<\/ul>\n<p>&nbsp;<\/p>\n","protected":false},"author":1,"featured_media":0,"parent":19,"menu_order":6,"comment_status":"closed","ping_status":"closed","template":"page-templates\/side-menu.php","meta":{"_bbp_topic_count":0,"_bbp_reply_count":0,"_bbp_total_topic_count":0,"_bbp_total_reply_count":0,"_bbp_voice_count":0,"_bbp_anonymous_reply_count":0,"_bbp_topic_count_hidden":0,"_bbp_reply_count_hidden":0,"_bbp_forum_subforum_count":0,"footnotes":""},"class_list":["post-81","page","type-page","status-publish","hentry"],"post_mailing_queue_ids":[],"_links":{"self":[{"href":"https:\/\/agora.xtec.cat\/escmusicapuigcerda\/wp-json\/wp\/v2\/pages\/81","targetHints":{"allow":["GET"]}}],"collection":[{"href":"https:\/\/agora.xtec.cat\/escmusicapuigcerda\/wp-json\/wp\/v2\/pages"}],"about":[{"href":"https:\/\/agora.xtec.cat\/escmusicapuigcerda\/wp-json\/wp\/v2\/types\/page"}],"author":[{"embeddable":true,"href":"https:\/\/agora.xtec.cat\/escmusicapuigcerda\/wp-json\/wp\/v2\/users\/1"}],"replies":[{"embeddable":true,"href":"https:\/\/agora.xtec.cat\/escmusicapuigcerda\/wp-json\/wp\/v2\/comments?post=81"}],"version-history":[{"count":2,"href":"https:\/\/agora.xtec.cat\/escmusicapuigcerda\/wp-json\/wp\/v2\/pages\/81\/revisions"}],"predecessor-version":[{"id":683,"href":"https:\/\/agora.xtec.cat\/escmusicapuigcerda\/wp-json\/wp\/v2\/pages\/81\/revisions\/683"}],"up":[{"embeddable":true,"href":"https:\/\/agora.xtec.cat\/escmusicapuigcerda\/wp-json\/wp\/v2\/pages\/19"}],"wp:attachment":[{"href":"https:\/\/agora.xtec.cat\/escmusicapuigcerda\/wp-json\/wp\/v2\/media?parent=81"}],"curies":[{"name":"wp","href":"https:\/\/api.w.org\/{rel}","templated":true}]}}