{"id":63,"date":"2014-09-18T10:06:31","date_gmt":"2014-09-18T10:06:31","guid":{"rendered":"http:\/\/agora.xtec.cat\/escmusicapuigcerda\/?page_id=63"},"modified":"2022-09-02T11:13:59","modified_gmt":"2022-09-02T09:13:59","slug":"serveis","status":"publish","type":"page","link":"https:\/\/agora.xtec.cat\/escmusicapuigcerda\/serveis\/","title":{"rendered":"Serveis"},"content":{"rendered":"<p style=\"color: #444444;\">Aquesta secci\u00f3 informa dels serveis que ofereix el centre. Aqu\u00ed hi podeu trobar:<\/p>\n<ul>\n<li>Els serveis digitals que ofereix l&#8217;EMMIF (Plataforma Gwido, P\u00e0gines web, Xarxes socials, Adre\u00e7a web per a fer els tr\u00e0mits d&#8217;inscripci\u00f3 i matr\u00edcula, etc.)<\/li>\n<li>Els documents d&#8217;inter\u00e8s per a les fam\u00edlies (permisos, NOFC, etc.)<\/li>\n<\/ul>\n","protected":false},"excerpt":{"rendered":"<p>Aquesta secci\u00f3 informa dels serveis que ofereix el centre. Aqu\u00ed hi podeu trobar:<\/p>\n<ul>\n<li>Els serveis digitals que ofereix l&#8217;EMMIF (Plataforma Gwido, P\u00e0gines web, Xarxes socials, Adre\u00e7a web per a fer els tr\u00e0mits d&#8217;inscripci\u00f3 i matr\u00edcula, etc.)<\/li>\n<li>Els documents d&#8217;inter\u00e8s per a les fam\u00edlies (permisos, NOFC, etc.)<\/li>\n<\/ul>\n","protected":false},"author":1,"featured_media":0,"parent":0,"menu_order":0,"comment_status":"closed","ping_status":"closed","template":"page-templates\/side-menu.php","meta":{"_bbp_topic_count":0,"_bbp_reply_count":0,"_bbp_total_topic_count":0,"_bbp_total_reply_count":0,"_bbp_voice_count":0,"_bbp_anonymous_reply_count":0,"_bbp_topic_count_hidden":0,"_bbp_reply_count_hidden":0,"_bbp_forum_subforum_count":0,"footnotes":""},"class_list":["post-63","page","type-page","status-publish","hentry"],"post_mailing_queue_ids":[],"_links":{"self":[{"href":"https:\/\/agora.xtec.cat\/escmusicapuigcerda\/wp-json\/wp\/v2\/pages\/63","targetHints":{"allow":["GET"]}}],"collection":[{"href":"https:\/\/agora.xtec.cat\/escmusicapuigcerda\/wp-json\/wp\/v2\/pages"}],"about":[{"href":"https:\/\/agora.xtec.cat\/escmusicapuigcerda\/wp-json\/wp\/v2\/types\/page"}],"author":[{"embeddable":true,"href":"https:\/\/agora.xtec.cat\/escmusicapuigcerda\/wp-json\/wp\/v2\/users\/1"}],"replies":[{"embeddable":true,"href":"https:\/\/agora.xtec.cat\/escmusicapuigcerda\/wp-json\/wp\/v2\/comments?post=63"}],"version-history":[{"count":1,"href":"https:\/\/agora.xtec.cat\/escmusicapuigcerda\/wp-json\/wp\/v2\/pages\/63\/revisions"}],"predecessor-version":[{"id":655,"href":"https:\/\/agora.xtec.cat\/escmusicapuigcerda\/wp-json\/wp\/v2\/pages\/63\/revisions\/655"}],"wp:attachment":[{"href":"https:\/\/agora.xtec.cat\/escmusicapuigcerda\/wp-json\/wp\/v2\/media?parent=63"}],"curies":[{"name":"wp","href":"https:\/\/api.w.org\/{rel}","templated":true}]}}