{"id":612,"date":"2022-08-25T18:20:39","date_gmt":"2022-08-25T16:20:39","guid":{"rendered":"https:\/\/agora.xtec.cat\/escmusicapuigcerda\/?page_id=612"},"modified":"2022-09-02T13:46:48","modified_gmt":"2022-09-02T11:46:48","slug":"grup-do-re-mi","status":"publish","type":"page","link":"https:\/\/agora.xtec.cat\/escmusicapuigcerda\/ofertaeducativa\/grup-do-re-mi\/","title":{"rendered":"Grup Do Re Mi"},"content":{"rendered":"<p>Programa per a iniciar als m\u00e9s petits en el m\u00f3n de la m\u00fasica.<\/p>\n<p>Grup de 3 anys. Iniciaci\u00f3 musical.<\/p>\n<p>Durada: 1 sessi\u00f3 de 1 hora setmanal.<\/p>\n<p>M\u00e0xim 8 alumnes per aula.<\/p>\n","protected":false},"excerpt":{"rendered":"<p>Programa per a iniciar als m\u00e9s petits en el m\u00f3n de la m\u00fasica.<br \/>\nGrup de 3 anys. Iniciaci\u00f3 musical.<br \/>\nDurada: 1 sessi\u00f3 de 1 hora setmanal.<br \/>\nM\u00e0xim 8 alumnes per aula.<\/p>\n","protected":false},"author":1,"featured_media":0,"parent":195,"menu_order":2,"comment_status":"closed","ping_status":"closed","template":"page-templates\/side-menu.php","meta":{"_bbp_topic_count":0,"_bbp_reply_count":0,"_bbp_total_topic_count":0,"_bbp_total_reply_count":0,"_bbp_voice_count":0,"_bbp_anonymous_reply_count":0,"_bbp_topic_count_hidden":0,"_bbp_reply_count_hidden":0,"_bbp_forum_subforum_count":0,"footnotes":""},"class_list":["post-612","page","type-page","status-publish","hentry"],"post_mailing_queue_ids":[],"_links":{"self":[{"href":"https:\/\/agora.xtec.cat\/escmusicapuigcerda\/wp-json\/wp\/v2\/pages\/612","targetHints":{"allow":["GET"]}}],"collection":[{"href":"https:\/\/agora.xtec.cat\/escmusicapuigcerda\/wp-json\/wp\/v2\/pages"}],"about":[{"href":"https:\/\/agora.xtec.cat\/escmusicapuigcerda\/wp-json\/wp\/v2\/types\/page"}],"author":[{"embeddable":true,"href":"https:\/\/agora.xtec.cat\/escmusicapuigcerda\/wp-json\/wp\/v2\/users\/1"}],"replies":[{"embeddable":true,"href":"https:\/\/agora.xtec.cat\/escmusicapuigcerda\/wp-json\/wp\/v2\/comments?post=612"}],"version-history":[{"count":2,"href":"https:\/\/agora.xtec.cat\/escmusicapuigcerda\/wp-json\/wp\/v2\/pages\/612\/revisions"}],"predecessor-version":[{"id":614,"href":"https:\/\/agora.xtec.cat\/escmusicapuigcerda\/wp-json\/wp\/v2\/pages\/612\/revisions\/614"}],"up":[{"embeddable":true,"href":"https:\/\/agora.xtec.cat\/escmusicapuigcerda\/wp-json\/wp\/v2\/pages\/195"}],"wp:attachment":[{"href":"https:\/\/agora.xtec.cat\/escmusicapuigcerda\/wp-json\/wp\/v2\/media?parent=612"}],"curies":[{"name":"wp","href":"https:\/\/api.w.org\/{rel}","templated":true}]}}