{"id":582,"date":"2022-08-24T19:04:08","date_gmt":"2022-08-24T17:04:08","guid":{"rendered":"https:\/\/agora.xtec.cat\/escmusicapuigcerda\/?page_id=582"},"modified":"2022-09-02T13:44:46","modified_gmt":"2022-09-02T11:44:46","slug":"nivell-elemental","status":"publish","type":"page","link":"https:\/\/agora.xtec.cat\/escmusicapuigcerda\/ofertaeducativa\/nivell-elemental\/","title":{"rendered":"Nivell Elemental"},"content":{"rendered":"<p>Programa per a l\u2019aprenentatge musical b\u00e0sic. Per a accedir-hi s\u2019ha d\u2019haver superat el curs Preparatori a nivell elemental o tenir m\u00e9s de 9 anys.<\/p>\n<p>Est\u00e0 format per dos cicles de dos cursos cadascun.<\/p>\n<p>&nbsp;<\/p>\n<h5>Primer cicle (1r i 2n curs)<\/h5>\n<ul>\n<li><strong>Assignatures comunes obligat\u00f2ries:<\/strong> 2 hores setmanals de llenguatge musical i 45 minuts de cant coral de 1r cicle.<\/li>\n<li><strong>Assignatura individual:<\/strong> 45 minuts setmanals d\u2019instrument.<\/li>\n<\/ul>\n<p>&nbsp;<\/p>\n<h5>Segon cicle (3r i 4t curs)<\/h5>\n<ul>\n<li><strong>Assignatures comunes obligat\u00f2ries:<\/strong> 2 hores setmanals de llenguatge musical i 60 minuts de cant coral de 2n cicle.<\/li>\n<li><strong>Assignatura individual: <\/strong>45 minuts setmanals d\u2019instrument. 30 minuts mensuals de repertorisme per als instruments propis de l\u2019orquestra.<\/li>\n<li><strong>Assignatura comuna (nom\u00e9s per als instruments propis de l\u2019orquestra)<\/strong>: orquestra de nivell elemental. Durada: 1h setmanal. El tutor \u00e9s qui decideix quan es pot comen\u00e7ar en aquesta agrupaci\u00f3.<\/li>\n<\/ul>\n<p>M\u00e0xim 15 alumnes per aula.<\/p>\n<p>&nbsp;<\/p>\n<ul>\n<li>S&#8217;atorgar\u00e0 un <strong>Diploma <\/strong>als alumnes que hagin acabat totes les mat\u00e8ries de 4t de Nivell Elemental.<\/li>\n<li>Als alumnes que desitgin fer l\u2019acc\u00e9s al Conservatori se\u2019ls preparar\u00e0 per a les <strong>Proves d\u2019Acc\u00e9s<\/strong>.<\/li>\n<li>Els alumnes de l\u2019EMMIF estan obligats a cursar l\u2019ensenyament reglat, o sigui, totes les mat\u00e8ries del pack, fins haver completat tot el Nivell Elemental. A partir d\u2019aquest moment, l\u2019alumnat pot decidir si vol continuar l\u2019ensenyament reglat presentant-se a les Proves d\u2019Acc\u00e9s al Conservatori, seguir el curr\u00edculum de Nivell Mitj\u00e0 establert, o cursar nom\u00e9s l\u2019instrument i mat\u00e8ries complement\u00e0ries (Orquestra, Combo, Cor, etc.).<\/li>\n<li>Un alumne\/a de Nivell elemental, a l\u2019estar obligat als ensenyaments reglats, podr\u00e0 cursar solament l\u2019especialitat d\u2019instrument o llenguatge musical sempre i quan certifiqui que fa la resta de mat\u00e8ries en un altre centre o en classes particulars. Se li far\u00e0 la prova de nivell que correspongui a aquestes mat\u00e8ries externes. Les mat\u00e8ries de Cant Coral i Orquestra s\u00f3n una excepci\u00f3 a aquesta norma.<\/li>\n<\/ul>\n","protected":false},"excerpt":{"rendered":"<p>Programa per a l\u2019aprenentatge musical b\u00e0sic. Per a accedir-hi s\u2019ha d\u2019haver superat el curs Preparatori a nivell elemental o tenir m\u00e9s de 9 anys.<br \/>\nEst\u00e0 format per dos cicles de dos cursos cadascun.<br \/>\n&nbsp;<br \/>\nPrimer cicle (1r i 2n curs)<\/p>\n<ul>\n<li>Assignatures comunes obligat\u00f2ries: 2 hores setmanals de llenguatge musical&hellip;  <a href=\"https:\/\/agora.xtec.cat\/escmusicapuigcerda\/ofertaeducativa\/nivell-elemental\/\" title=\"Read Nivell Elemental\">Llegeix m\u00e9s\u00bb<\/a><br \/>\n","protected":false},"author":1,"featured_media":0,"parent":195,"menu_order":5,"comment_status":"closed","ping_status":"closed","template":"page-templates\/side-menu.php","meta":{"_bbp_topic_count":0,"_bbp_reply_count":0,"_bbp_total_topic_count":0,"_bbp_total_reply_count":0,"_bbp_voice_count":0,"_bbp_anonymous_reply_count":0,"_bbp_topic_count_hidden":0,"_bbp_reply_count_hidden":0,"_bbp_forum_subforum_count":0,"footnotes":""},"class_list":["post-582","page","type-page","status-publish","hentry"],"post_mailing_queue_ids":[],"_links":{"self":[{"href":"https:\/\/agora.xtec.cat\/escmusicapuigcerda\/wp-json\/wp\/v2\/pages\/582","targetHints":{"allow":["GET"]}}],"collection":[{"href":"https:\/\/agora.xtec.cat\/escmusicapuigcerda\/wp-json\/wp\/v2\/pages"}],"about":[{"href":"https:\/\/agora.xtec.cat\/escmusicapuigcerda\/wp-json\/wp\/v2\/types\/page"}],"author":[{"embeddable":true,"href":"https:\/\/agora.xtec.cat\/escmusicapuigcerda\/wp-json\/wp\/v2\/users\/1"}],"replies":[{"embeddable":true,"href":"https:\/\/agora.xtec.cat\/escmusicapuigcerda\/wp-json\/wp\/v2\/comments?post=582"}],"version-history":[{"count":3,"href":"https:\/\/agora.xtec.cat\/escmusicapuigcerda\/wp-json\/wp\/v2\/pages\/582\/revisions"}],"predecessor-version":[{"id":601,"href":"https:\/\/agora.xtec.cat\/escmusicapuigcerda\/wp-json\/wp\/v2\/pages\/582\/revisions\/601"}],"up":[{"embeddable":true,"href":"https:\/\/agora.xtec.cat\/escmusicapuigcerda\/wp-json\/wp\/v2\/pages\/195"}],"wp:attachment":[{"href":"https:\/\/agora.xtec.cat\/escmusicapuigcerda\/wp-json\/wp\/v2\/media?parent=582"}],"curies":[{"name":"wp","href":"https:\/\/api.w.org\/{rel}","templated":true}]}}