{"id":57,"date":"2014-09-17T17:01:07","date_gmt":"2014-09-17T15:01:07","guid":{"rendered":"http:\/\/agora.xtec.cat\/escmusicapuigcerda\/?page_id=57"},"modified":"2022-09-02T13:35:30","modified_gmt":"2022-09-02T11:35:30","slug":"projecte-educatiu","status":"publish","type":"page","link":"https:\/\/agora.xtec.cat\/escmusicapuigcerda\/projecte-educatiu\/","title":{"rendered":"Projecte educatiu"},"content":{"rendered":"<h5>Principis generals (senyes d&#8217;identitat)<\/h5>\n<ol>\n<li>L\u2019EMMIF es declara aconfessional i laica, tot respectant la legislaci\u00f3 vigent i les creences de l\u2019alumnat i del professorat.<\/li>\n<li>Es prioritzar\u00e0 l\u2019\u00fas del catal\u00e0, llengua pr\u00f2pia de Catalunya.<\/li>\n<li>S\u2019educar\u00e0 per a la igualtat i la integraci\u00f3, per aix\u00f2 l\u2019EMMIF t\u00e9 com a objectiu acollir alumnat de totes les \u00e8tnies, ideologies i capacitats. Es procurar\u00e0 fomentar un clima de participaci\u00f3 i col\u00b7laboraci\u00f3, respectant les idees dels altres, dialogant i tractant d\u2019aconseguir la solidaritat entre totes les parts implicades; es potenciar\u00e0 l\u2019eliminaci\u00f3 de rols sexistes.<\/li>\n<li>L\u2019escola, culturalment oberta, estimular\u00e0 en l\u2019alumnat els valors propis d\u2019una societat democr\u00e0tica: solidaritat, respecte, di\u00e0leg, esperit cr\u00edtic, cooperaci\u00f3 i responsabilitat.<\/li>\n<li>L\u2019EMMIF adopta criteris de sostenibilitat ecol\u00f2gica en tots els processos que acompanyen el normal funcionament d\u2019una escola de m\u00fasica.<\/li>\n<li>L\u2019escola educa musicalment per a la diversitat, no discrimina cap tipus de m\u00fasica ni es limita a \u00e8poques, sin\u00f3 que promou totes les tend\u00e8ncies musicals.<\/li>\n<\/ol>\n<h5>Objectius globals<\/h5>\n<h6>D\u2019\u00e0mbit pedag\u00f2gic<\/h6>\n<ul>\n<li>Aconseguir un aprenentatge cient\u00edfic, arrelat al medi, tot emprant una metodologia que afavoreixi la construcci\u00f3 del pensament.<\/li>\n<\/ul>\n<h6>D\u2019\u00e0mbit institucional<\/h6>\n<ul>\n<li>Aconseguir la m\u00e0xima participaci\u00f3 democr\u00e0tica de tots els membres de la comunitat escolar.<\/li>\n<\/ul>\n<h6>D\u2019\u00e0mbit administratiu<\/h6>\n<ul>\n<li>Aconseguir la m\u00e0xima participaci\u00f3 i col\u00b7laboraci\u00f3 dels membres de gesti\u00f3 i administraci\u00f3 del centre.<\/li>\n<\/ul>\n<h6>D\u2019\u00e0mbit hum\u00e0<\/h6>\n<ul>\n<li>Desenvolupar l\u2019esperit de toler\u00e0ncia, di\u00e0leg, col\u00b7laboraci\u00f3 i respecte dels dem\u00e9s participant en els \u00f2rgans que per a tal fi s\u2019estableixin.<\/li>\n<\/ul>\n<p>&nbsp;<\/p>\n","protected":false},"excerpt":{"rendered":"<p>Principis generals (senyes d&#8217;identitat)<\/p>\n<ol>\n<li>L\u2019EMMIF es declara aconfessional i laica, tot respectant la legislaci\u00f3 vigent i les creences de l\u2019alumnat i del professorat.<\/li>\n<li>Es prioritzar\u00e0 l\u2019\u00fas del catal\u00e0, llengua pr\u00f2pia de Catalunya.<\/li>\n<li>S\u2019educar\u00e0 per a la igualtat i la integraci\u00f3, per aix\u00f2 l\u2019EMMIF t\u00e9 com a objectiu acollir&hellip;  <a href=\"https:\/\/agora.xtec.cat\/escmusicapuigcerda\/projecte-educatiu\/\" title=\"Read Projecte educatiu\">Llegeix m\u00e9s\u00bb<\/a><br \/>\n","protected":false},"author":1,"featured_media":0,"parent":0,"menu_order":0,"comment_status":"closed","ping_status":"closed","template":"page-templates\/side-menu.php","meta":{"_bbp_topic_count":0,"_bbp_reply_count":0,"_bbp_total_topic_count":0,"_bbp_total_reply_count":0,"_bbp_voice_count":0,"_bbp_anonymous_reply_count":0,"_bbp_topic_count_hidden":0,"_bbp_reply_count_hidden":0,"_bbp_forum_subforum_count":0,"footnotes":""},"class_list":["post-57","page","type-page","status-publish","hentry"],"post_mailing_queue_ids":[],"_links":{"self":[{"href":"https:\/\/agora.xtec.cat\/escmusicapuigcerda\/wp-json\/wp\/v2\/pages\/57","targetHints":{"allow":["GET"]}}],"collection":[{"href":"https:\/\/agora.xtec.cat\/escmusicapuigcerda\/wp-json\/wp\/v2\/pages"}],"about":[{"href":"https:\/\/agora.xtec.cat\/escmusicapuigcerda\/wp-json\/wp\/v2\/types\/page"}],"author":[{"embeddable":true,"href":"https:\/\/agora.xtec.cat\/escmusicapuigcerda\/wp-json\/wp\/v2\/users\/1"}],"replies":[{"embeddable":true,"href":"https:\/\/agora.xtec.cat\/escmusicapuigcerda\/wp-json\/wp\/v2\/comments?post=57"}],"version-history":[{"count":3,"href":"https:\/\/agora.xtec.cat\/escmusicapuigcerda\/wp-json\/wp\/v2\/pages\/57\/revisions"}],"predecessor-version":[{"id":575,"href":"https:\/\/agora.xtec.cat\/escmusicapuigcerda\/wp-json\/wp\/v2\/pages\/57\/revisions\/575"}],"wp:attachment":[{"href":"https:\/\/agora.xtec.cat\/escmusicapuigcerda\/wp-json\/wp\/v2\/media?parent=57"}],"curies":[{"name":"wp","href":"https:\/\/api.w.org\/{rel}","templated":true}]}}