{"id":519,"date":"2022-08-09T13:27:34","date_gmt":"2022-08-09T11:27:34","guid":{"rendered":"https:\/\/agora.xtec.cat\/escmusicapuigcerda\/?page_id=519"},"modified":"2023-08-09T12:29:50","modified_gmt":"2023-08-09T10:29:50","slug":"professorat","status":"publish","type":"page","link":"https:\/\/agora.xtec.cat\/escmusicapuigcerda\/escola\/professorat\/","title":{"rendered":"Professorat"},"content":{"rendered":"<ul>\n<li><strong>Barrionuevo, Patrick:<\/strong> Clarinet, Sax\u00f2fon, Trompeta, Tuba, Combo de vent<\/li>\n<\/ul>\n<p><span style=\"color: #008080;\"><a style=\"color: #008080;\" href=\"mailto:patrick.barrionuevo@emmifpuigcerda.cat\">patrick.barrionuevo@emmifpuigcerda.cat<\/a><\/span><\/p>\n<ul>\n<li><strong>Comellas i Rosi\u00f1ol, Rosa:<\/strong> Piano<\/li>\n<\/ul>\n<p><span style=\"color: #008080;\"><a style=\"color: #008080;\" href=\"mailto:rosa.comellas@emmifpuigcerda.cat\">rosa.comellas@emmifpuigcerda.cat<\/a><\/span><\/p>\n<ul>\n<li><strong>Dant\u00ed Roura, Eudald:<\/strong> Piano<\/li>\n<\/ul>\n<p><span style=\"color: #008080;\">eudald.danti@emmifpuigcerda.cat<\/span><\/p>\n<ul>\n<li><strong>Mart\u00edn Hern\u00e1ndez, Laia:<\/strong> Piano, Repertorisme<\/li>\n<\/ul>\n<p><span style=\"color: #008080;\"><a style=\"color: #008080;\" href=\"mailto:laia.martin@emmifpuigcerda.cat\">laia.martin@emmifpuigcerda.cat<\/a><\/span><\/p>\n<ul>\n<li><strong>Mart\u00ednez Torrente, Albert:<\/strong> Guitarra el\u00e8ctrica, Baix el\u00e8ctric, Ukelele, Contrabaix, Combo modern (Combo Rock, Combo Bombo, Combo Jazz), Cambra guitarra el\u00e8ctrica<\/li>\n<\/ul>\n<p><span style=\"color: #008080;\"><a style=\"color: #008080;\" href=\"mailto:albert.martinez@emmifpuigcerda.cat\">albert.martinez@emmifpuigcerda.cat<\/a><\/span><\/p>\n<ul>\n<li><strong>Mart\u00ednez Tos, Ana:<\/strong> Viol\u00ed, Viola, Llenguatge musical<\/li>\n<\/ul>\n<p><span style=\"color: #008080;\"><a style=\"color: #008080;\" href=\"mailto:ana.martinez@emmifpuigcerda.cat\">ana.martinez@emmifpuigcerda.cat<\/a><\/span><\/p>\n<ul>\n<li><strong>Miguel S\u00e1nchez, Carles:<\/strong> Bateria, Djemb\u00e9<\/li>\n<\/ul>\n<p><span style=\"color: #008080;\"><a style=\"color: #008080;\" href=\"mailto:carles.miguel@emmifpuigcerda.cat\">carles.miguel@emmifpuigcerda.cat<\/a><\/span><\/p>\n<ul>\n<li><strong>Paradeda i Muns, David:<\/strong> Flauta travessera, Do Re Mi, Sensibilitzaci\u00f3 musical<\/li>\n<\/ul>\n<p><span style=\"color: #008080;\"><a style=\"color: #008080;\" href=\"mailto:david.paradeda@emmifpuigcerda.cat\">david.paradeda@emmifpuigcerda.cat<\/a><\/span><\/p>\n<ul>\n<li><strong>Pons i Aubiny\u00e0, Marc Salvador:<\/strong> Violoncel, Llenguatge musical, Orquestra elemental, Cap d&#8217;Estudis<\/li>\n<\/ul>\n<p><span style=\"color: #008080;\"><a style=\"color: #008080;\" href=\"mailto:marcs.pons@emmifpuigcerda.cat\">marcs.pons@emmifpuigcerda.cat<\/a><\/span><\/p>\n<ul>\n<li><strong>Torner i Pujol, Margarita:<\/strong> Acordi\u00f3 crom\u00e0tic, Combo acordions, Llenguatge musical, Directora<\/li>\n<\/ul>\n<p><span style=\"color: #008080;\"><a style=\"color: #008080;\" href=\"mailto:margarita.torner@emmifpuigcerda.cat\">margarita.torner@emmifpuigcerda.cat<\/a><\/span><\/p>\n<ul>\n<li>Cant, cant coral: A determinar<\/li>\n<li>Guitarra: A determinar<\/li>\n<\/ul>\n","protected":false},"excerpt":{"rendered":"<ul>\n<li>Barrionuevo, Patrick: Clarinet, Sax\u00f2fon, Trompeta, Tuba, Combo de vent<\/li>\n<\/ul>\n<p><a style=\"color: #008080;\" href=\"mailto:patrick.barrionuevo@emmifpuigcerda.cat\">patrick.barrionuevo@emmifpuigcerda.cat<\/a><\/p>\n<ul>\n<li>Comellas i Rosi\u00f1ol, Rosa: Piano<\/li>\n<\/ul>\n<p><a style=\"color: #008080;\" href=\"mailto:rosa.comellas@emmifpuigcerda.cat\">rosa.comellas@emmifpuigcerda.cat<\/a><\/p>\n<ul>\n<li>Dant\u00ed Roura, Eudald: Piano<\/li>\n<\/ul>\n<p>eudald.danti@emmifpuigcerda.cat<\/p>\n<ul>\n<li>Mart\u00edn Hern\u00e1ndez, Laia: Piano, Repertorisme<\/li>\n<\/ul>\n<p><a style=\"color: #008080;\" href=\"mailto:laia.martin@emmifpuigcerda.cat\">laia.martin@emmifpuigcerda.cat<\/a><\/p>\n<ul>\n<li>Mart\u00ednez Torrente, Albert: Guitarra el\u00e8ctrica, Baix el\u00e8ctric, Ukelele, Contrabaix, Combo modern (Combo Rock, Combo Bombo, Combo Jazz),&hellip;  <a href=\"https:\/\/agora.xtec.cat\/escmusicapuigcerda\/escola\/professorat\/\" title=\"Read Professorat\">Llegeix m\u00e9s\u00bb<\/a><br \/>\n","protected":false},"author":1,"featured_media":0,"parent":19,"menu_order":5,"comment_status":"closed","ping_status":"closed","template":"page-templates\/side-menu.php","meta":{"_bbp_topic_count":0,"_bbp_reply_count":0,"_bbp_total_topic_count":0,"_bbp_total_reply_count":0,"_bbp_voice_count":0,"_bbp_anonymous_reply_count":0,"_bbp_topic_count_hidden":0,"_bbp_reply_count_hidden":0,"_bbp_forum_subforum_count":0,"footnotes":""},"class_list":["post-519","page","type-page","status-publish","hentry"],"post_mailing_queue_ids":[],"_links":{"self":[{"href":"https:\/\/agora.xtec.cat\/escmusicapuigcerda\/wp-json\/wp\/v2\/pages\/519","targetHints":{"allow":["GET"]}}],"collection":[{"href":"https:\/\/agora.xtec.cat\/escmusicapuigcerda\/wp-json\/wp\/v2\/pages"}],"about":[{"href":"https:\/\/agora.xtec.cat\/escmusicapuigcerda\/wp-json\/wp\/v2\/types\/page"}],"author":[{"embeddable":true,"href":"https:\/\/agora.xtec.cat\/escmusicapuigcerda\/wp-json\/wp\/v2\/users\/1"}],"replies":[{"embeddable":true,"href":"https:\/\/agora.xtec.cat\/escmusicapuigcerda\/wp-json\/wp\/v2\/comments?post=519"}],"version-history":[{"count":3,"href":"https:\/\/agora.xtec.cat\/escmusicapuigcerda\/wp-json\/wp\/v2\/pages\/519\/revisions"}],"predecessor-version":[{"id":873,"href":"https:\/\/agora.xtec.cat\/escmusicapuigcerda\/wp-json\/wp\/v2\/pages\/519\/revisions\/873"}],"up":[{"embeddable":true,"href":"https:\/\/agora.xtec.cat\/escmusicapuigcerda\/wp-json\/wp\/v2\/pages\/19"}],"wp:attachment":[{"href":"https:\/\/agora.xtec.cat\/escmusicapuigcerda\/wp-json\/wp\/v2\/media?parent=519"}],"curies":[{"name":"wp","href":"https:\/\/api.w.org\/{rel}","templated":true}]}}