{"id":39,"date":"2014-09-17T16:36:44","date_gmt":"2014-09-17T14:36:44","guid":{"rendered":"http:\/\/agora.xtec.cat\/escmusicapuigcerda\/?page_id=39"},"modified":"2022-09-02T13:40:44","modified_gmt":"2022-09-02T11:40:44","slug":"instal%c2%b7lacions","status":"publish","type":"page","link":"https:\/\/agora.xtec.cat\/escmusicapuigcerda\/escola\/instal%c2%b7lacions\/","title":{"rendered":"Instal\u00b7lacions"},"content":{"rendered":"<p><a href=\"https:\/\/agora.xtec.cat\/escmusicapuigcerda\/wp-content\/uploads\/usu2319\/2022\/08\/puigcerda-lake-houses-water-nature-landscape-calm-wellness-harmony.jpg\"><img loading=\"lazy\" decoding=\"async\" class=\"alignnone size-full wp-image-501\" src=\"https:\/\/agora.xtec.cat\/escmusicapuigcerda\/wp-content\/uploads\/usu2319\/2022\/08\/puigcerda-lake-houses-water-nature-landscape-calm-wellness-harmony.jpg\" alt=\"\" width=\"880\" height=\"502\" srcset=\"https:\/\/agora.xtec.cat\/escmusicapuigcerda\/wp-content\/uploads\/usu2319\/2022\/08\/puigcerda-lake-houses-water-nature-landscape-calm-wellness-harmony.jpg 880w, https:\/\/agora.xtec.cat\/escmusicapuigcerda\/wp-content\/uploads\/usu2319\/2022\/08\/puigcerda-lake-houses-water-nature-landscape-calm-wellness-harmony-300x171.jpg 300w, https:\/\/agora.xtec.cat\/escmusicapuigcerda\/wp-content\/uploads\/usu2319\/2022\/08\/puigcerda-lake-houses-water-nature-landscape-calm-wellness-harmony-768x438.jpg 768w\" sizes=\"auto, (max-width: 880px) 100vw, 880px\" \/><\/a><\/p>\n<p>L&#8217;Escola Municipal de M\u00fasica &#8220;Issi Fabra&#8221; de Puigcerd\u00e0 s&#8217;allotja a l&#8217;antiga Torre Font, davant del llac de Puigcerd\u00e0 i al costat de l&#8217;Escola Alfons I.<\/p>\n<p>&nbsp;<\/p>\n<p>&nbsp;<\/p>\n","protected":false},"excerpt":{"rendered":"<p><a href=\"https:\/\/agora.xtec.cat\/escmusicapuigcerda\/wp-content\/uploads\/usu2319\/2022\/08\/puigcerda-lake-houses-water-nature-landscape-calm-wellness-harmony.jpg\"><\/a><br \/>\nL&#8217;Escola Municipal de M\u00fasica &#8220;Issi Fabra&#8221; de Puigcerd\u00e0 s&#8217;allotja a l&#8217;antiga Torre Font, davant del llac de Puigcerd\u00e0 i al costat de l&#8217;Escola Alfons I.<br \/>\n&nbsp;<br \/>\n&nbsp;<\/p>\n","protected":false},"author":1,"featured_media":0,"parent":19,"menu_order":2,"comment_status":"closed","ping_status":"closed","template":"page-templates\/side-menu.php","meta":{"_bbp_topic_count":0,"_bbp_reply_count":0,"_bbp_total_topic_count":0,"_bbp_total_reply_count":0,"_bbp_voice_count":0,"_bbp_anonymous_reply_count":0,"_bbp_topic_count_hidden":0,"_bbp_reply_count_hidden":0,"_bbp_forum_subforum_count":0,"footnotes":""},"class_list":["post-39","page","type-page","status-publish","hentry"],"post_mailing_queue_ids":[],"_links":{"self":[{"href":"https:\/\/agora.xtec.cat\/escmusicapuigcerda\/wp-json\/wp\/v2\/pages\/39","targetHints":{"allow":["GET"]}}],"collection":[{"href":"https:\/\/agora.xtec.cat\/escmusicapuigcerda\/wp-json\/wp\/v2\/pages"}],"about":[{"href":"https:\/\/agora.xtec.cat\/escmusicapuigcerda\/wp-json\/wp\/v2\/types\/page"}],"author":[{"embeddable":true,"href":"https:\/\/agora.xtec.cat\/escmusicapuigcerda\/wp-json\/wp\/v2\/users\/1"}],"replies":[{"embeddable":true,"href":"https:\/\/agora.xtec.cat\/escmusicapuigcerda\/wp-json\/wp\/v2\/comments?post=39"}],"version-history":[{"count":3,"href":"https:\/\/agora.xtec.cat\/escmusicapuigcerda\/wp-json\/wp\/v2\/pages\/39\/revisions"}],"predecessor-version":[{"id":621,"href":"https:\/\/agora.xtec.cat\/escmusicapuigcerda\/wp-json\/wp\/v2\/pages\/39\/revisions\/621"}],"up":[{"embeddable":true,"href":"https:\/\/agora.xtec.cat\/escmusicapuigcerda\/wp-json\/wp\/v2\/pages\/19"}],"wp:attachment":[{"href":"https:\/\/agora.xtec.cat\/escmusicapuigcerda\/wp-json\/wp\/v2\/media?parent=39"}],"curies":[{"name":"wp","href":"https:\/\/api.w.org\/{rel}","templated":true}]}}