{"id":27,"date":"2014-09-17T16:24:03","date_gmt":"2014-09-17T14:24:03","guid":{"rendered":"http:\/\/agora.xtec.cat\/escmusicapuigcerda\/?page_id=27"},"modified":"2022-09-02T13:34:25","modified_gmt":"2022-09-02T11:34:25","slug":"historia","status":"publish","type":"page","link":"https:\/\/agora.xtec.cat\/escmusicapuigcerda\/escola\/historia\/","title":{"rendered":"Hist\u00f2ria"},"content":{"rendered":"<p>L&#8217;escola es va\u00a0fundar <strong>l&#8217;any 1988<\/strong>. El\u00a021 de juny de 1992, amb motiu del Dia Mundial de la M\u00fasica\u00a0i el Festival de fi de curs de l&#8217;escola, es va fer un\u00a0homenatge\u00a0al mestre i compositor\u00a0<strong>Issi Fabra<\/strong>, fill de la Vila de Puigcerd\u00e0. Per aquest fet l&#8217;escola porta el seu nom.<\/p>\n<p>Des de l&#8217;any 1998 est\u00e0 reconeguda pel Departament d&#8217;Ensenyament de la Generalitat de Catalunya amb el codi 17007749.<\/p>\n<p>Els estudis reglats que ofereix l&#8217;escola s\u00f3n: Els 4 cursos de Nivell Elemental i 2 cicles de 2 cursos de Nivell Professional. A partir del curs 2015-2016 amb la signatura del conveni per part de la Generalitat de Catalunya del Conservatori dels Pirineus, els alumnes que accedeixin al Grau Professional tindran certificaci\u00f3 acad\u00e8mica oficial.<\/p>\n<p>L&#8217;Escola Municipal de M\u00fasica Issi Fabra de Puigcerd\u00e0 ofereix poder adquirir coneixements musicals sense l\u00edmits d&#8217;edat.<\/p>\n<p>&nbsp;<\/p>\n","protected":false},"excerpt":{"rendered":"<p>L&#8217;escola es va\u00a0fundar l&#8217;any 1988. El\u00a021 de juny de 1992, amb motiu del Dia Mundial de la M\u00fasica\u00a0i el Festival de fi de curs de l&#8217;escola, es va fer un\u00a0homenatge\u00a0al mestre i compositor\u00a0Issi Fabra, fill de la Vila de Puigcerd\u00e0. Per aquest fet l&#8217;escola porta&hellip;  <a href=\"https:\/\/agora.xtec.cat\/escmusicapuigcerda\/escola\/historia\/\" title=\"Read Hist\u00f2ria\">Llegeix m\u00e9s\u00bb<\/a><\/p>\n","protected":false},"author":1,"featured_media":0,"parent":19,"menu_order":1,"comment_status":"closed","ping_status":"closed","template":"page-templates\/side-menu.php","meta":{"_bbp_topic_count":0,"_bbp_reply_count":0,"_bbp_total_topic_count":0,"_bbp_total_reply_count":0,"_bbp_voice_count":0,"_bbp_anonymous_reply_count":0,"_bbp_topic_count_hidden":0,"_bbp_reply_count_hidden":0,"_bbp_forum_subforum_count":0,"footnotes":""},"class_list":["post-27","page","type-page","status-publish","hentry"],"post_mailing_queue_ids":[],"_links":{"self":[{"href":"https:\/\/agora.xtec.cat\/escmusicapuigcerda\/wp-json\/wp\/v2\/pages\/27","targetHints":{"allow":["GET"]}}],"collection":[{"href":"https:\/\/agora.xtec.cat\/escmusicapuigcerda\/wp-json\/wp\/v2\/pages"}],"about":[{"href":"https:\/\/agora.xtec.cat\/escmusicapuigcerda\/wp-json\/wp\/v2\/types\/page"}],"author":[{"embeddable":true,"href":"https:\/\/agora.xtec.cat\/escmusicapuigcerda\/wp-json\/wp\/v2\/users\/1"}],"replies":[{"embeddable":true,"href":"https:\/\/agora.xtec.cat\/escmusicapuigcerda\/wp-json\/wp\/v2\/comments?post=27"}],"version-history":[{"count":1,"href":"https:\/\/agora.xtec.cat\/escmusicapuigcerda\/wp-json\/wp\/v2\/pages\/27\/revisions"}],"predecessor-version":[{"id":530,"href":"https:\/\/agora.xtec.cat\/escmusicapuigcerda\/wp-json\/wp\/v2\/pages\/27\/revisions\/530"}],"up":[{"embeddable":true,"href":"https:\/\/agora.xtec.cat\/escmusicapuigcerda\/wp-json\/wp\/v2\/pages\/19"}],"wp:attachment":[{"href":"https:\/\/agora.xtec.cat\/escmusicapuigcerda\/wp-json\/wp\/v2\/media?parent=27"}],"curies":[{"name":"wp","href":"https:\/\/api.w.org\/{rel}","templated":true}]}}