{"id":587,"date":"2021-02-04T11:16:42","date_gmt":"2021-02-04T10:16:42","guid":{"rendered":"https:\/\/agora.xtec.cat\/conservatoripirineus\/?page_id=587"},"modified":"2022-03-22T13:31:29","modified_gmt":"2022-03-22T12:31:29","slug":"taxes","status":"publish","type":"page","link":"https:\/\/agora.xtec.cat\/escmusicalaseu\/elcentre\/taxes\/","title":{"rendered":"Preus"},"content":{"rendered":"<table width=\"839\">\n<tbody>\n<tr>\n<td width=\"792\"><strong>A. Matr\u00edcula<\/strong><\/td>\n<td style=\"text-align: center;\" width=\"47\"><strong>\u20ac<\/strong><\/td>\n<\/tr>\n<tr>\n<td>A.1. Tarifa \u00fanica<\/td>\n<td style=\"text-align: center;\">55,00<\/td>\n<\/tr>\n<tr>\n<td>A.2. Agenda escolar\u00a0 (excepte l\u2019alumnat que cursa el programa de sensibilitzaci\u00f3)<\/td>\n<td style=\"text-align: center;\">4,50<\/td>\n<\/tr>\n<tr>\n<td>A.3. Material\u00a0 (excepte l\u2019alumnat que cursa \u00fanicament instrument, cant coral i\/o agrupaci\u00f3 i el programa sensibilitzaci\u00f3 3, 4 i 5 anys)<\/td>\n<td style=\"text-align: center;\">18,00<\/td>\n<\/tr>\n<tr>\n<td>B. Quotes mensuals<\/td>\n<td style=\"text-align: center;\"><\/td>\n<\/tr>\n<tr>\n<td><strong>B.1. Sensibilitzaci\u00f3<\/strong><\/td>\n<td style=\"text-align: center;\"><\/td>\n<\/tr>\n<tr>\n<td>B.1.1.1\u00a0 Sensibilitzaci\u00f3 3 anys (60 min)<\/td>\n<td style=\"text-align: center;\">32,00<\/td>\n<\/tr>\n<tr>\n<td>B.1.1.2\u00a0 Sensibilitzaci\u00f3 4 anys (60 min)<\/td>\n<td style=\"text-align: center;\">32,00<\/td>\n<\/tr>\n<tr>\n<td>B.1.2.1\u00a0 Sensibilitzaci\u00f3 5 anys (45 min) i (30 min) roda d\u2019instrument o percussi\u00f3<\/td>\n<td style=\"text-align: center;\">40,00<\/td>\n<\/tr>\n<tr>\n<td>B.1.2.2\u00a0 Sensibilitzaci\u00f3 6 anys (45 min) i (30 min) roda d\u2019instrument o percussi\u00f3<\/td>\n<td style=\"text-align: center;\">40,00<\/td>\n<\/tr>\n<tr>\n<td><strong>B.2. Nivell Elemental<\/strong><\/td>\n<td style=\"text-align: center;\"><\/td>\n<\/tr>\n<tr>\n<td>B.2.1. Iniciaci\u00f3 7 anys (Ll. musical (60 m), cant coral (45 m), instrument (30 m))<\/td>\n<td style=\"text-align: center;\">72,00<\/td>\n<\/tr>\n<tr>\n<td>B.2.2. Primer (Ll. musical (60 m), cant coral (45 m), instrument (30 m))<\/td>\n<td style=\"text-align: center;\">72,00<\/td>\n<\/tr>\n<tr>\n<td>B.2.2.1 Primer (Ll. musical (60 m) cant coral (45 m) instrument (45 m) grup (60 m)<\/td>\n<td style=\"text-align: center;\">98,00<\/td>\n<\/tr>\n<tr>\n<td>B.2.2.2. Primer (Ll. musical (60 m) cant coral (45 m) instrument (45 m))<\/td>\n<td style=\"text-align: center;\">86,00<\/td>\n<\/tr>\n<tr>\n<td>B.2.3. Segon (Ll. musical (90 m), cant coral (45 m), instrument (30 m), grup (60 m))<\/td>\n<td style=\"text-align: center;\">98,00<\/td>\n<\/tr>\n<tr>\n<td>B.2.3.1. Segon (Ll. musical (90 m), cant coral (45 m), instrument (30 m))<\/td>\n<td style=\"text-align: center;\">86,00<\/td>\n<\/tr>\n<tr>\n<td>B.2.4. Segon (Ll. musical (90 m), cant coral (45 m), instrument (45 m), grup (60 m))<\/td>\n<td style=\"text-align: center;\">112,00<\/td>\n<\/tr>\n<tr>\n<td>B.2.4.1. Segon (Ll. musical (90 m), cant coral (45 m), instrument (45 m))<\/td>\n<td style=\"text-align: center;\">100,00<\/td>\n<\/tr>\n<tr>\n<td>B.2.5. Tercer (Ll. musical (90 m), cant coral (45 m), instrument (45 m), grup (60 m))<\/td>\n<td style=\"text-align: center;\">112,00<\/td>\n<\/tr>\n<tr>\n<td>B.2.5.1. Tercer (Ll. musical (90 m), cant coral (45 m), instrument (45 m))<\/td>\n<td style=\"text-align: center;\">100,00<\/td>\n<\/tr>\n<tr>\n<td>B.2.6. Quart (Ll. musical (90 m), cant coral (45 m), instrument (45 m), grup (60 m))<\/td>\n<td style=\"text-align: center;\">112,00<\/td>\n<\/tr>\n<tr>\n<td>B.2.6.1. Quart (Ll. musical (90 m), cant coral (45 m), instrument (45 m))<\/td>\n<td style=\"text-align: center;\">100,00<\/td>\n<\/tr>\n<tr>\n<td><strong>B.3. Nivell Mitj\u00e0<\/strong><\/td>\n<td style=\"text-align: center;\"><\/td>\n<\/tr>\n<tr>\n<td>B.3.1. Primer, Segon, Tercer i Quart (Ll. Musical (120 m), cant coral (45 m), instrument (45 m), grup (60 m))<\/td>\n<td style=\"text-align: center;\">126,00<\/td>\n<\/tr>\n<tr>\n<td>B.3.1.1. Primer, Segon, Tercer i Quart (Ll. Musical (120 m), cant coral (45 m), instrument (45 m))<\/td>\n<td style=\"text-align: center;\">114,00<\/td>\n<\/tr>\n<tr>\n<td>B.3.2. Instrument (30 min)<\/td>\n<td style=\"text-align: center;\">28,00<\/td>\n<\/tr>\n<tr>\n<td>B.3.3. Instrument (45 min)<\/td>\n<td style=\"text-align: center;\">42,00<\/td>\n<\/tr>\n<tr>\n<td><strong>B.4. Programa Adults (de primer a tercer nivell elemental)<\/strong><\/td>\n<td style=\"text-align: center;\"><\/td>\n<\/tr>\n<tr>\n<td>B.4.1. Llenguatge (60 min), instrument (30 min)<\/td>\n<td style=\"text-align: center;\">87,00<\/td>\n<\/tr>\n<tr>\n<td>B.4.2. Llenguatge (60 min), instrument (45 min)<\/td>\n<td style=\"text-align: center;\">106,00<\/td>\n<\/tr>\n<tr>\n<td>B.4.3. Instrument (30 min)<\/td>\n<td style=\"text-align: center;\">42,00<\/td>\n<\/tr>\n<tr>\n<td>B.4.4. Instrument (45 min)<\/td>\n<td style=\"text-align: center;\">61,00<\/td>\n<\/tr>\n<tr>\n<td><strong>B.5 Preparaci\u00f3 prova d\u2019acc\u00e9s Grau professional<\/strong><\/td>\n<td style=\"text-align: center;\"><\/td>\n<\/tr>\n<tr>\n<td>B.5.1. Llenguatge musical (60 min), joves menors de 19 anys<\/td>\n<td style=\"text-align: center;\">45,00<\/td>\n<\/tr>\n<tr>\n<td>B.5.2. Llenguatge musical (60 min), joves de 19 anys o majors<\/td>\n<td style=\"text-align: center;\">63,00<\/td>\n<\/tr>\n<tr>\n<td><strong>C. Quotes mensuals<\/strong><\/td>\n<td style=\"text-align: center;\"><\/td>\n<\/tr>\n<tr>\n<td>C.1. Cant Coral<\/td>\n<td style=\"text-align: center;\"><\/td>\n<\/tr>\n<tr>\n<td>C.1.1. Cant Coral (45 minuts), joves menors de 19 anys<\/td>\n<td style=\"text-align: center;\">16,00<\/td>\n<\/tr>\n<tr>\n<td>C.1.2. Cant Coral (45 minuts), joves de 19 anys o majors<\/td>\n<td style=\"text-align: center;\">20,00<\/td>\n<\/tr>\n<tr>\n<td>C.3. Conjunts i grups<\/td>\n<td style=\"text-align: center;\"><\/td>\n<\/tr>\n<tr>\n<td>C.3.1. Conjunts i grups (60 min) m\u00ednim 6 components, joves menors de 19 anys<\/td>\n<td style=\"text-align: center;\">20,00<\/td>\n<\/tr>\n<tr>\n<td>C.3.2. Conjunts i grups (60 min) m\u00ednim 6 components, joves de 19 anys o majors<\/td>\n<td style=\"text-align: center;\">28,00<\/td>\n<\/tr>\n<tr>\n<td><strong>D. Quotes mensuals<\/strong><\/td>\n<td style=\"text-align: center;\"><\/td>\n<\/tr>\n<tr>\n<td>D.1.\u00a0 Aula d\u2019estudi amb instrument de l&#8217;escola ( 60 minuts) o fracci\u00f3 (nom\u00e9s 1 curs)<\/td>\n<td style=\"text-align: center;\">2,36<\/td>\n<\/tr>\n<\/tbody>\n<\/table>\n<p>Els alumnes menors de 18 anys o que compleixin els 18 durant l&#8217;any natural de la matr\u00edcula seran considerats menors (nens) a efectes de tarificaci\u00f3 per tot el curs.<br \/>\nLes tarifes dels ep\u00edgrafs B.2.2.2, B.2.3.1, B.2.4.1, B.2.5.1, B.2.6.1 i B.3.1.1 sols seran d\u2019aplicaci\u00f3 als instruments de piano, bateria, baix el\u00e8ctric, guitarra el\u00e8ctrica, guitarra cl\u00e0ssica i cant.<\/p>\n<p>Es poden consultar les taxes aprovades en aquest <a href=\"https:\/\/agora.xtec.cat\/escmusicalaseu\/wp-content\/uploads\/usu2526\/2022\/03\/2022-ord-28-Taxes-servei-ensenyament-escoles-i-llar-infants.pdf\">enlla\u00e7<\/a>.<\/p>\n","protected":false},"excerpt":{"rendered":"<p>\t\t\t\t\t\t&hellip;  <a href=\"https:\/\/agora.xtec.cat\/escmusicalaseu\/elcentre\/taxes\/\" title=\"Read Preus\">Llegeix m\u00e9s\u00bb<\/a><\/p>\n","protected":false},"author":1,"featured_media":0,"parent":531,"menu_order":5,"comment_status":"closed","ping_status":"closed","template":"page-templates\/side-menu.php","meta":{"_bbp_topic_count":0,"_bbp_reply_count":0,"_bbp_total_topic_count":0,"_bbp_total_reply_count":0,"_bbp_voice_count":0,"_bbp_anonymous_reply_count":0,"_bbp_topic_count_hidden":0,"_bbp_reply_count_hidden":0,"_bbp_forum_subforum_count":0,"footnotes":""},"class_list":["post-587","page","type-page","status-publish","hentry"],"post_mailing_queue_ids":[],"_links":{"self":[{"href":"https:\/\/agora.xtec.cat\/escmusicalaseu\/wp-json\/wp\/v2\/pages\/587","targetHints":{"allow":["GET"]}}],"collection":[{"href":"https:\/\/agora.xtec.cat\/escmusicalaseu\/wp-json\/wp\/v2\/pages"}],"about":[{"href":"https:\/\/agora.xtec.cat\/escmusicalaseu\/wp-json\/wp\/v2\/types\/page"}],"author":[{"embeddable":true,"href":"https:\/\/agora.xtec.cat\/escmusicalaseu\/wp-json\/wp\/v2\/users\/1"}],"replies":[{"embeddable":true,"href":"https:\/\/agora.xtec.cat\/escmusicalaseu\/wp-json\/wp\/v2\/comments?post=587"}],"version-history":[{"count":3,"href":"https:\/\/agora.xtec.cat\/escmusicalaseu\/wp-json\/wp\/v2\/pages\/587\/revisions"}],"predecessor-version":[{"id":2912,"href":"https:\/\/agora.xtec.cat\/escmusicalaseu\/wp-json\/wp\/v2\/pages\/587\/revisions\/2912"}],"up":[{"embeddable":true,"href":"https:\/\/agora.xtec.cat\/escmusicalaseu\/wp-json\/wp\/v2\/pages\/531"}],"wp:attachment":[{"href":"https:\/\/agora.xtec.cat\/escmusicalaseu\/wp-json\/wp\/v2\/media?parent=587"}],"curies":[{"name":"wp","href":"https:\/\/api.w.org\/{rel}","templated":true}]}}