{"id":2783,"date":"2021-05-01T14:42:51","date_gmt":"2021-05-01T12:42:51","guid":{"rendered":"https:\/\/agora.xtec.cat\/escmusicalaseu\/?page_id=2783"},"modified":"2022-03-14T12:43:06","modified_gmt":"2022-03-14T11:43:06","slug":"consell-escolar","status":"publish","type":"page","link":"https:\/\/agora.xtec.cat\/escmusicalaseu\/elcentre\/consell-escolar\/","title":{"rendered":"Consell escolar"},"content":{"rendered":"<p>El Consell Escolar del centre est\u00e0 integrat per:<\/p>\n<ul style=\"list-style-type: square;\">\n<li>Directora: Sonia Lanau Morales <\/li>\n<li>Cap d&#8217;estudis: Joan Carles Querencia Ju\u00e1rez <\/li>\n<li>Secret\u00e0ria acad\u00e8mica: Mar\u00eda Jos\u00e9 Arilla Alb\u00e1s <\/li>\n<li>Representat de l&#8217;Ajuntament de la Seu d&#8217;Urgell: N\u00faria Tom\u00e0s Gim\u00f3<\/li>\n<li>Representants del professorat:\n<ul>\n<li style=\"list-style-type: none;\">\n<ul style=\"list-style-type: circle;\">\n<li>Luis Manuel Garc\u00eda Gonz\u00e1lez <\/li>\n<li>Rafel Llobet Mart\u00ed <\/li>\n<li>Mar\u00eda Querencia Ju\u00e1rez <\/li>\n<li>Manuel Su\u00e1rez de la Vega <\/li>\n<li>Zoryana Sokhatska <\/li>\n<\/ul>\n<\/li>\n<\/ul>\n<\/li>\n<li>Representants dels pares,mares, tutors-es:\n<ul>\n<li style=\"list-style-type: none;\">\n<ul style=\"list-style-type: circle;\">\n<li>Noem\u00ed Farr\u00e9 Cortadelles <\/li>\n<li>Carme Gelabert Saiz <\/li>\n<li>Montserrat Solanelles Ubach <\/li>\n<\/ul>\n<\/li>\n<\/ul>\n<\/li>\n<li>Representants de l&#8217;alumnat:\n<ul>\n<li style=\"list-style-type: none;\">\n<ul style=\"list-style-type: circle;\">\n<li>Carla Aril Ginesta <\/li>\n<li>Albert de Gr\u00e0cia Lago<\/li>\n<\/ul>\n<\/li>\n<\/ul>\n<\/li>\n<li>Representant del PAS: Joan Ignasi Carbonell Mar\u00edn<\/li>\n<\/ul>\n\n","protected":false},"excerpt":{"rendered":"<p>El Consell Escolar del centre est\u00e0 integrat per:<\/p>\n<ul style=\"list-style-type: square;\">\n<li>Directora: Sonia Lanau Morales <\/li>\n<li>Cap d&#8217;estudis: Joan Carles Querencia Ju\u00e1rez <\/li>\n<li>Secret\u00e0ria acad\u00e8mica: Mar\u00eda Jos\u00e9 Arilla Alb\u00e1s <\/li>\n<li>Representat de l&#8217;Ajuntament de la Seu d&#8217;Urgell: N\u00faria Tom\u00e0s Gim\u00f3<\/li>\n<li>Representants del professorat:\n<ul>\n<li style=\"list-style-type: none;\">\n<ul style=\"list-style-type: circle;\">\n<li>Luis Manuel Garc\u00eda Gonz\u00e1lez <\/li>\n<li>Rafel&hellip;  <a href=\"https:\/\/agora.xtec.cat\/escmusicalaseu\/elcentre\/consell-escolar\/\" title=\"Read Consell escolar\">Llegeix m\u00e9s\u00bb<\/a><br \/>\n","protected":false},"author":1,"featured_media":0,"parent":531,"menu_order":2,"comment_status":"closed","ping_status":"closed","template":"","meta":{"_bbp_topic_count":0,"_bbp_reply_count":0,"_bbp_total_topic_count":0,"_bbp_total_reply_count":0,"_bbp_voice_count":0,"_bbp_anonymous_reply_count":0,"_bbp_topic_count_hidden":0,"_bbp_reply_count_hidden":0,"_bbp_forum_subforum_count":0,"footnotes":""},"class_list":["post-2783","page","type-page","status-publish","hentry"],"post_mailing_queue_ids":[],"_links":{"self":[{"href":"https:\/\/agora.xtec.cat\/escmusicalaseu\/wp-json\/wp\/v2\/pages\/2783","targetHints":{"allow":["GET"]}}],"collection":[{"href":"https:\/\/agora.xtec.cat\/escmusicalaseu\/wp-json\/wp\/v2\/pages"}],"about":[{"href":"https:\/\/agora.xtec.cat\/escmusicalaseu\/wp-json\/wp\/v2\/types\/page"}],"author":[{"embeddable":true,"href":"https:\/\/agora.xtec.cat\/escmusicalaseu\/wp-json\/wp\/v2\/users\/1"}],"replies":[{"embeddable":true,"href":"https:\/\/agora.xtec.cat\/escmusicalaseu\/wp-json\/wp\/v2\/comments?post=2783"}],"version-history":[{"count":2,"href":"https:\/\/agora.xtec.cat\/escmusicalaseu\/wp-json\/wp\/v2\/pages\/2783\/revisions"}],"predecessor-version":[{"id":2862,"href":"https:\/\/agora.xtec.cat\/escmusicalaseu\/wp-json\/wp\/v2\/pages\/2783\/revisions\/2862"}],"up":[{"embeddable":true,"href":"https:\/\/agora.xtec.cat\/escmusicalaseu\/wp-json\/wp\/v2\/pages\/531"}],"wp:attachment":[{"href":"https:\/\/agora.xtec.cat\/escmusicalaseu\/wp-json\/wp\/v2\/media?parent=2783"}],"curies":[{"name":"wp","href":"https:\/\/api.w.org\/{rel}","templated":true}]}}