{"id":837,"date":"2020-02-28T18:07:40","date_gmt":"2020-02-28T17:07:40","guid":{"rendered":"https:\/\/agora.xtec.cat\/escmusicaberga\/?page_id=837"},"modified":"2025-12-22T18:39:55","modified_gmt":"2025-12-22T17:39:55","slug":"videos-2","status":"publish","type":"page","link":"https:\/\/agora.xtec.cat\/escmusicaberga\/videos-2\/","title":{"rendered":"V\u00eddeos"},"content":{"rendered":"\n<p>Concert de Nadal de la Coral de l&#8217;Escola Municipal de M\u00fasica de Berga (nadal 2025), enregistrat per Televisi\u00f3 del Bergued\u00e0.<\/p>\n\n\n\n<figure class=\"wp-block-embed is-type-video is-provider-youtube wp-block-embed-youtube wp-embed-aspect-16-9 wp-has-aspect-ratio\"><div class=\"wp-block-embed__wrapper\">\n<iframe loading=\"lazy\" title=\"Concert de Nadal de l&#039;EMMB, 2025\" width=\"500\" height=\"281\" src=\"https:\/\/www.youtube.com\/embed\/nDufel8wEgE?start=8&#038;feature=oembed\" frameborder=\"0\" allow=\"accelerometer; autoplay; clipboard-write; encrypted-media; gyroscope; picture-in-picture; web-share\" referrerpolicy=\"strict-origin-when-cross-origin\" allowfullscreen><\/iframe>\n<\/div><\/figure>\n\n\n\n<p>El roble, arr. E. Tholarkson (pop. espanyola). Conjunt de Guitarres de l&#8217;Escola Municipal de M\u00fasica de Berga \/ Conservatori dels Pirineus, dirigit per Jordi Farr\u00e9s. Enregistrat a la capella de l&#8217;Esgl\u00e9sia de Sant Francesc de Berga.<\/p>\n\n\n\n<figure class=\"wp-block-embed is-type-video is-provider-youtube wp-block-embed-youtube wp-embed-aspect-16-9 wp-has-aspect-ratio\"><div class=\"wp-block-embed__wrapper\">\n<iframe loading=\"lazy\" title=\"El roble, arr. E. Tholarkson (pop. espanyola)\" width=\"500\" height=\"281\" src=\"https:\/\/www.youtube.com\/embed\/y6tF7tl_aSE?feature=oembed\" frameborder=\"0\" allow=\"accelerometer; autoplay; clipboard-write; encrypted-media; gyroscope; picture-in-picture; web-share\" referrerpolicy=\"strict-origin-when-cross-origin\" allowfullscreen><\/iframe>\n<\/div><\/figure>\n\n\n\n<p>Siciliana de Johann Sebastian Bach. Conjunt de Guitarres de l&#8217;Escola Municipal de M\u00fasica de Berga \/ Conservatori dels Pirineus, dirigit per Jordi Farr\u00e9s. Enregistrat a la capella de l&#8217;Esgl\u00e9sia de Sant Francesc de Berga.<\/p>\n\n\n\n<figure class=\"wp-block-embed is-type-video is-provider-youtube wp-block-embed-youtube wp-embed-aspect-16-9 wp-has-aspect-ratio\"><div class=\"wp-block-embed__wrapper\">\n<iframe loading=\"lazy\" title=\"Dances Gitanes de Joaquin Turina P\u00e9rez.\" width=\"500\" height=\"281\" src=\"https:\/\/www.youtube.com\/embed\/-7nJNEsnSRA?feature=oembed\" frameborder=\"0\" allow=\"accelerometer; autoplay; clipboard-write; encrypted-media; gyroscope; picture-in-picture; web-share\" referrerpolicy=\"strict-origin-when-cross-origin\" allowfullscreen><\/iframe>\n<\/div><\/figure>\n\n\n\n<p>Dances Gitanes de Joaquin Turina P\u00e9rez. Conjunt de Guitarres de l&#8217;Escola Municipal de M\u00fasica de Berga \/ Conservatori dels Pirineus, dirigit per Jordi Farr\u00e9s. Enregistrat a la capella de l&#8217;Esgl\u00e9sia de Sant Francesc de Berga.<\/p>\n\n\n\n<figure class=\"wp-block-embed is-type-video is-provider-youtube wp-block-embed-youtube wp-embed-aspect-16-9 wp-has-aspect-ratio\"><div class=\"wp-block-embed__wrapper\">\n<iframe loading=\"lazy\" title=\"Dances Gitanes de Joaquin Turina P\u00e9rez\" width=\"500\" height=\"281\" src=\"https:\/\/www.youtube.com\/embed\/SYiRXtf1_OU?feature=oembed\" frameborder=\"0\" allow=\"accelerometer; autoplay; clipboard-write; encrypted-media; gyroscope; picture-in-picture; web-share\" referrerpolicy=\"strict-origin-when-cross-origin\" allowfullscreen><\/iframe>\n<\/div><\/figure>\n\n\n\n<p>Concert de Nadal de la Coral de l&#8217;Escola Municipal de M\u00fasica de Berga (nadal 2024), enregistrat per Televisi\u00f3 del Bergued\u00e0.<\/p>\n\n\n\n<figure class=\"wp-block-embed is-type-video is-provider-youtube wp-block-embed-youtube wp-embed-aspect-16-9 wp-has-aspect-ratio\"><div class=\"wp-block-embed__wrapper\">\n<iframe loading=\"lazy\" title=\"Concert de Nadal de la Coral de l&#039;Escola Municipal de M\u00fasica de Berga (2024)\" width=\"500\" height=\"281\" src=\"https:\/\/www.youtube.com\/embed\/r3gpoSCng4E?start=404&#038;feature=oembed\" frameborder=\"0\" allow=\"accelerometer; autoplay; clipboard-write; encrypted-media; gyroscope; picture-in-picture; web-share\" referrerpolicy=\"strict-origin-when-cross-origin\" allowfullscreen><\/iframe>\n<\/div><\/figure>\n\n\n\n<p>Projecte escena 2024<\/p>\n\n\n\n<figure class=\"wp-block-embed is-type-video is-provider-youtube wp-block-embed-youtube wp-embed-aspect-16-9 wp-has-aspect-ratio\"><div class=\"wp-block-embed__wrapper\">\n<iframe loading=\"lazy\" title=\"Projecte Berga en Escena 2024\" width=\"500\" height=\"281\" src=\"https:\/\/www.youtube.com\/embed\/Tr0EZwyfY5A?feature=oembed\" frameborder=\"0\" allow=\"accelerometer; autoplay; clipboard-write; encrypted-media; gyroscope; picture-in-picture; web-share\" referrerpolicy=\"strict-origin-when-cross-origin\" allowfullscreen><\/iframe>\n<\/div><\/figure>\n\n\n\n<p>Vine a l&#8217;escola!<\/p>\n\n\n\n<figure class=\"wp-block-embed is-type-video is-provider-youtube wp-block-embed-youtube wp-embed-aspect-16-9 wp-has-aspect-ratio\"><div class=\"wp-block-embed__wrapper\">\n<iframe loading=\"lazy\" title=\"Vine a l&#039;Escola Municipal de M\u00fasica de Berga\" width=\"500\" height=\"281\" src=\"https:\/\/www.youtube.com\/embed\/DAQHosuDxRw?feature=oembed\" frameborder=\"0\" allow=\"accelerometer; autoplay; clipboard-write; encrypted-media; gyroscope; picture-in-picture; web-share\" referrerpolicy=\"strict-origin-when-cross-origin\" allowfullscreen><\/iframe>\n<\/div><\/figure>\n\n\n\n<p>Oliver (2012)<\/p>\n\n\n\n<figure class=\"wp-block-embed is-type-video is-provider-youtube wp-block-embed-youtube wp-embed-aspect-16-9 wp-has-aspect-ratio\"><div class=\"wp-block-embed__wrapper\">\n<iframe loading=\"lazy\" title=\"Oliver, el musical, a Berga\" width=\"500\" height=\"281\" src=\"https:\/\/www.youtube.com\/embed\/ldfXM109zUU?feature=oembed\" frameborder=\"0\" allow=\"accelerometer; autoplay; clipboard-write; encrypted-media; gyroscope; picture-in-picture; web-share\" referrerpolicy=\"strict-origin-when-cross-origin\" allowfullscreen><\/iframe>\n<\/div><\/figure>\n","protected":false},"excerpt":{"rendered":"<p>Concert de Nadal de la Coral de l&#8217;Escola Municipal de M\u00fasica de Berga (nadal 2025), enregistrat per Televisi\u00f3 del Bergued\u00e0.<\/p>\n<p>El roble, arr. E. Tholarkson (pop. espanyola). Conjunt de Guitarres de l&#8217;Escola Municipal de M\u00fasica de Berga \/ Conservatori dels Pirineus, dirigit per Jordi Farr\u00e9s. Enregistrat&hellip;  <a href=\"https:\/\/agora.xtec.cat\/escmusicaberga\/videos-2\/\" title=\"Read V\u00eddeos\">Llegeix m\u00e9s\u00bb<\/a><\/p>\n","protected":false},"author":1,"featured_media":0,"parent":0,"menu_order":0,"comment_status":"closed","ping_status":"closed","template":"","meta":{"_bbp_topic_count":0,"_bbp_reply_count":0,"_bbp_total_topic_count":0,"_bbp_total_reply_count":0,"_bbp_voice_count":0,"_bbp_anonymous_reply_count":0,"_bbp_topic_count_hidden":0,"_bbp_reply_count_hidden":0,"_bbp_forum_subforum_count":0,"footnotes":""},"class_list":["post-837","page","type-page","status-publish","hentry"],"post_mailing_queue_ids":[],"_links":{"self":[{"href":"https:\/\/agora.xtec.cat\/escmusicaberga\/wp-json\/wp\/v2\/pages\/837","targetHints":{"allow":["GET"]}}],"collection":[{"href":"https:\/\/agora.xtec.cat\/escmusicaberga\/wp-json\/wp\/v2\/pages"}],"about":[{"href":"https:\/\/agora.xtec.cat\/escmusicaberga\/wp-json\/wp\/v2\/types\/page"}],"author":[{"embeddable":true,"href":"https:\/\/agora.xtec.cat\/escmusicaberga\/wp-json\/wp\/v2\/users\/1"}],"replies":[{"embeddable":true,"href":"https:\/\/agora.xtec.cat\/escmusicaberga\/wp-json\/wp\/v2\/comments?post=837"}],"version-history":[{"count":6,"href":"https:\/\/agora.xtec.cat\/escmusicaberga\/wp-json\/wp\/v2\/pages\/837\/revisions"}],"predecessor-version":[{"id":4352,"href":"https:\/\/agora.xtec.cat\/escmusicaberga\/wp-json\/wp\/v2\/pages\/837\/revisions\/4352"}],"wp:attachment":[{"href":"https:\/\/agora.xtec.cat\/escmusicaberga\/wp-json\/wp\/v2\/media?parent=837"}],"curies":[{"name":"wp","href":"https:\/\/api.w.org\/{rel}","templated":true}]}}