{"id":55,"date":"2014-09-17T16:59:49","date_gmt":"2014-09-17T16:59:49","guid":{"rendered":"http:\/\/agora.xtec.cat\/escmusicaberga\/?page_id=55"},"modified":"2025-06-30T17:14:00","modified_gmt":"2025-06-30T15:14:00","slug":"horaris","status":"publish","type":"page","link":"https:\/\/agora.xtec.cat\/escmusicaberga\/lescola\/horaris\/","title":{"rendered":"Horaris"},"content":{"rendered":"<h4 style=\"text-align: left;\"><span style=\"color: #000000;\"><strong>CURS 2025 &#8211; 2026<\/strong><\/span><\/h4>\n<hr \/>\n<h4 style=\"text-align: left;\"><span style=\"color: #ff9900;\">Programa formatiu de Sensibilitzaci\u00f3<\/span><\/h4>\n<ul>\n<li><strong>Sensibilitzaci\u00f3 <\/strong>(educaci\u00f3 infantil 3 &#8211; 5) \u2192 <a href=\"https:\/\/agora.xtec.cat\/escmusicaberga\/wp-content\/uploads\/usu1326\/2025\/06\/EMMB-orientacio-academica-2025_2026-horaris-PF-sensibilitzacio.pdf\">EMMB orientaci\u00f3 acad\u00e8mica 2025_2026 horaris PF sensibilitzaci\u00f3<\/a><\/li>\n<\/ul>\n<hr \/>\n<h4 style=\"text-align: left;\"><span style=\"color: #ff9900;\">Programes formatius d&#8217;aprenentatge B\u00e0sic<\/span><\/h4>\n<ul>\n<li><strong>B\u00e0sic 1 <\/strong>(educaci\u00f3 prim\u00e0ria 1r) \u2192 <a href=\"https:\/\/agora.xtec.cat\/escmusicaberga\/wp-content\/uploads\/usu1326\/2025\/06\/EMMB-orientacio-academica-2025_2026-horaris-PF-basic-1.pdf\">EMMB orientaci\u00f3 acad\u00e8mica 2025_2026 horaris PF b\u00e0sic 1<\/a><\/li>\n<li><strong>B\u00e0sic 2 <\/strong>(educaci\u00f3 prim\u00e0ria 2n) \u2192 <a href=\"https:\/\/agora.xtec.cat\/escmusicaberga\/wp-content\/uploads\/usu1326\/2025\/06\/EMMB-orientacio-academica-2025_2026-horaris-PF-basic-2.pdf\">EMMB orientaci\u00f3 acad\u00e8mica 2025_2026 horaris PF b\u00e0sic 2<\/a><\/li>\n<li><strong>B\u00e0sic 3<\/strong> (educaci\u00f3 prim\u00e0ria 3r) \u2192 <a href=\"https:\/\/agora.xtec.cat\/escmusicaberga\/wp-content\/uploads\/usu1326\/2025\/06\/EMMB-orientacio-academica-2025_2026-horaris-PF-basic-3.pdf\">EMMB orientaci\u00f3 acad\u00e8mica 2025_2026 horaris PF b\u00e0sic 3<\/a><\/li>\n<li><strong>B\u00e0sic 4 <\/strong>(educaci\u00f3 prim\u00e0ria 4t) \u2192 <a href=\"https:\/\/agora.xtec.cat\/escmusicaberga\/wp-content\/uploads\/usu1326\/2025\/06\/EMMB-orientacio-academica-2025_2026-horaris-PF-basic-4.pdf\">EMMB orientaci\u00f3 acad\u00e8mica 2025_2026 horaris PF b\u00e0sic 4<\/a><\/li>\n<li><strong>B\u00e0sic 5<\/strong> (educaci\u00f3 prim\u00e0ria 5\u00e8) \u2192 <a href=\"https:\/\/agora.xtec.cat\/escmusicaberga\/wp-content\/uploads\/usu1326\/2025\/06\/EMMB-orientacio-academica-2025_2026-horaris-PF-basic-5.pdf\">EMMB orientaci\u00f3 acad\u00e8mica 2025_2026 horaris PF b\u00e0sic 5<\/a><\/li>\n<li><strong>B\u00e0sic 6<\/strong> (educaci\u00f3 prim\u00e0ria 6\u00e8)\u2192 <a href=\"https:\/\/agora.xtec.cat\/escmusicaberga\/wp-content\/uploads\/usu1326\/2025\/06\/EMMB-orientacio-academica-2025_2026-horaris-PF-basic-6.pdf\">EMMB orientaci\u00f3 acad\u00e8mica 2025_2026 horaris PF b\u00e0sic 6<\/a><\/li>\n<li><strong>B\u00e0sic <\/strong><strong>&#8211; acc\u00e9s a conservatori<\/strong> \u2192 <a href=\"https:\/\/agora.xtec.cat\/escmusicaberga\/wp-content\/uploads\/usu1326\/2025\/06\/EMMB-orientacio-academica-2025_2026-horaris-PF-basic-conservatori.pdf\">EMMB orientaci\u00f3 acad\u00e8mica 2025_2026 horaris PF b\u00e0sic conservatori<\/a><\/li>\n<li><strong>B\u00e0sic &#8211; joves i adults<\/strong> \u2192<\/li>\n<\/ul>\n<hr \/>\n<h4><span style=\"color: #ff9900;\">Programa formatiu d&#8217;Aprofundiment<\/span><\/h4>\n<ul style=\"list-style-type: disc;\">\n<li><strong>Aprofundiment<\/strong> \u2192<\/li>\n<\/ul>\n<hr \/>\n<h4><span style=\"color: #ff9900;\">Programa formatiu de Formacions<\/span><\/h4>\n<ul>\n<li><strong>Formacions<\/strong> \u2192 <a href=\"https:\/\/agora.xtec.cat\/escmusicaberga\/wp-content\/uploads\/usu1326\/2025\/06\/EMMB-orientacio-academica-2025_2026-horaris-PF-formacions.pdf\">EMMB orientaci\u00f3 acad\u00e8mica 2025_2026 horaris PF formacions<\/a><\/li>\n<\/ul>\n<hr \/>\n<h4><span style=\"color: #ff9900;\">Programa formatiu Obert<\/span><\/h4>\n<ul>\n<li><strong>Obert<\/strong> \u2192<\/li>\n<\/ul>\n<hr \/>\n<h4><span style=\"color: #ff9900;\">Programa formatiu Comunitat EMMB<\/span><\/h4>\n<ul>\n<li><strong>Comunitat EMMB<\/strong> \u2192 <a href=\"https:\/\/agora.xtec.cat\/escmusicaberga\/wp-content\/uploads\/usu1326\/2025\/06\/EMMB-orientacio-academica-2025_2026-horaris-PF-comunitat-EMMB.pdf\">EMMB orientaci\u00f3 acad\u00e8mica 2025_2026 horaris PF comunitat EMMB<\/a><\/li>\n<\/ul>\n","protected":false},"excerpt":{"rendered":"<p>CURS 2025 &#8211; 2026<\/p>\n<p>Programa formatiu de Sensibilitzaci\u00f3<\/p>\n<ul>\n<li>Sensibilitzaci\u00f3 (educaci\u00f3 infantil 3 &#8211; 5) \u2192 <a href=\"https:\/\/agora.xtec.cat\/escmusicaberga\/wp-content\/uploads\/usu1326\/2025\/06\/EMMB-orientacio-academica-2025_2026-horaris-PF-sensibilitzacio.pdf\">EMMB orientaci\u00f3 acad\u00e8mica 2025_2026 horaris PF sensibilitzaci\u00f3<\/a><\/li>\n<\/ul>\n<p>Programes formatius d&#8217;aprenentatge B\u00e0sic<\/p>\n<ul>\n<li>B\u00e0sic 1 (educaci\u00f3 prim\u00e0ria 1r) \u2192 <a href=\"https:\/\/agora.xtec.cat\/escmusicaberga\/wp-content\/uploads\/usu1326\/2025\/06\/EMMB-orientacio-academica-2025_2026-horaris-PF-basic-1.pdf\">EMMB orientaci\u00f3 acad\u00e8mica 2025_2026 horaris PF b\u00e0sic 1<\/a><\/li>\n<li>B\u00e0sic 2 (educaci\u00f3 prim\u00e0ria 2n) \u2192 <a href=\"https:\/\/agora.xtec.cat\/escmusicaberga\/wp-content\/uploads\/usu1326\/2025\/06\/EMMB-orientacio-academica-2025_2026-horaris-PF-basic-2.pdf\">EMMB&hellip;  <a href=\"https:\/\/agora.xtec.cat\/escmusicaberga\/lescola\/horaris\/\" title=\"Read Horaris\">Llegeix m\u00e9s\u00bb<\/a><br \/>\n","protected":false},"author":1,"featured_media":0,"parent":19,"menu_order":8,"comment_status":"closed","ping_status":"closed","template":"page-templates\/side-menu.php","meta":{"_bbp_topic_count":0,"_bbp_reply_count":0,"_bbp_total_topic_count":0,"_bbp_total_reply_count":0,"_bbp_voice_count":0,"_bbp_anonymous_reply_count":0,"_bbp_topic_count_hidden":0,"_bbp_reply_count_hidden":0,"_bbp_forum_subforum_count":0,"footnotes":""},"class_list":["post-55","page","type-page","status-publish","hentry"],"post_mailing_queue_ids":[],"_links":{"self":[{"href":"https:\/\/agora.xtec.cat\/escmusicaberga\/wp-json\/wp\/v2\/pages\/55","targetHints":{"allow":["GET"]}}],"collection":[{"href":"https:\/\/agora.xtec.cat\/escmusicaberga\/wp-json\/wp\/v2\/pages"}],"about":[{"href":"https:\/\/agora.xtec.cat\/escmusicaberga\/wp-json\/wp\/v2\/types\/page"}],"author":[{"embeddable":true,"href":"https:\/\/agora.xtec.cat\/escmusicaberga\/wp-json\/wp\/v2\/users\/1"}],"replies":[{"embeddable":true,"href":"https:\/\/agora.xtec.cat\/escmusicaberga\/wp-json\/wp\/v2\/comments?post=55"}],"version-history":[{"count":6,"href":"https:\/\/agora.xtec.cat\/escmusicaberga\/wp-json\/wp\/v2\/pages\/55\/revisions"}],"predecessor-version":[{"id":4125,"href":"https:\/\/agora.xtec.cat\/escmusicaberga\/wp-json\/wp\/v2\/pages\/55\/revisions\/4125"}],"up":[{"embeddable":true,"href":"https:\/\/agora.xtec.cat\/escmusicaberga\/wp-json\/wp\/v2\/pages\/19"}],"wp:attachment":[{"href":"https:\/\/agora.xtec.cat\/escmusicaberga\/wp-json\/wp\/v2\/media?parent=55"}],"curies":[{"name":"wp","href":"https:\/\/api.w.org\/{rel}","templated":true}]}}