{"id":529,"date":"2019-09-16T14:41:33","date_gmt":"2019-09-16T12:41:33","guid":{"rendered":"https:\/\/agora.xtec.cat\/escmusicaberga\/?page_id=529"},"modified":"2026-04-15T13:00:58","modified_gmt":"2026-04-15T11:00:58","slug":"preus-publics","status":"publish","type":"page","link":"https:\/\/agora.xtec.cat\/escmusicaberga\/lescola\/preus-publics\/","title":{"rendered":"Preus p\u00fablics"},"content":{"rendered":"<p><strong>Preus p\u00fablics vigents per al curs 2025-2026<\/strong><\/p>\n<hr \/>\n<p>Aprovats en sessi\u00f3 plen\u00e0ria de l&#8217;Ajuntament de Berga el 5\/6\/2025<\/p>\n<p><a href=\"https:\/\/bop.diba.cat\/anunci\/3788881\/aprovacio-de-l-annex-2025-2-de-l-ordenanca-general-de-preus-publics-relatiu-als-preus-publics-de-l-escola-municipal-de-musica-ajuntament-de-berga\">Preus p\u00fablics 2025-2026<\/a><\/p>\n<p>Amb l\u2019objectiu de donar acc\u00e9s a l\u2019educaci\u00f3 musical a tota la poblaci\u00f3, l\u2019Ajuntament de Berga ha aprovat, dins de les ordenances municipals, un procediment de tarifaci\u00f3 social que regula els preus p\u00fablics de l\u2019Escola Municipal de M\u00fasica i les taxes del Conservatori de M\u00fasica dels Pirineus (seu de Berga) segons el nivell de renda de cada fam\u00edlia. Segons el nivell de renda es poden obtenir descomptes sobre les tarifes aplicades de fins a un 90%.<\/p>\n<p>+ info<\/p>\n<p><a href=\"https:\/\/agora.xtec.cat\/escmusicaberga\/tarifacio-social\/\">Tarifaci\u00f3 social<\/a><\/p>\n","protected":false},"excerpt":{"rendered":"<p>Preus p\u00fablics vigents per al curs 2025-2026<\/p>\n<p>Aprovats en sessi\u00f3 plen\u00e0ria de l&#8217;Ajuntament de Berga el 5\/6\/2025<br \/>\n<a href=\"https:\/\/bop.diba.cat\/anunci\/3788881\/aprovacio-de-l-annex-2025-2-de-l-ordenanca-general-de-preus-publics-relatiu-als-preus-publics-de-l-escola-municipal-de-musica-ajuntament-de-berga\">Preus p\u00fablics 2025-2026<\/a><br \/>\nAmb l\u2019objectiu de donar acc\u00e9s a l\u2019educaci\u00f3 musical a tota la poblaci\u00f3, l\u2019Ajuntament de Berga ha aprovat, dins de les ordenances municipals, un procediment de tarifaci\u00f3 social&hellip;  <a href=\"https:\/\/agora.xtec.cat\/escmusicaberga\/lescola\/preus-publics\/\" title=\"Read Preus p\u00fablics\">Llegeix m\u00e9s\u00bb<\/a><\/p>\n","protected":false},"author":1,"featured_media":0,"parent":19,"menu_order":12,"comment_status":"closed","ping_status":"closed","template":"page-templates\/side-menu.php","meta":{"_bbp_topic_count":0,"_bbp_reply_count":0,"_bbp_total_topic_count":0,"_bbp_total_reply_count":0,"_bbp_voice_count":0,"_bbp_anonymous_reply_count":0,"_bbp_topic_count_hidden":0,"_bbp_reply_count_hidden":0,"_bbp_forum_subforum_count":0,"footnotes":""},"class_list":["post-529","page","type-page","status-publish","hentry"],"post_mailing_queue_ids":[],"_links":{"self":[{"href":"https:\/\/agora.xtec.cat\/escmusicaberga\/wp-json\/wp\/v2\/pages\/529","targetHints":{"allow":["GET"]}}],"collection":[{"href":"https:\/\/agora.xtec.cat\/escmusicaberga\/wp-json\/wp\/v2\/pages"}],"about":[{"href":"https:\/\/agora.xtec.cat\/escmusicaberga\/wp-json\/wp\/v2\/types\/page"}],"author":[{"embeddable":true,"href":"https:\/\/agora.xtec.cat\/escmusicaberga\/wp-json\/wp\/v2\/users\/1"}],"replies":[{"embeddable":true,"href":"https:\/\/agora.xtec.cat\/escmusicaberga\/wp-json\/wp\/v2\/comments?post=529"}],"version-history":[{"count":6,"href":"https:\/\/agora.xtec.cat\/escmusicaberga\/wp-json\/wp\/v2\/pages\/529\/revisions"}],"predecessor-version":[{"id":4497,"href":"https:\/\/agora.xtec.cat\/escmusicaberga\/wp-json\/wp\/v2\/pages\/529\/revisions\/4497"}],"up":[{"embeddable":true,"href":"https:\/\/agora.xtec.cat\/escmusicaberga\/wp-json\/wp\/v2\/pages\/19"}],"wp:attachment":[{"href":"https:\/\/agora.xtec.cat\/escmusicaberga\/wp-json\/wp\/v2\/media?parent=529"}],"curies":[{"name":"wp","href":"https:\/\/api.w.org\/{rel}","templated":true}]}}