{"id":46,"date":"2014-09-17T16:53:45","date_gmt":"2014-09-17T16:53:45","guid":{"rendered":"http:\/\/agora.xtec.cat\/escmusicaberga\/?page_id=46"},"modified":"2026-02-14T12:06:59","modified_gmt":"2026-02-14T11:06:59","slug":"organigrama","status":"publish","type":"page","link":"https:\/\/agora.xtec.cat\/escmusicaberga\/lescola\/organigrama\/","title":{"rendered":"Organigrama"},"content":{"rendered":"<p>Escola municipal de m\u00fasica de Berga \u00e9s un servei de gesti\u00f3 directa de titularitat municipal de l&#8217;Ajuntament de Berga. Dep\u00e8n de la regidoria d&#8217;educaci\u00f3 i dins de l&#8217;organigrama municipal dep\u00e8n de l&#8217;\u00c0rea d&#8217;educaci\u00f3.<\/p>\n<h3><strong>Direcci\u00f3<\/strong><\/h3>\n<ul>\n<li>Director: Xavier Llobet Casas &#8211; <a href=\"mailto:llobetcx@emmberga.cat\">llobetcx<span class=\"\">@emmberga.ca<\/span>t<\/a><\/li>\n<li>Cap d&#8217;estudis: Josep Comellas Rosi\u00f1ol &#8211; <a href=\"mailto:comellasrj@emmberga.cat\">comellasrj@emmberga.cat<\/a><\/li>\n<li>Secretaria acad\u00e8mica: M\u00f2nica Roca Llad\u00f3 &#8211; <a href=\"rocalm@emmberga.cat\">rocalm@emmberga.cat<\/a><\/li>\n<\/ul>\n<h3><strong>Caps d&#8217;\u00e0rea<\/strong><\/h3>\n<ul>\n<li>Corda: M\u00f2nica Blanque Herrero &#8211; <a href=\"mailto:blanquehm@emmberga.cat\">blanquehm<span class=\"\">@emmberga.cat<\/span><\/a><\/li>\n<li><span class=\"\">Llenguatge musical: Marta Ball\u00fas Mar\u00ed &#8211; <a href=\"mailto:ballusmm@emmberga.cat\">ballusmm@emmberga.cat<\/a><\/span><\/li>\n<li>M\u00fasica moderna: Jordi Farr\u00e9s Tom\u00e0s &#8211; <a href=\"mailto:farrestj@emmberga.cat\">farrestj<span class=\"\">@emmberga.cat<\/span><\/a><\/li>\n<li>Piano: Elisenda Mart\u00ed Valls &#8211; <a href=\"mailto:martive@emmberga.cat\">martive@emmberga.cat<\/a><\/li>\n<li>Vent-fusta: N\u00faria Moreno Tella &#8211; <a href=\"mailto:morenotn@emmberga.cat\">morenotn<span class=\"\">@emmberga.cat<\/span><\/a><\/li>\n<li>Vent-metall: Gisela Alegret P\u00e9rez &#8211; <a href=\"mailto:alegretpg@emmberga.cat\">alegretpg@emmberga.cat<\/a><\/li>\n<\/ul>\n<h3><strong>Coordinacions<\/strong><\/h3>\n<ul>\n<li>Programes de m\u00fasica comunit\u00e0ria: M\u00f2nica Roca Llad\u00f3 &#8211; <a href=\"mailto:rocalm@emmberga.cat\">rocalm@emmberga.cat<\/a><\/li>\n<li>Formacions: Judit Marmi Camps &#8211; <a href=\"mailto:marmicj@emmberga.cat\">marmicj<span class=\"\">@emmberga.cat<\/span><\/a><\/li>\n<\/ul>\n<h3><strong>Professorat<\/strong><\/h3>\n<table style=\"height: 1199px; width: 101.047%;\">\n<tbody>\n<tr style=\"height: 32px;\">\n<td style=\"width: 10.9541%; height: 32px;\">Alegret<\/td>\n<td style=\"width: 12.8386%; height: 32px;\">Gisela<\/td>\n<td style=\"width: 46.4075%; height: 32px;\">Trompeta, m\u00fasica de cambra, m\u00fasica comunit\u00e0ria<\/td>\n<td style=\"width: 28.2686%; height: 32px;\"><a href=\"mailto:alegretpg@emmberga.cat\">alegretpg@emmberga.cat<\/a><\/td>\n<\/tr>\n<tr style=\"height: 32px;\">\n<td style=\"width: 10.9541%; height: 32px;\">Alsina<\/td>\n<td style=\"width: 12.8386%; height: 32px;\">Adriana<\/td>\n<td style=\"width: 46.4075%; height: 32px;\">Violoncel, m\u00fasica de cambra, conjunts instrumentals<\/td>\n<td style=\"width: 28.2686%; height: 32px;\"><a href=\"mailto:alsinaea@emmberga.cat\">alsinaea@emmberga.cat<\/a><\/td>\n<\/tr>\n<tr style=\"height: 32px;\">\n<td style=\"width: 10.9541%; height: 32px;\">Aymerich<\/td>\n<td style=\"width: 12.8386%; height: 32px;\">Queralt<\/td>\n<td style=\"width: 46.4075%; height: 32px;\">Sensibilitzaci\u00f3, m\u00fasica comunit\u00e0ria, llenguatge musical, cant i cor<\/td>\n<td style=\"width: 28.2686%; height: 32px;\"><a href=\"mailto:aymerichtq@emmberga.cat\">aymerichtq@emmberga.cat<\/a><\/td>\n<\/tr>\n<tr style=\"height: 32px;\">\n<td style=\"width: 10.9541%; height: 32px;\">Ballus<\/td>\n<td style=\"width: 12.8386%; height: 32px;\">Marta<\/td>\n<td style=\"width: 46.4075%; height: 32px;\">Sensibitzaci\u00f3, Llenguatge musical, piano<\/td>\n<td style=\"width: 28.2686%; height: 32px;\"><a href=\"mailto:ballusmm@emmberga.cat\">ballusmm@emmberga.cat<\/a><\/td>\n<\/tr>\n<tr style=\"height: 32px;\">\n<td style=\"width: 10.9541%; height: 32px;\">Bella<\/td>\n<td style=\"width: 12.8386%; height: 32px;\">Montserrat<\/td>\n<td style=\"width: 46.4075%; height: 32px;\">Cant<\/td>\n<td style=\"width: 28.2686%; height: 32px;\"><a href=\"mailto:bellarm@emmberga.cat\">bellarm@emmberga.cat<\/a><\/td>\n<\/tr>\n<tr style=\"height: 32px;\">\n<td style=\"width: 10.9541%; height: 32px;\">Blanque<\/td>\n<td style=\"width: 12.8386%; height: 32px;\">Monica<\/td>\n<td style=\"width: 46.4075%; height: 32px;\">Contrabaix, baix el\u00e8ctric, m\u00fasica comunit\u00e0ria<\/td>\n<td style=\"width: 28.2686%; height: 32px;\"><a href=\"mailto:blanquehm@emmberga.cat\">blanquehm@emmberga.cat<\/a><\/td>\n<\/tr>\n<tr style=\"height: 32px;\">\n<td style=\"width: 10.9541%; height: 32px;\">Boixader<\/td>\n<td style=\"width: 12.8386%; height: 32px;\">Jordi<\/td>\n<td style=\"width: 46.4075%; height: 32px;\">Sax\u00f2fon<\/td>\n<td style=\"width: 28.2686%; height: 32px;\"><a href=\"mailto:boixadercj@emmberga.cat\">boixadercj@emmberga.cat<\/a><\/td>\n<\/tr>\n<tr style=\"height: 47px;\">\n<td style=\"width: 10.9541%; height: 47px;\">Comellas<\/td>\n<td style=\"width: 12.8386%; height: 47px;\">Josep<\/td>\n<td style=\"width: 46.4075%; height: 47px;\">Llenguatge musical, harmonia cl\u00e0ssica, hist\u00f2ria de la m\u00fasica, m\u00fasica comunit\u00e0ria<\/td>\n<td style=\"width: 28.2686%; height: 47px;\"><a href=\"mailto:comellasbg@emmberga.cat\">comellasbg@emmberga.cat<\/a><\/td>\n<\/tr>\n<tr style=\"height: 32px;\">\n<td style=\"width: 10.9541%; height: 32px;\">Comellas<\/td>\n<td style=\"width: 12.8386%; height: 32px;\">Gerard<\/td>\n<td style=\"width: 46.4075%; height: 32px;\">Clarinet, tenora, tible, cobla<\/td>\n<td style=\"width: 28.2686%; height: 32px;\"><a href=\"mailto:comellasrj@emmberga.cat\">comellasrj@emmberga.cat<\/a><\/td>\n<\/tr>\n<tr style=\"height: 32px;\">\n<td style=\"width: 10.9541%; height: 32px;\">Compte<\/td>\n<td style=\"width: 12.8386%; height: 32px;\">Alba<\/td>\n<td style=\"width: 46.4075%; height: 32px;\">Viol\u00ed, Orquestra<\/td>\n<td style=\"width: 28.2686%; height: 32px;\"><a href=\"mailto:comptera@emmberga.cat\">comptera@emmberga.cat<\/a><\/td>\n<\/tr>\n<tr style=\"height: 32px;\">\n<td style=\"width: 10.9541%; height: 32px;\">Escarr\u00e9<\/td>\n<td style=\"width: 12.8386%; height: 32px;\">Marcel<\/td>\n<td style=\"width: 46.4075%; height: 32px;\">Piano, m\u00fasica de cambra, conjunt instrumental<\/td>\n<td style=\"width: 28.2686%; height: 32px;\"><a href=\"mailto:escarrevm@emmberga.cat\">escarrevm@emmberga.cat<\/a><\/td>\n<\/tr>\n<tr style=\"height: 32px;\">\n<td style=\"width: 10.9541%; height: 32px;\">Farres<\/td>\n<td style=\"width: 12.8386%; height: 32px;\">Jordi<\/td>\n<td style=\"width: 46.4075%; height: 32px;\">Guitarra el\u00e8ctrica, guitarra cl\u00e0ssica, conjunt instrumental<\/td>\n<td style=\"width: 28.2686%; height: 32px;\"><a href=\"mailto:farrestj@emmberga.cat\">farrestj@emmberga.cat<\/a><\/td>\n<\/tr>\n<tr style=\"height: 32px;\">\n<td style=\"width: 10.9541%; height: 32px;\">Gabarr\u00f3s<\/td>\n<td style=\"width: 12.8386%; height: 32px;\">M\u00aa Montserrat<\/td>\n<td style=\"width: 46.4075%; height: 32px;\">Piano, conjunt instrumental<\/td>\n<td style=\"width: 28.2686%; height: 32px;\"><a href=\"mailto:gabarrospm@emmberga.cat\">gabarrospm@emmberga.cat<\/a><\/td>\n<\/tr>\n<tr style=\"height: 32px;\">\n<td style=\"width: 10.9541%; height: 32px;\">Gual<\/td>\n<td style=\"width: 12.8386%; height: 32px;\">Llu\u00eds<\/td>\n<td style=\"width: 46.4075%; height: 32px;\">Llenguatge musical<\/td>\n<td style=\"width: 28.2686%; height: 32px;\"><a href=\"mailto:gualgl@conservatoripirineus.cat\">gualgl@conservatoripirineus.cat<\/a><\/td>\n<\/tr>\n<tr style=\"height: 32px;\">\n<td style=\"width: 10.9541%; height: 32px;\">Hernandez<\/td>\n<td style=\"width: 12.8386%; height: 32px;\">Cristina<\/td>\n<td style=\"width: 46.4075%; height: 32px;\">Trompa, Conjunt instrumental<\/td>\n<td style=\"width: 28.2686%; height: 32px;\"><a href=\"mailto:hernandezsc@emmberga.cat\">hernandezsc@emmberga.cat<\/a><\/td>\n<\/tr>\n<tr style=\"height: 32px;\">\n<td style=\"width: 10.9541%; height: 32px;\">Haro<\/td>\n<td style=\"width: 12.8386%; height: 32px;\">Josep<\/td>\n<td style=\"width: 46.4075%; height: 32px;\">Piano modern, combos<\/td>\n<td style=\"width: 28.2686%; height: 32px;\"><a href=\"mailto:harosj@emmberga.cat\">harosj@emmberga.cat<\/a><\/td>\n<\/tr>\n<tr style=\"height: 32px;\">\n<td style=\"width: 10.9541%; height: 32px;\">Huertas<\/td>\n<td style=\"width: 12.8386%; height: 32px;\">Dani<\/td>\n<td style=\"width: 46.4075%; height: 32px;\">Sax\u00f2fon, combos i conjunt instrumental<\/td>\n<td style=\"width: 28.2686%; height: 32px;\"><a href=\"mailto:huertassd@emmberga.cat\">huertassd@emmberga.cat<\/a><\/td>\n<\/tr>\n<tr style=\"height: 32px;\">\n<td style=\"width: 10.9541%; height: 32px;\">Junyent<\/td>\n<td style=\"width: 12.8386%; height: 32px;\">Jordi<\/td>\n<td style=\"width: 46.4075%; height: 32px;\">Bateria, combos<\/td>\n<td style=\"width: 28.2686%; height: 32px;\"><a href=\"mailto:junyentcj1@emmberga.cat\">junyentcj1@emmberga.cat<\/a><\/td>\n<\/tr>\n<tr style=\"height: 32px;\">\n<td style=\"width: 10.9541%; height: 32px;\">Junyent<\/td>\n<td style=\"width: 12.8386%; height: 32px;\">Josep<\/td>\n<td style=\"width: 46.4075%; height: 32px;\">Baix el\u00e8ctric, combos<\/td>\n<td style=\"width: 28.2686%; height: 32px;\"><a href=\"mailto:junyentcj@emmberga.cat\">junyentcj@emmberga.cat<\/a><\/td>\n<\/tr>\n<tr style=\"height: 32px;\">\n<td style=\"width: 10.9541%; height: 32px;\">Llobet<\/td>\n<td style=\"width: 12.8386%; height: 32px;\">Xavier<\/td>\n<td style=\"width: 46.4075%; height: 32px;\">Llenguatge musical, cor<\/td>\n<td style=\"width: 28.2686%; height: 32px;\"><a href=\"mailto:llobetcx@emmberga.cat\">llobetcx@emmberga.cat<\/a><\/td>\n<\/tr>\n<tr style=\"height: 32px;\">\n<td style=\"width: 10.9541%; height: 32px;\">Marmi<\/td>\n<td style=\"width: 12.8386%; height: 32px;\">Judit<\/td>\n<td style=\"width: 46.4075%; height: 32px;\">Clarinet, banda, combo, llenguatge musical<\/td>\n<td style=\"width: 28.2686%; height: 32px;\"><a href=\"mailto:marmicj@emmberga.cat\">marmicj@emmberga.cat<\/a><\/td>\n<\/tr>\n<tr style=\"height: 32px;\">\n<td style=\"width: 10.9541%; height: 32px;\">Marti<\/td>\n<td style=\"width: 12.8386%; height: 32px;\">Elisenda<\/td>\n<td style=\"width: 46.4075%; height: 32px;\">Piano, conjunt instrumental<\/td>\n<td style=\"width: 28.2686%; height: 32px;\"><a href=\"mailto:martive@emmberga.cat\">martive@emmberga.cat<\/a><\/td>\n<\/tr>\n<tr style=\"height: 32px;\">\n<td style=\"width: 10.9541%; height: 32px;\">Mascaro<\/td>\n<td style=\"width: 12.8386%; height: 32px;\">M\u00aa Carme<\/td>\n<td style=\"width: 46.4075%; height: 32px;\">Piano, llenguatge musical, m\u00fasica de cambra<\/td>\n<td style=\"width: 28.2686%; height: 32px;\"><a href=\"mailto:mascaromc@emmberga.cat\">mascaromc@emmberga.cat<\/a><\/td>\n<\/tr>\n<tr style=\"height: 32px;\">\n<td style=\"width: 10.9541%; height: 32px;\">Moreno<\/td>\n<td style=\"width: 12.8386%; height: 32px;\">N\u00faria<\/td>\n<td style=\"width: 46.4075%; height: 32px;\">Obo\u00e8<\/td>\n<td style=\"width: 28.2686%; height: 32px;\"><a href=\"mailto:morenotn@emmberga.cat\">morenotn@emmberga.cat<\/a><\/td>\n<\/tr>\n<tr style=\"height: 32px;\">\n<td style=\"width: 10.9541%; height: 32px;\">Otaola<\/td>\n<td style=\"width: 12.8386%; height: 32px;\">Ivan<\/td>\n<td style=\"width: 46.4075%; height: 32px;\">Expressi\u00f3 corporal i projecte comunitaris<\/td>\n<td style=\"width: 28.2686%; height: 32px;\"><a href=\"mailto:otaolaci@emmberga.cat\">otaolaci@emmberga.cat<\/a><\/td>\n<\/tr>\n<tr style=\"height: 32px;\">\n<td style=\"width: 10.9541%; height: 32px;\">Pagerols<\/td>\n<td style=\"width: 12.8386%; height: 32px;\">Marta<\/td>\n<td style=\"width: 46.4075%; height: 32px;\">Sensibilitzaci\u00f3, llenguatge musical, cor<\/td>\n<td style=\"width: 28.2686%; height: 32px;\"><a href=\"mailto:pagerolshm@emmberga.cat\">pagerolshm@emmberga.cat<\/a><\/td>\n<\/tr>\n<tr style=\"height: 32px;\">\n<td style=\"width: 10.9541%; height: 32px;\">Planes<\/td>\n<td style=\"width: 12.8386%; height: 32px;\">Xavier<\/td>\n<td style=\"width: 46.4075%; height: 32px;\">Trompeta, conjunt instrumental, m\u00fasica comunit\u00e0ria<\/td>\n<td style=\"width: 28.2686%; height: 32px;\"><a href=\"mailto:planesgx@emmberga.cat\">planesgx@emmberga.cat<\/a><\/td>\n<\/tr>\n<tr style=\"height: 32px;\">\n<td style=\"width: 10.9541%; height: 32px;\">Perez<\/td>\n<td style=\"width: 12.8386%; height: 32px;\">Javier<\/td>\n<td style=\"width: 46.4075%; height: 32px;\">Percussi\u00f3<\/td>\n<td style=\"width: 28.2686%; height: 32px;\"><a href=\"mailto:perezdj@emmberga.cat\">perezdj@emmberga.cat<\/a><\/td>\n<\/tr>\n<tr style=\"height: 32px;\">\n<td style=\"width: 10.9541%; height: 32px;\">Pujol<\/td>\n<td style=\"width: 12.8386%; height: 32px;\">Gemma<\/td>\n<td style=\"width: 46.4075%; height: 32px;\">Viola, conjunt instrumental, orquestra,m\u00fasica comunit\u00e0ria<\/td>\n<td style=\"width: 28.2686%; height: 32px;\"><a href=\"mailto:pujolcg@emmberga.cat\">pujolcg@emmberga.cat<\/a><\/td>\n<\/tr>\n<tr style=\"height: 32px;\">\n<td style=\"width: 10.9541%; height: 32px;\">Roca<\/td>\n<td style=\"width: 12.8386%; height: 32px;\">M\u00f2nica<\/td>\n<td style=\"width: 46.4075%; height: 32px;\">Viol\u00ed, M\u00fasica comunit\u00e0ria<\/td>\n<td style=\"width: 28.2686%; height: 32px;\"><a href=\"mailto:rocalm@emmberga.cat\">rocalm@emmberga.cat<\/a><\/td>\n<\/tr>\n<tr style=\"height: 32px;\">\n<td style=\"width: 10.9541%; height: 32px;\">Rojo<\/td>\n<td style=\"width: 12.8386%; height: 32px;\">Denis<\/td>\n<td style=\"width: 46.4075%; height: 32px;\">Flabiol i tambor\u00ed, saxo, conjunt instrumental, Banda<\/td>\n<td style=\"width: 28.2686%; height: 32px;\"><a href=\"mailto:rojold@emmberga.cat\">rojold@emmberga.cat<\/a><\/td>\n<\/tr>\n<tr style=\"height: 32px;\">\n<td style=\"width: 10.9541%; height: 32px;\">Sellart<\/td>\n<td style=\"width: 12.8386%; height: 32px;\">Roger<\/td>\n<td style=\"width: 46.4075%; height: 32px;\">Clarinet, conjunt instrumental<\/td>\n<td style=\"width: 28.2686%; height: 32px;\"><a href=\"mailto:sellartbj@emmberga.cat\">sellartbj@emmberga.cat<\/a><\/td>\n<\/tr>\n<tr style=\"height: 32px;\">\n<td style=\"width: 10.9541%; height: 32px;\">Sellart<\/td>\n<td style=\"width: 12.8386%; height: 32px;\">Jordi<\/td>\n<td style=\"width: 46.4075%; height: 32px;\">Tromb\u00f3, fiscorn<\/td>\n<td style=\"width: 28.2686%; height: 32px;\"><a href=\"mailto:sellartbr@emmberga.cat\">sellartbr@emmberga.cat<\/a><\/td>\n<\/tr>\n<tr style=\"height: 32px;\">\n<td style=\"width: 10.9541%; height: 32px;\">Vidal<\/td>\n<td style=\"width: 12.8386%; height: 32px;\">Esteve<\/td>\n<td style=\"width: 46.4075%; height: 32px;\">Flauta travessera, conjunt instrumental<\/td>\n<td style=\"width: 28.2686%; height: 32px;\"><a href=\"mailto:vidalse@emmberga.cat\">vidalse@emmberga.cat<\/a><\/td>\n<\/tr>\n<tr style=\"height: 32px;\">\n<td style=\"width: 10.9541%; height: 32px;\">Vilaseca<\/td>\n<td style=\"width: 12.8386%; height: 32px;\">Monica<\/td>\n<td style=\"width: 46.4075%; height: 32px;\">Viol\u00ed, m\u00fasica comunit\u00e0ria<\/td>\n<td style=\"width: 28.2686%; height: 32px;\"><a href=\"mailto:vilasecapm@emmberga.cat\">vilasecapm@emmberga.cat<\/a><\/td>\n<\/tr>\n<tr style=\"height: 32px;\">\n<td style=\"width: 10.9541%; height: 32px;\">Villegas<\/td>\n<td style=\"width: 12.8386%; height: 32px;\">Mart\u00ef<\/td>\n<td style=\"width: 46.4075%; height: 32px;\">Fiscorn, tuba, tromb\u00f3, bombard\u00ed<\/td>\n<td style=\"width: 28.2686%; height: 32px;\"><a href=\"mailto:villegaspm@emmberga.cat\">villegaspm@emmberga.cat<\/a><\/td>\n<\/tr>\n<tr style=\"height: 32px;\">\n<td style=\"width: 10.9541%; height: 32px;\">\u00a0<\/td>\n<td style=\"width: 12.8386%; height: 32px;\">\u00a0<\/td>\n<td style=\"width: 46.4075%; height: 32px;\">\u00a0<\/td>\n<td style=\"width: 28.2686%; height: 32px;\">\u00a0<\/td>\n<\/tr>\n<\/tbody>\n<\/table>\n<h3><strong>Personal d&#8217;administraci\u00f3 i serveis<\/strong><\/h3>\n<ul>\n<li>Secret\u00e0ria administrativa: Marta Creus Gir\u00f3 &#8211; <a href=\"mailto:administracio@emmberga.cat\">administracio<span class=\"\">@emmberga.cat<\/span><\/a><\/li>\n<li>Consergeria: Marcos Canedo Rodr\u00edguez &#8211;\u00a0 <a href=\"mailto:canedorm@emmberga.cat\">canedorm<span class=\"atwho-query\">@emmbe<\/span>rga.cat<\/a> &#8211; Maria Dolors Medina Anglada &#8211; <a href=\"mailto:medinamd@emmberga.cat\">medinamd@emmberga.cat<\/a><\/li>\n<\/ul>\n\n\n<p><\/p>\n","protected":false},"excerpt":{"rendered":"<p>Escola municipal de m\u00fasica de Berga \u00e9s un servei de gesti\u00f3 directa de titularitat municipal de l&#8217;Ajuntament de Berga. Dep\u00e8n de la regidoria d&#8217;educaci\u00f3 i dins de l&#8217;organigrama municipal dep\u00e8n de l&#8217;\u00c0rea d&#8217;educaci\u00f3.<br \/>\nDirecci\u00f3<\/p>\n<ul>\n<li>Director: Xavier Llobet Casas &#8211; <a href=\"mailto:llobetcx@emmberga.cat\">llobetcx@emmberga.cat<\/a><\/li>\n<li>Cap d&#8217;estudis: Josep Comellas Rosi\u00f1ol &#8211; <a&hellip;  <a href=\"https:\/\/agora.xtec.cat\/escmusicaberga\/lescola\/organigrama\/\" title=\"Read Organigrama\">Llegeix m\u00e9s\u00bb<\/a><br \/>\n","protected":false},"author":1,"featured_media":0,"parent":19,"menu_order":4,"comment_status":"closed","ping_status":"closed","template":"page-templates\/side-menu.php","meta":{"_bbp_topic_count":0,"_bbp_reply_count":0,"_bbp_total_topic_count":0,"_bbp_total_reply_count":0,"_bbp_voice_count":0,"_bbp_anonymous_reply_count":0,"_bbp_topic_count_hidden":0,"_bbp_reply_count_hidden":0,"_bbp_forum_subforum_count":0,"footnotes":""},"class_list":["post-46","page","type-page","status-publish","hentry"],"post_mailing_queue_ids":[],"_links":{"self":[{"href":"https:\/\/agora.xtec.cat\/escmusicaberga\/wp-json\/wp\/v2\/pages\/46","targetHints":{"allow":["GET"]}}],"collection":[{"href":"https:\/\/agora.xtec.cat\/escmusicaberga\/wp-json\/wp\/v2\/pages"}],"about":[{"href":"https:\/\/agora.xtec.cat\/escmusicaberga\/wp-json\/wp\/v2\/types\/page"}],"author":[{"embeddable":true,"href":"https:\/\/agora.xtec.cat\/escmusicaberga\/wp-json\/wp\/v2\/users\/1"}],"replies":[{"embeddable":true,"href":"https:\/\/agora.xtec.cat\/escmusicaberga\/wp-json\/wp\/v2\/comments?post=46"}],"version-history":[{"count":6,"href":"https:\/\/agora.xtec.cat\/escmusicaberga\/wp-json\/wp\/v2\/pages\/46\/revisions"}],"predecessor-version":[{"id":4420,"href":"https:\/\/agora.xtec.cat\/escmusicaberga\/wp-json\/wp\/v2\/pages\/46\/revisions\/4420"}],"up":[{"embeddable":true,"href":"https:\/\/agora.xtec.cat\/escmusicaberga\/wp-json\/wp\/v2\/pages\/19"}],"wp:attachment":[{"href":"https:\/\/agora.xtec.cat\/escmusicaberga\/wp-json\/wp\/v2\/media?parent=46"}],"curies":[{"name":"wp","href":"https:\/\/api.w.org\/{rel}","templated":true}]}}