{"id":4354,"date":"2025-12-23T08:38:02","date_gmt":"2025-12-23T07:38:02","guid":{"rendered":"https:\/\/agora.xtec.cat\/escmusicaberga\/?page_id=4354"},"modified":"2025-12-23T08:49:22","modified_gmt":"2025-12-23T07:49:22","slug":"qui-som","status":"publish","type":"page","link":"https:\/\/agora.xtec.cat\/escmusicaberga\/qui-som\/","title":{"rendered":"Qui som?"},"content":{"rendered":"\n<h2 class=\"wp-block-heading\">Cronologia dels ensenyaments musicals p\u00fablics a Berga<\/h2>\n\n\n\n<p>La hist\u00f2ria de la m\u00fasica p\u00fablica a Berga \u00e9s molt m\u00e9s antiga del que es pensava, amb una arrel que es remunta a m\u00e9s de 175 anys enrere. Aquesta evoluci\u00f3 es pot dividir en quatre grans etapes:<\/p>\n\n\n\n<h3 class=\"wp-block-heading\">1. El bressol del segle XIX (1842-1850)<\/h3>\n\n\n\n<p>L&#8217;origen dels centres p\u00fablics neix amb la desamortitzaci\u00f3 dels b\u00e9ns de l&#8217;Esgl\u00e9sia. L&#8217;any <strong>1842<\/strong>, l\u2019ajuntament va prendre possessi\u00f3 del <strong>Convent dels Mercedaris<\/strong> (Pla\u00e7a Sant Joan) i hi va establir l&#8217;escola de m\u00fasica entre el <strong>1843 i el 1850<\/strong>. El seu professor va ser <strong>Bartomeu Blanch i Castells<\/strong>, qui anys m\u00e9s tard acabaria dirigint l&#8217;Escolania de Montserrat.<\/p>\n\n\n\n<h3 class=\"wp-block-heading\">2. El Conservatori del Casino Bergued\u00e0 (1914-1924)<\/h3>\n\n\n\n<p>A principis del segle XX, la tradici\u00f3 es repr\u00e8n al si de la <strong>Societat Casino Bergued\u00e0<\/strong>. Fundat el <strong>1914<\/strong> per <strong>Llu\u00eds Sellart i Canudas<\/strong>, el centre va passar de rebre una subvenci\u00f3 municipal a ser gestionat directament per l&#8217;Ajuntament. Sota la direcci\u00f3 de <strong>Ricardo Font<\/strong>, es va crear la primera banda del centre, que posteriorment esdevindria la cobla-banda <strong>Joventut Bergadana<\/strong>.<\/p>\n\n\n\n<h3 class=\"wp-block-heading\">3. L&#8217;Escola de Moss\u00e8n Mari\u00e0 Mir\u00f3 (1928-1947)<\/h3>\n\n\n\n<p>Despr\u00e9s d&#8217;un breu par\u00e8ntesi, el <strong>1928<\/strong> va entrar en funcionament l&#8217;escola dirigida per <strong>Mn. Mari\u00e0 Mir\u00f3<\/strong>. Aquest centre va haver de navegar per la complexa volatilitat sociopol\u00edtica de l&#8217;\u00e8poca (incloent-hi la Guerra Civil) fins que va cessar la seva activitat, aproximadament, l&#8217;any <strong>1947<\/strong>.<\/p>\n\n\n\n<h3 class=\"wp-block-heading\">4. L&#8217;Escola Municipal actual (1970 &#8211; present)<\/h3>\n\n\n\n<figure class=\"wp-block-image size-large\"><a href=\"https:\/\/agora.xtec.cat\/escmusicaberga\/wp-content\/uploads\/usu1326\/2025\/12\/foto1_fundacio_escola_red-2-scaled.jpg\"><img loading=\"lazy\" decoding=\"async\" width=\"1024\" height=\"727\" src=\"https:\/\/agora.xtec.cat\/escmusicaberga\/wp-content\/uploads\/usu1326\/2025\/12\/foto1_fundacio_escola_red-2-1024x727.jpg\" alt=\"\" class=\"wp-image-4359\" srcset=\"https:\/\/agora.xtec.cat\/escmusicaberga\/wp-content\/uploads\/usu1326\/2025\/12\/foto1_fundacio_escola_red-2-1024x727.jpg 1024w, https:\/\/agora.xtec.cat\/escmusicaberga\/wp-content\/uploads\/usu1326\/2025\/12\/foto1_fundacio_escola_red-2-300x213.jpg 300w, https:\/\/agora.xtec.cat\/escmusicaberga\/wp-content\/uploads\/usu1326\/2025\/12\/foto1_fundacio_escola_red-2-768x545.jpg 768w, https:\/\/agora.xtec.cat\/escmusicaberga\/wp-content\/uploads\/usu1326\/2025\/12\/foto1_fundacio_escola_red-2-1536x1090.jpg 1536w, https:\/\/agora.xtec.cat\/escmusicaberga\/wp-content\/uploads\/usu1326\/2025\/12\/foto1_fundacio_escola_red-2-2048x1453.jpg 2048w\" sizes=\"auto, (max-width: 1024px) 100vw, 1024px\" \/><\/a><\/figure>\n\n\n\n<p class=\"has-small-font-size\">Fotografia de la inauguraci\u00f3 del centre l&#8217;any 1970 amb la pres\u00e8ncia de les professores Rosa Ma. Cabra i Montserrat Perayre i l&#8217;alcalde de Berga Joan Noguera. L&#8217;escola estava situada a la Pla\u00e7a Sant Joan.<\/p>\n\n\n\n<p>L&#8217;etapa moderna neix el <strong>1970<\/strong> amb les professores <strong>Montserrat Perayre i Rosa Maria Cabra<\/strong>. Poc despr\u00e9s s\u2019hi va incorporar <strong>Francesc Garc\u00eda Carretero (el &#8220;Carre&#8221;)<\/strong>, una figura clau que va morir rl&#8217;any 2018. La seva tasca va ser vital per:<\/p>\n\n\n\n<ul class=\"wp-block-list\">\n<li>Impulsar els instruments de vent per renovar els m\u00fasics de la <strong>Patum<\/strong>.<\/li>\n\n\n\n<li>Crear la banda del centre i dues cobles.<\/li>\n\n\n\n<li>Garantir el planter de m\u00fasics del qual la ciutat encara gaudeix avui.<\/li>\n<\/ul>\n\n\n\n<p>Mentrestant tamb\u00e9 s&#8217;ha passat per tres edificis, el primer a la Pla\u00e7a Sant Joan, on s&#8217;hi troba actualment el Casal C\u00edvic, el Centre C\u00edvic del carrer Mestre de Pedret i l&#8217;edifici actual, el primer concebut nom\u00e9s per a l&#8217;escola de m\u00fasica al cor del barri vell de la ciutat a la Pla\u00e7a del Pare Antoni Baylina.<\/p>\n\n\n\n<hr class=\"wp-block-separator has-alpha-channel-opacity\"\/>\n\n\n\n<h2 class=\"wp-block-heading\">El llegat en xifres i projectes recents<\/h2>\n\n\n\n<p>A partir de la base consolidada el 1970, l&#8217;escola ha viscut un creixement sense precedents:<\/p>\n\n\n\n<ul class=\"wp-block-list\">\n<li><strong>2014-2016:<\/strong> Es gesta i es posa en marxa el <strong>Conservatori de M\u00fasica dels Pirineus<\/strong>, un projecte conjunt amb Puigcerd\u00e0 i la Seu d\u2019Urgell que permet obtenir el Grau Professional.<\/li>\n\n\n\n<li><strong>2018-2019:<\/strong> La ciutat va celebrar el <strong>175\u00e8 aniversari<\/strong> dels ensenyaments musicals p\u00fablics.<\/li>\n\n\n\n<li><strong>Actualitat:<\/strong> L&#8217;escola ha passat dels 17 alumnes inicials a gaireb\u00e9 <strong>mil<\/strong>, sumant-hi projectes com els <strong>Superfilharm\u00f2nics<\/strong>, que porta la pr\u00e0ctica orquestral a les escoles de prim\u00e0ria de la comarca.<\/li>\n<\/ul>\n\n\n\n<p>Avui dia, Berga presenta una r\u00e0tio d\u2019un <strong>2,7% d&#8217;alumnes per habitant<\/strong>, una xifra que triplica la mitjana catalana (0,8%) i que demostra la vitalitat d&#8217;aquest llegat centenari.<\/p>\n\n\n\n<p>Mentrestant tamb\u00e9 s&#8217;ha passat per tres edificis, el primer a la Pla\u00e7a Sant Joan, on s&#8217;hi troba actualment el Casal C\u00edvic, el Centre C\u00edvic del carrer Mestre de Pedret i l&#8217;edifici actual, el primer concebut nom\u00e9s per a l&#8217;escola de m\u00fasica al cor del barri vell de la ciutat a la Pla\u00e7a del Pare Antoni Baylina.<\/p>\n\n\n\n<p>La informaci\u00f3 d&#8217;aquesta p\u00e0gina ha estat elaborada a partir d&#8217;un article del professor de l&#8217;escola, Jordi Sabata Freixa, que es va publicar arrel del 40\u00e8. aniversari del centre.<\/p>\n\n\n\n<p><a href=\"https:\/\/agora.xtec.cat\/escmusicaberga\/lescola\/historia\/\" data-type=\"link\" data-id=\"https:\/\/agora.xtec.cat\/escmusicaberga\/lescola\/historia\/\">Llegir l&#8217;article<\/a><\/p>\n\n\n\n<p><\/p>\n","protected":false},"excerpt":{"rendered":"<p>Cronologia dels ensenyaments musicals p\u00fablics a Berga<\/p>\n<p>La hist\u00f2ria de la m\u00fasica p\u00fablica a Berga \u00e9s molt m\u00e9s antiga del que es pensava, amb una arrel que es remunta a m\u00e9s de 175 anys enrere. Aquesta evoluci\u00f3 es pot dividir en quatre grans etapes:<\/p>\n<p>1. El bressol&hellip;  <a href=\"https:\/\/agora.xtec.cat\/escmusicaberga\/qui-som\/\" title=\"Read Qui som?\">Llegeix m\u00e9s\u00bb<\/a><\/p>\n","protected":false},"author":1,"featured_media":0,"parent":0,"menu_order":0,"comment_status":"closed","ping_status":"close","template":"","meta":{"_bbp_topic_count":0,"_bbp_reply_count":0,"_bbp_total_topic_count":0,"_bbp_total_reply_count":0,"_bbp_voice_count":0,"_bbp_anonymous_reply_count":0,"_bbp_topic_count_hidden":0,"_bbp_reply_count_hidden":0,"_bbp_forum_subforum_count":0,"footnotes":""},"class_list":["post-4354","page","type-page","status-publish","hentry"],"post_mailing_queue_ids":[],"_links":{"self":[{"href":"https:\/\/agora.xtec.cat\/escmusicaberga\/wp-json\/wp\/v2\/pages\/4354","targetHints":{"allow":["GET"]}}],"collection":[{"href":"https:\/\/agora.xtec.cat\/escmusicaberga\/wp-json\/wp\/v2\/pages"}],"about":[{"href":"https:\/\/agora.xtec.cat\/escmusicaberga\/wp-json\/wp\/v2\/types\/page"}],"author":[{"embeddable":true,"href":"https:\/\/agora.xtec.cat\/escmusicaberga\/wp-json\/wp\/v2\/users\/1"}],"replies":[{"embeddable":true,"href":"https:\/\/agora.xtec.cat\/escmusicaberga\/wp-json\/wp\/v2\/comments?post=4354"}],"version-history":[{"count":4,"href":"https:\/\/agora.xtec.cat\/escmusicaberga\/wp-json\/wp\/v2\/pages\/4354\/revisions"}],"predecessor-version":[{"id":4362,"href":"https:\/\/agora.xtec.cat\/escmusicaberga\/wp-json\/wp\/v2\/pages\/4354\/revisions\/4362"}],"wp:attachment":[{"href":"https:\/\/agora.xtec.cat\/escmusicaberga\/wp-json\/wp\/v2\/media?parent=4354"}],"curies":[{"name":"wp","href":"https:\/\/api.w.org\/{rel}","templated":true}]}}