{"id":43,"date":"2014-09-17T16:45:07","date_gmt":"2014-09-17T16:45:07","guid":{"rendered":"http:\/\/agora.xtec.cat\/escmusicaberga\/?page_id=43"},"modified":"2025-11-22T10:49:41","modified_gmt":"2025-11-22T09:49:41","slug":"consell-escolar","status":"publish","type":"page","link":"https:\/\/agora.xtec.cat\/escmusicaberga\/lescola\/consell-escolar\/","title":{"rendered":"Consell escolar"},"content":{"rendered":"<p><strong>Composici\u00f3 del consell escolar de l&#8217;Escola municipal de m\u00fasica de Berga<\/strong><\/p>\n<ul>\n<li>Director: Xavier Llobet Casas<\/li>\n<li>Cap d\u2019estudis: Josep Comellas Rosi\u00f1ol<\/li>\n<li>Secretaria acad\u00e8mica: M\u00f2nica Roca Llad\u00f3<\/li>\n<li>Representant de l\u2019Ajuntament de Berga: Rosa Rodr\u00edguez Mal\u00e9<\/li>\n<li>Representants del professorat de Berga: Marta Pagerols Hern\u00e1ndez, Xavier Planes Gorina, Gemma Pujol Coderch i Jordi Sellart Bascompte.<\/li>\n<li>Representants de les fam\u00edlies: Josep Armengol Vilar i Martina Marcet Fuentes<\/li>\n<li>Representant de l\u2019AFA: Mariona Deola Ribas<\/li>\n<li>Representant de l&#8217;alumnat: Bruna Torrabadella Roca i Lluc Miramunt Mas<\/li>\n<li>Representant del PAS: Marcos Canedo Rodr\u00edguez<\/li>\n<\/ul>\n<p>Darrera renovaci\u00f3: Novembre 2025<\/p>\n\n\n<figure class=\"wp-block-image size-large is-resized\"><a href=\"https:\/\/agora.xtec.cat\/escmusicaberga\/wp-content\/uploads\/usu1326\/2025\/11\/IMG_1804-1-scaled-e1763804865581.jpeg\"><img loading=\"lazy\" decoding=\"async\" width=\"768\" height=\"1024\" src=\"https:\/\/agora.xtec.cat\/escmusicaberga\/wp-content\/uploads\/usu1326\/2025\/11\/IMG_1804-1-scaled-e1763804865581-768x1024.jpeg\" alt=\"\" class=\"wp-image-4206\" style=\"width:400px\" srcset=\"https:\/\/agora.xtec.cat\/escmusicaberga\/wp-content\/uploads\/usu1326\/2025\/11\/IMG_1804-1-scaled-e1763804865581-768x1024.jpeg 768w, https:\/\/agora.xtec.cat\/escmusicaberga\/wp-content\/uploads\/usu1326\/2025\/11\/IMG_1804-1-scaled-e1763804865581-225x300.jpeg 225w, https:\/\/agora.xtec.cat\/escmusicaberga\/wp-content\/uploads\/usu1326\/2025\/11\/IMG_1804-1-scaled-e1763804865581-1152x1536.jpeg 1152w, https:\/\/agora.xtec.cat\/escmusicaberga\/wp-content\/uploads\/usu1326\/2025\/11\/IMG_1804-1-scaled-e1763804865581-1536x2048.jpeg 1536w, https:\/\/agora.xtec.cat\/escmusicaberga\/wp-content\/uploads\/usu1326\/2025\/11\/IMG_1804-1-scaled-e1763804865581.jpeg 1920w\" sizes=\"auto, (max-width: 768px) 100vw, 768px\" \/><\/a><\/figure>\n","protected":false},"excerpt":{"rendered":"<p>Composici\u00f3 del consell escolar de l&#8217;Escola municipal de m\u00fasica de Berga<\/p>\n<ul>\n<li>Director: Xavier Llobet Casas<\/li>\n<li>Cap d\u2019estudis: Josep Comellas Rosi\u00f1ol<\/li>\n<li>Secretaria acad\u00e8mica: M\u00f2nica Roca Llad\u00f3<\/li>\n<li>Representant de l\u2019Ajuntament de Berga: Rosa Rodr\u00edguez Mal\u00e9<\/li>\n<li>Representants del professorat de Berga: Marta Pagerols Hern\u00e1ndez, Xavier Planes Gorina, Gemma Pujol Coderch i Jordi Sellart&hellip;  <a href=\"https:\/\/agora.xtec.cat\/escmusicaberga\/lescola\/consell-escolar\/\" title=\"Read Consell escolar\">Llegeix m\u00e9s\u00bb<\/a><br \/>\n","protected":false},"author":1,"featured_media":0,"parent":19,"menu_order":6,"comment_status":"closed","ping_status":"closed","template":"page-templates\/side-menu.php","meta":{"_bbp_topic_count":0,"_bbp_reply_count":0,"_bbp_total_topic_count":0,"_bbp_total_reply_count":0,"_bbp_voice_count":0,"_bbp_anonymous_reply_count":0,"_bbp_topic_count_hidden":0,"_bbp_reply_count_hidden":0,"_bbp_forum_subforum_count":0,"footnotes":""},"class_list":["post-43","page","type-page","status-publish","hentry"],"post_mailing_queue_ids":[],"_links":{"self":[{"href":"https:\/\/agora.xtec.cat\/escmusicaberga\/wp-json\/wp\/v2\/pages\/43","targetHints":{"allow":["GET"]}}],"collection":[{"href":"https:\/\/agora.xtec.cat\/escmusicaberga\/wp-json\/wp\/v2\/pages"}],"about":[{"href":"https:\/\/agora.xtec.cat\/escmusicaberga\/wp-json\/wp\/v2\/types\/page"}],"author":[{"embeddable":true,"href":"https:\/\/agora.xtec.cat\/escmusicaberga\/wp-json\/wp\/v2\/users\/1"}],"replies":[{"embeddable":true,"href":"https:\/\/agora.xtec.cat\/escmusicaberga\/wp-json\/wp\/v2\/comments?post=43"}],"version-history":[{"count":6,"href":"https:\/\/agora.xtec.cat\/escmusicaberga\/wp-json\/wp\/v2\/pages\/43\/revisions"}],"predecessor-version":[{"id":4209,"href":"https:\/\/agora.xtec.cat\/escmusicaberga\/wp-json\/wp\/v2\/pages\/43\/revisions\/4209"}],"up":[{"embeddable":true,"href":"https:\/\/agora.xtec.cat\/escmusicaberga\/wp-json\/wp\/v2\/pages\/19"}],"wp:attachment":[{"href":"https:\/\/agora.xtec.cat\/escmusicaberga\/wp-json\/wp\/v2\/media?parent=43"}],"curies":[{"name":"wp","href":"https:\/\/api.w.org\/{rel}","templated":true}]}}