{"id":4040,"date":"2025-06-09T13:36:25","date_gmt":"2025-06-09T11:36:25","guid":{"rendered":"https:\/\/agora.xtec.cat\/escmusicaberga\/?page_id=4040"},"modified":"2025-06-09T18:52:37","modified_gmt":"2025-06-09T16:52:37","slug":"aprofundiment-2","status":"publish","type":"page","link":"https:\/\/agora.xtec.cat\/escmusicaberga\/ofertaeducativa\/programes-educatius\/aprofundiment-2\/","title":{"rendered":"PF Aprofundiment #2"},"content":{"rendered":"\n<p>Aquest programa ha de proporcionar coneixements pr\u00e0ctics i te\u00f2rics que permetin un desenvolupament de les destreses musicals necess\u00e0ries per participar de manera aut\u00f2noma en projectes art\u00edstics \u2014participant en la vida cultural de l&#8217;entorn\u2014, amb independ\u00e8ncia que aquests condueixin a una pr\u00e0ctica musical intensa o als estudis reglats de grau professional de m\u00fasica.<\/p>\n\n\n\n<p>Les compet\u00e8ncies a assolir s\u00f3n:<\/p>\n\n\n\n<ol class=\"wp-block-list\">\n<li>Intensificar la interpretaci\u00f3 musical individual i col\u00b7lectiva utilitzant la veu, els instruments, el cos i les eines tecnol\u00f2giques.<\/li>\n\n\n\n<li>Desenvolupar una destresa instrumental que permeti participar en pr\u00e0ctiques art\u00edstiques complexes o produccions amb alt valor art\u00edstic.<\/li>\n\n\n\n<li>Improvisar i crear una proposta art\u00edstica amb diferents llenguatges musicals en funci\u00f3 del seu estil, g\u00e8nere i \u00e0mbit.<\/li>\n\n\n\n<li>Desenvolupar projectes art\u00edstics disciplinaris o transdisciplinaris tant personals com col\u00b7lectius.<\/li>\n\n\n\n<li>Valorar i gaudir amb respecte i sentit cr\u00edtic les produccions musicals en els seus contextos i funcions i con\u00e8ixer els diversos \u00e0mbits professionals de la m\u00fasica.<\/li>\n<\/ol>\n\n\n\r\n\t<div class=\"slideshow_container slideshow_container_style-light\" style=\"height: 500px; \" data-slideshow-id=\"2077\" data-style-name=\"style-light\" data-style-version=\"2.3.1\" >\r\n\r\n\t\t\t\t\t<div class=\"slideshow_loading_icon\"><\/div>\r\n\t\t\r\n\t\t<div class=\"slideshow_content\" style=\"display: none;\">\r\n\r\n\t\t\t<div class=\"slideshow_view\">\r\n\t\t\t\t<div class=\"slideshow_slide slideshow_slide_image\">\r\n\t\t\t\t\t\t\t\t\t\t\t<img src=\"https:\/\/agora.xtec.cat\/escmusicaberga\/wp-content\/uploads\/usu1326\/2025\/06\/EMMB-oferta-educativa-2025-2026-presentacio.022.jpeg\" alt=\"EMMB oferta educativa 2025-2026 presentaci\u00f3.022\" width=\"1920\" height=\"1080\" \/>\r\n\t\t\t\t\t\t\t\t\t\t<div class=\"slideshow_description_box slideshow_transparent\">\r\n\t\t\t\t\t\t<div class=\"slideshow_title\">EMMB oferta educativa 2025-2026 presentaci\u00f3.022<\/div>\t\t\t\t\t\t\t\t\t\t\t<\/div>\r\n\t\t\t\t<\/div>\r\n\r\n\t\t\t\t\t\t<div style=\"clear: both;\"><\/div><\/div><div class=\"slideshow_view\">\r\n\t\t\t\t<div class=\"slideshow_slide slideshow_slide_image\">\r\n\t\t\t\t\t\t\t\t\t\t\t<img src=\"https:\/\/agora.xtec.cat\/escmusicaberga\/wp-content\/uploads\/usu1326\/2025\/06\/EMMB-oferta-educativa-2025-2026-presentacio.039.jpeg\" alt=\"EMMB oferta educativa 2025-2026 presentaci\u00f3.039\" width=\"1920\" height=\"1080\" \/>\r\n\t\t\t\t\t\t\t\t\t\t<div class=\"slideshow_description_box slideshow_transparent\">\r\n\t\t\t\t\t\t<div class=\"slideshow_title\">EMMB oferta educativa 2025-2026 presentaci\u00f3.039<\/div>\t\t\t\t\t\t\t\t\t\t\t<\/div>\r\n\t\t\t\t<\/div>\r\n\r\n\t\t\t\t\t\t<div style=\"clear: both;\"><\/div><\/div><div class=\"slideshow_view\">\r\n\t\t\t\t<div class=\"slideshow_slide slideshow_slide_image\">\r\n\t\t\t\t\t\t\t\t\t\t\t<img src=\"https:\/\/agora.xtec.cat\/escmusicaberga\/wp-content\/uploads\/usu1326\/2025\/06\/EMMB-oferta-educativa-2025-2026-presentacio.025.jpeg\" alt=\"EMMB oferta educativa 2025-2026 presentaci\u00f3.025\" width=\"1920\" height=\"1080\" \/>\r\n\t\t\t\t\t\t\t\t\t\t<div class=\"slideshow_description_box slideshow_transparent\">\r\n\t\t\t\t\t\t<div class=\"slideshow_title\">EMMB oferta educativa 2025-2026 presentaci\u00f3.025<\/div>\t\t\t\t\t\t\t\t\t\t\t<\/div>\r\n\t\t\t\t<\/div>\r\n\r\n\t\t\t\t\t\t<div style=\"clear: both;\"><\/div><\/div><div class=\"slideshow_view\">\r\n\t\t\t\t<div class=\"slideshow_slide slideshow_slide_image\">\r\n\t\t\t\t\t\t\t\t\t\t\t<img src=\"https:\/\/agora.xtec.cat\/escmusicaberga\/wp-content\/uploads\/usu1326\/2025\/06\/EMMB-oferta-educativa-2025-2026-presentacio.026.jpeg\" alt=\"EMMB oferta educativa 2025-2026 presentaci\u00f3.026\" width=\"1920\" height=\"1080\" \/>\r\n\t\t\t\t\t\t\t\t\t\t<div class=\"slideshow_description_box slideshow_transparent\">\r\n\t\t\t\t\t\t<div class=\"slideshow_title\">EMMB oferta educativa 2025-2026 presentaci\u00f3.026<\/div>\t\t\t\t\t\t\t\t\t\t\t<\/div>\r\n\t\t\t\t<\/div>\r\n\r\n\t\t\t\t\t\t<div style=\"clear: both;\"><\/div><\/div><div class=\"slideshow_view\">\r\n\t\t\t\t<div class=\"slideshow_slide slideshow_slide_image\">\r\n\t\t\t\t\t\t\t\t\t\t\t<img src=\"https:\/\/agora.xtec.cat\/escmusicaberga\/wp-content\/uploads\/usu1326\/2025\/06\/EMMB-oferta-educativa-2025-2026-presentacio.027.jpeg\" alt=\"EMMB oferta educativa 2025-2026 presentaci\u00f3.027\" width=\"1920\" height=\"1080\" \/>\r\n\t\t\t\t\t\t\t\t\t\t<div class=\"slideshow_description_box slideshow_transparent\">\r\n\t\t\t\t\t\t<div class=\"slideshow_title\">EMMB oferta educativa 2025-2026 presentaci\u00f3.027<\/div>\t\t\t\t\t\t\t\t\t\t\t<\/div>\r\n\t\t\t\t<\/div>\r\n\r\n\t\t\t\t\t\t<div style=\"clear: both;\"><\/div><\/div>\r\n\t\t<\/div>\r\n\r\n\t\t<div class=\"slideshow_controlPanel slideshow_transparent\" style=\"display: none;\"><ul><li class=\"slideshow_togglePlay\" data-play-text=\"Visualitza\" data-pause-text=\"Pausa\"><\/li><\/ul><\/div>\r\n\r\n\t\t<div class=\"slideshow_button slideshow_previous slideshow_transparent\" role=\"button\" data-previous-text=\"Anterior\" style=\"display: none;\"><\/div>\r\n\t\t<div class=\"slideshow_button slideshow_next slideshow_transparent\" role=\"button\" data-next-text=\"Seg\u00fcent\" style=\"display: none;\"><\/div>\r\n\r\n\t\t<div class=\"slideshow_pagination\" style=\"display: none;\" data-go-to-text=\"V\u00e9s a la diapositiva\"><div class=\"slideshow_pagination_center\"><\/div><\/div>\r\n\r\n\t\t<!-- WordPress Slideshow Version 2.3.1 -->\r\n\r\n\t\t\t<\/div>\r\n\r\n\n\n\n\n<hr class=\"wp-block-separator has-alpha-channel-opacity\"\/>\n\n\n\n<ul class=\"wp-block-list\">\n<li><strong>acc\u00e9s<\/strong>: a partir dels 12 anys (1r d&#8217;ESO)<\/li>\n\n\n\n<li><strong>c\u00e0rrega lectiva<\/strong>: 1 hores i 30 minuts setmanals<\/li>\n\n\n\n<li><strong>curr\u00edculum:&nbsp;<\/strong>2 assignatures<\/li>\n<\/ul>\n\n\n\n<hr class=\"wp-block-separator has-alpha-channel-opacity\"\/>\n\n\n\n<p><strong>Descarregar la fitxa d&#8217;aquest programa formatiu<\/strong> \u2192 <a href=\"https:\/\/agora.xtec.cat\/escmusicaberga\/wp-content\/uploads\/usu1326\/2025\/06\/EMMB-orientacio-academica-2025-2026-PF-11-aprofundiment2.pdf\">EMMB PF Aprofundiment #2<\/a><\/p>\n\n\n\n<hr class=\"wp-block-separator has-alpha-channel-opacity\"\/>\n\n\n\n<p><strong>Assignatures del programa:<\/strong><\/p>\n\n\n\n<ol class=\"wp-block-list\">\n<li><a href=\"https:\/\/agora.xtec.cat\/escmusicaberga\/assignatures\/practica-instrumental\/\">Instrument &#8211; nivell mitj\u00e0 (NM)<\/a><\/li>\n\n\n\n<li>Expressi\u00f3 i llenguatge musical &#8211; nivell mitj\u00e0 (NM) \/ Llenguatge musical (CMP) \/ <a href=\"https:\/\/agora.xtec.cat\/escmusicaberga\/assignatures\/conjunt-instrumental\/\">Conjunt instrumental<\/a> \/ Formacions \/&nbsp;<a href=\"https:\/\/agora.xtec.cat\/escmusicaberga\/assignatures\/conjunt-vocal-cor\/\">Cor<\/a><\/li>\n<\/ol>\n\n\n\n<div class=\"wp-block-getwid-images-slider has-arrows-inside has-dots-inside has-images-center has-cropped-images\"><div class=\"wp-block-getwid-images-slider__wrapper\" data-effect=\"slide\" data-slides-show=\"1\" data-slides-show-laptop=\"1\" data-slides-show-tablet=\"1\" data-slides-show-mobile=\"1\" data-slides-scroll=\"1\" data-autoplay=\"false\" data-pause-hover=\"false\" data-autoplay-speed=\"6000\" data-infinite=\"true\" data-animation-speed=\"800\" data-center-mode=\"false\" data-variable-width=\"false\" data-arrows=\"inside\" data-dots=\"inside\" data-spacing=\"none\"><div class=\"wp-block-getwid-images-slider__item\"><figure><img loading=\"lazy\" decoding=\"async\" width=\"1920\" height=\"1080\" src=\"https:\/\/agora.xtec.cat\/escmusicaberga\/wp-content\/uploads\/usu1326\/2025\/06\/EMMB-oferta-educativa-2025-2026-presentacio.022.jpeg\" data-id=\"4082\" data-link=\"https:\/\/agora.xtec.cat\/escmusicaberga\/ofertaeducativa\/programes-educatius\/programa-de-sensibilitzacio\/attachment\/emmb-oferta-educativa-2025-2026-presentacio-022\/\" data-original-link=\"https:\/\/agora.xtec.cat\/escmusicaberga\/wp-content\/uploads\/usu1326\/2025\/06\/EMMB-oferta-educativa-2025-2026-presentacio.022.jpeg\" class=\"wp-block-getwid-images-slider__image wp-image-4082\" srcset=\"https:\/\/agora.xtec.cat\/escmusicaberga\/wp-content\/uploads\/usu1326\/2025\/06\/EMMB-oferta-educativa-2025-2026-presentacio.022.jpeg 1920w, https:\/\/agora.xtec.cat\/escmusicaberga\/wp-content\/uploads\/usu1326\/2025\/06\/EMMB-oferta-educativa-2025-2026-presentacio.022-300x169.jpeg 300w, https:\/\/agora.xtec.cat\/escmusicaberga\/wp-content\/uploads\/usu1326\/2025\/06\/EMMB-oferta-educativa-2025-2026-presentacio.022-1024x576.jpeg 1024w, https:\/\/agora.xtec.cat\/escmusicaberga\/wp-content\/uploads\/usu1326\/2025\/06\/EMMB-oferta-educativa-2025-2026-presentacio.022-768x432.jpeg 768w, https:\/\/agora.xtec.cat\/escmusicaberga\/wp-content\/uploads\/usu1326\/2025\/06\/EMMB-oferta-educativa-2025-2026-presentacio.022-1536x864.jpeg 1536w\" sizes=\"auto, (max-width: 1920px) 100vw, 1920px\" \/><\/figure><\/div><div class=\"wp-block-getwid-images-slider__item\"><figure><img loading=\"lazy\" decoding=\"async\" width=\"1920\" height=\"1080\" src=\"https:\/\/agora.xtec.cat\/escmusicaberga\/wp-content\/uploads\/usu1326\/2025\/06\/EMMB-oferta-educativa-2025-2026-presentacio.024.jpeg\" data-id=\"4069\" data-link=\"https:\/\/agora.xtec.cat\/escmusicaberga\/ofertaeducativa\/programes-educatius\/programa-de-sensibilitzacio\/attachment\/emmb-oferta-educativa-2025-2026-presentacio-024\/\" data-original-link=\"https:\/\/agora.xtec.cat\/escmusicaberga\/wp-content\/uploads\/usu1326\/2025\/06\/EMMB-oferta-educativa-2025-2026-presentacio.024.jpeg\" class=\"wp-block-getwid-images-slider__image wp-image-4069\" srcset=\"https:\/\/agora.xtec.cat\/escmusicaberga\/wp-content\/uploads\/usu1326\/2025\/06\/EMMB-oferta-educativa-2025-2026-presentacio.024.jpeg 1920w, https:\/\/agora.xtec.cat\/escmusicaberga\/wp-content\/uploads\/usu1326\/2025\/06\/EMMB-oferta-educativa-2025-2026-presentacio.024-300x169.jpeg 300w, https:\/\/agora.xtec.cat\/escmusicaberga\/wp-content\/uploads\/usu1326\/2025\/06\/EMMB-oferta-educativa-2025-2026-presentacio.024-1024x576.jpeg 1024w, https:\/\/agora.xtec.cat\/escmusicaberga\/wp-content\/uploads\/usu1326\/2025\/06\/EMMB-oferta-educativa-2025-2026-presentacio.024-768x432.jpeg 768w, https:\/\/agora.xtec.cat\/escmusicaberga\/wp-content\/uploads\/usu1326\/2025\/06\/EMMB-oferta-educativa-2025-2026-presentacio.024-1536x864.jpeg 1536w\" sizes=\"auto, (max-width: 1920px) 100vw, 1920px\" \/><\/figure><\/div><div class=\"wp-block-getwid-images-slider__item\"><figure><img loading=\"lazy\" decoding=\"async\" width=\"1920\" height=\"1080\" src=\"https:\/\/agora.xtec.cat\/escmusicaberga\/wp-content\/uploads\/usu1326\/2025\/06\/EMMB-oferta-educativa-2025-2026-presentacio.023.jpeg\" data-id=\"4062\" data-link=\"https:\/\/agora.xtec.cat\/escmusicaberga\/ofertaeducativa\/programes-educatius\/programa-de-sensibilitzacio\/attachment\/emmb-oferta-educativa-2025-2026-presentacio-023\/\" data-original-link=\"https:\/\/agora.xtec.cat\/escmusicaberga\/wp-content\/uploads\/usu1326\/2025\/06\/EMMB-oferta-educativa-2025-2026-presentacio.023.jpeg\" class=\"wp-block-getwid-images-slider__image wp-image-4062\" srcset=\"https:\/\/agora.xtec.cat\/escmusicaberga\/wp-content\/uploads\/usu1326\/2025\/06\/EMMB-oferta-educativa-2025-2026-presentacio.023.jpeg 1920w, https:\/\/agora.xtec.cat\/escmusicaberga\/wp-content\/uploads\/usu1326\/2025\/06\/EMMB-oferta-educativa-2025-2026-presentacio.023-300x169.jpeg 300w, https:\/\/agora.xtec.cat\/escmusicaberga\/wp-content\/uploads\/usu1326\/2025\/06\/EMMB-oferta-educativa-2025-2026-presentacio.023-1024x576.jpeg 1024w, https:\/\/agora.xtec.cat\/escmusicaberga\/wp-content\/uploads\/usu1326\/2025\/06\/EMMB-oferta-educativa-2025-2026-presentacio.023-768x432.jpeg 768w, https:\/\/agora.xtec.cat\/escmusicaberga\/wp-content\/uploads\/usu1326\/2025\/06\/EMMB-oferta-educativa-2025-2026-presentacio.023-1536x864.jpeg 1536w\" sizes=\"auto, (max-width: 1920px) 100vw, 1920px\" \/><\/figure><\/div><div class=\"wp-block-getwid-images-slider__item\"><figure><img loading=\"lazy\" decoding=\"async\" width=\"1920\" height=\"1080\" src=\"https:\/\/agora.xtec.cat\/escmusicaberga\/wp-content\/uploads\/usu1326\/2025\/06\/EMMB-oferta-educativa-2025-2026-presentacio.026.jpeg\" data-id=\"4057\" data-link=\"https:\/\/agora.xtec.cat\/escmusicaberga\/ofertaeducativa\/programes-educatius\/programa-de-sensibilitzacio\/attachment\/emmb-oferta-educativa-2025-2026-presentacio-026\/\" data-original-link=\"https:\/\/agora.xtec.cat\/escmusicaberga\/wp-content\/uploads\/usu1326\/2025\/06\/EMMB-oferta-educativa-2025-2026-presentacio.026.jpeg\" class=\"wp-block-getwid-images-slider__image wp-image-4057\" srcset=\"https:\/\/agora.xtec.cat\/escmusicaberga\/wp-content\/uploads\/usu1326\/2025\/06\/EMMB-oferta-educativa-2025-2026-presentacio.026.jpeg 1920w, https:\/\/agora.xtec.cat\/escmusicaberga\/wp-content\/uploads\/usu1326\/2025\/06\/EMMB-oferta-educativa-2025-2026-presentacio.026-300x169.jpeg 300w, https:\/\/agora.xtec.cat\/escmusicaberga\/wp-content\/uploads\/usu1326\/2025\/06\/EMMB-oferta-educativa-2025-2026-presentacio.026-1024x576.jpeg 1024w, https:\/\/agora.xtec.cat\/escmusicaberga\/wp-content\/uploads\/usu1326\/2025\/06\/EMMB-oferta-educativa-2025-2026-presentacio.026-768x432.jpeg 768w, https:\/\/agora.xtec.cat\/escmusicaberga\/wp-content\/uploads\/usu1326\/2025\/06\/EMMB-oferta-educativa-2025-2026-presentacio.026-1536x864.jpeg 1536w\" sizes=\"auto, (max-width: 1920px) 100vw, 1920px\" \/><\/figure><\/div><\/div><\/div>\n","protected":false},"excerpt":{"rendered":"<p>Aquest programa ha de proporcionar coneixements pr\u00e0ctics i te\u00f2rics que permetin un desenvolupament de les destreses musicals necess\u00e0ries per participar de manera aut\u00f2noma en projectes art\u00edstics \u2014participant en la vida cultural de l&#8217;entorn\u2014, amb independ\u00e8ncia que aquests condueixin a una pr\u00e0ctica musical intensa o als&hellip;  <a href=\"https:\/\/agora.xtec.cat\/escmusicaberga\/ofertaeducativa\/programes-educatius\/aprofundiment-2\/\" title=\"Read PF Aprofundiment #2\">Llegeix m\u00e9s\u00bb<\/a><\/p>\n","protected":false},"author":1,"featured_media":0,"parent":2017,"menu_order":0,"comment_status":"closed","ping_status":"close","template":"","meta":{"_bbp_topic_count":0,"_bbp_reply_count":0,"_bbp_total_topic_count":0,"_bbp_total_reply_count":0,"_bbp_voice_count":0,"_bbp_anonymous_reply_count":0,"_bbp_topic_count_hidden":0,"_bbp_reply_count_hidden":0,"_bbp_forum_subforum_count":0,"footnotes":""},"class_list":["post-4040","page","type-page","status-publish","hentry"],"post_mailing_queue_ids":[],"_links":{"self":[{"href":"https:\/\/agora.xtec.cat\/escmusicaberga\/wp-json\/wp\/v2\/pages\/4040","targetHints":{"allow":["GET"]}}],"collection":[{"href":"https:\/\/agora.xtec.cat\/escmusicaberga\/wp-json\/wp\/v2\/pages"}],"about":[{"href":"https:\/\/agora.xtec.cat\/escmusicaberga\/wp-json\/wp\/v2\/types\/page"}],"author":[{"embeddable":true,"href":"https:\/\/agora.xtec.cat\/escmusicaberga\/wp-json\/wp\/v2\/users\/1"}],"replies":[{"embeddable":true,"href":"https:\/\/agora.xtec.cat\/escmusicaberga\/wp-json\/wp\/v2\/comments?post=4040"}],"version-history":[{"count":6,"href":"https:\/\/agora.xtec.cat\/escmusicaberga\/wp-json\/wp\/v2\/pages\/4040\/revisions"}],"predecessor-version":[{"id":4102,"href":"https:\/\/agora.xtec.cat\/escmusicaberga\/wp-json\/wp\/v2\/pages\/4040\/revisions\/4102"}],"up":[{"embeddable":true,"href":"https:\/\/agora.xtec.cat\/escmusicaberga\/wp-json\/wp\/v2\/pages\/2017"}],"wp:attachment":[{"href":"https:\/\/agora.xtec.cat\/escmusicaberga\/wp-json\/wp\/v2\/media?parent=4040"}],"curies":[{"name":"wp","href":"https:\/\/api.w.org\/{rel}","templated":true}]}}