{"id":3946,"date":"2025-05-20T18:26:38","date_gmt":"2025-05-20T16:26:38","guid":{"rendered":"https:\/\/agora.xtec.cat\/escmusicaberga\/?page_id=3946"},"modified":"2025-05-20T18:29:00","modified_gmt":"2025-05-20T16:29:00","slug":"admesos-pendents-preinscipcio-25-26","status":"publish","type":"page","link":"https:\/\/agora.xtec.cat\/escmusicaberga\/admesos-pendents-preinscipcio-25-26\/","title":{"rendered":"Llista d&#8217;admesos \/ pendents preinscipci\u00f3 25 \/ 26"},"content":{"rendered":"\n<p><a href=\"https:\/\/agora.xtec.cat\/escmusicaberga\/wp-content\/uploads\/usu1326\/2025\/05\/Preinscripcio-25-26-anonimitzat.pdf\" data-type=\"link\" data-id=\"https:\/\/agora.xtec.cat\/escmusicaberga\/wp-content\/uploads\/usu1326\/2025\/05\/Preinscripcio-25-26-anonimitzat.pdf\">Llistat de les persones admeses i pendents el primer per\u00edode de la preinscricpi\u00f3 per al curs 25 26<\/a><\/p>\n\n\n\n<ul class=\"wp-block-list\">\n<li>Les persones pendents d\u2019assignaci\u00f3 son les que han fet sol\u00b7licitud amb instrument, a partir de 2n. de prim\u00e0ria. Properament es comunicar\u00e0 el resultat de la preinscripci\u00f3.<\/li>\n\n\n\n<li>Les persones admeses seran contactades per la secretaria de l\u2019escola per al proc\u00e9s de matriculaci\u00f3.<\/li>\n<\/ul>\n","protected":false},"excerpt":{"rendered":"<p><a href=\"https:\/\/agora.xtec.cat\/escmusicaberga\/wp-content\/uploads\/usu1326\/2025\/05\/Preinscripcio-25-26-anonimitzat.pdf\" data-type=\"link\" data-id=\"https:\/\/agora.xtec.cat\/escmusicaberga\/wp-content\/uploads\/usu1326\/2025\/05\/Preinscripcio-25-26-anonimitzat.pdf\">Llistat de les persones admeses i pendents el primer per\u00edode de la preinscricpi\u00f3 per al curs 25 26<\/a><\/p>\n<ul class=\"wp-block-list\">\n<li>Les persones pendents d\u2019assignaci\u00f3 son les que han fet sol\u00b7licitud amb instrument, a partir de 2n. de prim\u00e0ria. Properament es comunicar\u00e0 el resultat de&hellip;  <a href=\"https:\/\/agora.xtec.cat\/escmusicaberga\/admesos-pendents-preinscipcio-25-26\/\" title=\"Read Llista d&#8217;admesos \/ pendents preinscipci\u00f3 25 \/ 26\">Llegeix m\u00e9s\u00bb<\/a><br \/>\n","protected":false},"author":1,"featured_media":0,"parent":0,"menu_order":0,"comment_status":"closed","ping_status":"close","template":"","meta":{"_bbp_topic_count":0,"_bbp_reply_count":0,"_bbp_total_topic_count":0,"_bbp_total_reply_count":0,"_bbp_voice_count":0,"_bbp_anonymous_reply_count":0,"_bbp_topic_count_hidden":0,"_bbp_reply_count_hidden":0,"_bbp_forum_subforum_count":0,"footnotes":""},"class_list":["post-3946","page","type-page","status-publish","hentry"],"post_mailing_queue_ids":[],"_links":{"self":[{"href":"https:\/\/agora.xtec.cat\/escmusicaberga\/wp-json\/wp\/v2\/pages\/3946","targetHints":{"allow":["GET"]}}],"collection":[{"href":"https:\/\/agora.xtec.cat\/escmusicaberga\/wp-json\/wp\/v2\/pages"}],"about":[{"href":"https:\/\/agora.xtec.cat\/escmusicaberga\/wp-json\/wp\/v2\/types\/page"}],"author":[{"embeddable":true,"href":"https:\/\/agora.xtec.cat\/escmusicaberga\/wp-json\/wp\/v2\/users\/1"}],"replies":[{"embeddable":true,"href":"https:\/\/agora.xtec.cat\/escmusicaberga\/wp-json\/wp\/v2\/comments?post=3946"}],"version-history":[{"count":2,"href":"https:\/\/agora.xtec.cat\/escmusicaberga\/wp-json\/wp\/v2\/pages\/3946\/revisions"}],"predecessor-version":[{"id":3950,"href":"https:\/\/agora.xtec.cat\/escmusicaberga\/wp-json\/wp\/v2\/pages\/3946\/revisions\/3950"}],"wp:attachment":[{"href":"https:\/\/agora.xtec.cat\/escmusicaberga\/wp-json\/wp\/v2\/media?parent=3946"}],"curies":[{"name":"wp","href":"https:\/\/api.w.org\/{rel}","templated":true}]}}