{"id":3907,"date":"2025-04-12T14:00:14","date_gmt":"2025-04-12T12:00:14","guid":{"rendered":"https:\/\/agora.xtec.cat\/escmusicaberga\/?page_id=3907"},"modified":"2025-04-12T14:01:40","modified_gmt":"2025-04-12T12:01:40","slug":"club-de-musica","status":"publish","type":"page","link":"https:\/\/agora.xtec.cat\/escmusicaberga\/club-de-musica\/","title":{"rendered":"Club de m\u00fasica"},"content":{"rendered":"\n<p>\u200bEl Club de M\u00fasica de l&#8217;Escola Municipal de M\u00fasica de Berga \u00e9s una proposta oberta a tota la ciutadania, independentment de si tenen formaci\u00f3 musical o no. Condu\u00eft pel professor Josep Comellas, aquest espai ofereix trobades mensuals per compartir hist\u00f2ries i curiositats sobre m\u00fasics i m\u00fasiques de tots els temps i estils.\u200b<\/p>\n\n\n\n<p>Les sessions tenen lloc el segon dilluns de cada mes i tenen una durada d&#8217;una hora. Amb un enfocament divulgatiu i proper, el Club de M\u00fasica busca despertar l&#8217;inter\u00e8s per la m\u00fasica i fomentar la cultura musical entre els assistents.\u200b<\/p>\n\n\n\n<p>Amb aquesta iniciativa, l&#8217;Escola Municipal de M\u00fasica de Berga reafirma el seu comprom\u00eds amb la difusi\u00f3 cultural i l&#8217;acc\u00e9s a la m\u00fasica per a tothom.<\/p>\n\n\n\n<p>Per participar al club de m\u00fasica podeu contactar amb la secretaria del centre: 93 821 39 11 &#8211; <a href=\"mailto:administracio@emmberga.cat\">administracio@emmberga.cat<\/a><\/p>\n","protected":false},"excerpt":{"rendered":"<p>\u200bEl Club de M\u00fasica de l&#8217;Escola Municipal de M\u00fasica de Berga \u00e9s una proposta oberta a tota la ciutadania, independentment de si tenen formaci\u00f3 musical o no. Condu\u00eft pel professor Josep Comellas, aquest espai ofereix trobades mensuals per compartir hist\u00f2ries i curiositats sobre m\u00fasics i&hellip;  <a href=\"https:\/\/agora.xtec.cat\/escmusicaberga\/club-de-musica\/\" title=\"Read Club de m\u00fasica\">Llegeix m\u00e9s\u00bb<\/a><\/p>\n","protected":false},"author":1,"featured_media":0,"parent":0,"menu_order":0,"comment_status":"closed","ping_status":"close","template":"","meta":{"_bbp_topic_count":0,"_bbp_reply_count":0,"_bbp_total_topic_count":0,"_bbp_total_reply_count":0,"_bbp_voice_count":0,"_bbp_anonymous_reply_count":0,"_bbp_topic_count_hidden":0,"_bbp_reply_count_hidden":0,"_bbp_forum_subforum_count":0,"footnotes":""},"class_list":["post-3907","page","type-page","status-publish","hentry"],"post_mailing_queue_ids":[],"_links":{"self":[{"href":"https:\/\/agora.xtec.cat\/escmusicaberga\/wp-json\/wp\/v2\/pages\/3907","targetHints":{"allow":["GET"]}}],"collection":[{"href":"https:\/\/agora.xtec.cat\/escmusicaberga\/wp-json\/wp\/v2\/pages"}],"about":[{"href":"https:\/\/agora.xtec.cat\/escmusicaberga\/wp-json\/wp\/v2\/types\/page"}],"author":[{"embeddable":true,"href":"https:\/\/agora.xtec.cat\/escmusicaberga\/wp-json\/wp\/v2\/users\/1"}],"replies":[{"embeddable":true,"href":"https:\/\/agora.xtec.cat\/escmusicaberga\/wp-json\/wp\/v2\/comments?post=3907"}],"version-history":[{"count":2,"href":"https:\/\/agora.xtec.cat\/escmusicaberga\/wp-json\/wp\/v2\/pages\/3907\/revisions"}],"predecessor-version":[{"id":3910,"href":"https:\/\/agora.xtec.cat\/escmusicaberga\/wp-json\/wp\/v2\/pages\/3907\/revisions\/3910"}],"wp:attachment":[{"href":"https:\/\/agora.xtec.cat\/escmusicaberga\/wp-json\/wp\/v2\/media?parent=3907"}],"curies":[{"name":"wp","href":"https:\/\/api.w.org\/{rel}","templated":true}]}}