{"id":3901,"date":"2025-04-12T13:50:08","date_gmt":"2025-04-12T11:50:08","guid":{"rendered":"https:\/\/agora.xtec.cat\/escmusicaberga\/?page_id=3901"},"modified":"2025-04-12T13:54:17","modified_gmt":"2025-04-12T11:54:17","slug":"berga-en-escena","status":"publish","type":"page","link":"https:\/\/agora.xtec.cat\/escmusicaberga\/berga-en-escena\/","title":{"rendered":"Berga en escena"},"content":{"rendered":"\n<figure class=\"wp-block-embed is-type-video is-provider-youtube wp-block-embed-youtube wp-embed-aspect-16-9 wp-has-aspect-ratio\"><div class=\"wp-block-embed__wrapper\">\n<iframe loading=\"lazy\" title=\"Projecte Berga en Escena 2024\" width=\"500\" height=\"281\" src=\"https:\/\/www.youtube.com\/embed\/Tr0EZwyfY5A?feature=oembed\" frameborder=\"0\" allow=\"accelerometer; autoplay; clipboard-write; encrypted-media; gyroscope; picture-in-picture; web-share\" referrerpolicy=\"strict-origin-when-cross-origin\" allowfullscreen><\/iframe>\n<\/div><\/figure>\n\n\n\n<p><\/p>\n\n\n\n<p>El projecte <em>Berga en escena<\/em> \u00e9s una iniciativa impulsada per l&#8217;Escola Municipal de M\u00fasica de Berga adre\u00e7ada a l\u2019alumnat de 3r d\u2019ESO dels centres de secund\u00e0ria de la ciutat. L\u2019objectiu \u00e9s introduir els joves en el m\u00f3n de les arts esc\u00e8niques a trav\u00e9s de la dansa i el teatre, tot promovent l\u2019expressi\u00f3 personal i la reflexi\u00f3 col\u00b7lectiva.<\/p>\n\n\n\n<p>Cada curs, els participants treballen en un proc\u00e9s de creaci\u00f3 art\u00edstica a partir de les seves inquietuds i viv\u00e8ncies. Temes com les xarxes socials, les identitats personals o les pressions del m\u00f3n adolescent esdevenen punt de partida per construir un espectacle original i comprom\u00e8s.<\/p>\n\n\n\n<p>El projecte es desenvolupa durant diverses sessions en horari escolar i culmina amb una representaci\u00f3 oberta al p\u00fablic al Teatre Municipal de Berga. Des de la seva creaci\u00f3, <em>Berga en escena<\/em> ha comptat amb la direcci\u00f3 art\u00edstica de l\u2019actor Ivan Otaola i la ballarina Laura Marsal, que treballen amb els joves per guiar-los en aquest viatge d\u2019expressi\u00f3 i descobriment.<\/p>\n\n\n\n<p>El projecte compta amb el suport del Departament de Cultura de la Generalitat de Catalunya.<\/p>\n\n\n\n<figure class=\"wp-block-image size-large\"><a href=\"https:\/\/agora.xtec.cat\/escmusicaberga\/wp-content\/uploads\/usu1326\/2024\/03\/photo_6021659379125829881_y.jpg\"><img loading=\"lazy\" decoding=\"async\" width=\"768\" height=\"1024\" src=\"https:\/\/agora.xtec.cat\/escmusicaberga\/wp-content\/uploads\/usu1326\/2024\/03\/photo_6021659379125829881_y-768x1024.jpg\" alt=\"\" class=\"wp-image-3327\" srcset=\"https:\/\/agora.xtec.cat\/escmusicaberga\/wp-content\/uploads\/usu1326\/2024\/03\/photo_6021659379125829881_y-768x1024.jpg 768w, https:\/\/agora.xtec.cat\/escmusicaberga\/wp-content\/uploads\/usu1326\/2024\/03\/photo_6021659379125829881_y-225x300.jpg 225w, https:\/\/agora.xtec.cat\/escmusicaberga\/wp-content\/uploads\/usu1326\/2024\/03\/photo_6021659379125829881_y.jpg 960w\" sizes=\"auto, (max-width: 768px) 100vw, 768px\" \/><\/a><\/figure>\n\n\n\n<figure class=\"wp-block-image size-large\"><a href=\"https:\/\/agora.xtec.cat\/escmusicaberga\/wp-content\/uploads\/usu1326\/2025\/04\/e9e501b3-6777-44bd-8231-b6ba3405b708.jpg\"><img loading=\"lazy\" decoding=\"async\" width=\"1024\" height=\"768\" src=\"https:\/\/agora.xtec.cat\/escmusicaberga\/wp-content\/uploads\/usu1326\/2025\/04\/e9e501b3-6777-44bd-8231-b6ba3405b708-1024x768.jpg\" alt=\"\" class=\"wp-image-3880\" srcset=\"https:\/\/agora.xtec.cat\/escmusicaberga\/wp-content\/uploads\/usu1326\/2025\/04\/e9e501b3-6777-44bd-8231-b6ba3405b708-1024x768.jpg 1024w, https:\/\/agora.xtec.cat\/escmusicaberga\/wp-content\/uploads\/usu1326\/2025\/04\/e9e501b3-6777-44bd-8231-b6ba3405b708-300x225.jpg 300w, https:\/\/agora.xtec.cat\/escmusicaberga\/wp-content\/uploads\/usu1326\/2025\/04\/e9e501b3-6777-44bd-8231-b6ba3405b708-768x576.jpg 768w, https:\/\/agora.xtec.cat\/escmusicaberga\/wp-content\/uploads\/usu1326\/2025\/04\/e9e501b3-6777-44bd-8231-b6ba3405b708-1536x1152.jpg 1536w, https:\/\/agora.xtec.cat\/escmusicaberga\/wp-content\/uploads\/usu1326\/2025\/04\/e9e501b3-6777-44bd-8231-b6ba3405b708-200x150.jpg 200w, https:\/\/agora.xtec.cat\/escmusicaberga\/wp-content\/uploads\/usu1326\/2025\/04\/e9e501b3-6777-44bd-8231-b6ba3405b708.jpg 2048w\" sizes=\"auto, (max-width: 1024px) 100vw, 1024px\" \/><\/a><\/figure>\n\n\n\n<figure class=\"wp-block-image size-large\"><a href=\"https:\/\/agora.xtec.cat\/escmusicaberga\/wp-content\/uploads\/usu1326\/2025\/04\/af1b19ec-6fbd-4649-8315-a7fdf3898689.jpg\"><img loading=\"lazy\" decoding=\"async\" width=\"768\" height=\"1024\" src=\"https:\/\/agora.xtec.cat\/escmusicaberga\/wp-content\/uploads\/usu1326\/2025\/04\/af1b19ec-6fbd-4649-8315-a7fdf3898689-768x1024.jpg\" alt=\"\" class=\"wp-image-3878\" srcset=\"https:\/\/agora.xtec.cat\/escmusicaberga\/wp-content\/uploads\/usu1326\/2025\/04\/af1b19ec-6fbd-4649-8315-a7fdf3898689-768x1024.jpg 768w, https:\/\/agora.xtec.cat\/escmusicaberga\/wp-content\/uploads\/usu1326\/2025\/04\/af1b19ec-6fbd-4649-8315-a7fdf3898689-225x300.jpg 225w, https:\/\/agora.xtec.cat\/escmusicaberga\/wp-content\/uploads\/usu1326\/2025\/04\/af1b19ec-6fbd-4649-8315-a7fdf3898689-1152x1536.jpg 1152w, https:\/\/agora.xtec.cat\/escmusicaberga\/wp-content\/uploads\/usu1326\/2025\/04\/af1b19ec-6fbd-4649-8315-a7fdf3898689.jpg 1536w\" sizes=\"auto, (max-width: 768px) 100vw, 768px\" \/><\/a><\/figure>\n","protected":false},"excerpt":{"rendered":"<p>El projecte Berga en escena \u00e9s una iniciativa impulsada per l&#8217;Escola Municipal de M\u00fasica de Berga adre\u00e7ada a l\u2019alumnat de 3r d\u2019ESO dels centres de secund\u00e0ria de la ciutat. L\u2019objectiu \u00e9s introduir els joves en el m\u00f3n de les arts esc\u00e8niques a trav\u00e9s de la&hellip;  <a href=\"https:\/\/agora.xtec.cat\/escmusicaberga\/berga-en-escena\/\" title=\"Read Berga en escena\">Llegeix m\u00e9s\u00bb<\/a><\/p>\n","protected":false},"author":1,"featured_media":0,"parent":0,"menu_order":0,"comment_status":"closed","ping_status":"close","template":"","meta":{"_bbp_topic_count":0,"_bbp_reply_count":0,"_bbp_total_topic_count":0,"_bbp_total_reply_count":0,"_bbp_voice_count":0,"_bbp_anonymous_reply_count":0,"_bbp_topic_count_hidden":0,"_bbp_reply_count_hidden":0,"_bbp_forum_subforum_count":0,"footnotes":""},"class_list":["post-3901","page","type-page","status-publish","hentry"],"post_mailing_queue_ids":[],"_links":{"self":[{"href":"https:\/\/agora.xtec.cat\/escmusicaberga\/wp-json\/wp\/v2\/pages\/3901","targetHints":{"allow":["GET"]}}],"collection":[{"href":"https:\/\/agora.xtec.cat\/escmusicaberga\/wp-json\/wp\/v2\/pages"}],"about":[{"href":"https:\/\/agora.xtec.cat\/escmusicaberga\/wp-json\/wp\/v2\/types\/page"}],"author":[{"embeddable":true,"href":"https:\/\/agora.xtec.cat\/escmusicaberga\/wp-json\/wp\/v2\/users\/1"}],"replies":[{"embeddable":true,"href":"https:\/\/agora.xtec.cat\/escmusicaberga\/wp-json\/wp\/v2\/comments?post=3901"}],"version-history":[{"count":3,"href":"https:\/\/agora.xtec.cat\/escmusicaberga\/wp-json\/wp\/v2\/pages\/3901\/revisions"}],"predecessor-version":[{"id":3905,"href":"https:\/\/agora.xtec.cat\/escmusicaberga\/wp-json\/wp\/v2\/pages\/3901\/revisions\/3905"}],"wp:attachment":[{"href":"https:\/\/agora.xtec.cat\/escmusicaberga\/wp-json\/wp\/v2\/media?parent=3901"}],"curies":[{"name":"wp","href":"https:\/\/api.w.org\/{rel}","templated":true}]}}