{"id":3892,"date":"2025-04-12T10:22:53","date_gmt":"2025-04-12T08:22:53","guid":{"rendered":"https:\/\/agora.xtec.cat\/escmusicaberga\/?page_id=3892"},"modified":"2025-09-23T08:57:56","modified_gmt":"2025-09-23T06:57:56","slug":"afa","status":"publish","type":"page","link":"https:\/\/agora.xtec.cat\/escmusicaberga\/afa\/","title":{"rendered":"AFA"},"content":{"rendered":"\n<figure class=\"wp-block-image size-full\"><a href=\"https:\/\/agora.xtec.cat\/escmusicaberga\/wp-content\/uploads\/usu1326\/2025\/09\/Diapositiva1-1.jpeg\"><img loading=\"lazy\" decoding=\"async\" width=\"720\" height=\"405\" src=\"https:\/\/agora.xtec.cat\/escmusicaberga\/wp-content\/uploads\/usu1326\/2025\/09\/Diapositiva1-1.jpeg\" alt=\"\" class=\"wp-image-4157\" srcset=\"https:\/\/agora.xtec.cat\/escmusicaberga\/wp-content\/uploads\/usu1326\/2025\/09\/Diapositiva1-1.jpeg 720w, https:\/\/agora.xtec.cat\/escmusicaberga\/wp-content\/uploads\/usu1326\/2025\/09\/Diapositiva1-1-300x169.jpeg 300w\" sizes=\"auto, (max-width: 720px) 100vw, 720px\" \/><\/a><\/figure>\n\n\n\n<figure class=\"wp-block-image size-full\"><a href=\"https:\/\/agora.xtec.cat\/escmusicaberga\/wp-content\/uploads\/usu1326\/2025\/09\/Diapositiva2-3.jpeg\"><img loading=\"lazy\" decoding=\"async\" width=\"720\" height=\"405\" src=\"https:\/\/agora.xtec.cat\/escmusicaberga\/wp-content\/uploads\/usu1326\/2025\/09\/Diapositiva2-3.jpeg\" alt=\"\" class=\"wp-image-4158\" srcset=\"https:\/\/agora.xtec.cat\/escmusicaberga\/wp-content\/uploads\/usu1326\/2025\/09\/Diapositiva2-3.jpeg 720w, https:\/\/agora.xtec.cat\/escmusicaberga\/wp-content\/uploads\/usu1326\/2025\/09\/Diapositiva2-3-300x169.jpeg 300w\" sizes=\"auto, (max-width: 720px) 100vw, 720px\" \/><\/a><\/figure>\n\n\n\n<p>Vols col\u00b7laborar i fer-te soci? <a href=\"https:\/\/docs.google.com\/forms\/d\/e\/1FAIpQLSc-qg1APj8WaROnwq6fbfNpv2vCG4MS4RrLUtGaabORaukLpA\/viewform\" data-type=\"link\" data-id=\"https:\/\/docs.google.com\/forms\/d\/e\/1FAIpQLSc-qg1APj8WaROnwq6fbfNpv2vCG4MS4RrLUtGaabORaukLpA\/viewform\">clica aqu\u00ed<\/a><\/p>\n\n\n\n<p>L&#8217;Associaci\u00f3 de fam\u00edlies de l&#8217;escola est\u00e0 constitu\u00efda per les seg\u00fcents persones<\/p>\n\n\n\n<p>Presidenta: Giannina Aztarain Jo<br>Secret\u00e0ria: Anna Terrades Pons<br>Tresorer: Jimmy Torres<br>Vocal: Judit Corral<br>Vocal: Mariona Deola Ribas<\/p>\n\n\n\n<p>Contacte: <a href=\"mailto:afa@emmberga.cat\">afa@emmberga.cat<\/a><\/p>\n\n\n\n<p><\/p>\n","protected":false},"excerpt":{"rendered":"<p><a href=\"https:\/\/agora.xtec.cat\/escmusicaberga\/wp-content\/uploads\/usu1326\/2025\/09\/Diapositiva1-1.jpeg\"><\/a><\/p>\n<p><a href=\"https:\/\/agora.xtec.cat\/escmusicaberga\/wp-content\/uploads\/usu1326\/2025\/09\/Diapositiva2-3.jpeg\"><\/a><\/p>\n<p>Vols col\u00b7laborar i fer-te soci? <a href=\"https:\/\/docs.google.com\/forms\/d\/e\/1FAIpQLSc-qg1APj8WaROnwq6fbfNpv2vCG4MS4RrLUtGaabORaukLpA\/viewform\" data-type=\"link\" data-id=\"https:\/\/docs.google.com\/forms\/d\/e\/1FAIpQLSc-qg1APj8WaROnwq6fbfNpv2vCG4MS4RrLUtGaabORaukLpA\/viewform\">clica aqu\u00ed<\/a><\/p>\n<p>L&#8217;Associaci\u00f3 de fam\u00edlies de l&#8217;escola est\u00e0 constitu\u00efda per les seg\u00fcents persones<\/p>\n<p>Presidenta: Giannina Aztarain JoSecret\u00e0ria: Anna Terrades PonsTresorer: Jimmy TorresVocal: Judit CorralVocal: Mariona Deola Ribas<\/p>\n<p>Contacte: <a href=\"mailto:afa@emmberga.cat\">afa@emmberga.cat<\/a><\/p>\n","protected":false},"author":1,"featured_media":0,"parent":0,"menu_order":0,"comment_status":"closed","ping_status":"close","template":"","meta":{"_bbp_topic_count":0,"_bbp_reply_count":0,"_bbp_total_topic_count":0,"_bbp_total_reply_count":0,"_bbp_voice_count":0,"_bbp_anonymous_reply_count":0,"_bbp_topic_count_hidden":0,"_bbp_reply_count_hidden":0,"_bbp_forum_subforum_count":0,"footnotes":""},"class_list":["post-3892","page","type-page","status-publish","hentry"],"post_mailing_queue_ids":[],"_links":{"self":[{"href":"https:\/\/agora.xtec.cat\/escmusicaberga\/wp-json\/wp\/v2\/pages\/3892","targetHints":{"allow":["GET"]}}],"collection":[{"href":"https:\/\/agora.xtec.cat\/escmusicaberga\/wp-json\/wp\/v2\/pages"}],"about":[{"href":"https:\/\/agora.xtec.cat\/escmusicaberga\/wp-json\/wp\/v2\/types\/page"}],"author":[{"embeddable":true,"href":"https:\/\/agora.xtec.cat\/escmusicaberga\/wp-json\/wp\/v2\/users\/1"}],"replies":[{"embeddable":true,"href":"https:\/\/agora.xtec.cat\/escmusicaberga\/wp-json\/wp\/v2\/comments?post=3892"}],"version-history":[{"count":5,"href":"https:\/\/agora.xtec.cat\/escmusicaberga\/wp-json\/wp\/v2\/pages\/3892\/revisions"}],"predecessor-version":[{"id":4162,"href":"https:\/\/agora.xtec.cat\/escmusicaberga\/wp-json\/wp\/v2\/pages\/3892\/revisions\/4162"}],"wp:attachment":[{"href":"https:\/\/agora.xtec.cat\/escmusicaberga\/wp-json\/wp\/v2\/media?parent=3892"}],"curies":[{"name":"wp","href":"https:\/\/api.w.org\/{rel}","templated":true}]}}