{"id":3539,"date":"2024-07-16T11:50:54","date_gmt":"2024-07-16T09:50:54","guid":{"rendered":"https:\/\/agora.xtec.cat\/escmusicaberga\/?page_id=3539"},"modified":"2025-10-14T17:50:34","modified_gmt":"2025-10-14T15:50:34","slug":"tarifacio-social","status":"publish","type":"page","link":"https:\/\/agora.xtec.cat\/escmusicaberga\/tarifacio-social\/","title":{"rendered":"Tarifaci\u00f3 social"},"content":{"rendered":"<p><strong>Tarifaci\u00f3 social<\/strong><\/p>\n<p><iframe loading=\"lazy\" title=\"YouTube video player\" src=\"\/\/www.youtube.com\/embed\/-_-f9mXxTfM?si=Hdxr6rlX7AfvujSu\" width=\"560\" height=\"315\" frameborder=\"0\" allowfullscreen=\"allowfullscreen\"><\/iframe><\/p>\n<ul>\n<li><strong>Qu\u00e8 \u00e9s?<\/strong><\/li>\n<\/ul>\n<p>Amb l&#8217;objectiu de donar acc\u00e9s a l&#8217;educaci\u00f3 musical a tota la poblaci\u00f3, l&#8217;Ajuntament de Berga ha aprovat, dins de les ordenances municipals, un procediment de tarifaci\u00f3 social que regula els preus p\u00fablics de l&#8217;Escola Municipal de M\u00fasica i les taxes del Conservatori de M\u00fasica dels Pirineus (seu de Berga) segons el nivell de renda de cada fam\u00edlia. Segons el nivell de renda es poden obtenir descomptes sobre les tarifes aplicades de fins a un 90%.<\/p>\n<ul>\n<li><strong>Qui se&#8217;n pot beneficiar?<\/strong><\/li>\n<\/ul>\n<p>Podran beneficiar-se de la tarifaci\u00f3 social tot l\u2019alumnat matriculat a l\u2019Escola Municipal de M\u00fasica de Berga o a la seu de Berga del Conservatori de M\u00fasica dels Pirineus.<\/p>\n<ul>\n<li><strong>Quins requisits ha de tenir la unitat familiar per beneficiar-se de la tarifaci\u00f3 social?<\/strong><\/li>\n<\/ul>\n<p>Les persones usu\u00e0ries que es vulguin acollir a la tarifaci\u00f3 social hauran d\u2019acreditar no haver tingut en el darrer exercici fiscal liquidat (2023) una renda familiar superior als llindars m\u00e0xims, calculats en refer\u00e8ncia a l\u2019Indicador de la Renda de Sufici\u00e8ncia (IRSC) 2024, en funci\u00f3 del nombre de membres que integren la unitat familiar, que s\u2019estableixen a continuaci\u00f3:<\/p>\n<table width=\"673\">\n<tbody>\n<tr>\n<td width=\"130\">Membres unitat familiar<\/td>\n<td width=\"96\">Tarifa especial -90%<\/td>\n<td width=\"113\">Tarifa especial<\/p>\n<p>-70%<\/td>\n<td width=\"113\">Tarifa especial<\/p>\n<p>-50%<\/td>\n<td width=\"104\">Tarifa especial<\/p>\n<p>-30%<\/td>\n<td width=\"116\">Tarifa especial<\/p>\n<p>-10%<\/td>\n<\/tr>\n<tr>\n<td width=\"130\">1 membre<\/td>\n<td width=\"96\">9.341, 92\u20ac<\/td>\n<td width=\"113\">14.012,88\u20ac<\/td>\n<td width=\"113\">18.683,84\u20ac<\/td>\n<td width=\"104\">21.019,32\u20ac<\/td>\n<td width=\"116\">23.354,80\u20ac<\/td>\n<\/tr>\n<tr>\n<td width=\"130\">2 membres<\/td>\n<td width=\"96\">14.012,88\u20ac<\/td>\n<td width=\"113\">21.019,32\u20ac<\/td>\n<td width=\"113\">28.025,76\u20ac<\/td>\n<td width=\"104\">31.528,98\u20ac<\/td>\n<td width=\"116\">35.032,20\u20ac<\/td>\n<\/tr>\n<tr>\n<td width=\"130\">3 membres<\/td>\n<td width=\"96\">16.815,46\u20ac<\/td>\n<td width=\"113\">25.223,19\u20ac<\/td>\n<td width=\"113\">33.630,92\u20ac<\/td>\n<td width=\"104\">37.834,79\u20ac<\/td>\n<td width=\"116\">42.038,65\u20ac<\/td>\n<\/tr>\n<tr>\n<td width=\"130\">4 membres<\/td>\n<td width=\"96\">19.618,03\u20ac<\/td>\n<td width=\"113\">29.427,05\u20ac<\/td>\n<td width=\"113\">39.236,06\u20ac<\/td>\n<td width=\"104\">44.140,57\u20ac<\/td>\n<td width=\"116\">49.045,08\u20ac<\/td>\n<\/tr>\n<tr>\n<td width=\"130\">5 o m\u00e9s membres<\/td>\n<td width=\"96\">22.420,61\u20ac<\/td>\n<td width=\"113\">33.630,92\u20ac<\/td>\n<td width=\"113\">44.841,22\u20ac<\/td>\n<td width=\"104\">50.446,37\u20ac<\/td>\n<td width=\"116\">56.051,53\u20ac<\/td>\n<\/tr>\n<\/tbody>\n<\/table>\n<p><span style=\"font-size: revert; color: initial;\">En els casos d\u2019unitats familiars amb membres amb una discapacitat superior al 65% es computar\u00e0 un membre m\u00e9s en el total de membres de la unitat familiar.<\/span><\/p>\n<ul>\n<li><strong>Quins programes educatius entren a la tarifaci\u00f3 social?<\/strong><\/li>\n<\/ul>\n<p>Tots els programes educatius oferts per l&#8217;escola excepte:<\/p>\n<ul style=\"list-style-type: circle;\">\n<li>Programa obert<\/li>\n<li>Comunitat EMMB<\/li>\n<\/ul>\n<ul style=\"list-style-type: disc;\">\n<li><strong>Com presentar la sol\u00b7licitud?<\/strong><\/li>\n<\/ul>\n<p>La sol\u00b7licitud de la tarifaci\u00f3 social s\u2019ha de presentar per registre a l&#8217;Ajuntament de Bergai es calcular\u00e0 una vegada per curs segons la informaci\u00f3 aportada al full de matr\u00edcula.<\/p>\n<p>Podran sol\u00b7licitar la tarifaci\u00f3 social els pares, mares o tutors legals de l\u2019alumnat beneficiari en el cas que aquests siguin menors d&#8217;edat.<\/p>\n<ul>\n<li style=\"list-style-type: none;\">\n<ul style=\"list-style-type: circle;\">\n<li><strong>On presentar-la?<\/strong><\/li>\n<\/ul>\n<\/li>\n<\/ul>\n<p><strong>Telem\u00e0ticament<\/strong> a trav\u00e9s d&#8217;inst\u00e0ncia gen\u00e8rica, adjuntant tota la documentaci\u00f3 requerida a: <a href=\"https:\/\/seu-e.cat\/ca\/web\/berga\/tramits-i-gestions\/-\/tramits\/tramit\/17920230\">https:\/\/seu-e.cat\/ca\/web\/berga\/tramits-i-gestions\/-\/tramits\/tramit\/12779955<\/a><\/p>\n<p><strong>Presencialment<\/strong> a l&#8217;<a href=\"https:\/\/www.ajberga.cat\/serveis-i-tramits\/oficines-datencio-al-ciutada\/oac-oficina-datencio-a-la-ciutadania\">Oficina d&#8217;Atenci\u00f3 a la ciutadania<\/a> de l&#8217;Ajuntament de Berga (cal demanar cita pr\u00e8via)<\/p>\n<ul style=\"list-style-type: disc;\">\n<li><strong>Terminis<\/strong><\/li>\n<\/ul>\n<p><strong>Fins el 30 de juny<\/strong> alumnat matriculat al curs actual que continua el curs 2025-2026 o <strong>fins a 15 dies despr\u00e9s<\/strong> de la matr\u00edcula per a nou alumnat.<\/p>\n<ul>\n<li><strong>Documentaci\u00f3 a presentar<\/strong>\n<ul style=\"list-style-type: square;\">\n<li><a href=\"https:\/\/seu-e.cat\/documents\/2646871\/13116552\/tr301\/3d8f4eb9-52f3-47dd-aad8-b1c5b3417bad\">Formulari de petici\u00f3 on hi constar\u00e0 l&#8217;autoritzaci\u00f3 a l\u2019Ajuntament de Berga, signada per tots els membres computables de la unitat familiar, per accedir a les dades del padr\u00f3 municipal i a les dades fiscals de l\u2019Ag\u00e8ncia Tribut\u00e0ria.<\/a><\/li>\n<li>En cas de separaci\u00f3, divorci, i\/o fam\u00edlies monoparentals, document acreditatiu de la pensi\u00f3 per aliments percebuda per qualsevol dels membres de la unitat familiar.<\/li>\n<li>DNI\/NIE de tots els membres majors d&#8217;edat de tots els membres de la unitat familiar.<\/li>\n<li>Certificat de conviv\u00e8ncia.<\/li>\n<li>Justificants d&#8217;ingressos:<\/li>\n<li>\u00c9s indispensable la presentaci\u00f3 de la declaraci\u00f3 de renda de l\u2019any anterior o en el cas de no disposar-ne presentar les tres \u00faltimes n\u00f2mines de tots els membres de la unitat familiar majors de 16 anys. En el cas de treballadors\/es aut\u00f2noms presentar \u00faltima liquidaci\u00f3 trimestral d&#8217;IRPF i\/o butllet\u00ed de cotitzaci\u00f3 a la seguretat social i en tot cas, declaraci\u00f3 de responsabilitat dels ingressos que t\u00e9.<\/li>\n<li>Declaraci\u00f3 jurada d&#8217;ingressos de la unitat de conviv\u00e8ncia, \u00fanicament en el sup\u00f2sit en que quedi suficientment justificada la impossibilitat d&#8217;aportar la documentaci\u00f3 requerida.<\/li>\n<li>Justificaci\u00f3 de despeses fixes mensuals de l&#8217;habitatge (lloguer o hipoteca).<\/li>\n<li>Resoluci\u00f3 o targeta identificativa de la Generalitat de Catalunya on consti el grau de diversitat funcional (si escau).<\/li>\n<\/ul>\n<\/li>\n<\/ul>\n<ul>\n<li><strong>A tenir en compte<\/strong><\/li>\n<li>Presentar la sol\u00b7licitud de tarifaci\u00f3 social juntament amb la inscripci\u00f3, autoritzant la consulta de les dades fiscals a l\u2019Ag\u00e8ncia Tribut\u00e0ria, de tots els membres de la unitat familiar\/que convisquin amb l\u2019alumne\/a, aix\u00ed com la consulta de dades del padr\u00f3.<\/li>\n<li>La renda familiar s\u2019obtindr\u00e0 per la suma de les bases imposables general i d\u2019estalvi de la declaraci\u00f3 d\u2019IRPF del darrer exercici fiscal, aix\u00ed com els imports percebuts per qualsevol dels seus membres en concepte de pensi\u00f3 d\u2019aliments.<\/li>\n<li>Del resultat obtingut a la renda familiar es podran deduir les despeses de lloguer o hipoteca amb un m\u00e0xim 9341,92\u20ac anuals.<\/li>\n<li>En cas de separaci\u00f3 dels progenitors no es considerar\u00e0 membre computable qui no convisqui amb l\u2019alumne\/a. No obstant, tindr\u00e0 la consideraci\u00f3 de membre computable el nou c\u00f2njuge o persona unida per an\u00e0loga relaci\u00f3 i per tant, s\u2019inclouran les seves rendes en el c\u00f2mput de la renda familiar.<\/li>\n<\/ul>\n<ul>\n<li><strong>Concessi\u00f3 dels ajuts<\/strong><\/li>\n<\/ul>\n<p>Tal i com preveuen les ordenances municipals, una comissi\u00f3 valorar\u00e0 cada sol\u00b7licitud i comunicar\u00e0 a les persones sol\u00b7licitants la concessi\u00f3 o denegaci\u00f3 de l&#8217;ajut.<\/p>\n<ul>\n<li><strong>Normativa<\/strong><\/li>\n<\/ul>\n<p><a href=\"https:\/\/www.ajberga.cat\/media\/repository\/documents_oficials\/ordenances\/preus_publics\/ANNEX_2024_8_OGPP_-_PP_EMMB_-_TARIFACIO_SOCIAL.pdf\">Tarifaci\u00f3 social Escola Municipal de M\u00fasica de Berga<\/a><\/p>\n<p><a href=\"https:\/\/www.ajberga.cat\/media\/repository\/documents_oficials\/ordenances\/preus_publics\/EDICTE_BOPB_MODIFICACIO_OF_2024_TARIFACIO_SOCIAL_CMP.pdf\">Tarifaci\u00f3 social seu de Berga del Conservatori de M\u00fasica dels Pirineus<\/a><\/p>\n","protected":false},"excerpt":{"rendered":"<p>Tarifaci\u00f3 social<\/p>\n<ul>\n<li>Qu\u00e8 \u00e9s?<\/li>\n<\/ul>\n<p>Amb l&#8217;objectiu de donar acc\u00e9s a l&#8217;educaci\u00f3 musical a tota la poblaci\u00f3, l&#8217;Ajuntament de Berga ha aprovat, dins de les ordenances municipals, un procediment de tarifaci\u00f3 social que regula els preus p\u00fablics de l&#8217;Escola Municipal de M\u00fasica i les taxes del Conservatori de&hellip;  <a href=\"https:\/\/agora.xtec.cat\/escmusicaberga\/tarifacio-social\/\" title=\"Read Tarifaci\u00f3 social\">Llegeix m\u00e9s\u00bb<\/a><\/p>\n","protected":false},"author":1,"featured_media":0,"parent":0,"menu_order":0,"comment_status":"closed","ping_status":"closed","template":"page-templates\/side-menu.php","meta":{"_bbp_topic_count":0,"_bbp_reply_count":0,"_bbp_total_topic_count":0,"_bbp_total_reply_count":0,"_bbp_voice_count":0,"_bbp_anonymous_reply_count":0,"_bbp_topic_count_hidden":0,"_bbp_reply_count_hidden":0,"_bbp_forum_subforum_count":0,"footnotes":""},"class_list":["post-3539","page","type-page","status-publish","hentry"],"post_mailing_queue_ids":[],"_links":{"self":[{"href":"https:\/\/agora.xtec.cat\/escmusicaberga\/wp-json\/wp\/v2\/pages\/3539","targetHints":{"allow":["GET"]}}],"collection":[{"href":"https:\/\/agora.xtec.cat\/escmusicaberga\/wp-json\/wp\/v2\/pages"}],"about":[{"href":"https:\/\/agora.xtec.cat\/escmusicaberga\/wp-json\/wp\/v2\/types\/page"}],"author":[{"embeddable":true,"href":"https:\/\/agora.xtec.cat\/escmusicaberga\/wp-json\/wp\/v2\/users\/1"}],"replies":[{"embeddable":true,"href":"https:\/\/agora.xtec.cat\/escmusicaberga\/wp-json\/wp\/v2\/comments?post=3539"}],"version-history":[{"count":6,"href":"https:\/\/agora.xtec.cat\/escmusicaberga\/wp-json\/wp\/v2\/pages\/3539\/revisions"}],"predecessor-version":[{"id":4171,"href":"https:\/\/agora.xtec.cat\/escmusicaberga\/wp-json\/wp\/v2\/pages\/3539\/revisions\/4171"}],"wp:attachment":[{"href":"https:\/\/agora.xtec.cat\/escmusicaberga\/wp-json\/wp\/v2\/media?parent=3539"}],"curies":[{"name":"wp","href":"https:\/\/api.w.org\/{rel}","templated":true}]}}