{"id":3126,"date":"2023-09-08T19:50:06","date_gmt":"2023-09-08T17:50:06","guid":{"rendered":"https:\/\/agora.xtec.cat\/escmusicaberga\/?page_id=3126"},"modified":"2026-04-13T19:44:15","modified_gmt":"2026-04-13T17:44:15","slug":"comissio-del-benestar-i-proteccio","status":"publish","type":"page","link":"https:\/\/agora.xtec.cat\/escmusicaberga\/lescola\/comissio-del-benestar-i-proteccio\/","title":{"rendered":"Comissi\u00f3 del benestar i protecci\u00f3"},"content":{"rendered":"<p><b>Comissi\u00f3 del Benestar i Protecci\u00f3<\/b><\/p>\n<p><span style=\"font-weight: 400;\">D\u2019acord amb el <a href=\"https:\/\/www.diba.cat\/es\/web\/educacio\/-\/eines-per-a-la-prevenci%C3%B3-de-l-ab%C3%BAs-sexual-i-l-assetjament-a-les-emma\">Protocol per a la Detecci\u00f3, Prevenci\u00f3 i Actuaci\u00f3 davant l&#8217;assetjament i viol\u00e8ncies sexuals d\u2019Escoles<\/a> de M\u00fasica creat per la Diputaci\u00f3 de Barcelona, el centre compta amb una comissi\u00f3 que vetlla pel benestar i protecci\u00f3 de la comunitat educativa davant de qualsevol tipus de viol\u00e8ncia.\u00a0<\/span><\/p>\n<p><span style=\"font-weight: 400;\">La comissi\u00f3 est\u00e0 formada per un coordinador\/a i tres membres m\u00e9s elegits pel claustre i assegurant la paritat i es reunir\u00e0 com a m\u00ednim un cop l\u2019any. Aquesta comissi\u00f3 tindr\u00e0 les funcions seg\u00fcents:<\/span><\/p>\n<ul>\n<li style=\"font-weight: 400;\" aria-level=\"1\"><span style=\"font-weight: 400;\">Encarregar-se del seguiment, l\u2019avaluaci\u00f3 i la difusi\u00f3 del Protocol. Vetllar pel compliment i la plena efectivitat dels principis, les garanties, els drets i les obligacions establerts en el Protocol, valorar-ne l\u2019efectivitat i incorporar-hi les novetats legislatives, si escau.<\/span><\/li>\n<li style=\"font-weight: 400;\" aria-level=\"1\"><span style=\"font-weight: 400;\">Vetllar perqu\u00e8 tot el personal de l\u2019escola estigui format i informat en refer\u00e8ncia a aquesta tem\u00e0tica.<\/span><\/li>\n<li style=\"font-weight: 400;\" aria-level=\"1\"><span style=\"font-weight: 400;\">Rebre comunicacions i notificacions de casos d\u2019ab\u00fas sexual o assetjament, acordar mesures cautelars i resoldre els procediments que es portin a terme segons el que s\u2019estableix en el Protocol.<\/span><\/li>\n<li style=\"font-weight: 400;\" aria-level=\"1\"><span style=\"font-weight: 400;\">Realitzar un informe anual dels casos notificats.<\/span><\/li>\n<li style=\"font-weight: 400;\" aria-level=\"1\"><span style=\"font-weight: 400;\">Revisar la mem\u00f2ria del curs escolar anterior.<\/span><\/li>\n<li style=\"font-weight: 400;\" aria-level=\"1\"><span style=\"font-weight: 400;\">Revisar els casos notificats i\/o detectats.<\/span><\/li>\n<li style=\"font-weight: 400;\" aria-level=\"1\"><span style=\"font-weight: 400;\">Avaluar el funcionament del circuit intern de comunicaci\u00f3.<\/span><\/li>\n<li style=\"font-weight: 400;\" aria-level=\"1\"><span style=\"font-weight: 400;\">Pensar l\u2019estrat\u00e8gia de recollida i emmagatzematge d\u2019informaci\u00f3, tenint en compte la normativa vigent sobre la protecci\u00f3 de dades.<\/span><\/li>\n<li style=\"font-weight: 400;\" aria-level=\"1\"><span style=\"font-weight: 400;\">Proporcionar assist\u00e8ncia i assessorament a les persones que puguin estar patint una situaci\u00f3 d\u2019assetjament.<\/span><\/li>\n<li style=\"font-weight: 400;\" aria-level=\"1\"><span style=\"font-weight: 400;\">Buscar assessorament extern, si fos necessari, tant per a q\u00fcestions de procediment com per a la contenci\u00f3 de la situaci\u00f3 a nivell emocional.<\/span><\/li>\n<li style=\"font-weight: 400;\" aria-level=\"1\"><span style=\"font-weight: 400;\">Proposar a la direcci\u00f3 sancions o l\u2019obertura d\u2019expedients disciplinaris, si escau.<\/span><\/li>\n<li style=\"font-weight: 400;\" aria-level=\"1\"><span style=\"font-weight: 400;\">Activar recursos i equipaments de suport del municipi, si fos necessari. Demanar l\u2019acompanyament dels seus serveis jur\u00eddics i recursos humans, o la col\u00b7laboraci\u00f3 de Serveis Socials, si escau.<\/span><\/li>\n<\/ul>\n<p>Membres de la comissi\u00f3<\/p>\n<p>M\u00f2nica Roca Llad\u00f3 (coordinadora), Josep Junyent Castell\u00e0 i Marta Pagerols Hernandez<\/p>\n<p>Contacte: <a href=\"mailto:comissiobenestar@emmberga.cat\">comissiobenestar@emmberga.cat<\/a><\/p>\n<h3 class=\"iw\"><\/h3>\n","protected":false},"excerpt":{"rendered":"<p>Comissi\u00f3 del Benestar i Protecci\u00f3<br \/>\nD\u2019acord amb el <a href=\"https:\/\/www.diba.cat\/es\/web\/educacio\/-\/eines-per-a-la-prevenci%C3%B3-de-l-ab%C3%BAs-sexual-i-l-assetjament-a-les-emma\">Protocol per a la Detecci\u00f3, Prevenci\u00f3 i Actuaci\u00f3 davant l&#8217;assetjament i viol\u00e8ncies sexuals d\u2019Escoles<\/a> de M\u00fasica creat per la Diputaci\u00f3 de Barcelona, el centre compta amb una comissi\u00f3 que vetlla pel benestar i protecci\u00f3 de la comunitat&hellip;  <a href=\"https:\/\/agora.xtec.cat\/escmusicaberga\/lescola\/comissio-del-benestar-i-proteccio\/\" title=\"Read Comissi\u00f3 del benestar i protecci\u00f3\">Llegeix m\u00e9s\u00bb<\/a><\/p>\n","protected":false},"author":1,"featured_media":0,"parent":19,"menu_order":11,"comment_status":"closed","ping_status":"closed","template":"page-templates\/side-menu.php","meta":{"_bbp_topic_count":0,"_bbp_reply_count":0,"_bbp_total_topic_count":0,"_bbp_total_reply_count":0,"_bbp_voice_count":0,"_bbp_anonymous_reply_count":0,"_bbp_topic_count_hidden":0,"_bbp_reply_count_hidden":0,"_bbp_forum_subforum_count":0,"footnotes":""},"class_list":["post-3126","page","type-page","status-publish","hentry"],"post_mailing_queue_ids":[],"_links":{"self":[{"href":"https:\/\/agora.xtec.cat\/escmusicaberga\/wp-json\/wp\/v2\/pages\/3126","targetHints":{"allow":["GET"]}}],"collection":[{"href":"https:\/\/agora.xtec.cat\/escmusicaberga\/wp-json\/wp\/v2\/pages"}],"about":[{"href":"https:\/\/agora.xtec.cat\/escmusicaberga\/wp-json\/wp\/v2\/types\/page"}],"author":[{"embeddable":true,"href":"https:\/\/agora.xtec.cat\/escmusicaberga\/wp-json\/wp\/v2\/users\/1"}],"replies":[{"embeddable":true,"href":"https:\/\/agora.xtec.cat\/escmusicaberga\/wp-json\/wp\/v2\/comments?post=3126"}],"version-history":[{"count":2,"href":"https:\/\/agora.xtec.cat\/escmusicaberga\/wp-json\/wp\/v2\/pages\/3126\/revisions"}],"predecessor-version":[{"id":4491,"href":"https:\/\/agora.xtec.cat\/escmusicaberga\/wp-json\/wp\/v2\/pages\/3126\/revisions\/4491"}],"up":[{"embeddable":true,"href":"https:\/\/agora.xtec.cat\/escmusicaberga\/wp-json\/wp\/v2\/pages\/19"}],"wp:attachment":[{"href":"https:\/\/agora.xtec.cat\/escmusicaberga\/wp-json\/wp\/v2\/media?parent=3126"}],"curies":[{"name":"wp","href":"https:\/\/api.w.org\/{rel}","templated":true}]}}