{"id":27,"date":"2014-09-17T16:24:03","date_gmt":"2014-09-17T16:24:03","guid":{"rendered":"http:\/\/agora.xtec.cat\/escmusicaberga\/?page_id=27"},"modified":"2024-05-09T17:38:26","modified_gmt":"2024-05-09T15:38:26","slug":"historia","status":"publish","type":"page","link":"https:\/\/agora.xtec.cat\/escmusicaberga\/lescola\/historia\/","title":{"rendered":"Hist\u00f2ria"},"content":{"rendered":"<div><\/div>\n<p>Fa dos anys celebr\u00e0vem el 50\u00e8 aniversari de l\u2019actual Escola Municipal de M\u00fasica de Berga i, de fet, a dia d\u2019avui ja fa 52 anys que el centre funciona.<\/p>\n<p>L\u2019etapa actual de l\u2019Escola ha aconseguit incrementar el n\u00famero d\u2019alumnes que accedeixen a la m\u00fasica d\u2019una manera molt important i, dels disset alumnes del 1970 s\u2019ha passat a tenir-ne gaireb\u00e9 mil, incloent-hi els alumnes del projecte d\u2019orquestres Superfilharm\u00f2nics que proporciona nocions elementals d\u2019instrument i orquestra a tots els alumnes berguedans de tercer i quart de prim\u00e0ria, a m\u00e9s d\u2019algunes altres poblacions de la comarca. Tamb\u00e9 s\u2019hi inclouen els alumnes que formen part del Conservatori de M\u00fasica dels Pirineus, un projecte singular que es va gestar a partir del 2014 impulsat pels ajuntaments de Berga, Puigcerd\u00e0 i la Seu d\u2019Urgell\u00a0 i que va ser una realitat el curs 2015-2016, donant l\u2019oportunitat als alumnes del Bergued\u00e0, la Cerdanya i l\u2019Alt Urgell, d\u2019obtenir el Grau professional de m\u00fasica. Tot plegat fa que Berga se situ\u00ef al 2,7% alumnes per habitant, molt per sobre de la mitjana catalana situada al 0,8%.<\/p>\n<p>Arribar on som avui no hagu\u00e9s estat possible sense les persones que van encap\u00e7alar l\u2019escola de m\u00fasica fundada el 1970 amb Montserrat Perayre i Rosa Maria Cabra de professores, i una mica m\u00e9s tard amb Francesc Garc\u00eda Carretero qui ens va deixar la setmana passada. Amb Garc\u00eda Carretero l\u2019escola va iniciar la doc\u00e8ncia dels instruments de vent, amb l\u2019objectiu clar de servir de pedrera dels m\u00fasics de la Patum que, com recordava Perayre fa uns anys, eren pocs i vells. El Carre \u00e9s doncs una altra de les peces clau de l\u2019escola actual on, a m\u00e9s de ser professor de diversos instruments, va crear la banda del centre i tamb\u00e9 dues cobles, que serien l\u2019inici del planter de m\u00fasics de vent en general i de cobla en particular, del qual encara actualment gaudim. Durant for\u00e7a temps Carretero no va gaudir, a parer meu, del reconeixement que mereixia i els qui vam ser alumnes seus el recordarem i el trobarem a faltar indubtablement.<\/p>\n<p><a href=\"https:\/\/agora.xtec.cat\/escmusicaberga\/wp-content\/uploads\/usu1326\/2019\/09\/40.jpg\"><img loading=\"lazy\" decoding=\"async\" class=\"wp-image-521 aligncenter\" src=\"https:\/\/agora.xtec.cat\/escmusicaberga\/wp-content\/uploads\/usu1326\/2019\/09\/40-200x300.jpg\" alt=\"\" width=\"350\" height=\"526\" srcset=\"https:\/\/agora.xtec.cat\/escmusicaberga\/wp-content\/uploads\/usu1326\/2019\/09\/40-200x300.jpg 200w, https:\/\/agora.xtec.cat\/escmusicaberga\/wp-content\/uploads\/usu1326\/2019\/09\/40-768x1155.jpg 768w, https:\/\/agora.xtec.cat\/escmusicaberga\/wp-content\/uploads\/usu1326\/2019\/09\/40-681x1024.jpg 681w, https:\/\/agora.xtec.cat\/escmusicaberga\/wp-content\/uploads\/usu1326\/2019\/09\/40.jpg 1064w\" sizes=\"auto, (max-width: 350px) 100vw, 350px\" \/><\/a><\/p>\n<p>Tot i el que s\u2019ha exposat fins aqu\u00ed, els estudis musicals p\u00fablics a Berga no es remunten pas al centre del 1970, sin\u00f3 que la tradici\u00f3 d\u2019ensenyaments musicals p\u00fablics \u00e9s molt m\u00e9s antiga. De fet, que sapiguem actualment, trobem tres per\u00edodes destacats d\u2019institucions musicals que en van ser les precursores. El centre immediatament anterior a l\u2019actual, l\u2019hem anomenat l\u2019Escola Municipal de M\u00fasica de Moss\u00e8n Mari\u00e0 Mir\u00f3 que, tot i que no est\u00e0 clar en la documentaci\u00f3 de la qual disposem, va funcionar des del 1928 fins, sembla, l\u2019any 1947. Cal tenir en compte, \u00f2bviament, que aquell centre va haver d\u2019anar-se adaptant, com tot, a la volatilitat sociopol\u00edtica d\u2019aleshores.<\/p>\n<p>El segon per\u00edode destacat i anterior\u00a0 a l\u2019escola de Mn. Mir\u00f3 \u00e9s el Conservatori del Casino Bergued\u00e0. Aquest centre es va iniciar, com b\u00e9 indica el seu nom, en el si de la Societat Casino Bergued\u00e0 el 1914 de la m\u00e0 de Llu\u00eds Sellart Canudas, pare de Llu\u00eds Sellart Espel, conegut compositor de La Patumaire. Si b\u00e9 al principi funcionava en part amb una subvenci\u00f3 de l\u2019ajuntament per afrontar el pagament del professor Jos\u00e9 Sanllehy, acabaria esdevenint un centre del propi ajuntament, que designaria com a professor a Ricardo Font, que seria qui crearia la primera banda pr\u00f2pia del centre que acabaria transformant-se en la cobla-banda Joventut Bergadana. Aquell conservatori va estar en funcionament del 1914 fins el 1924.<\/p>\n<p>La tercera refer\u00e8ncia que ha aparegut durant la recerca ve generada pels processos de desamortitzaci\u00f3 dels b\u00e9ns de l\u2019esgl\u00e9sia de mitjans del segle XIX\u00a0 i que constitueixen l\u2019inici dels centres d\u2019ensenyament de m\u00fasica p\u00fablics, fins aleshores patrimoni principalment de l\u2019esgl\u00e9sia. El 1842 l\u2019ajuntament prenia possessi\u00f3 del Convent dels Mercedaris a la Pla\u00e7a Sant Joan i \u00e9s aqu\u00ed on va decidir posar-hi l\u2019escola de m\u00fasica entre els anys 1843 i 1850. El professor escollit va ser Bartomeu Blanch Castells, que acabaria dirigint l\u2019Escolania de Montserrat entre els anys 1859 i 1864.<\/p>\n<p>Amb tot plegat hem vist, doncs, que els ensenyaments musicals p\u00fablics a Berga tenen una arrel molt m\u00e9s antiga del que coneix\u00edem fins avui. El curs 2018-2019 ens vam poder felicitar per arribar als 175 anys dels ensenyaments musicals p\u00fablics a la ciutat de Berga. I caldr\u00e0 seguir treballant per conservar aquest llegat que, en l\u2019\u00e8poca actual, ens deixen Montserrat Perayre, Rosa Maria Cabra, Francesc Garcia Carretero i tants altres professors que han passat per aquest centre.<\/p>\n<p style=\"text-align: right;\">Autor del text: Jordi Sabata Freixa<\/p>\n","protected":false},"excerpt":{"rendered":"<p>Fa dos anys celebr\u00e0vem el 50\u00e8 aniversari de l\u2019actual Escola Municipal de M\u00fasica de Berga i, de fet, a dia d\u2019avui ja fa 52 anys que el centre funciona.<br \/>\nL\u2019etapa actual de l\u2019Escola ha aconseguit incrementar el n\u00famero d\u2019alumnes que accedeixen a la m\u00fasica d\u2019una manera&hellip;  <a href=\"https:\/\/agora.xtec.cat\/escmusicaberga\/lescola\/historia\/\" title=\"Read Hist\u00f2ria\">Llegeix m\u00e9s\u00bb<\/a><\/p>\n","protected":false},"author":1,"featured_media":0,"parent":19,"menu_order":2,"comment_status":"closed","ping_status":"closed","template":"page-templates\/side-menu.php","meta":{"_bbp_topic_count":0,"_bbp_reply_count":0,"_bbp_total_topic_count":0,"_bbp_total_reply_count":0,"_bbp_voice_count":0,"_bbp_anonymous_reply_count":0,"_bbp_topic_count_hidden":0,"_bbp_reply_count_hidden":0,"_bbp_forum_subforum_count":0,"footnotes":""},"class_list":["post-27","page","type-page","status-publish","hentry"],"post_mailing_queue_ids":[],"_links":{"self":[{"href":"https:\/\/agora.xtec.cat\/escmusicaberga\/wp-json\/wp\/v2\/pages\/27","targetHints":{"allow":["GET"]}}],"collection":[{"href":"https:\/\/agora.xtec.cat\/escmusicaberga\/wp-json\/wp\/v2\/pages"}],"about":[{"href":"https:\/\/agora.xtec.cat\/escmusicaberga\/wp-json\/wp\/v2\/types\/page"}],"author":[{"embeddable":true,"href":"https:\/\/agora.xtec.cat\/escmusicaberga\/wp-json\/wp\/v2\/users\/1"}],"replies":[{"embeddable":true,"href":"https:\/\/agora.xtec.cat\/escmusicaberga\/wp-json\/wp\/v2\/comments?post=27"}],"version-history":[{"count":4,"href":"https:\/\/agora.xtec.cat\/escmusicaberga\/wp-json\/wp\/v2\/pages\/27\/revisions"}],"predecessor-version":[{"id":4351,"href":"https:\/\/agora.xtec.cat\/escmusicaberga\/wp-json\/wp\/v2\/pages\/27\/revisions\/4351"}],"up":[{"embeddable":true,"href":"https:\/\/agora.xtec.cat\/escmusicaberga\/wp-json\/wp\/v2\/pages\/19"}],"wp:attachment":[{"href":"https:\/\/agora.xtec.cat\/escmusicaberga\/wp-json\/wp\/v2\/media?parent=27"}],"curies":[{"name":"wp","href":"https:\/\/api.w.org\/{rel}","templated":true}]}}